{"id":83348,"date":"2026-04-21T08:05:49","date_gmt":"2026-04-21T07:05:49","guid":{"rendered":"https:\/\/www.herbadiberna.ch\/?post_type=product&#038;p=83348"},"modified":"2026-04-21T15:11:29","modified_gmt":"2026-04-21T14:11:29","slug":"cbd-giovane-pianta-kopie-kopie-2","status":"publish","type":"product","link":"https:\/\/www.herbadiberna.ch\/it\/prodotto\/cbd-giovane-pianta-kopie-kopie-2\/","title":{"rendered":"Fertilizzante CBD BioBizz All Pack"},"content":{"rendered":"<div class=\"flex max-w-full flex-col flex-grow\">\n<div class=\"min-h-8 text-message flex w-full flex-col items-end gap-2 whitespace-normal break-words text-start [.text-message+&amp;]:mt-5\" dir=\"auto\">\n<div class=\"flex w-full flex-col gap-1 empty:hidden first:pt-[3px]\">\n<div class=\"markdown prose w-full break-words dark:prose-invert light\">\n<h2><strong>Acquista BioBizz All-Pack - Energia biologica per la sua coltivazione di cannabis<\/strong><\/h2>\n<p><strong>Acquisti BioBizz All-Pack e approfitti di un apporto nutritivo completo!<\/strong><br \/>\nQuesto set iniziale di fertilizzanti per cannabis dimostra in modo impressionante quanto possa essere potente e produttiva la coltivazione biologica del CBD. Inoltre, la versione da 500 ml offre esattamente lo stesso sistema organico collaudato del set piccolo, semplicemente raddoppiato. Aiuta le sue piante a sviluppare il loro pieno potenziale in ogni fase. Di conseguenza, potr\u00e0 beneficiare di radici forti, foglie sane e fiori aromatici. Inoltre, questa confezione rende la concimazione organica meravigliosamente facile, sia in una tenda da coltivazione che all&#8217;aperto.    <\/p>\n<h2><strong>Caratteristiche del prodotto del set di fertilizzanti per cannabis BioBizz<\/strong><\/h2>\n<ul>\n<li><strong>Sistema completo:<\/strong> contiene tutti i 6 prodotti fertilizzanti BioBizz essenziali per l&#8217;intero ciclo della pianta.<\/li>\n<li><strong>Scelta individuale:<\/strong> disponibile come variante interna (con Bio-Grow) o esterna (con Fish-Mix).<\/li>\n<li><strong>Massimo potenziale:<\/strong> assicura una vegetazione vigorosa, una fioritura abbondante di cannabis e raccolti pi\u00f9 dolci.<\/li>\n<li><strong>Alta resa:<\/strong> generosi flaconi da 500 ml, ideali per una o otto piante (a seconda delle dimensioni del vaso).<\/li>\n<li><strong>100% biologico:<\/strong> un sistema completamente naturale per ottenere prodotti finali puliti e di alta qualit\u00e0, senza sostanze chimiche.<\/li>\n<\/ul>\n<h2><strong>Dettagli sul BioBizz All-Pack per la sua coltivazione di cannabis<\/strong><\/h2>\n<ul>\n<li><strong>Marchio Produttore:<\/strong> BioBizz Worldwide Organics<\/li>\n<li><strong>Tipo di prodotto:<\/strong> Set completo di fertilizzanti per la coltivazione biologica della cannabis<\/li>\n<li><strong>Contenuto del set Biobizz:<\/strong> 6 flaconi da 500 ml l&#8217;uno<\/li>\n<li><strong>Variante indoor:<\/strong> contiene Bio-Grow per la fase vegetativa indoor.<\/li>\n<li><strong>Variante per esterni:<\/strong> contiene Fish-Mix per favorire la vita del terreno all&#8217;aperto.<\/li>\n<li><strong>Potenziatori comuni:<\/strong> Bio-Bloom, Top-Max, Root-Juice, Alg-A-Mic e Bio-Heaven.<\/li>\n<\/ul>\n<h2><strong>Perch\u00e9 acquistare il BioBizz All-Pack?<\/strong><\/h2>\n<p>Con questo bundle, ha tutta la potenza biologica a portata di mano. Inoltre, tutti i componenti di BioBizz sono perfettamente armonizzati. Quindi non deve preoccuparsi delle lacune nutritive durante la coltivazione. <b>Fornisce<\/b> costantemente al substrato tutto ci\u00f2 di cui ha bisogno per un ecosistema sano. Di conseguenza, raccoglier\u00e0 fiori di CBD pi\u00f9 grandi e molto pi\u00f9 saporiti.    <\/p>\n<h2><strong>L&#8217;esperienza del cliente con il set completo<\/strong><\/h2>\n<p>I coltivatori a domicilio apprezzano soprattutto la facilit\u00e0 di utilizzo con il piano nutritivo ufficiale. Inoltre, viene spesso sottolineato che le piante sono molto pi\u00f9 resistenti allo stress grazie ad Alg-A-Mic e Bio-Heaven. Di conseguenza, l&#8217;intera coltivazione di cannabis si svolge in modo pi\u00f9 fluido e si perdona meglio i piccoli errori. Si tratta quindi della soluzione all-in-one ideale per i coltivatori che esigono la qualit\u00e0.   <\/p>\n<h2><strong>Acquisti subito BioBizz All-Pack e aumenti i rendimenti!<\/strong><\/h2>\n<p>Porta il potere concentrato della natura nella sua tenda da coltivazione o nel suo giardino!<br \/>\nOrdini subito il set biologico completo e inizi la prossima stagione con successo. In questo modo pu\u00f2 essere sicuro del nostro servizio rapido: ordine entro le 15.00 di oggi, consegna domani! <\/p>\n<h2><strong>Domande frequenti (FAQ)<\/strong><\/h2>\n<h3><strong>Qual \u00e8 la differenza tra l&#8217;All-Pack per interni e quello per esterni?<\/strong><\/h3>\n<p>La differenza principale \u00e8 il fertilizzante per la crescita incluso. Il set da interno contiene Bio-Grow, sviluppato appositamente per l&#8217;ambiente interno controllato. Il set per esterni, invece, utilizza Fish-Mix, che \u00e8 particolarmente efficace per attivare la vita del suolo all&#8217;esterno e rafforzare le piante in giardino.  <\/p>\n<h3><strong>Per quante piante \u00e8 sufficiente questo set da 500 ml?<\/strong><\/h3>\n<p>La confezione All-Pack da 500 ml \u00e8 generalmente molto economica. A seconda delle dimensioni del vaso selezionato, della durata della fase di crescita e della frequenza di concimazione generale, questo set \u00e8 facilmente sufficiente per una o otto piante durante l&#8217;intero ciclo. <\/p>\n<h3><strong>Ho bisogno di un fertilizzante aggiuntivo per la coltivazione?<\/strong><\/h3>\n<p>No, questo pacchetto \u00e8 un sistema completo e autonomo. Contiene i fertilizzanti di base per la crescita e la fioritura, oltre a tutti gli stimolatori importanti per le radici, l&#8217;energia e la produzione di fiori. \u00c8 completamente coperto dal seme al raccolto.  <\/p>\n<h2><strong>Scopra di pi\u00f9: Di pi\u00f9 su Herba di Berna<\/strong><\/h2>\n<p>\u27a1\ufe0f Scopra le nostre variet\u00e0 aromatiche: <a href=\"https:\/\/www.herbadiberna.ch\/it\/fiori-di-cbd\/\">ordini i fiori di CBD<\/a><br \/>\n\u27a1\ufe0f Gocce naturali: <a href=\"https:\/\/www.herbadiberna.ch\/it\/olio-di-cbd\/\">acquisti l&#8217;olio di CBD<\/a><br \/>\n\u27a1\ufe0f Per i momenti di relax in viaggio:    <a href=\"https:\/\/www.herbadiberna.ch\/it\/vaporizzatori\/\">Provi i vapori di CBD<\/a><\/p>\n<\/div>\n<\/div>\n<\/div>\n<\/div>\n","protected":false},"excerpt":{"rendered":"<p>Acquisti il BioBizz All-Pack e fornisca alle sue piante una cura biologica perfetta fin dall&#8217;inizio. Scelga tra la versione da interno per la sua tenda o il set da esterno per il giardino. Entrambi contengono 6 x 500 ml di fertilizzanti e stimolatori altamente efficaci per ottenere la massima resa. <strong>Consegna rapida in 1-3 giorni <\/strong> \u2713<b>Spese di spedizione gratuite a partire da 80 franchi \u2713<\/b>  <\/p>\n","protected":false},"featured_media":83369,"comment_status":"open","ping_status":"closed","template":"","meta":{"inline_featured_image":false},"product_brand":[],"product_cat":[385,386],"product_tag":[1386],"class_list":{"0":"post-83348","1":"product","2":"type-product","3":"status-publish","4":"has-post-thumbnail","6":"product_cat-coltivazione-del-cbd","7":"product_cat-fertilizzante","8":"product_tag-nuovo-it","9":"product_shipping_class-postpac-contenitore-per-piante-giovani","10":"pa_marke-biobizz","11":"pif-has-gallery","13":"first","14":"instock","15":"taxable","16":"shipping-taxable","17":"purchasable","18":"product-type-variable","19":"rtwpvs-product"},"_links":{"self":[{"href":"https:\/\/www.herbadiberna.ch\/it\/wp-json\/wp\/v2\/product\/83348","targetHints":{"allow":["GET"]}}],"collection":[{"href":"https:\/\/www.herbadiberna.ch\/it\/wp-json\/wp\/v2\/product"}],"about":[{"href":"https:\/\/www.herbadiberna.ch\/it\/wp-json\/wp\/v2\/types\/product"}],"replies":[{"embeddable":true,"href":"https:\/\/www.herbadiberna.ch\/it\/wp-json\/wp\/v2\/comments?post=83348"}],"wp:featuredmedia":[{"embeddable":true,"href":"https:\/\/www.herbadiberna.ch\/it\/wp-json\/wp\/v2\/media\/83369"}],"wp:attachment":[{"href":"https:\/\/www.herbadiberna.ch\/it\/wp-json\/wp\/v2\/media?parent=83348"}],"wp:term":[{"taxonomy":"product_brand","embeddable":true,"href":"https:\/\/www.herbadiberna.ch\/it\/wp-json\/wp\/v2\/product_brand?post=83348"},{"taxonomy":"product_cat","embeddable":true,"href":"https:\/\/www.herbadiberna.ch\/it\/wp-json\/wp\/v2\/product_cat?post=83348"},{"taxonomy":"product_tag","embeddable":true,"href":"https:\/\/www.herbadiberna.ch\/it\/wp-json\/wp\/v2\/product_tag?post=83348"}],"curies":[{"name":"wp","href":"https:\/\/api.w.org\/{rel}","templated":true}]}}