{"id":83170,"date":"2026-04-16T11:08:00","date_gmt":"2026-04-16T10:08:00","guid":{"rendered":"https:\/\/www.herbadiberna.ch\/?post_type=product&#038;p=83170"},"modified":"2026-04-16T15:02:42","modified_gmt":"2026-04-16T14:02:42","slug":"biobizz-calmag-kopie","status":"publish","type":"product","link":"https:\/\/www.herbadiberna.ch\/it\/prodotto\/biobizz-calmag-kopie\/","title":{"rendered":"BioBizz Microbi 150g"},"content":{"rendered":"<div class=\"flex max-w-full flex-col flex-grow\">\n<div class=\"min-h-8 text-message flex w-full flex-col items-end gap-2 whitespace-normal break-words text-start [.text-message+&amp;]:mt-5\" dir=\"auto\">\n<div class=\"flex w-full flex-col gap-1 empty:hidden first:pt-[3px]\">\n<div class=\"markdown prose w-full break-words dark:prose-invert light\">\n<h2><strong>Ordini BioBizz Microbes - Potenza altamente concentrata per il suo substrato<\/strong><\/h2>\n<p><strong>Acquisti BioBizz Microbes e aumenti i suoi rendimenti con la forza della natura!<\/strong><br \/>\nSe vuole ottenere il massimo dalla sua coltivazione, questa polvere \u00e8 la scelta perfetta. Inoltre, la combinazione di batteri e funghi favorisce enormemente la germinazione e la crescita precoce. Aumenta la superficie radicale utilizzabile nella rizosfera. Di conseguenza, l&#8217;assorbimento dei nutrienti essenziali viene drasticamente migliorato. Inoltre, gli enzimi che contiene favoriscono la rapida catalisi dei fertilizzanti organici.    <\/p>\n<h2><strong>Caratteristiche del prodotto BioBizz Microbes<\/strong><\/h2>\n<ul>\n<li><strong>Combinazione complessa:<\/strong> miscela altamente concentrata di 4 batteri benefici, enzimi e funghi Trichoderma.<\/li>\n<li><strong>Migliore assorbimento dei nutrienti:<\/strong> aumenta sensibilmente l&#8217;assorbimento di azoto, fosforo e potassio.<\/li>\n<li><strong>Crescita sana delle radici:<\/strong> allarga la superficie delle radici e protegge dagli agenti patogeni dannosi.<\/li>\n<li><strong>Effetto catalizzatore:<\/strong> gli enzimi rompono le catene proteiche e accelerano la disponibilit\u00e0 dei nutrienti.<\/li>\n<li><strong>Alta copertura:<\/strong> estremamente concentrato per un uso quotidiano molto economico.<\/li>\n<\/ul>\n<h2><strong>Dettagli sui microbi BioBizz<\/strong><\/h2>\n<ul>\n<li><strong>Marchio:<\/strong> BioBizz<\/li>\n<li><strong>Tipo di prodotto:<\/strong> Miscela di microorganismi \/ miglioratore del suolo<\/li>\n<li><strong>Ingredienti:<\/strong> batteri, enzimi, funghi Trichoderma<\/li>\n<li><strong>Dosaggio:<\/strong> da 0,2 a 0,4 grammi per litro d&#8217;acqua.<\/li>\n<li><strong>Applicazione:<\/strong> una volta alla settimana durante l&#8217;intero ciclo della pianta.<\/li>\n<\/ul>\n<h2><strong>Perch\u00e9 acquistare i microbi BioBizz?<\/strong><\/h2>\n<p>Questo preparato offre ai coltivatori lo strumento perfetto per ottenere raccolti di qualit\u00e0 superiore. Inoltre, i benefici funghi Trichoderma lavorano in simbiosi ottimale con la pianta. Questo non solo stimola la crescita delle radici, ma aumenta anche l&#8217;efficienza complessiva. Si crea un ecosistema sano e altamente produttivo nel substrato <b>.<\/b> Di conseguenza, ottiene il massimo dalle sue piante.    <\/p>\n<h2><strong>Esperienze dei clienti con la polvere BioBizz<\/strong><\/h2>\n<p>I coltivatori esperti sono entusiasti dell&#8217;effetto rapido e visibile sul tessuto radicale. Inoltre, viene spesso sottolineato che la polvere \u00e8 estremamente facile da usare, perch\u00e9 pu\u00f2 essere perfettamente combinata con gli altri prodotti BioBizz. Di conseguenza, molti utenti notano fiori significativamente pi\u00f9 rigogliosi e una struttura della pianta pi\u00f9 sana. Quindi, \u00e8 vantaggioso per ogni coltivatore ambizioso.   <\/p>\n<h2><strong>Ordini subito i microbi BioBizz e massimizzi i rendimenti!<\/strong><\/h2>\n<p>Beneficia del potere concentrato della natura!<br \/>\nOrdini ora e porti la vita del suo terreno ad un livello superiore. In questo modo pu\u00f2 essere sicuro del nostro servizio rapido: ordine entro le 15.00 di oggi, consegna domani! <\/p>\n<h3><strong>Domande frequenti (FAQ)<\/strong><\/h3>\n<p><b>Come si usa esattamente BioBizz Microbes?<\/b><br \/>\nPu\u00f2 utilizzare la polvere altamente concentrata durante l&#8217;intero ciclo della pianta. Si consiglia di aggiungerla all&#8217;acqua di irrigazione una volta alla settimana. Il dosaggio ideale \u00e8 compreso tra 0,2 e 0,4 grammi per litro d&#8217;acqua. Segua il calendario ufficiale dei nutrienti per le fasi esatte.   <\/p>\n<p><b>Perch\u00e9 gli enzimi che contiene sono cos\u00ec importanti?<\/b><br \/>\nGli enzimi agiscono come un catalizzatore naturale sui nutrienti organici. Spezzano le catene proteiche del fertilizzante e le convertono in aminoacidi liberi. Ci\u00f2 consente ai microrganismi attivi e alle radici delle piante di assorbire i nutrienti in modo molto pi\u00f9 rapido ed efficiente.  <\/p>\n<p><b>Che ruolo hanno i funghi Trichoderma?<\/b><br \/>\nI funghi Trichoderma formano una preziosa simbiosi con le radici delle piante. Non solo promuovono una crescita rigogliosa delle radici e una migliore ritenzione idrica, ma proteggono anche attivamente la pianta da agenti patogeni dannosi e da infestazioni fungine indesiderate nel substrato. <\/p>\n<h2><strong>Scopra di pi\u00f9: Di pi\u00f9 su Herba di Berna<\/strong><\/h2>\n<p>\u27a1\ufe0f Gocce naturali per l&#8217;uso quotidiano: <a href=\"https:\/\/www.herbadiberna.ch\/it\/olio-di-cbd\/\">scopra l&#8217;olio di CBD<\/a><br \/>\n\u27a1\ufe0f I nostri gusti pi\u00f9 raffinati: <a href=\"https:\/\/www.herbadiberna.ch\/it\/fiori-di-cbd\/\">ordini i fiori di CBD<\/a><br \/>\n\u27a1\ufe0f Per i momenti di relax in viaggio:    <a href=\"https:\/\/www.herbadiberna.ch\/it\/vaporizzatori\/\">Provi i vapori di CBD<\/a><\/p>\n<\/div>\n<\/div>\n<\/div>\n<\/div>\n","protected":false},"excerpt":{"rendered":"<p>La forza naturale per il massimo rendimento! Acquisti BioBizz Microbes e rivoluzioner\u00e0 la vita del suolo delle sue piante. Questa combinazione altamente concentrata di microrganismi benefici, enzimi e funghi Trichoderma migliora l&#8217;assorbimento dei nutrienti, promuove la crescita delle radici e protegge dai patogeni.    <strong>Consegna rapida in 1-3 giorni \u2713 Spese di spedizione gratuite a partire da CHF 80 \u2713<\/strong><\/p>\n","protected":false},"featured_media":83290,"comment_status":"open","ping_status":"closed","template":"","meta":{"inline_featured_image":false},"product_brand":[],"product_cat":[385],"product_tag":[1386],"class_list":{"0":"post-83170","1":"product","2":"type-product","3":"status-publish","4":"has-post-thumbnail","6":"product_cat-coltivazione-del-cbd","7":"product_tag-nuovo-it","8":"product_shipping_class-postpac-contenitore-per-piante-giovani","9":"pa_marke-biobizz","10":"pif-has-gallery","12":"first","13":"outofstock","14":"taxable","15":"shipping-taxable","16":"purchasable","17":"product-type-simple"},"_links":{"self":[{"href":"https:\/\/www.herbadiberna.ch\/it\/wp-json\/wp\/v2\/product\/83170","targetHints":{"allow":["GET"]}}],"collection":[{"href":"https:\/\/www.herbadiberna.ch\/it\/wp-json\/wp\/v2\/product"}],"about":[{"href":"https:\/\/www.herbadiberna.ch\/it\/wp-json\/wp\/v2\/types\/product"}],"replies":[{"embeddable":true,"href":"https:\/\/www.herbadiberna.ch\/it\/wp-json\/wp\/v2\/comments?post=83170"}],"wp:featuredmedia":[{"embeddable":true,"href":"https:\/\/www.herbadiberna.ch\/it\/wp-json\/wp\/v2\/media\/83290"}],"wp:attachment":[{"href":"https:\/\/www.herbadiberna.ch\/it\/wp-json\/wp\/v2\/media?parent=83170"}],"wp:term":[{"taxonomy":"product_brand","embeddable":true,"href":"https:\/\/www.herbadiberna.ch\/it\/wp-json\/wp\/v2\/product_brand?post=83170"},{"taxonomy":"product_cat","embeddable":true,"href":"https:\/\/www.herbadiberna.ch\/it\/wp-json\/wp\/v2\/product_cat?post=83170"},{"taxonomy":"product_tag","embeddable":true,"href":"https:\/\/www.herbadiberna.ch\/it\/wp-json\/wp\/v2\/product_tag?post=83170"}],"curies":[{"name":"wp","href":"https:\/\/api.w.org\/{rel}","templated":true}]}}