{"id":83107,"date":"2026-04-16T10:05:59","date_gmt":"2026-04-16T09:05:59","guid":{"rendered":"https:\/\/www.herbadiberna.ch\/?post_type=product&#038;p=83107"},"modified":"2026-04-16T11:06:31","modified_gmt":"2026-04-16T10:06:31","slug":"cbd-giovane-pianta-kopie-kopie","status":"publish","type":"product","link":"https:\/\/www.herbadiberna.ch\/it\/prodotto\/cbd-giovane-pianta-kopie-kopie\/","title":{"rendered":"BioBizz Calmag"},"content":{"rendered":"<div class=\"flex max-w-full flex-col flex-grow\">\n<div class=\"min-h-8 text-message flex w-full flex-col items-end gap-2 whitespace-normal break-words text-start [.text-message+&amp;]:mt-5\" dir=\"auto\">\n<div class=\"flex w-full flex-col gap-1 empty:hidden first:pt-[3px]\">\n<div class=\"markdown prose w-full break-words dark:prose-invert light\">\n<h2><strong>Ordini BioBizz Calmag - Nutrienti essenziali per la coltivazione della cannabis<\/strong><\/h2>\n<p><strong>Acquisti BioBizz Calmag e ottimizzi l&#8217;apporto di nutrienti alle sue piante!<\/strong><br \/>\nSe punta a una coltivazione di cannabis di successo, questo prodotto \u00e8 indispensabile. Inoltre, fornisce esattamente la quantit\u00e0 di calcio e magnesio di cui ha bisogno la sua coltivazione di CBD.<br \/>\nsintomi di carenza si verificano particolarmente spesso con l&#8217;acqua dolce del rubinetto. Di conseguenza, questo prodotto biologico assicura una produzione cellulare e una fotosintesi sane. Inoltre, non altera in alcun modo il suo programma di coltivazione preferito.   <\/p>\n<h2><strong>Caratteristiche del prodotto della serie BioBizz Calmag<\/strong><\/h2>\n<ul>\n<li><strong>100 % biologico:<\/strong> ingredienti naturali certificati, per uno sviluppo delicato delle piante.<\/li>\n<li><strong>Elementi essenziali:<\/strong> Si rivolge alle carenze di Ca\/Mg durante tutto il ciclo di vita della pianta.<\/li>\n<li><strong>Versatile nell&#8217;uso:<\/strong> Perfetto per l&#8217;acqua dolce del rubinetto o per l&#8217;acqua pura dell&#8217;osmosi inversa.<\/li>\n<li><strong>Per tutti i coltivatori:<\/strong> sviluppato per le elevate esigenze dei coltivatori professionisti e degli hobbisti.<\/li>\n<li><strong>Sicuro da usare:<\/strong> corregge la qualit\u00e0 dell&#8217;acqua inadeguata in modo semplice e assolutamente controllato.<\/li>\n<\/ul>\n<h2><strong>Dettagli su BioBizz Calmag<\/strong><\/h2>\n<ul>\n<li><strong>Marchio:<\/strong> BioBizz<\/li>\n<li><strong>Tipo di prodotto:<\/strong> Integratore di calcio e magnesio (Calmag)<\/li>\n<li><strong>Ingredienti:<\/strong> formulazione naturale al 100<\/li>\n<li><strong>Dimensioni disponibili:<\/strong> Disponibile come articolo di variazione in diverse quantit\u00e0 di riempimento 500ml \/ 1L e 5L.<\/li>\n<li><strong>Campo di applicazione: \u00e8<\/strong> adatto a tutti i substrati e programmi di coltivazione comuni.<\/li>\n<\/ul>\n<h2><strong>Perch\u00e9 acquistare BioBizz Calmag?<\/strong><\/h2>\n<p>La corretta concentrazione di minerali \u00e8 assolutamente fondamentale per una fioritura rigogliosa. Inoltre, BioBizz Calmag offre una soluzione estremamente semplice ad un problema complesso. Pertanto, nel mondo di oggi, non deve pi\u00f9 affidarsi ciecamente alla qualit\u00e0 fluttuante dell&#8217;acqua del rubinetto.<br \/>\nPu\u00f2 rimediare alle carenze in modo naturale ed efficace. Di conseguenza, pu\u00f2 realizzare il pieno potenziale delle sue piante.   <\/p>\n<h2><strong>L&#8217;esperienza del cliente con l&#8217;additivo Calmag<\/strong><\/h2>\n<p>I coltivatori esperti apprezzano l&#8217;effetto affidabile e il dosaggio semplice di questo additivo. Inoltre, apprezzano il fatto che il prodotto si inserisce perfettamente in qualsiasi schema di fertilizzazione esistente.<br \/>\nDi conseguenza, le piante rimangono vitali e forti dalla radice al fiore. Ci\u00f2 significa che non si verificano interruzioni impreviste della crescita a causa della malnutrizione.  <\/p>\n<h2><strong>Ordini subito BioBizz Calmag e prevenga le carenze!<\/strong><\/h2>\n<p><strong>Ottieni il booster naturale di sostanze nutritive!<\/strong><br \/>\nOrdini ora e sperimenti una crescita sana delle piante fin dall&#8217;inizio. Approfittate della nostra spedizione rapida: ordinate entro le 15.00 di oggi, consegnate domani! <\/p>\n<h3><strong>Domande frequenti (FAQ)<\/strong><\/h3>\n<p><b>Quando dovrei usare BioBizz Calmag?<\/b><br \/>\nDovrebbe utilizzare questo additivo non appena nota segni di carenza sulle foglie o come misura preventiva in caso di acqua molto dolce. Fornisce alle piante calcio e magnesio in modo mirato. Questo assicura una fotosintesi continua e sana durante l&#8217;intero ciclo di vita.  <\/p>\n<p><b>Posso mescolare Calmag con altri fertilizzanti?<\/b><br \/>\nS\u00ec, questo prodotto pu\u00f2 essere perfettamente combinato con tutti i comuni programmi di coltivazione e fertilizzanti. Essendo organico al 100 per cento, non disturba la flora naturale del suolo nel suo substrato. Pu\u00f2 semplicemente aggiungere la formulazione al suo programma di irrigazione regolare.  <\/p>\n<p><b>Perch\u00e9 il contenuto di minerali dell&#8217;acqua del rubinetto \u00e8 spesso insufficiente?<\/b><br \/>\nLa qualit\u00e0 dell&#8217;acqua e il contenuto di minerali variano enormemente a seconda della regione e del luogo di residenza. Questi elementi essenziali sono particolarmente carenti nell&#8217;acqua dolce del rubinetto o quando si utilizza acqua filtrata ad osmosi inversa. Ecco perch\u00e9 l&#8217;aggiunta controllata \u00e8 cos\u00ec importante per la crescita vitale.  <\/p>\n<h2><strong>Scopra di pi\u00f9: Di pi\u00f9 su Herba di Berna<\/strong><\/h2>\n<p>\u27a1\ufe0f Acquisti gocce di CBD naturale: <a href=\"https:\/\/www.herbadiberna.ch\/it\/olio-di-cbd\/\">Scopra l&#8217;olio di CBD<\/a><br \/>\n\u27a1\ufe0f I nostri gusti migliori: <a href=\"https:\/\/www.herbadiberna.ch\/it\/fiori-di-cbd\/\">acquisti i fiori di CBD<\/a><br \/>\n\u27a1\ufe0f Per i momenti di relax in viaggio:    <a href=\"https:\/\/www.herbadiberna.ch\/it\/vaporizzatori\/\">Provi i vapori di CBD<\/a><\/p>\n<\/div>\n<\/div>\n<\/div>\n<\/div>\n","protected":false},"excerpt":{"rendered":"<p>La soluzione organica per piante forti! Acquisti BioBizz Calmag e prevenga efficacemente le carenze nutritive. Questo preparato 100% organico e certificato fornisce alle sue piante l&#8217;importante apporto di calcio e magnesio, indipendentemente dal fatto che utilizzi acqua dolce di rubinetto o acqua ad osmosi inversa.    <b>Ordinato entro le ore 15.00 di oggi, consegnato domani \u2713 Spese di spedizione gratuite a partire da 80 franchi \u2713<\/b><\/p>\n","protected":false},"featured_media":83135,"comment_status":"open","ping_status":"closed","template":"","meta":{"inline_featured_image":false},"product_brand":[],"product_cat":[385,386],"product_tag":[1386],"class_list":{"0":"post-83107","1":"product","2":"type-product","3":"status-publish","4":"has-post-thumbnail","6":"product_cat-coltivazione-del-cbd","7":"product_cat-fertilizzante","8":"product_tag-nuovo-it","9":"product_shipping_class-postpac-contenitore-per-piante-giovani","10":"pa_marke-biobizz","11":"pif-has-gallery","13":"first","14":"outofstock","15":"taxable","16":"shipping-taxable","17":"purchasable","18":"product-type-variable","19":"rtwpvs-product"},"_links":{"self":[{"href":"https:\/\/www.herbadiberna.ch\/it\/wp-json\/wp\/v2\/product\/83107","targetHints":{"allow":["GET"]}}],"collection":[{"href":"https:\/\/www.herbadiberna.ch\/it\/wp-json\/wp\/v2\/product"}],"about":[{"href":"https:\/\/www.herbadiberna.ch\/it\/wp-json\/wp\/v2\/types\/product"}],"replies":[{"embeddable":true,"href":"https:\/\/www.herbadiberna.ch\/it\/wp-json\/wp\/v2\/comments?post=83107"}],"wp:featuredmedia":[{"embeddable":true,"href":"https:\/\/www.herbadiberna.ch\/it\/wp-json\/wp\/v2\/media\/83135"}],"wp:attachment":[{"href":"https:\/\/www.herbadiberna.ch\/it\/wp-json\/wp\/v2\/media?parent=83107"}],"wp:term":[{"taxonomy":"product_brand","embeddable":true,"href":"https:\/\/www.herbadiberna.ch\/it\/wp-json\/wp\/v2\/product_brand?post=83107"},{"taxonomy":"product_cat","embeddable":true,"href":"https:\/\/www.herbadiberna.ch\/it\/wp-json\/wp\/v2\/product_cat?post=83107"},{"taxonomy":"product_tag","embeddable":true,"href":"https:\/\/www.herbadiberna.ch\/it\/wp-json\/wp\/v2\/product_tag?post=83107"}],"curies":[{"name":"wp","href":"https:\/\/api.w.org\/{rel}","templated":true}]}}