{"id":82043,"date":"2026-03-26T16:16:11","date_gmt":"2026-03-26T15:16:11","guid":{"rendered":"https:\/\/www.herbadiberna.ch\/?post_type=product&#038;p=82043"},"modified":"2026-04-18T05:15:50","modified_gmt":"2026-04-18T04:15:50","slug":"snus-al-cbd-misterioso-kopie","status":"publish","type":"product","link":"https:\/\/www.herbadiberna.ch\/it\/prodotto\/snus-al-cbd-misterioso-kopie\/","title":{"rendered":"Snus CBD Noble alla menta (10 g)"},"content":{"rendered":"<div class=\"flex max-w-full flex-col flex-grow\">\n<div class=\"min-h-8 text-message flex w-full flex-col items-end gap-2 whitespace-normal break-words text-start [.text-message+&amp;]:mt-5\" dir=\"auto\">\n<div class=\"flex w-full flex-col gap-1 empty:hidden first:pt-[3px]\">\n<div class=\"markdown prose w-full break-words dark:prose-invert light\">\n<h2><strong>Acquistare Noble CBD Mint Snus - Momenti rinfrescanti e 100% senza nicotina<\/strong><\/h2>\n<p><strong>Acquisti lo Snus alla menta Edel CBD e scopra un relax di alto livello senza tabacco!<br \/>\n<\/strong>Il nostro <strong>Snus alla menta Edel CBD<\/strong> \u00e8 il primo Snus al mondo con CBD tutto bianco per le esigenze pi\u00f9 elevate ed \u00e8 ideale per una pausa discreta tra una cosa e l&#8217;altra.<br \/>\nGrazie all&#8217;innovativa miscela alla menta e alla completa assenza di nicotina e THC, la testa e i polmoni rimangono liberi, mentre i 12 mg\/g di CBD garantiscono un&#8217;esperienza rilassante di prima classe.<\/p>\n<h2><strong>Caratteristiche del prodotto Edel CBD Mint Snus<\/strong><\/h2>\n<ul>\n<li><strong>Nota importante:<\/strong> questo prodotto \u00e8 uno stimolante puro e non \u00e8 destinato a diagnosticare, trattare o curare alcuna malattia.<\/li>\n<li><strong>Senza nicotina e senza THC:<\/strong> 0 mg\/g di nicotina e 0 mg\/g di THC, per un piacere totale e incontaminato.<\/li>\n<li><strong>Facile da usare:<\/strong> Discrete buste completamente bianche che rinfrescano l&#8217;alito e non scoloriscono i denti.<\/li>\n<li><strong>Gusto puro:<\/strong> sapore di menta innovativo e di lunga durata.<\/li>\n<li><strong>Alto contenuto di CBD:<\/strong> 12 mg\/g del miglior CBD per il suo flusso rilassato<strong>.<\/strong> <\/li>\n<li><strong>Vestibilit\u00e0 perfetta:<\/strong> il formato sottile si posiziona comodamente e in modo praticamente invisibile sotto il labbro.<\/li>\n<\/ul>\n<h2><strong>Dettagli su Edel CBD Mint Snus<\/strong><\/h2>\n<ul>\n<li><strong>Marchio:<\/strong> Edelweiss (nobile)<\/li>\n<li><strong>Sapore:<\/strong> Menta<\/li>\n<li><strong>Contenuto di CBD:<\/strong> 12 mg\/g<\/li>\n<li><strong>Contenuto di nicotina:<\/strong> 0 mg\/g<\/li>\n<li><strong>Contenuto di THC:<\/strong> 0 mg\/g<\/li>\n<li><strong>Sacchetto per lattina:<\/strong> 15 pezzi<\/li>\n<li><strong>Formato della borsa:<\/strong> Slim \/ All-White<\/li>\n<li><strong>Peso:<\/strong> 10 g di contenuto totale<\/li>\n<\/ul>\n<h2><strong>Ambito di consegna del barattolo di menta Edel CBD<\/strong><\/h2>\n<ul>\n<li>1\u00d7 lattina di Edel CBD Mint Snus (contiene 15 buste)<\/li>\n<\/ul>\n<h2><strong>Perch\u00e9 acquistare il tabacco da fiuto Edel CBD?<\/strong><\/h2>\n<p>Edel CBD Mint Snus offre una combinazione eccellente di freschezza, discrezione e puro piacere del CBD. \u00c8 la scelta perfetta per chi vuole resistere alle pressioni della societ\u00e0 moderna e cerca un&#8217;alternativa senza fumo per la vita di tutti i giorni, senza dover scendere a compromessi sulla qualit\u00e0.<br \/>\nPerfetto per chi vuole <strong>acquistare<\/strong> uno <strong>snus al CBD<\/strong> innovativo - con il massimo del gusto e un uso intuitivo e discreto. <\/p>\n<h2><strong>Esperienze dei clienti con lo Snus alla menta Edel CBD<\/strong><\/h2>\n<p>Molti utenti segnalano l&#8217;estrema facilit\u00e0 di utilizzo e la flessibilit\u00e0 di poter usare questo snus in modo discreto ovunque, sia in ufficio che in viaggio.<br \/>\nIl gusto rinfrescante alla menta e la formula senza nicotina rendono questo prodotto particolarmente adatto all&#8217;uso quotidiano e popolare per brevi momenti di relax.<\/p>\n<h2><strong>Ordini subito lo Snus alla menta di Edel CBD e provi il flusso!<\/strong><\/h2>\n<p><strong>Scopra la qualit\u00e0 svizzera di Edelweiss!<\/strong><br \/>\nOrdini ora e provi l&#8217;innovativo <strong>Snus alla menta Edel CBD<\/strong> - ordinato entro le 15.00 di oggi, consegnato domani!<\/p>\n<h3><strong>Domande frequenti (FAQ)<\/strong><\/h3>\n<p><b>Che cos&#8217;\u00e8 esattamente uno snus completamente bianco?<\/b><br \/>\nUno snus completamente bianco non \u00e8 composto da tabacco, ma da fibre vegetali sottili, per questo non scolorisce i denti. Questa variante di Edelweiss utilizza CBD di alta qualit\u00e0 al posto della nicotina. Questo garantisce un sapore particolarmente puro e fresco.  <\/p>\n<p><b>Come si usa lo Snus di Edel CBD alla menta?<\/b><br \/>\n\u00c8 sufficiente posizionare una delle piccole buste in formato slim tra il labbro superiore e le gengive. I principi attivi e l&#8217;aroma di menta vengono assorbiti in modo discreto e uniforme attraverso la mucosa orale. Dopo l&#8217;uso, \u00e8 sufficiente smaltire la bustina nei rifiuti residui.  <\/p>\n<p><b>Che effetto ha questo snus al CBD?<\/b><br \/>\nPoich\u00e9 lo snus non contiene n\u00e9 THC n\u00e9 nicotina, non ha alcun effetto psicoattivo o stimolante. Il CBD che contiene \u00e8 al centro dell&#8217;attenzione e la aiuta a trovare una piacevole calma nella vita quotidiana. \u00c8 un prodotto di puro piacere per i momenti di relax nel mezzo.  <\/p>\n<h2><strong>Scopra di pi\u00f9: Di pi\u00f9 su Herba di Berna<\/strong><\/h2>\n<p>\u27a1\ufe0f Trovi la sua variet\u00e0 preferita tra i nostri fiori migliori: <a href=\"https:\/\/www.herbadiberna.ch\/it\/fiori-di-cbd\/\">Scopra i fiori di CBD<\/a><br \/>\n\u27a1\ufe0f Materiale di alta qualit\u00e0 per estratti o per la miscelazione: <a href=\"https:\/\/www.herbadiberna.ch\/it\/trim-it\/\">Acquisti assetto CBD<\/a><br \/>\n\u27a1\ufe0f Tutto ci\u00f2 che le serve per coltivare in proprio:    <a href=\"https:\/\/www.herbadiberna.ch\/it\/coltivazione-del-cbd\/\">Coltivazione di CBD<\/a><\/p>\n<\/div>\n<\/div>\n<\/div>\n<\/div>\n","protected":false},"excerpt":{"rendered":"<p data-path-to-node=\"17\">Acquisti lo Snus di Edel CBD e trovi momenti di relax nella vita di tutti i giorni. Il primo snus al mondo CBD All-White di Edelweiss \u00e8 completamente privo di nicotina e THC. Sperimenti 12 mg\/g di CBD di alta qualit\u00e0 e menta rinfrescante in un formato discreto e sottile.    <b data-path-to-node=\"17\" data-index-in-node=\"207\">Ordinato entro le ore 15.00 di oggi, consegnato domani \u2713 Spese di spedizione gratuite a partire da 80 franchi \u2713<\/b><\/p>\n","protected":false},"featured_media":82058,"comment_status":"open","ping_status":"closed","template":"","meta":{"inline_featured_image":false},"product_brand":[],"product_cat":[348,755],"product_tag":[1386],"class_list":{"0":"post-82043","1":"product","2":"type-product","3":"status-publish","4":"has-post-thumbnail","6":"product_cat-fiori-di-cbd","7":"product_cat-snus-al-cbd","8":"product_tag-nuovo-it","9":"product_shipping_class-postpac-priorita","10":"pa_inhalt-netto-10g-it","11":"pif-has-gallery","13":"first","14":"instock","15":"taxable","16":"shipping-taxable","17":"purchasable","18":"product-type-simple"},"_links":{"self":[{"href":"https:\/\/www.herbadiberna.ch\/it\/wp-json\/wp\/v2\/product\/82043","targetHints":{"allow":["GET"]}}],"collection":[{"href":"https:\/\/www.herbadiberna.ch\/it\/wp-json\/wp\/v2\/product"}],"about":[{"href":"https:\/\/www.herbadiberna.ch\/it\/wp-json\/wp\/v2\/types\/product"}],"replies":[{"embeddable":true,"href":"https:\/\/www.herbadiberna.ch\/it\/wp-json\/wp\/v2\/comments?post=82043"}],"wp:featuredmedia":[{"embeddable":true,"href":"https:\/\/www.herbadiberna.ch\/it\/wp-json\/wp\/v2\/media\/82058"}],"wp:attachment":[{"href":"https:\/\/www.herbadiberna.ch\/it\/wp-json\/wp\/v2\/media?parent=82043"}],"wp:term":[{"taxonomy":"product_brand","embeddable":true,"href":"https:\/\/www.herbadiberna.ch\/it\/wp-json\/wp\/v2\/product_brand?post=82043"},{"taxonomy":"product_cat","embeddable":true,"href":"https:\/\/www.herbadiberna.ch\/it\/wp-json\/wp\/v2\/product_cat?post=82043"},{"taxonomy":"product_tag","embeddable":true,"href":"https:\/\/www.herbadiberna.ch\/it\/wp-json\/wp\/v2\/product_tag?post=82043"}],"curies":[{"name":"wp","href":"https:\/\/api.w.org\/{rel}","templated":true}]}}