{"id":81924,"date":"2026-03-20T16:35:45","date_gmt":"2026-03-20T15:35:45","guid":{"rendered":"https:\/\/www.herbadiberna.ch\/rivista-storz-e-bickel-con-8-capsule-di-dosaggio\/"},"modified":"2026-04-21T07:49:50","modified_gmt":"2026-04-21T06:49:50","slug":"rivista-storz-e-bickel-con-8-capsule-di-dosaggio","status":"publish","type":"product","link":"https:\/\/www.herbadiberna.ch\/it\/prodotto\/rivista-storz-e-bickel-con-8-capsule-di-dosaggio\/","title":{"rendered":"Rivista Storz e Bickel con 8 capsule di dosaggio"},"content":{"rendered":"<div class=\"flex max-w-full flex-col flex-grow\">\n<div class=\"min-h-8 text-message flex w-full flex-col items-end gap-2 whitespace-normal break-words text-start [.text-message+&amp;]:mt-5\" dir=\"auto\">\n<div class=\"flex w-full flex-col gap-1 empty:hidden first:pt-[3px]\">\n<div class=\"markdown prose w-full break-words dark:prose-invert light\">\n<h2><strong>Acquisti il caricatore Storz &amp; Bickel con 8 capsule dosatrici - la sua scorta per il viaggio<\/strong><\/h2>\n<p><strong>Acquisti<\/strong> subito il <strong>caricatore<\/strong> originale <strong>Storz &amp; Bickel con 8 capsule di dosaggio<\/strong>. Dopo tutto, \u00e8 il modo pi\u00f9 comodo per preparare i suoi fiori di CBD. Il pratico caricatore serve anche a conservare in modo sicuro le sue porzioni. In questo modo avr\u00e0 sempre a portata di mano le capsule perfettamente riempite. Questo set \u00e8 anche compatibile con quasi tutti i dispositivi Storz &amp; Bickel pi\u00f9 diffusi. Sperimenti la massima organizzazione e discrezione durante ogni sessione.     <\/p>\n<p>Il set di riviste \u00e8 estremamente facile da usare:<\/p>\n<ul>\n<li><strong>Riempimento pulito:<\/strong> Le capsule di dosaggio sono estremamente facili da preparare. Di conseguenza, l&#8217;ambiente circostante rimane sempre pulito. <\/li>\n<li><strong>Conservazione sicura:<\/strong> il coperchio protegge efficacemente le sue erbe dalle influenze esterne. In questo modo il sapore rimane fresco pi\u00f9 a lungo. <\/li>\n<li><strong>Cambio rapido:<\/strong> pu\u00f2 sostituire la capsula usata in pochi secondi. In definitiva, questo le fa risparmiare tempo prezioso. <\/li>\n<\/ul>\n<h2><strong>Perch\u00e9 dovrebbe ordinare la rivista di capsule di dosaggio online<\/strong><\/h2>\n<p>Vuole proteggere in modo permanente la camera di riempimento del suo vaporizzatore? Allora questo set \u00e8 la scelta ideale per lei. Le capsule impediscono la formazione di residui diretti nel suo dispositivo. Inoltre, preparare le otto capsule a casa \u00e8 particolarmente comodo. Dopo tutto, non dovr\u00e0 pi\u00f9 maneggiarle o porzionarle in viaggio. Il caricatore \u00e8 anche molto compatto. Si inserisce quindi facilmente in qualsiasi tasca dei pantaloni.      <\/p>\n<h2><strong>Massima compatibilit\u00e0 per la sua configurazione S&amp;B<\/strong><\/h2>\n<p>Questo accessorio \u00e8 un vero e proprio tuttofare in termini di applicazioni possibili. \u00c8 ideale per il Vulcano fisso con riduttore della camera di riempimento. Si adatta perfettamente anche ai modelli Crafty e Mighty. Anche gli utenti di Plenty beneficiano di questo pratico sistema. Grazie alla fabbricazione precisa, le capsule si trovano assolutamente prive di oscillazioni nella camera. Di conseguenza, l&#8217;alimentazione d&#8217;aria del suo dispositivo viene sfruttata in modo ottimale.     <\/p>\n<h2><strong>Tutti i vantaggi in sintesi<\/strong><\/h2>\n<ul>\n<li><strong>Universale:<\/strong> adatto a Volcano, Crafty, Mighty e Plenty.<\/li>\n<li><strong>Efficiente:<\/strong> consente di preparare otto capsule contemporaneamente.<\/li>\n<li><strong>Prodotto originale:<\/strong> accessori su misura di Storz &amp; Bickel (SB-0932).<\/li>\n<li><strong>Pulizia:<\/strong> riduce notevolmente il lavoro di pulizia del suo vaporizzatore.<\/li>\n<li><strong>Contenuto della consegna:<\/strong> 1 \u00d7 rivista con 8 capsule dosatrici originali.<\/li>\n<\/ul>\n<div style=\"background-color: #f8f9fa; border-left: 4px solid #d9534f; padding: 15px; margin-top: 20px; margin-bottom: 20px;\">\n<h3><strong>\u26a0\ufe0f Nota importante sull&#8217;applicazione<\/strong><\/h3>\n<p><strong>La preghiamo di notare un punto importante prima dell&#8217;acquisto. Le capsule di dosaggio sono progettate per un uso singolo o a breve termine. Raccomandiamo inoltre di pulire regolarmente le capsule con alcol isopropilico. Dopotutto, questo garantisce un sapore costantemente non adulterato e una buona circolazione dell&#8217;aria.   <\/strong><\/p>\n<\/div>\n<h2><strong>Domande frequenti (FAQ) sulla rivista di capsule dosatrici<\/strong><\/h2>\n<p><strong>Le capsule di dosaggio nel caricatore sono riutilizzabili?<\/strong><br \/>\nS\u00ec, pu\u00f2 utilizzare le capsule pi\u00f9 volte. Tuttavia, deve controllarle regolarmente per verificare che non siano deformate. \u00c8 inoltre consigliabile pulirle dopo alcuni utilizzi. In questo modo, l&#8217;igiene delle sue sedute rimane sempre ad un livello elevato.   <\/p>\n<p><strong>Quanto materiale entra in una singola capsula dosatrice?<\/strong><br \/>\nUna capsula contiene circa 0,1-0,15 grammi di fiori di CBD, a seconda del grado di macinazione. Questa \u00e8 anche la quantit\u00e0 ideale per una vaporizzazione efficiente. Infine, questo assicura un riscaldamento uniforme del materiale.  <\/p>\n<h2><strong>Acquisti subito la rivista con 8 capsule dosatrici e svapi in modo pi\u00f9 rilassato.<\/strong><\/h2>\n<p>Si procuri subito lo strumento indispensabile per una maggiore praticit\u00e0 e pulizia. Con il <strong>caricatore Storz &amp; Bickel<\/strong>, investe in ordine, igiene e mobilit\u00e0. Ordini ora da Herba di Berna - il suo esperto di accessori per vaporizzatori di prima classe in Svizzera.  <\/p>\n<h2><strong>Scopra altri vaporizzatori &amp; CBD<\/strong><\/h2>\n<p>\u27a1\ufe0f Cura lenitiva per il suo corpo: <a href=\"https:\/\/www.herbadiberna.ch\/it\/prodotti-per-la-cura-del-cbd\/\">trovi i cosmetici al CBD<\/a><br \/>\n\u27a1\ufe0f Regali perfetti per i fan della canapa: <a href=\"https:\/\/www.herbadiberna.ch\/it\/regali\/\">regali al CBD<\/a><br \/>\n\u27a1\ufe0f Per un piacere senza fumo nella vita di tutti i giorni:    <a href=\"https:\/\/www.herbadiberna.ch\/cbd-snus\/\">Acquistare Snus al CBD<\/a><\/p>\n<\/div>\n<\/div>\n<\/div>\n<\/div>\n","protected":false},"excerpt":{"rendered":"<p data-path-to-node=\"19\">Acquisti il caricatore Storz &amp; Bickel con 8 capsule di dosaggio e approfitti della massima praticit\u00e0. Ideale per preparare e trasportare in sicurezza le sue erbe. Adatto per Volcano, Mighty, Crafty e Plenty.   Mantiene pulito il suo vaporizzatore.  <b data-path-to-node=\"19\" data-index-in-node=\"231\">Consegna rapida in 1-3 giorni \u2713 Spese di spedizione gratuite a partire da CHF 80 \u2713<\/b><\/p>\n","protected":false},"featured_media":81919,"comment_status":"open","ping_status":"closed","template":"","meta":{"inline_featured_image":false},"product_brand":[],"product_cat":[370],"product_tag":[],"class_list":{"0":"post-81924","1":"product","2":"type-product","3":"status-publish","4":"has-post-thumbnail","6":"product_cat-accessori-cbd","7":"pif-has-gallery","9":"first","10":"instock","11":"taxable","12":"shipping-taxable","13":"purchasable","14":"product-type-simple"},"_links":{"self":[{"href":"https:\/\/www.herbadiberna.ch\/it\/wp-json\/wp\/v2\/product\/81924","targetHints":{"allow":["GET"]}}],"collection":[{"href":"https:\/\/www.herbadiberna.ch\/it\/wp-json\/wp\/v2\/product"}],"about":[{"href":"https:\/\/www.herbadiberna.ch\/it\/wp-json\/wp\/v2\/types\/product"}],"replies":[{"embeddable":true,"href":"https:\/\/www.herbadiberna.ch\/it\/wp-json\/wp\/v2\/comments?post=81924"}],"wp:featuredmedia":[{"embeddable":true,"href":"https:\/\/www.herbadiberna.ch\/it\/wp-json\/wp\/v2\/media\/81919"}],"wp:attachment":[{"href":"https:\/\/www.herbadiberna.ch\/it\/wp-json\/wp\/v2\/media?parent=81924"}],"wp:term":[{"taxonomy":"product_brand","embeddable":true,"href":"https:\/\/www.herbadiberna.ch\/it\/wp-json\/wp\/v2\/product_brand?post=81924"},{"taxonomy":"product_cat","embeddable":true,"href":"https:\/\/www.herbadiberna.ch\/it\/wp-json\/wp\/v2\/product_cat?post=81924"},{"taxonomy":"product_tag","embeddable":true,"href":"https:\/\/www.herbadiberna.ch\/it\/wp-json\/wp\/v2\/product_tag?post=81924"}],"curies":[{"name":"wp","href":"https:\/\/api.w.org\/{rel}","templated":true}]}}