{"id":81896,"date":"2026-03-20T14:10:42","date_gmt":"2026-03-20T13:10:42","guid":{"rendered":"https:\/\/www.herbadiberna.ch\/storz-e-bickel-custodia-venty\/"},"modified":"2026-04-17T14:44:51","modified_gmt":"2026-04-17T13:44:51","slug":"storz-e-bickel-custodia-venty","status":"publish","type":"product","link":"https:\/\/www.herbadiberna.ch\/it\/prodotto\/storz-e-bickel-custodia-venty\/","title":{"rendered":"Storz e Bickel Custodia Venty"},"content":{"rendered":"<div class=\"flex max-w-full flex-col flex-grow\">\n<div class=\"min-h-8 text-message flex w-full flex-col items-end gap-2 whitespace-normal break-words text-start [.text-message+&amp;]:mt-5\" dir=\"auto\">\n<div class=\"flex w-full flex-col gap-1 empty:hidden first:pt-[3px]\">\n<div class=\"markdown prose w-full break-words dark:prose-invert light\">\n<h2><strong>Acquisti VENTY Case - La robusta custodia da viaggio per il suo dispositivo<\/strong><\/h2>\n<p><strong>Acquisti<\/strong> subito la <strong>custodia<\/strong> originale <strong>VENTY<\/strong> e protegga in modo ottimale la sua preziosa attrezzatura durante i viaggi. Questa borsa da viaggio di alta qualit\u00e0 di Storz &amp; Bickel \u00e8 anche la soluzione perfetta per tutti i proprietari di Venty. Offre un posto sicuro per il vaporizzatore e gli accessori pi\u00f9 importanti. La borsa convince anche per la sua struttura estremamente robusta. Di conseguenza, la sua configurazione rimane intatta e discretamente riposta in ogni viaggio.    <\/p>\n<p>La valigia VENTY stabilisce nuovi standard per il trasporto mobile:<\/p>\n<ul>\n<li><strong>Assolutamente a prova di odore:<\/strong> grazie alla speciale guarnizione, pu\u00f2 trasportare il suo dispositivo in modo estremamente discreto.<\/li>\n<li><strong>Guscio esterno rigido:<\/strong> il materiale robusto offre anche una protezione efficace contro urti, colpi e graffi fastidiosi<strong>.<\/strong> <\/li>\n<li><strong>Organizzazione perfetta:<\/strong> all&#8217;interno c&#8217;\u00e8 molto spazio per le capsule di dosaggio, gli strumenti di pulizia e altro ancora.<\/li>\n<\/ul>\n<h2><strong>Perch\u00e9 dovrebbe ordinare la valigetta VENTY online<\/strong><\/h2>\n<p>Chi viaggia molto apprezza una protezione affidabile. Ecco perch\u00e9 questa custodia da viaggio \u00e8 stata appositamente studiata per soddisfare le esigenze degli utenti pi\u00f9 esigenti. Il guscio rigido protegge la tecnologia del suo Venty dagli agenti esterni. Inoltre, il design compatto fa s\u00ec che la custodia si inserisca in qualsiasi zaino. Dopo tutto, avr\u00e0 sempre tutto ci\u00f2 che le serve a portata di mano in un unico posto.    <\/p>\n<h2><strong>Discrezione e stile per il suo vaporizzatore premium<\/strong><\/h2>\n<p>Oltre al fattore di protezione, la discrezione gioca un ruolo decisivo. Poich\u00e9 la custodia \u00e8 a prova di odore, il contenuto rimane completamente nascosto agli estranei. Anche il design semplice e nero colpisce per la sua eleganza senza tempo. Di conseguenza, con questo accessorio non investe solo in sicurezza, ma anche in un look professionale. La custodia \u00e8 anche molto facile da pulire e, se necessario, pu\u00f2 essere semplicemente ripulita.    <\/p>\n<h2><strong>Tutti i vantaggi in sintesi<\/strong><\/h2>\n<ul>\n<li><strong>Massima sicurezza:<\/strong> guscio esterno rigido per una protezione ottimale in caso di caduta.<\/li>\n<li><strong>Discrezione totale:<\/strong> sigillo a tenuta di odori per un trasporto poco appariscente.<\/li>\n<li><strong>Molto spazio:<\/strong> spazio per i caricatori di capsule dosatrici e per gli strumenti di pulizia.<\/li>\n<li><strong>Prodotto originale:<\/strong> accessori su misura di Storz &amp; Bickel (SB-1196).<\/li>\n<li><strong>Durata:<\/strong> cerniere di alta qualit\u00e0 e materiale resistente.<\/li>\n<\/ul>\n<div style=\"background-color: #f8f9fa; border-left: 4px solid #d9534f; padding: 15px; margin-top: 20px; margin-bottom: 20px;\">\n<h3><strong>\u26a0\ufe0f Nota importante sull&#8217;entit\u00e0 della consegna<\/strong><\/h3>\n<p><strong>La preghiamo di notare un punto importante prima dell&#8217;acquisto. I dispositivi illustrati e gli altri accessori non sono inclusi nella fornitura. Questa custodia serve esclusivamente per conservare e trasportare in modo sicuro il suo vaporizzatore VENTY.  <\/strong><\/p>\n<\/div>\n<h2><strong>Domande frequenti (FAQ) sulla Valigetta VENTY<\/strong><\/h2>\n<p><strong>Perch\u00e9 la Valigia VENTY \u00e8 ideale per le vacanze?<\/strong>  Grazie al robusto guscio esterno, il suo vaporizzatore \u00e8 protetto in modo ottimale dalla pressione e dagli urti nella sua valigia o nello zaino. La propriet\u00e0 antiodore impedisce anche la fuoriuscita degli aromi. Infine, la compartimentazione interna assicura che le parti pi\u00f9 piccole, come le capsule, non vadano perse. <\/p>\n<p><strong>Anche altri accessori di Storz &amp; Bickel possono essere inseriti nella borsa?<\/strong>  S\u00ec, il case offre spazio sufficiente per le tipiche piccole parti, oltre al Venty. Questi includono capsule di dosaggio o piccole spazzole per la pulizia, ad esempio. In questo modo, avr\u00e0 sempre il suo kit di pulizia completo accanto all&#8217;apparecchio. <\/p>\n<h2><strong>Acquisti ora la sua valigia VENTY e sia sicuro sulla strada.<\/strong><\/h2>\n<p>Acquisti subito l&#8217;accessorio essenziale per la massima mobilit\u00e0. Con la <strong>custodia VENTY<\/strong>, investe in protezione, organizzazione e discrezione assoluta. Ordini ora da Herba di Berna - il suo esperto svizzero per vaporizzatori di alta qualit\u00e0 e ricambi originali.  <\/p>\n<h2><strong>Scopra altri vaporizzatori &amp; CBD<\/strong><\/h2>\n<p>\u27a1\ufe0f Artigianato tradizionale dalla Svizzera: <a href=\"https:\/\/www.herbadiberna.ch\/it\/cbd-hashish\/\">acquisti CBD hashish<\/a><br \/>\n\u27a1\ufe0f Aiutanti pratici per il suo divertimento: <a href=\"https:\/\/www.herbadiberna.ch\/cbd-zubehoer\/\">trovi gli accessori CBD<\/a><br \/>\n\u27a1\ufe0f Scopra la nostra gamma completa di variet\u00e0:    <a href=\"https:\/\/www.herbadiberna.ch\/it\/fiori-di-cbd\/\">Scopra i fiori di CBD<\/a><\/p>\n<\/div>\n<\/div>\n<\/div>\n<\/div>\n","protected":false},"excerpt":{"rendered":"<p data-path-to-node=\"19\">Acquistando la Valigetta VENTY, potr\u00e0 beneficiare della massima protezione e dell&#8217;assoluta impermeabilit\u00e0 agli odori. La robusta borsa da viaggio offre spazio per il suo Venty e per accessori importanti come le capsule di dosaggio.  Ideale per viaggiare in modo discreto.  <b data-path-to-node=\"19\" data-index-in-node=\"211\">Consegna rapida in 1-3 giorni \u2713 Spese di spedizione gratuite a partire da CHF 80 \u2713<\/b><\/p>\n<h3 data-path-to-node=\"20\"><\/h3>\n","protected":false},"featured_media":81886,"comment_status":"open","ping_status":"closed","template":"","meta":{"inline_featured_image":false},"product_brand":[],"product_cat":[1149],"product_tag":[],"class_list":{"0":"post-81896","1":"product","2":"type-product","3":"status-publish","4":"has-post-thumbnail","6":"product_cat-ricambi-per-vape","7":"pif-has-gallery","9":"first","10":"instock","11":"taxable","12":"shipping-taxable","13":"purchasable","14":"product-type-simple"},"_links":{"self":[{"href":"https:\/\/www.herbadiberna.ch\/it\/wp-json\/wp\/v2\/product\/81896","targetHints":{"allow":["GET"]}}],"collection":[{"href":"https:\/\/www.herbadiberna.ch\/it\/wp-json\/wp\/v2\/product"}],"about":[{"href":"https:\/\/www.herbadiberna.ch\/it\/wp-json\/wp\/v2\/types\/product"}],"replies":[{"embeddable":true,"href":"https:\/\/www.herbadiberna.ch\/it\/wp-json\/wp\/v2\/comments?post=81896"}],"wp:featuredmedia":[{"embeddable":true,"href":"https:\/\/www.herbadiberna.ch\/it\/wp-json\/wp\/v2\/media\/81886"}],"wp:attachment":[{"href":"https:\/\/www.herbadiberna.ch\/it\/wp-json\/wp\/v2\/media?parent=81896"}],"wp:term":[{"taxonomy":"product_brand","embeddable":true,"href":"https:\/\/www.herbadiberna.ch\/it\/wp-json\/wp\/v2\/product_brand?post=81896"},{"taxonomy":"product_cat","embeddable":true,"href":"https:\/\/www.herbadiberna.ch\/it\/wp-json\/wp\/v2\/product_cat?post=81896"},{"taxonomy":"product_tag","embeddable":true,"href":"https:\/\/www.herbadiberna.ch\/it\/wp-json\/wp\/v2\/product_tag?post=81896"}],"curies":[{"name":"wp","href":"https:\/\/api.w.org\/{rel}","templated":true}]}}