{"id":81880,"date":"2026-03-20T12:56:16","date_gmt":"2026-03-20T11:56:16","guid":{"rendered":"https:\/\/www.herbadiberna.ch\/unita-di-raffreddamento-storz-e-bickel-mighty\/"},"modified":"2026-04-16T13:30:50","modified_gmt":"2026-04-16T12:30:50","slug":"unita-di-raffreddamento-storz-e-bickel-mighty","status":"publish","type":"product","link":"https:\/\/www.herbadiberna.ch\/it\/prodotto\/unita-di-raffreddamento-storz-e-bickel-mighty\/","title":{"rendered":"Unit\u00e0 di raffreddamento Storz e Bickel Mighty"},"content":{"rendered":"<div class=\"flex max-w-full flex-col flex-grow\">\n<div class=\"min-h-8 text-message flex w-full flex-col items-end gap-2 whitespace-normal break-words text-start [.text-message+&amp;]:mt-5\" dir=\"auto\">\n<div class=\"flex w-full flex-col gap-1 empty:hidden first:pt-[3px]\">\n<div class=\"markdown prose w-full break-words dark:prose-invert light\">\n<h2><strong>Acquistare l&#8217;Unit\u00e0 di raffreddamento Mighty - Unit\u00e0 di raffreddamento per Storz &amp; Bickel<\/strong><\/h2>\n<p><strong>Acquisti<\/strong> subito l&#8217;originale <strong>unit\u00e0 di raffreddamento Mighty<\/strong> e goda di una fresca esperienza di vapore. Questa unit\u00e0 di raffreddamento di alta qualit\u00e0 di Storz &amp; Bickel \u00e8 anche l&#8217;aggiunta ideale al suo vaporizzatore. \u00c8 realizzata per adattarsi perfettamente a Mighty e Mighty Plus. Di conseguenza, raffredda efficacemente il vapore caldo. In definitiva, questo assicura un&#8217;estrazione piacevole e un sapore ottimale durante ogni sessione.    <\/p>\n<p>L&#8217;unit\u00e0 di raffreddamento Mighty colpisce per la sua qualit\u00e0 comprovata:<\/p>\n<ul>\n<li><strong>Raffreddamento efficace:<\/strong> il vapore compie un lungo viaggio. Ecco perch\u00e9 arriva piacevolmente fresco. <\/li>\n<li><strong>Gusto perfetto:<\/strong> i materiali di alta qualit\u00e0 preservano l&#8217;aroma. Inoltre, il vapore viene filtrato delicatamente. <\/li>\n<li><strong>Accessori originali:<\/strong> Adattamento perfetto per Mighty e Mighty Plus. Di conseguenza, non ci sono oscillazioni o perdite. <\/li>\n<\/ul>\n<h2><strong>Perch\u00e9 dovrebbe ordinare online l&#8217;Unit\u00e0 di raffreddamento Mighty<\/strong><\/h2>\n<p>Perch\u00e9 ha senso sostituire l&#8217;unit\u00e0 di raffreddamento? Con il tempo, i residui si accumulano all&#8217;interno dell&#8217;alloggiamento. Una sostituzione regolare o una pulizia accurata \u00e8 quindi importante per l&#8217;igiene. Inoltre, garantisce che il flusso d&#8217;aria del suo apparecchio sia sempre ottimizzato. Una seconda unit\u00e0 \u00e8 anche estremamente pratica quando viaggia. In questo modo pu\u00f2 pulire un&#8217;unit\u00e0 mentre l&#8217;altra rimane pronta per l&#8217;uso immediato.     <\/p>\n<h2><strong>Longevit\u00e0 per il suo vaporizzatore premium<\/strong><\/h2>\n<p>L&#8217;unit\u00e0 di raffreddamento \u00e8 realizzata in plastica sicura per i medici. Questo la rende estremamente robusta e durevole. Inoltre, pu\u00f2 essere facilmente smontata nelle sue singole parti per la pulizia. Infine, gli accessori originali di Storz &amp; Bickel garantiscono prestazioni costanti del suo vape. Si affidi quindi alla qualit\u00e0 del leader di mercato per la migliore esperienza possibile.    <\/p>\n<h2><strong>Tutti i dettagli in un colpo d&#8217;occhio<\/strong><\/h2>\n<ul>\n<li><strong>Compatibilit\u00e0: \u00e8<\/strong> adatto ai vaporizzatori Mighty e Mighty Plus.<\/li>\n<li><strong>Funzione:<\/strong> raffredda il vapore e ottimizza l&#8217;aroma.<\/li>\n<li><strong>Igiene:<\/strong> facile da smontare e anche da pulire.<\/li>\n<li><strong>Qualit\u00e0:<\/strong> Ricambio originale di Storz &amp; Bickel (SB-1118).<\/li>\n<li><strong>La fornitura comprende:<\/strong> 1 \u00d7 Unit\u00e0 di raffreddamento con bocchino.<\/li>\n<\/ul>\n<div style=\"background-color: #f8f9fa; border-left: 4px solid #d9534f; padding: 15px; margin-top: 20px; margin-bottom: 20px;\">\n<h3><strong>\u26a0\ufe0f Nota importante sulla pulizia<\/strong><\/h3>\n<p><strong>Tenga presente un punto importante per la longevit\u00e0. Le consigliamo di pulire con alcol isopropilico. Tuttavia, non immerga le parti in plastica per troppo tempo. Dopo tutto, questo protegge il materiale e preserva le guarnizioni del suo dispositivo.   <\/strong><\/p>\n<\/div>\n<h2><strong>Domande frequenti (FAQ) sull&#8217;unit\u00e0 di raffreddamento Mighty<\/strong><\/h2>\n<p><strong>Con quale frequenza devo cambiare l&#8217;unit\u00e0 di raffreddamento?<\/strong><br \/>\nQuesto dipende molto dal suo utilizzo. Tuttavia, consigliamo di effettuare la pulizia dopo circa 10-15 sessioni. Se il sapore si deteriora, dovrebbe anche sostituire completamente l&#8217;unit\u00e0.  <\/p>\n<p><strong>L&#8217;unit\u00e0 \u00e8 adatta a entrambi i modelli Mighty?<\/strong><br \/>\nS\u00ec, l&#8217;unit\u00e0 di raffreddamento \u00e8 assolutamente universale. Pertanto, si adatta perfettamente sia al classico Mighty che al nuovo Mighty Plus. Il design \u00e8 identico per entrambi i dispositivi.  <\/p>\n<h2><strong>Acquisti ora Mighty Cooling Unit e provi il massimo piacere.<\/strong><\/h2>\n<p>Acquisti subito il pezzo di ricambio essenziale per la sua configurazione. Con l&#8217;<strong>Unit\u00e0 di Raffreddamento Mighty<\/strong>, investe in igiene e sapore puro. Ordini ora da Herba di Berna - il suo esperto svizzero per vaporizzatori e accessori di alta qualit\u00e0.  <\/p>\n<h2><strong>Scopra altri vaporizzatori &amp; CBD<\/strong><\/h2>\n<p>\u27a1\ufe0f Trovi le gocce perfette per la sua vita quotidiana: <a href=\"https:\/\/www.herbadiberna.ch\/it\/olio-di-cbd\/\">acquisti olio di CBD<\/a><br \/>\n\u27a1\ufe0f Regali perfetti per i fan della canapa: <a href=\"https:\/\/www.herbadiberna.ch\/it\/regali\/\">trovi regali CBD<\/a><br \/>\n\u27a1\ufe0f Cura lenitiva per la sua pelle:    <a href=\"https:\/\/www.herbadiberna.ch\/cbd-kosmetik\/\">Scopra i cosmetici CBD<\/a><\/p>\n<\/div>\n<\/div>\n<\/div>\n<\/div>\n","protected":false},"excerpt":{"rendered":"<p>Acquisti l&#8217;unit\u00e0 di raffreddamento Mighty e benefici di un raffreddamento ottimale del vapore. Si adatta perfettamente a Mighty &amp; Mighty Plus. Assicura un sapore puro ed \u00e8 anche molto facile da pulire.   L&#8217;indispensabile accessorio originale.  <strong>Consegna rapida in 1-3 giorni \u2713 Spese di spedizione gratuite a partire da CHF 80 \u2713<\/strong><\/p>\n","protected":false},"featured_media":81872,"comment_status":"closed","ping_status":"closed","template":"","meta":{"inline_featured_image":false},"product_brand":[],"product_cat":[1149],"product_tag":[],"class_list":{"0":"post-81880","1":"product","2":"type-product","3":"status-publish","4":"has-post-thumbnail","6":"product_cat-ricambi-per-vape","7":"pif-has-gallery","9":"first","10":"instock","11":"taxable","12":"shipping-taxable","13":"purchasable","14":"product-type-simple"},"_links":{"self":[{"href":"https:\/\/www.herbadiberna.ch\/it\/wp-json\/wp\/v2\/product\/81880","targetHints":{"allow":["GET"]}}],"collection":[{"href":"https:\/\/www.herbadiberna.ch\/it\/wp-json\/wp\/v2\/product"}],"about":[{"href":"https:\/\/www.herbadiberna.ch\/it\/wp-json\/wp\/v2\/types\/product"}],"replies":[{"embeddable":true,"href":"https:\/\/www.herbadiberna.ch\/it\/wp-json\/wp\/v2\/comments?post=81880"}],"wp:featuredmedia":[{"embeddable":true,"href":"https:\/\/www.herbadiberna.ch\/it\/wp-json\/wp\/v2\/media\/81872"}],"wp:attachment":[{"href":"https:\/\/www.herbadiberna.ch\/it\/wp-json\/wp\/v2\/media?parent=81880"}],"wp:term":[{"taxonomy":"product_brand","embeddable":true,"href":"https:\/\/www.herbadiberna.ch\/it\/wp-json\/wp\/v2\/product_brand?post=81880"},{"taxonomy":"product_cat","embeddable":true,"href":"https:\/\/www.herbadiberna.ch\/it\/wp-json\/wp\/v2\/product_cat?post=81880"},{"taxonomy":"product_tag","embeddable":true,"href":"https:\/\/www.herbadiberna.ch\/it\/wp-json\/wp\/v2\/product_tag?post=81880"}],"curies":[{"name":"wp","href":"https:\/\/api.w.org\/{rel}","templated":true}]}}