{"id":81547,"date":"2026-03-17T15:49:22","date_gmt":"2026-03-17T14:49:22","guid":{"rendered":"https:\/\/www.herbadiberna.ch\/?post_type=product&#038;p=81547"},"modified":"2026-03-17T15:52:36","modified_gmt":"2026-03-17T14:52:36","slug":"cannaqueen-contenitori-grandi-per-interni-kopie","status":"publish","type":"product","link":"https:\/\/www.herbadiberna.ch\/it\/prodotto\/cannaqueen-contenitori-grandi-per-interni-kopie\/","title":{"rendered":"Cannaqueen Contenitori grandi per interni"},"content":{"rendered":"<h2><strong>Acquistare le confezioni sfuse di Cannaqueen Indoor - Fiori di CBD premium all&#8217;ingrosso<\/strong><\/h2>\n<p><strong>Acquisti<\/strong> subito la <strong>confezione di Cannaqueen Indoor<\/strong> e si assicuri grandi fiori di CBD. Inoltre, beneficia del nostro esclusivo sviluppo interno. Questa variet\u00e0 combina il meglio di due ceppi leggendari. Di conseguenza, combina perfettamente Harlequin e Cannatonic. L&#8217;incrocio, intensamente dolce, delizia anche con fiori compatti e resinosi.    <\/p>\n<div style=\"background-color: #e8f5e9; border-left: 4px solid #4caf50; padding: 15px; margin-top: 20px; margin-bottom: 20px;\">\n<h3><strong>\ud83c\udf3f Il nostro servizio premium: miscelare fino a 3 gusti con 500g e 1kg!<\/strong><\/h3>\n<p><strong>Non vuole impegnarsi in una sola variet\u00e0? Nessun problema! Con un supplemento di soli CHF 50.-, pu\u00f2 facilmente dividere il suo ordine. Questo significa che pu\u00f2 scegliere fino a 3 variet\u00e0 diverse per 500g o 1kg.   <\/strong><\/p>\n<p>Per farlo, aggiunga il prodotto con l&#8217;opzione mix al suo carrello. Poi ci comunichi le sue esatte esigenze inviando un&#8217;e-mail a <a href=\"mailto:info@herbadiberna.ch\">info@herbadiberna.ch.<\/a> Dopotutto, saremo felici di confezionare il suo pacchetto personalizzato per lei!  <\/p>\n<\/div>\n<h2><strong>Perch\u00e9 dovrebbe acquistare il contenitore grande Cannaqueen Indoor<\/strong><\/h2>\n<p>Questa variet\u00e0 \u00e8 uno sviluppo esclusivo di Herba di Berna. Per questo \u00e8 diventata estremamente popolare in pochissimo tempo. Inoltre, colpisce per i suoi fiori grandi e l&#8217;elevata produzione di resina. Si possono anche gustare i sapori intensamente dolci di Cannatonic.   <\/p>\n<p>Di conseguenza, il profilo terpenico unico garantisce un sapore inconfondibile. Inoltre, ci concentriamo costantemente sulla coltivazione naturale. Ecco perch\u00e9 Cannaqueen \u00e8 completamente priva di pesticidi ed erbicidi. Infine, il nostro delicato processo di essiccazione preserva il sapore dolce e fiorito.   <\/p>\n<h2><strong>Dettagli del prodotto per i suoi fiori CBD Cannaqueen in grande formato<\/strong><\/h2>\n<ul>\n<li><strong>Quantit\u00e0:<\/strong> Disponibile in grandi contenitori. Ideale per i requisiti di massima qualit\u00e0. <\/li>\n<li><strong>Sapore:<\/strong> profilo terpenico dolce-floreale. Dominano anche note intense e dolci. <\/li>\n<li><strong>Opzione Mix:<\/strong> combina in modo flessibile fino a 3 gusti (+ 50 CHF di sovrapprezzo).<\/li>\n<li><strong>Caratteristiche:<\/strong> fiori grandi, densi e resinosi per interni. Coltivato anche senza pesticidi. <\/li>\n<li><strong>Contenuto di principi attivi:<\/strong> alto contenuto di CBD per momenti di piacere rilassati.<\/li>\n<\/ul>\n<div style=\"background-color: #f8f9fa; border-left: 4px solid #d9534f; padding: 15px; margin-top: 20px; margin-bottom: 20px;\">\n<h3><strong>\u26a0\ufe0f Informazioni importanti per gli acquirenti di grandi quantit\u00e0<\/strong><\/h3>\n<p><strong>La preghiamo di notare un punto importante. A questo pacchetto di prodotti sfusi a prezzo ottimizzato non si applicano gli sconti regolari del negozio. Tuttavia, sono esclusi gli sconti specifici per quantit\u00e0.  <\/strong><\/p>\n<p>Attribuiamo sempre grande importanza alla qualit\u00e0 costante. Ecco perch\u00e9 pu\u00f2 richiedere un campione in anticipo in qualsiasi momento. Si metta semplicemente in contatto con noi su <a href=\"mailto:info@herbadiberna.ch\">info@herbadiberna.ch!<\/a>   <\/p>\n<\/div>\n<h2><strong>Ordini subito le confezioni sfuse di Cannaqueen Indoor e si goda il CBD di qualit\u00e0 superiore.<\/strong><\/h2>\n<p>Forse sta cercando qualcosa per il suo uso personale. In ogni caso, questa confezione sfusa \u00e8 convincente su tutta la linea. Inoltre, beneficia di un&#8217;esperienza di gusto eccezionale.  <\/p>\n<p>Scelga quindi la quantit\u00e0 desiderata. Pu\u00f2 anche utilizzare la nostra opzione di suddivisione flessibile per una variet\u00e0 ancora maggiore. Infine, ordini oggi stesso in modo sicuro e comodo da Herba di Berna.  <\/p>\n<h2><strong>Scopra altri punti salienti della nostra gamma<\/strong><\/h2>\n<p>\u27a1\ufe0f Trovi le gocce perfette per la sua vita quotidiana: <a href=\"https:\/\/www.herbadiberna.ch\/it\/olio-di-cbd\/\">olio di CBD<\/a><br \/>\n\u27a1\ufe0f Sperimenti l&#8217;artigianato tradizionale: <a href=\"https:\/\/www.herbadiberna.ch\/it\/cbd-hashish\/\">CBD hashish<\/a><br \/>\n\u27a1\ufe0f Riempia la sua camera al miglior prezzo:    <a href=\"https:\/\/www.herbadiberna.ch\/it\/trim-it\/\">Acquista CBD Trim<\/a><\/p>\n","protected":false},"excerpt":{"rendered":"<p>Le confezioni sfuse di Cannaqueen Indoor le offrono grandi fiori di prima qualit\u00e0. Inoltre, il sapore dolce e fiorito di Cannatonic e Harlequin \u00e8 convincente. Ecco perch\u00e9 questo sviluppo proprietario \u00e8 ideale per gli intenditori.    <b>Ordinato entro le 15:00, consegnato domani \u2713 Spedizione gratuita a partire da CHF 80 \u2713<\/b><\/p>\n","protected":false},"featured_media":73221,"comment_status":"open","ping_status":"closed","template":"","meta":{"inline_featured_image":false},"product_brand":[],"product_cat":[402,403],"product_tag":[],"class_list":{"0":"post-81547","1":"product","2":"type-product","3":"status-publish","4":"has-post-thumbnail","6":"product_cat-contenitore-alla-rinfusa-ch","7":"product_cat-interno-it","8":"pif-has-gallery","10":"first","11":"outofstock","12":"taxable","13":"shipping-taxable","14":"purchasable","15":"product-type-variable","16":"rtwpvs-product"},"_links":{"self":[{"href":"https:\/\/www.herbadiberna.ch\/it\/wp-json\/wp\/v2\/product\/81547","targetHints":{"allow":["GET"]}}],"collection":[{"href":"https:\/\/www.herbadiberna.ch\/it\/wp-json\/wp\/v2\/product"}],"about":[{"href":"https:\/\/www.herbadiberna.ch\/it\/wp-json\/wp\/v2\/types\/product"}],"replies":[{"embeddable":true,"href":"https:\/\/www.herbadiberna.ch\/it\/wp-json\/wp\/v2\/comments?post=81547"}],"wp:featuredmedia":[{"embeddable":true,"href":"https:\/\/www.herbadiberna.ch\/it\/wp-json\/wp\/v2\/media\/73221"}],"wp:attachment":[{"href":"https:\/\/www.herbadiberna.ch\/it\/wp-json\/wp\/v2\/media?parent=81547"}],"wp:term":[{"taxonomy":"product_brand","embeddable":true,"href":"https:\/\/www.herbadiberna.ch\/it\/wp-json\/wp\/v2\/product_brand?post=81547"},{"taxonomy":"product_cat","embeddable":true,"href":"https:\/\/www.herbadiberna.ch\/it\/wp-json\/wp\/v2\/product_cat?post=81547"},{"taxonomy":"product_tag","embeddable":true,"href":"https:\/\/www.herbadiberna.ch\/it\/wp-json\/wp\/v2\/product_tag?post=81547"}],"curies":[{"name":"wp","href":"https:\/\/api.w.org\/{rel}","templated":true}]}}