{"id":80330,"date":"2026-03-06T12:24:14","date_gmt":"2026-03-06T11:24:14","guid":{"rendered":"https:\/\/www.herbadiberna.ch\/?post_type=product&#038;p=80330"},"modified":"2026-04-16T13:07:47","modified_gmt":"2026-04-16T12:07:47","slug":"vaporizzatore-arizer-argo-kopie","status":"publish","type":"product","link":"https:\/\/www.herbadiberna.ch\/it\/prodotto\/vaporizzatore-arizer-argo-kopie\/","title":{"rendered":"Capsule dosatrici Pax Bud Kups"},"content":{"rendered":"<div class=\"flex max-w-full flex-col flex-grow\">\n<div class=\"min-h-8 text-message flex w-full flex-col items-end gap-2 whitespace-normal break-words text-start [.text-message+&amp;]:mt-5\" dir=\"auto\">\n<div class=\"flex w-full flex-col gap-1 empty:hidden first:pt-[3px]\">\n<div class=\"markdown prose w-full break-words dark:prose-invert light\">\n<h2><strong>Comprare le capsule dosatrici PAX Bud Kups - Per sessioni pulite<\/strong><\/h2>\n<p><strong>Acquisti<\/strong> le <strong>capsule di dosaggio PAX Bud Kups<\/strong> e porti il potenziale del suo vaporizzatore PAX ad un livello superiore. Queste pratiche capsule di dosaggio le offrono un modo elegante e assolutamente pulito di preparare i suoi fiori CBD e di averli sempre a portata di mano. Se organizza la sua configurazione in modo cos\u00ec intelligente per il viaggio, ha trovato l&#8217;alternativa migliore e pi\u00f9 duratura a qualsiasi vaporizzatore di THC convenzionale.  <\/p>\n<h2><strong>Le capsule dosatrici PAX Bud Kups per una preparazione perfetta<\/strong><\/h2>\n<p>Con Bud Kups, \u00e8 perfettamente equipaggiato per qualsiasi escursione o viaggio pi\u00f9 lungo. Ci\u00f2 significa che non dovr\u00e0 pi\u00f9 riempire la camera in modo complicato quando \u00e8 in giro per il vento. Basta inserire la capsula preparata nella camera di riscaldamento del suo vaporizzatore premium e godersi subito il sapore pieno.  <\/p>\n<h2><strong>Perch\u00e9 dovrebbe acquistare le capsule dosatrici PAX Bud Kups<\/strong><\/h2>\n<p>Le capsule sono realizzate in materiale di alta qualit\u00e0, sicuro per gli alimenti, che conduce in modo ottimale il calore. Questo assicura che i suoi fiori di CBD vengano estratti in modo estremamente uniforme. Allo stesso tempo, l&#8217;inserto protegge la camera di riscaldamento vera e propria del suo dispositivo dallo sporco ostinato, risparmiando cos\u00ec un sacco di fatica per la pulizia a lungo termine.  <\/p>\n<h2><strong>Manipolazione facile e pulizia rapida<\/strong><\/h2>\n<p>Grazie al design su misura, le capsule possono essere sostituite in un attimo. Anche la manutenzione \u00e8 un gioco da ragazzi: Dopo la sessione, pu\u00f2 semplicemente svuotare le Bud Kup e pulirle facilmente, se necessario. In questo modo il suo vaporizzatore rimane sempre in ottime condizioni - ideale per uno stile di vita attivo.  <\/p>\n<h2><strong>Tutti i vantaggi in sintesi<\/strong><\/h2>\n<ul>\n<li><strong>Massima efficienza:<\/strong> cambio rapido e pulito delle capsule di dosaggio in movimento.<\/li>\n<li><strong>Materiale superiore:<\/strong> durevole, resistente al calore e dal sapore assolutamente neutro.<\/li>\n<li><strong>Forno pulito:<\/strong> protegge la camera di riscaldamento del suo vaporizzatore dalla contaminazione.<\/li>\n<li><strong>Preparazione perfetta:<\/strong> riempire comodamente a casa e rimanere flessibili.<\/li>\n<\/ul>\n<h2><strong>Dettagli tecnici delle capsule dosatrici PAX Bud Kups<\/strong><\/h2>\n<ul>\n<li><strong>Prodotto:<\/strong> Capsule dosatrici PAX Bud Kups<\/li>\n<li><strong>Compatibilit\u00e0:<\/strong> su misura per i vaporizzatori PAX (modelli 2, 3, Plus &amp; Mini)<\/li>\n<li><strong>Applicazione:<\/strong> Ideale per il pre-dosaggio dei fiori di CBD<\/li>\n<li><strong>Propriet\u00e0:<\/strong> riutilizzabile e facile da pulire<\/li>\n<\/ul>\n<h2><strong>Domande frequenti (FAQ) sulle capsule dosatrici PAX Bud Kups<\/strong><\/h2>\n<p><strong>Perch\u00e9 le capsule di dosaggio sono ideali per i fiori di CBD?<\/strong><br \/>\nCon le capsule pre-riempite, pu\u00f2 comodamente dosare la quantit\u00e0 perfetta di fiori di CBD a casa e premerle facilmente. Questo le fa risparmiare un&#8217;enorme quantit\u00e0 di tempo durante il viaggio e garantisce anche che la camera di riscaldamento del suo vaporizzatore PAX rimanga sempre igienicamente pulita. <\/p>\n<p><strong>Qual \u00e8 il modo migliore per pulire i Bud Kup dopo l&#8217;uso?<\/strong><br \/>\nLa pulizia \u00e8 estremamente semplice. Dopo aver estratto i fiori usati, pu\u00f2 semplicemente immergere le capsule in un po&#8217; di alcol isopropilico o pulirle con un cotton fioc imbevuto di alcol. Quindi risciacqui brevemente con acqua pulita, lasci asciugare e saranno di nuovo come nuove.  <\/p>\n<h2><strong>Acquisti ora le capsule dosatrici PAX Bud Kups e rimanga flessibile.<\/strong><\/h2>\n<p>Rende le sue sessioni ancora pi\u00f9 facili e mantiene pulita la sua preziosa attrezzatura. Ordini subito queste capsule di dosaggio di prima classe online da Herba di Berna - il suo esperto svizzero per vaporizzatori di alta qualit\u00e0 e accessori personalizzati. <\/p>\n<h2><strong>Scopra la coltivazione, le talee e gli accessori per vaporizzatori<\/strong><\/h2>\n<p>\u27a1\ufe0f Tutto per il suo progetto di coltivazione: <a href=\"https:\/\/www.herbadiberna.ch\/it\/coltivazione-del-cbd\/\">Grow Shop<\/a><br \/>\n\u27a1\ufe0f Genetica di alta qualit\u00e0 per il suo giardino: <a href=\"https:\/\/www.herbadiberna.ch\/it\/talee\/\">talee CBD<\/a><br \/>\n\u27a1\ufe0f Ottimizzi il suo dispositivo con attrezzature aggiuntive:    <a href=\"https:\/\/www.herbadiberna.ch\/it\/accessori-cbd\/\">Accessori CBD<\/a><\/p>\n<\/div>\n<\/div>\n<\/div>\n<\/div>\n","protected":false},"excerpt":{"rendered":"<p>Massimizzi il potenziale del suo vaporizzatore PAX. Le pratiche capsule di dosaggio PAX Bud Kups le offrono un modo pulito e veloce per pre-dosare i suoi fiori di CBD.  Il complemento perfetto per i viaggi e l&#8217;alternativa intelligente agli accessori usa e getta per la svapata di THC.  <strong>Consegna rapida in 1-3 giorni \u2713 Spese di spedizione gratuite a partire da CHF 80 \u2713<\/strong><\/p>\n","protected":false},"featured_media":80336,"comment_status":"open","ping_status":"closed","template":"","meta":{"inline_featured_image":false},"product_brand":[],"product_cat":[1149],"product_tag":[1386],"class_list":{"0":"post-80330","1":"product","2":"type-product","3":"status-publish","4":"has-post-thumbnail","6":"product_cat-ricambi-per-vape","7":"product_tag-nuovo-it","8":"pif-has-gallery","10":"first","11":"instock","12":"taxable","13":"shipping-taxable","14":"purchasable","15":"product-type-simple"},"_links":{"self":[{"href":"https:\/\/www.herbadiberna.ch\/it\/wp-json\/wp\/v2\/product\/80330","targetHints":{"allow":["GET"]}}],"collection":[{"href":"https:\/\/www.herbadiberna.ch\/it\/wp-json\/wp\/v2\/product"}],"about":[{"href":"https:\/\/www.herbadiberna.ch\/it\/wp-json\/wp\/v2\/types\/product"}],"replies":[{"embeddable":true,"href":"https:\/\/www.herbadiberna.ch\/it\/wp-json\/wp\/v2\/comments?post=80330"}],"wp:featuredmedia":[{"embeddable":true,"href":"https:\/\/www.herbadiberna.ch\/it\/wp-json\/wp\/v2\/media\/80336"}],"wp:attachment":[{"href":"https:\/\/www.herbadiberna.ch\/it\/wp-json\/wp\/v2\/media?parent=80330"}],"wp:term":[{"taxonomy":"product_brand","embeddable":true,"href":"https:\/\/www.herbadiberna.ch\/it\/wp-json\/wp\/v2\/product_brand?post=80330"},{"taxonomy":"product_cat","embeddable":true,"href":"https:\/\/www.herbadiberna.ch\/it\/wp-json\/wp\/v2\/product_cat?post=80330"},{"taxonomy":"product_tag","embeddable":true,"href":"https:\/\/www.herbadiberna.ch\/it\/wp-json\/wp\/v2\/product_tag?post=80330"}],"curies":[{"name":"wp","href":"https:\/\/api.w.org\/{rel}","templated":true}]}}