{"id":80301,"date":"2026-03-06T11:31:59","date_gmt":"2026-03-06T10:31:59","guid":{"rendered":"https:\/\/www.herbadiberna.ch\/?post_type=product&#038;p=80301"},"modified":"2026-04-19T15:02:21","modified_gmt":"2026-04-19T14:02:21","slug":"vaporizzatore-pax-mini-2-kopie","status":"publish","type":"product","link":"https:\/\/www.herbadiberna.ch\/it\/prodotto\/vaporizzatore-pax-mini-2-kopie\/","title":{"rendered":"Vaporizzatore Arizer ArGo"},"content":{"rendered":"<div class=\"flex max-w-full flex-col flex-grow\">\n<div class=\"min-h-8 text-message flex w-full flex-col items-end gap-2 whitespace-normal break-words text-start [.text-message+&amp;]:mt-5\" dir=\"auto\">\n<div class=\"flex w-full flex-col gap-1 empty:hidden first:pt-[3px]\">\n<div class=\"markdown prose w-full break-words dark:prose-invert light\">\n<h2><strong>Acquistare Arizer ArGo - Il compagno perfetto per viaggiare<\/strong><\/h2>\n<p><strong>Acquisti Arizer ArGo<\/strong> e sperimenti una mobilit\u00e0 illimitata. Questo \u00e8 il pi\u00f9 piccolo vaporizzatore di Arizer fino ad oggi. Con il suo formato minuscolo, il peso estremamente ridotto e l&#8217;elevata discrezione, questo modello \u00e8 perfetto per l&#8217;uso quotidiano. Chiunque sia alla ricerca di un compagno maneggevole trover\u00e0 un&#8217;alternativa sostenibile e di alta qualit\u00e0 a qualsiasi vaporizzatore THC convenzionale o dispositivo usa e getta.   <\/p>\n<h2><strong>Comprare Arizer ArGo <\/strong><strong>Massima discrezione in un design ultracompatto <\/strong> <\/h2>\n<p>Una grande caratteristica di questo dispositivo \u00e8 che, nonostante le sue dimensioni ridotte, sono state incorporate tutte le caratteristiche di punta dei grandi modelli Arizer. Non dovr\u00e0 fare a meno di nulla con questa centrale elettrica: <\/p>\n<ul>\n<li><strong>Avvio rapido:<\/strong> il tempo di riscaldamento dei suoi fiori CBD \u00e8 inferiore a un minuto.<\/li>\n<li><strong>Gusto puro:<\/strong> il tipico bocchino in vetro di alta qualit\u00e0 di Arizer garantisce un gusto puro.<\/li>\n<li><strong>Tecnologia top:<\/strong> la collaudata tecnologia di riscaldamento ibrido garantisce un&#8217;estrazione uniforme senza combustione.<\/li>\n<\/ul>\n<h2><strong>Perch\u00e9 ordinare Arizer Go online? Batteria sostituibile! <\/strong><\/h2>\n<p>Un enorme vantaggio di questo modello \u00e8 l&#8217;alimentazione. ArGo \u00e8 alimentato da una batteria 18650 sostituibile. Ci\u00f2 significa che se \u00e8 in viaggio, pu\u00f2 semplicemente inserire una batteria di ricambio carica e continuare a svapare senza problemi. Il dispositivo si ricarica facilmente tramite USB e, grazie all&#8217;intelligente funzione pass-through, pu\u00f2 essere utilizzato anche durante la ricarica.   <\/p>\n<h2><strong>Acquisti Arizer ArGo e ottenga<\/strong><strong>o il controllo completo della temperatura<\/strong><\/h2>\n<p>Questo modello le offre un controllo completo sulle sue sessioni. La temperatura pu\u00f2 essere impostata con precisione tra 50 \u00b0C e 220 \u00b0C, per estrarre perfettamente i terpeni dai suoi fiori di CBD. Pu\u00f2 anche personalizzare completamente l&#8217;esperienza: Il vaporizzatore le permette di regolare la luminosit\u00e0 dello schermo, il volume dei toni di segnale e le funzioni intelligenti come il ritardo di accensione e il timer di spegnimento in base alle sue preferenze. In questo modo risparmia energia preziosa!   <\/p>\n<h2><strong>Qualit\u00e0 e portata della consegna del suo nuovo vaporizzatore<\/strong><\/h2>\n<p>Questo vaporizzatore proviene da un produttore molto rispettato, noto in tutto il settore per i suoi prodotti durevoli realizzati con materiali di altissima qualit\u00e0. L&#8217;acquisto significa l&#8217;acquisizione di un prodotto di qualit\u00e0 autentica (con una garanzia di due anni) che produrr\u00e0 nuvole di vapore impressionanti per gli anni a venire. <\/p>\n<p><strong>L&#8217;ambito della consegna comprende:<\/strong><\/p>\n<ul>\n<li>1 \u00d7 Vaporizzatore portatile Arizer ArGo<\/li>\n<li>1 \u00d7 batteria ArGo (18650)<\/li>\n<li>1 \u00d7 caricatore USB \/ adattatore di rete<\/li>\n<li>2 \u00d7 boccaglio in vetro per aromi e 2 \u00d7 tappi per boccaglio in silicone<\/li>\n<li>1 \u00d7 custodia da cintura con clip per un trasporto sicuro<\/li>\n<li>1 \u00d7 strumento di agitazione in acciaio inox &amp; 4 \u00d7 setacci filtranti in acciaio inox<\/li>\n<li>1 \u00d7 istruzioni per l&#8217;uso<\/li>\n<\/ul>\n<div style=\"background-color: #f8f9fa; border-left: 4px solid #d9534f; padding: 15px; margin-top: 20px; margin-bottom: 20px;\">\n<h3><strong>\u26a0\ufe0f Nota importante sulla cura della batteria<\/strong><\/h3>\n<p><strong>Utilizzi il dispositivo solo con caricatori che forniscono <a href=\"https:\/\/www.herbadiberna.ch\/it\/produkt\/batteria-efest-imr-18650-3000mah-35a-kopie\/\">una corrente di carica massima di 1A<\/a>. I caricabatterie veloci con correnti pi\u00f9 elevate possono danneggiare la batteria a lungo termine e ridurre la durata del vaporizzatore.<\/strong><\/p>\n<\/div>\n<h2><strong>Domande frequenti (FAQ) sulla compact vape<\/strong><\/h2>\n<p><strong>Perch\u00e9 ArGo \u00e8 cos\u00ec adatto all&#8217;estrazione dei fiori di CBD?<\/strong><br \/>\nGrazie alla combinazione di un preciso controllo della temperatura (da 50 \u00b0C a 220 \u00b0C) e della tecnologia di riscaldamento ibrida, i fiori di CBD vengono riscaldati in modo estremamente delicato e senza bruciare. Il bocchino in vetro puro assicura inoltre che il vapore rimanga assolutamente neutro nel gusto e che lei possa godere del profilo terpenico completo. <\/p>\n<p><strong>Quali vantaggi offre la batteria sostituibile <a href=\"https:\/\/www.herbadiberna.ch\/it\/produkt\/batteria-efest-imr-18650-3000mah-35a\/\">Efest 18650<\/a>?<\/strong><br \/>\nCon una batteria sostituibile, non dipende pi\u00f9 dalle prese di corrente e non deve fare pause forzate. Se la batteria \u00e8 scarica, pu\u00f2 semplicemente sostituirla con una piena in pochi secondi e continuare immediatamente la sua sessione senza interruzioni. <\/p>\n<h2><strong>Ordini subito direttamente online e si goda il piacere illimitato.<\/strong><\/h2>\n<p>Ottiene la centrale elettrica pi\u00f9 compatta del settore. Con il suo acquisto, investe nella massima portabilit\u00e0, nell&#8217;assoluta discrezione e in un aroma di prima classe, grazie ai componenti in vetro di alta qualit\u00e0.<br \/>\nOrdini ora da Herba di Berna - il suo esperto svizzero di vaporizzatori di alta qualit\u00e0! <\/p>\n<h2><strong>Scopra la coltivazione, le talee e altri vapes.<\/strong><\/h2>\n<p>\u27a1\ufe0f Tutto per il suo progetto di coltivazione: <a href=\"https:\/\/www.herbadiberna.ch\/it\/coltivazione-del-cbd\/\">Grow Shop<\/a><br \/>\n\u27a1\ufe0f Genetiche di alta qualit\u00e0 per il suo giardino: <a href=\"https:\/\/www.herbadiberna.ch\/it\/talee\/\">talee CBD<\/a><br \/>\n\u27a1\ufe0f Scopra la nostra gamma completa di attrezzature:    <a href=\"https:\/\/www.herbadiberna.ch\/it\/talee\/\">Acquistare un vaporizzatore<\/a><\/p>\n<\/div>\n<\/div>\n<\/div>\n<\/div>\n","protected":false},"excerpt":{"rendered":"<p>Il compagno perfetto per i viaggi! Il vaporizzatore ultra-compatto Arizer ArGo offre una discrezione di prima classe, una batteria 18650 sostituibile e il leggendario bocchino in vetro per i suoi fiori CBD. \u00c8 l&#8217;alternativa intelligente e durevole a qualsiasi vaporizzatore di THC usa e getta.    <strong>Consegna rapida in 1-3 giorni \u2713 Spese di spedizione gratuite a partire da CHF 80 \u2713<\/strong><\/p>\n","protected":false},"featured_media":80325,"comment_status":"open","ping_status":"closed","template":"","meta":{"inline_featured_image":false},"product_brand":[],"product_cat":[379],"product_tag":[1386],"class_list":{"0":"post-80301","1":"product","2":"type-product","3":"status-publish","4":"has-post-thumbnail","6":"product_cat-vaporizzatori","7":"product_tag-nuovo-it","8":"pif-has-gallery","10":"first","11":"instock","12":"taxable","13":"shipping-taxable","14":"purchasable","15":"product-type-simple"},"_links":{"self":[{"href":"https:\/\/www.herbadiberna.ch\/it\/wp-json\/wp\/v2\/product\/80301","targetHints":{"allow":["GET"]}}],"collection":[{"href":"https:\/\/www.herbadiberna.ch\/it\/wp-json\/wp\/v2\/product"}],"about":[{"href":"https:\/\/www.herbadiberna.ch\/it\/wp-json\/wp\/v2\/types\/product"}],"replies":[{"embeddable":true,"href":"https:\/\/www.herbadiberna.ch\/it\/wp-json\/wp\/v2\/comments?post=80301"}],"wp:featuredmedia":[{"embeddable":true,"href":"https:\/\/www.herbadiberna.ch\/it\/wp-json\/wp\/v2\/media\/80325"}],"wp:attachment":[{"href":"https:\/\/www.herbadiberna.ch\/it\/wp-json\/wp\/v2\/media?parent=80301"}],"wp:term":[{"taxonomy":"product_brand","embeddable":true,"href":"https:\/\/www.herbadiberna.ch\/it\/wp-json\/wp\/v2\/product_brand?post=80301"},{"taxonomy":"product_cat","embeddable":true,"href":"https:\/\/www.herbadiberna.ch\/it\/wp-json\/wp\/v2\/product_cat?post=80301"},{"taxonomy":"product_tag","embeddable":true,"href":"https:\/\/www.herbadiberna.ch\/it\/wp-json\/wp\/v2\/product_tag?post=80301"}],"curies":[{"name":"wp","href":"https:\/\/api.w.org\/{rel}","templated":true}]}}