{"id":80267,"date":"2026-03-05T16:23:03","date_gmt":"2026-03-05T15:23:03","guid":{"rendered":"https:\/\/www.herbadiberna.ch\/?post_type=product&#038;p=80267"},"modified":"2026-03-06T11:31:39","modified_gmt":"2026-03-06T10:31:39","slug":"vaporizzatore-arizer-air-se-kopie-2","status":"publish","type":"product","link":"https:\/\/www.herbadiberna.ch\/it\/prodotto\/vaporizzatore-arizer-air-se-kopie-2\/","title":{"rendered":"Vaporizzatore PAX Mini 2"},"content":{"rendered":"<div class=\"flex max-w-full flex-col flex-grow\">\n<div class=\"min-h-8 text-message flex w-full flex-col items-end gap-2 whitespace-normal break-words text-start [.text-message+&amp;]:mt-5\" dir=\"auto\">\n<div class=\"flex w-full flex-col gap-1 empty:hidden first:pt-[3px]\">\n<div class=\"markdown prose w-full break-words dark:prose-invert light\">\n<h2><strong>Acquisti PAX Mini 2 - La centrale elettrica compatta e premium<\/strong><\/h2>\n<p><strong>Acquisti<\/strong> il <strong>PAX Mini 2<\/strong> e si goda le prestazioni iconiche della serie nel formato pi\u00f9 piccolo. Pronto all&#8217;uso in pochi semplici passi, questo dispositivo \u00e8 leggero, sta in qualsiasi tasca e offre la massima qualit\u00e0 in un design minimalista in alluminio anodizzato. Chi \u00e8 alla ricerca di un compagno discreto trover\u00e0 un&#8217;alternativa intelligente e durevole a qualsiasi vape THC convenzionale.  <\/p>\n<h2><strong>Camera e prestazioni ottimizzate nel nuovo vaporizzatore<\/strong><\/h2>\n<p>Nonostante le dimensioni compatte, il dispositivo colpisce per la camera di riscaldamento allargata, che consente sessioni pi\u00f9 lunghe con i suoi fiori CBD.<\/p>\n<ul>\n<li><strong>Avvio rapido:<\/strong> il Mini 2 \u00e8 pronto in circa 22 secondi ed eroga un vapore aromatico e denso in modo costante.<\/li>\n<li><strong>Riscaldamento uniforme:<\/strong> la distribuzione brevettata e uniforme del calore (conduzione) assicura che il suo materiale venga vaporizzato in modo efficiente e delicato - senza alcuna combustione.<\/li>\n<\/ul>\n<h2><strong>Perch\u00e9 ordinare il PAX Mini 2 online? Funzionamento intuitivo! <\/strong><\/h2>\n<p>Basta premere un pulsante: Accendere, riscaldare, iniziare a vaporizzare. L&#8217;intelligente display floreale a LED la informa in modo intuitivo sullo stato del dispositivo e sul livello della batteria. Questo \u00e8 ideale per i principianti e i puristi che non vogliono menu complicati. Il dispositivo offre anche quattro modalit\u00e0 di riscaldamento codificate per colore:   <\/p>\n<ul>\n<li><strong>Viola (modalit\u00e0 1):<\/strong> Vapore fine e saporito a bassa temperatura.<\/li>\n<li><strong>Verde (modalit\u00e0 2):<\/strong> Per sessioni pi\u00f9 lunghe e consumo di materiale economico.<\/li>\n<li><strong>Giallo (modalit\u00e0 3):<\/strong> Vapore forte e intenso.<\/li>\n<li><strong>Arancione (modalit\u00e0 4):<\/strong> Nuvole dense e sapore massimo.<\/li>\n<\/ul>\n<h2><strong>Pulizia e batteria del suo vape compatto<\/strong><\/h2>\n<p>Il PAX Mini 2 pu\u00f2 essere pulito in modo estremamente rapido grazie al coperchio del forno rimovibile e al condotto d&#8217;aria diretto. Con la spazzola inclusa, pu\u00f2 rimuovere i residui in pochissimo tempo. La batteria dura fino a 2 ore di funzionamento continuo e torna al 100 % in meno di 40 minuti, grazie alla ricarica rapida USB-C. Il dispositivo dispone anche di una funzione di spegnimento automatico (auto shut-off) quando \u00e8 inattivo.   <\/p>\n<h2><strong>Tutti i vantaggi in sintesi<\/strong><\/h2>\n<ul>\n<li><strong>Massima mobilit\u00e0:<\/strong> il vaporizzatore PAX pi\u00f9 piccolo della serie, con un alloggiamento in alluminio.<\/li>\n<li><strong>Tecnologia top:<\/strong> riscaldamento uniforme per un riscaldamento omogeneo senza bruciature.<\/li>\n<li><strong>Controllo completo:<\/strong> quattro modalit\u00e0 di riscaldamento intelligenti con indicatore floreale a LED.<\/li>\n<li><strong>Batteria potente:<\/strong> fino a 2 ore di autonomia e ricarica rapida tramite USB-C.<\/li>\n<li><strong>Garanzia:<\/strong> 2 anni standard (+ 2 anni extra alla registrazione).<\/li>\n<\/ul>\n<h2><strong>Ambito di consegna quando acquista il PAX Mini 2<\/strong><\/h2>\n<ul>\n<li>1 \u00d7 Vaporizzatore PAX Mini 2<\/li>\n<li>2 \u00d7 bocchini (piatti e rialzati)<\/li>\n<li>1 \u00d7 coperchio del forno (adatto per fiori, cera ed estratti CBD)<\/li>\n<li>3 \u00d7 setacci di ricambio e 1 \u00d7 multiutensile<\/li>\n<li>1 \u00d7 Cavo di ricarica USB-C e spazzola di pulizia<\/li>\n<li>1 \u00d7 manuale d&#8217;uso<\/li>\n<\/ul>\n<div style=\"background-color: #f8f9fa; border-left: 4px solid #d9534f; padding: 15px; margin-top: 20px; margin-bottom: 20px;\">\n<h3><strong>\u26a0\ufe0f Nota importante sulla cura della batteria<\/strong><\/h3>\n<p><strong>Utilizzi il dispositivo solo con caricatori che forniscono <a href=\"https:\/\/www.herbadiberna.ch\/it\/produkt\/batteria-efest-imr-18650-3000mah-35a-kopie\/\">una corrente di carica massima di 1A<\/a>. I caricabatterie veloci con correnti pi\u00f9 elevate possono danneggiare la batteria a lungo termine e ridurre la durata del vaporizzatore.<\/strong><\/p>\n<\/div>\n<h2><strong>Domande frequenti (FAQ) sul compatto PAX Mini 2<\/strong><\/h2>\n<p><strong>Perch\u00e9 la tecnologia di riscaldamento uniforme \u00e8 ideale per i fiori di CBD?<\/strong><br \/>\nLa tecnologia brevettata Even Heating assicura una distribuzione del calore assolutamente uniforme nella camera. Di conseguenza, i fiori di CBD vengono estratti in modo delicato ed efficiente, senza creare punti caldi o bruciare il materiale. Questo le garantisce il sapore pi\u00f9 puro e naturale ad ogni boccata.  <\/p>\n<p><strong>Qual \u00e8 il modo migliore per pulire l&#8217;apparecchio dopo l&#8217;ordine?<\/strong><br \/>\nLa manutenzione \u00e8 estremamente semplice grazie al coperchio del forno rimovibile e al canale d&#8217;aria diretto. \u00c8 sufficiente utilizzare la spazzola di pulizia in dotazione e un po&#8217; di alcol isopropilico per pulire regolarmente il percorso dell&#8217;aria e la camera per garantire prestazioni e sapore ottimali in ogni momento. <\/p>\n<h2><strong>Acquisti PAX Mini 2 ora e inizi subito a svapare.<\/strong><\/h2>\n<p>Questo modello combina prestazioni, semplicit\u00e0 e design in un equilibrio perfetto. Con il suo tempo di riscaldamento rapido e il funzionamento intuitivo, \u00e8 il compagno perfetto per l&#8217;uso quotidiano.<br \/>\nOrdini ora il suo nuovo vaporizzatore di qualit\u00e0 superiore su Herba di Berna! <\/p>\n<h2><strong>Scopra altri vaporizzatori e accessori<\/strong><\/h2>\n<p>\u27a1\ufe0f I sapori pi\u00f9 gustosi per il suo PAX: <a href=\"https:\/\/www.herbadiberna.ch\/it\/fiori-di-cbd\/\">fiori di CBD<\/a><br \/>\n\u27a1\ufe0f Riempia la sua camera al miglior prezzo: <a href=\"https:\/\/www.herbadiberna.ch\/it\/trim-it\/\">acquisti CBD Trim<\/a><br \/>\n\u27a1\ufe0f Potente integratore per le estrazioni:    <a href=\"https:\/\/www.herbadiberna.ch\/it\/cbd-hashish\/\">CBD hashish<\/a><\/p>\n<\/div>\n<\/div>\n<\/div>\n<\/div>\n","protected":false},"excerpt":{"rendered":"<p>Compatto, intelligente ed estremamente potente. Il PAX Mini 2 porta le sue comprovate prestazioni premium nel formato pi\u00f9 piccolo. Con una camera allargata e un tempo di riscaldamento fulmineo, \u00e8 l&#8217;alternativa perfetta e sostenibile al THC vape usa e getta per i suoi fiori CBD.    <strong>Consegna rapida in 1-3 giorni \u2713 Spese di spedizione gratuite a partire da CHF 80 \u2713<\/strong><\/p>\n","protected":false},"featured_media":80284,"comment_status":"open","ping_status":"closed","template":"","meta":{"inline_featured_image":false},"product_brand":[],"product_cat":[379],"product_tag":[1386],"class_list":{"0":"post-80267","1":"product","2":"type-product","3":"status-publish","4":"has-post-thumbnail","6":"product_cat-vaporizzatori","7":"product_tag-nuovo-it","8":"pif-has-gallery","10":"first","11":"instock","12":"taxable","13":"shipping-taxable","14":"purchasable","15":"product-type-simple"},"_links":{"self":[{"href":"https:\/\/www.herbadiberna.ch\/it\/wp-json\/wp\/v2\/product\/80267","targetHints":{"allow":["GET"]}}],"collection":[{"href":"https:\/\/www.herbadiberna.ch\/it\/wp-json\/wp\/v2\/product"}],"about":[{"href":"https:\/\/www.herbadiberna.ch\/it\/wp-json\/wp\/v2\/types\/product"}],"replies":[{"embeddable":true,"href":"https:\/\/www.herbadiberna.ch\/it\/wp-json\/wp\/v2\/comments?post=80267"}],"wp:featuredmedia":[{"embeddable":true,"href":"https:\/\/www.herbadiberna.ch\/it\/wp-json\/wp\/v2\/media\/80284"}],"wp:attachment":[{"href":"https:\/\/www.herbadiberna.ch\/it\/wp-json\/wp\/v2\/media?parent=80267"}],"wp:term":[{"taxonomy":"product_brand","embeddable":true,"href":"https:\/\/www.herbadiberna.ch\/it\/wp-json\/wp\/v2\/product_brand?post=80267"},{"taxonomy":"product_cat","embeddable":true,"href":"https:\/\/www.herbadiberna.ch\/it\/wp-json\/wp\/v2\/product_cat?post=80267"},{"taxonomy":"product_tag","embeddable":true,"href":"https:\/\/www.herbadiberna.ch\/it\/wp-json\/wp\/v2\/product_tag?post=80267"}],"curies":[{"name":"wp","href":"https:\/\/api.w.org\/{rel}","templated":true}]}}