{"id":79764,"date":"2026-02-24T15:12:08","date_gmt":"2026-02-24T14:12:08","guid":{"rendered":"https:\/\/www.herbadiberna.ch\/?post_type=product&#038;p=79764"},"modified":"2026-04-17T15:50:57","modified_gmt":"2026-04-17T14:50:57","slug":"pacchetto-cbd-trim-vape-avviamento-pax-plus","status":"publish","type":"product","link":"https:\/\/www.herbadiberna.ch\/it\/prodotto\/pacchetto-cbd-trim-vape-avviamento-pax-plus\/","title":{"rendered":"Pacchetto CBD Trim &amp; Vape - Avviamento Pax Plus"},"content":{"rendered":"<h2><strong>Pacchetto CBD Trim &amp; Vape - Starter Pax Plus - Pronto per svapare e risparmiare<\/strong><\/h2>\n<p><strong>CBD Trim &amp; Vape Bundle - Acquisti Pax Plus Starter<\/strong> e si goda la libert\u00e0! Perch\u00e9 complicare le cose quando pu\u00f2 renderle facili? Con questo set a <strong>soli 229 franchi<\/strong> (invece di 249 franchi), pu\u00f2 iniziare subito. La cosa migliore \u00e8 che risparmia ben 20 franchi, l&#8217;equivalente di <strong>una confezione gratuita di trim!<\/strong>   <\/p>\n<p>Questo pacchetto \u00e8 <strong>pronto per lo svapo<\/strong> al 100%. Il nostro assetto ha gi\u00e0 la consistenza perfetta per il Pax Plus. Per lei, questo significa: <strong>niente macinino, niente dita appiccicose, niente sforzi.<\/strong> Basta riempire la camera di riscaldamento, accenderla e godersela.  <\/p>\n<h2><strong>Il contenuto: Il suo pacchetto spensierato<\/strong><\/h2>\n<p>Abbiamo messo insieme il mix perfetto per lei, in modo che possa scoprire tutta la diversit\u00e0 del mondo del CBD - senza alcuna preparazione:Fda<\/p>\n<ul>\n<li><strong>1x Vaporizzatore Pax Plus:<\/strong> il dispositivo di fascia alta per un piacere discreto. Intelligente, potente e ama le nostre finiture pregiate. <\/li>\n<li><strong>Outdoor - <a href=\"https:\/\/www.herbadiberna.ch\/it\/produkt\/trim-mix-per-esterni-35g-lime-sweet\/\">ACDC Berry<\/a> (Vape Ready):<\/strong> Il &#8220;sincero&#8221;. La dolcezza dei frutti di bosco incontra la freschezza del limone. Perfettamente frantumato per una testa veloce nel mezzo.  <\/li>\n<li><strong>Serra - <a href=\"https:\/\/www.herbadiberna.ch\/it\/produkt\/miscela-trim-serra-30g\/\">Plutonium Cannatonic<\/a> (Vape Ready):<\/strong> Il &#8220;fruttato&#8221;. Sensazione caraibica dall&#8217;Oberland bernese. Terreno vibrante, sapore vibrante.  <\/li>\n<li><strong>Indoor - <a href=\"https:\/\/www.herbadiberna.ch\/it\/produkt\/mix-di-finiture-per-interni\/\">Bubblegum Harlequin<\/a> (Vape Ready):<\/strong> Il &#8220;dolce&#8221;. Ha il sapore di Huba Bubba ed \u00e8 estremamente resinoso. Qualit\u00e0 di lusso, pronta per essere svapata.  <\/li>\n<\/ul>\n<h2><strong>Perch\u00e9 acquistare questo pacchetto? Perch\u00e9 le semplifica la vita. <\/strong><\/h2>\n<p>Dimentichi il noioso taglio dei fiori. <strong>Acquistare<\/strong> lo <strong>Starter Bundle Pax Plus<\/strong> significa scegliere la convenienza. Il nostro assetto (assetto di alta qualit\u00e0 di piccoli fiori e foglie resinose) ha la superficie fisica ideale per i vaporizzatori a conduzione come il Pax. I principi attivi si dissolvono in modo uniforme ed efficiente.   <\/p>\n<p>E il prezzo? Imbattibile. Per <strong>229 franchi svizzeri<\/strong>, riceve un hardware di prim&#8217;ordine e un&#8217;enorme scorta di tre gusti diversi. Non \u00e8 mai stato cos\u00ec facile (ed economico) passare a un vaping pi\u00f9 sano.   <\/p>\n<h2><strong>Esperienza del cliente: Non potrebbe essere pi\u00f9 semplice<\/strong><\/h2>\n<p>&#8220;Disimballare, riempire, svapare&#8221;. - \u00e8 il modo in cui i clienti descrivono l&#8217;esperienza. I principianti, in particolare, celebrano il fatto di non aver bisogno di un macinino. La combinazione tra il Pax Plus &#8220;a prova di bomba&#8221; e l&#8217;assetto gi\u00e0 sminuzzato abbassa enormemente la soglia di inibizione. Anche i vapers pi\u00f9 esperti apprezzano il set come soluzione semplice per i viaggi.<\/p>\n<h2><strong>Prenda subito il suo bundle &amp; 1x Trim gratis!<\/strong><\/h2>\n<p><strong>Faccia in modo che sia facile per lei!<\/strong> Ordini subito il <strong>CBD Trim &amp; Vape Bundle<\/strong> ad un prezzo speciale. Nessuna macinazione, puro divertimento e risparmio di denaro. Pronto a svapare?  <\/p>\n<h2><strong>Scopra di pi\u00f9: Tutto per il suo piacere di svapare<\/strong><\/h2>\n<p>\u27a1\ufe0f Integri il suo set con altri <a href=\"https:\/\/www.herbadiberna.ch\/it\/fiori-di-cbd\/\">fiori di CBD<\/a> (nel caso in cui voglia macinare).<br \/>\n\u27a1\ufe0f Scopra i nostri <a href=\"https:\/\/www.herbadiberna.ch\/it\/accessori-cbd\/\">accessori per la pulizia<\/a> del suo Pax.<br \/>\n<a href=\"https:\/\/www.herbadiberna.ch\/it\/olio-di-cbd\/\">\u27a1\ufe0f Scoprire gli oli di CBD<\/a><\/p>\n","protected":false},"excerpt":{"rendered":"<p>Ottenga il Vaporizzatore Premium Pax Plus + 3 tipi di Trim CBD di altissima qualit\u00e0 (Outdoor, Greenhouse, Indoor). <b data-path-to-node=\"7,0\" data-index-in-node=\"143\">Vape Ready:<\/b> non \u00e8 necessario macinare - il Trim ha una consistenza perfetta. <b data-path-to-node=\"7,0\" data-index-in-node=\"213\">Offerta risparmio:<\/b> solo 229.- invece di 249.- (risparmia circa una confezione di trim!). Disimballare, riempire, iniziare a svapare. <\/p>\n","protected":false},"featured_media":79821,"comment_status":"closed","ping_status":"closed","template":"","meta":{"inline_featured_image":false},"product_brand":[],"product_cat":[348,379],"product_tag":[],"class_list":{"0":"post-79764","1":"product","2":"type-product","3":"status-publish","4":"has-post-thumbnail","6":"product_cat-fiori-di-cbd","7":"product_cat-vaporizzatori","8":"pif-has-gallery","10":"first","11":"instock","12":"taxable","13":"shipping-taxable","14":"purchasable","15":"product-type-variable","16":"rtwpvs-product"},"_links":{"self":[{"href":"https:\/\/www.herbadiberna.ch\/it\/wp-json\/wp\/v2\/product\/79764","targetHints":{"allow":["GET"]}}],"collection":[{"href":"https:\/\/www.herbadiberna.ch\/it\/wp-json\/wp\/v2\/product"}],"about":[{"href":"https:\/\/www.herbadiberna.ch\/it\/wp-json\/wp\/v2\/types\/product"}],"replies":[{"embeddable":true,"href":"https:\/\/www.herbadiberna.ch\/it\/wp-json\/wp\/v2\/comments?post=79764"}],"wp:featuredmedia":[{"embeddable":true,"href":"https:\/\/www.herbadiberna.ch\/it\/wp-json\/wp\/v2\/media\/79821"}],"wp:attachment":[{"href":"https:\/\/www.herbadiberna.ch\/it\/wp-json\/wp\/v2\/media?parent=79764"}],"wp:term":[{"taxonomy":"product_brand","embeddable":true,"href":"https:\/\/www.herbadiberna.ch\/it\/wp-json\/wp\/v2\/product_brand?post=79764"},{"taxonomy":"product_cat","embeddable":true,"href":"https:\/\/www.herbadiberna.ch\/it\/wp-json\/wp\/v2\/product_cat?post=79764"},{"taxonomy":"product_tag","embeddable":true,"href":"https:\/\/www.herbadiberna.ch\/it\/wp-json\/wp\/v2\/product_tag?post=79764"}],"curies":[{"name":"wp","href":"https:\/\/api.w.org\/{rel}","templated":true}]}}