{"id":77744,"date":"2026-01-09T17:39:09","date_gmt":"2026-01-09T16:39:09","guid":{"rendered":"https:\/\/www.herbadiberna.ch\/amnesia-lemon-haze-indoor-handtrim-20g\/"},"modified":"2026-03-05T15:05:27","modified_gmt":"2026-03-05T14:05:27","slug":"amnesia-lemon-haze-indoor-handtrim-20g","status":"publish","type":"product","link":"https:\/\/www.herbadiberna.ch\/it\/prodotto\/amnesia-lemon-haze-indoor-handtrim-20g\/","title":{"rendered":"Amnesia Lemon Haze Indoor Handtrim 20g"},"content":{"rendered":"<h2><strong>Amnesia Lemon Haze Trim - Variet\u00e0 saporita e massimo rendimento<\/strong><\/h2>\n<p>Se desidera <strong>acquistare un assetto CBD<\/strong> di alta qualit\u00e0, il nostro Amnesia Lemon Haze Handtrim \u00e8 un&#8217;assoluta esplosione di sapore in una forma particolarmente raffinata. Con un <strong>contenuto<\/strong> stabile <strong>di CBD fino al 16%<\/strong>, questo materiale vegetale aromatico colpisce per il suo chiaro e rinfrescante bouquet di lime e agrumi, delicatamente accompagnato da una dolce nota Haze. L&#8217;incrocio di prima classe tra Lemon Skunk e Amnesia Haze garantisce anche un&#8217;esperienza ricca di terpeni in una classe a s\u00e9 stante con questi residui di manicure ricchi di resina.  <\/p>\n<h2><strong>Caratteristiche del prodotto di Amnesia Lemon Haze, rifinito a mano<\/strong><\/h2>\n<ul>\n<li><strong>Piena potenza:<\/strong> fino al 14% di CBD per momenti di relax senza effetti intossicanti.<\/li>\n<li><strong>Profilo terpenico rinfrescante:<\/strong> un intenso mix di limone piccante e una base Haze classica e dolce.<\/li>\n<li><strong>Texture intelligente:<\/strong> finiture fini e ricche di resina, pronte all&#8217;uso immediatamente e senza sforzo.<\/li>\n<li><strong>Parentela di alta qualit\u00e0:<\/strong> la potenza aromatica concentrata di Lemon Skunk e Amnesia Haze.<\/li>\n<li><strong>Lavorazione delicata:<\/strong> accuratamente curata per preservare completamente il prezioso profilo dei tricomi nel materiale vegetale.<\/li>\n<\/ul>\n<h2><strong>Perch\u00e9 acquistare questo assetto CBD aromatizzato?<\/strong><\/h2>\n<p>Per gli intenditori attenti al prezzo e che apprezzano la massima efficienza, questa variet\u00e0 pregiata \u00e8 la scelta migliore in assoluto. Il taglio a mano proviene esattamente dalle stesse piante indoor di alta qualit\u00e0 delle grandi cime premium ed \u00e8 un sottoprodotto naturale del processo di coltivazione a mano. Di conseguenza, gli aromi e i cannabinoidi essenziali sono completamente conservati nelle foglie e nei resti dei fiori, il che \u00e8 facile per il portafoglio e offre comunque la massima qualit\u00e0.  <\/p>\n<h2><strong>Esperienza con Amnesia Lemon Haze CBD Trim<\/strong><\/h2>\n<p>I nostri clienti apprezzano particolarmente l&#8217;enorme versatilit\u00e0 e il sapore penetrante e fruttato di questa pregiata pianta. Spesso viene sottolineato il fatto che il profilo agrumato e piccante si sviluppa in modo eccellente anche in CBD Trim e il rapporto prezzo-prestazioni estremamente equo rende questo prodotto un compagno imbattibile per l&#8217;uso quotidiano. <\/p>\n<h2><strong>Ordini subito Amnesia Lemon Haze Trim e si diverta!<\/strong><\/h2>\n<p><strong>Ottieni l&#8217;alternativa pi\u00f9 produttiva da Herba di Berna!<\/strong>  Ordini subito il suo pregiato rub di canapa e approfitti dell&#8217;intenso sapore di limone con la massima efficienza economica e la disponibilit\u00e0 immediata all&#8217;uso.<\/p>\n<h2><strong>Scopra di pi\u00f9: Altri prodotti CBD premium<\/strong><\/h2>\n<p>\u27a1\ufe0f Scopra la cura lenitiva con i nostri <a href=\"https:\/\/www.herbadiberna.ch\/it\/prodotti-per-la-cura-del-cbd\/\">cosmetici al CBD<\/a>.<br \/>\n\u27a1\ufe0f Arricchisca la sua vita quotidiana con i nostri <a href=\"https:\/\/www.herbadiberna.ch\/it\/alimenti-canapa\/\">alimenti al CBD<\/a>.<br \/>\n<a href=\"https:\/\/www.herbadiberna.ch\/cbd-blueten-kaufen-schweiz\/\">\u27a1\ufe0f Torna alla panoramica: Acquistare fiori di CBD in Svizzera<\/a><\/p>\n","protected":false},"excerpt":{"rendered":"<p>CBD Handtrim Svizzera - Amnesia Lemon Haze Indoor \u00e8 un rub CBD di alta qualit\u00e0 con un intenso sapore di agrumi. Qualit\u00e0 indoor favorevole, ideale come sostituto del tabacco e molto resinoso.  Scopra ora!  <strong>Ordinato entro le 15:00, consegnato domani \u2713 Spedizione gratuita a partire da CHF 80 \u2713<\/strong><\/p>\n","protected":false},"featured_media":79394,"comment_status":"closed","ping_status":"closed","template":"","meta":{"inline_featured_image":false},"product_brand":[],"product_cat":[348,362],"product_tag":[1386],"class_list":{"0":"post-77744","1":"product","2":"type-product","3":"status-publish","4":"has-post-thumbnail","6":"product_cat-fiori-di-cbd","7":"product_cat-trim-it","8":"product_tag-nuovo-it","9":"pa_anbau-indoor-it","10":"pa_cbd-1516","11":"pa_inhalt-netto-20g-it","12":"pa_marke-erba-di-berna","13":"pa_thc-1472","14":"pif-has-gallery","16":"first","17":"instock","18":"taxable","19":"shipping-taxable","20":"purchasable","21":"product-type-simple"},"_links":{"self":[{"href":"https:\/\/www.herbadiberna.ch\/it\/wp-json\/wp\/v2\/product\/77744","targetHints":{"allow":["GET"]}}],"collection":[{"href":"https:\/\/www.herbadiberna.ch\/it\/wp-json\/wp\/v2\/product"}],"about":[{"href":"https:\/\/www.herbadiberna.ch\/it\/wp-json\/wp\/v2\/types\/product"}],"replies":[{"embeddable":true,"href":"https:\/\/www.herbadiberna.ch\/it\/wp-json\/wp\/v2\/comments?post=77744"}],"wp:featuredmedia":[{"embeddable":true,"href":"https:\/\/www.herbadiberna.ch\/it\/wp-json\/wp\/v2\/media\/79394"}],"wp:attachment":[{"href":"https:\/\/www.herbadiberna.ch\/it\/wp-json\/wp\/v2\/media?parent=77744"}],"wp:term":[{"taxonomy":"product_brand","embeddable":true,"href":"https:\/\/www.herbadiberna.ch\/it\/wp-json\/wp\/v2\/product_brand?post=77744"},{"taxonomy":"product_cat","embeddable":true,"href":"https:\/\/www.herbadiberna.ch\/it\/wp-json\/wp\/v2\/product_cat?post=77744"},{"taxonomy":"product_tag","embeddable":true,"href":"https:\/\/www.herbadiberna.ch\/it\/wp-json\/wp\/v2\/product_tag?post=77744"}],"curies":[{"name":"wp","href":"https:\/\/api.w.org\/{rel}","templated":true}]}}