{"id":76802,"date":"2026-01-09T13:01:31","date_gmt":"2026-01-09T12:01:31","guid":{"rendered":"https:\/\/www.herbadiberna.ch\/?post_type=product&#038;p=76802"},"modified":"2026-04-16T11:35:17","modified_gmt":"2026-04-16T10:35:17","slug":"cannaswisscup-2024-25-fiori-di-cbd-e-hash-di-cbd-scheda-della-giuria-kopie","status":"publish","type":"product","link":"https:\/\/www.herbadiberna.ch\/it\/prodotto\/cannaswisscup-2024-25-fiori-di-cbd-e-hash-di-cbd-scheda-della-giuria-kopie\/","title":{"rendered":"CannaSwissCup 2025\/26 - Fiori di CBD e hashish di CBD Carta della giuria"},"content":{"rendered":"<h2><strong>Acquista la Carta della Giuria CannaSwissCup CBD 2025\/26 - La Coppa Svizzera della Cannabis dal 1998 diventa internazionale!<\/strong><\/h2>\n<p><strong>Ordini i biglietti per la giuria della CannaSwissCup<\/strong> e diventi parte della pi\u00f9 grande e tradizionale giuria della cannabis. La Coppa \u00e8 un&#8217;istituzione dal 1998, ma in questa stagione c&#8217;\u00e8 una novit\u00e0: la competizione \u00e8 aperta ai produttori di tutta Europa! Come membro della giuria, tester\u00e0 le migliori variet\u00e0, rigorosamente preselezionate, e contribuir\u00e0 a decidere i vincitori.  <\/p>\n<h2><strong>Caratteristiche del prodotto delle schede della giuria CannaSwissCup 2025\/26<\/strong><\/h2>\n<ul>\n<li><strong>Carta CBD WEED (CHF 38.-):<\/strong> Ben 19 campioni! Contiene 9x fiori da esterno, 5x da interno e 5x da serra. <\/li>\n<li><strong>Carta CBD HASH (CHF 25.-):<\/strong> Contiene 9 esclusivi campioni di hashish premium.<\/li>\n<li><strong>Incluso biglietto CannaTrade:<\/strong> ogni biglietto include un biglietto gratuito di un giorno per la fiera dal 29 al 31 maggio 2026 (padiglione 622, Zurigo).<\/li>\n<li><strong>Anteprima internazionale:<\/strong> per la prima volta dal 1998, parteciperanno produttori di tutta Europa.<\/li>\n<li><strong>Preselezione esclusiva:<\/strong> 39 intenditori di cannabis hanno selezionato i migliori ceppi per queste carte in occasione di tre Giornate della Giuria VIP a St. L\u00e9gier, Zurigo e Lugano.<\/li>\n<\/ul>\n<h2><strong>Perch\u00e9 acquistare una carta giuria CannaSwissCup?<\/strong><\/h2>\n<p>Se vuole confrontare la cr\u00e8me de la cr\u00e8me della genetica della cannabis internazionale, queste schede della giuria sono un must. Il fatto che la Coppa sia organizzata a livello europeo per la prima volta dalla sua fondazione nel 1998 garantisce una diversit\u00e0 senza precedenti. Grazie ai severi test di laboratorio e alla preselezione critica da parte di 39 intenditori durante le Giornate della Giuria VIP, potr\u00e0 testare solo prodotti premium puri e altamente aromatizzati. Inoltre, il rapporto qualit\u00e0-prezzo \u00e8 imbattibile, in quanto il biglietto giornaliero CannaTrade \u00e8 gi\u00e0 incluso nel prezzo di 38 franchi svizzeri o 25 franchi svizzeri.   <\/p>\n<h2><strong>Esperienze dei clienti con la CannaSwissCup<\/strong><\/h2>\n<p>Da anni, i membri della giuria apprezzano l&#8217;incredibile variet\u00e0 di sapori e l&#8217;opportunit\u00e0 di partecipare al processo decisionale di questo prestigioso evento. Con il nuovo focus internazionale e l&#8217;enorme numero di campioni (19 per la carta dell&#8217;erba!), la comunit\u00e0 si aspetta nuovi profili di sapori e i pi\u00f9 alti standard di qualit\u00e0. <\/p>\n<h2><strong>Domande frequenti sulla CannaSwissCup internazionale (FAQ)<\/strong><\/h2>\n<p><strong>Chi seleziona le variet\u00e0 per le schede della giuria?<\/strong><br \/>\nIn precedenza, tutti i ceppi presentati sono stati testati da 39 riconosciuti intenditori di cannabis in occasione di tre esclusive Giornate della Giuria VIP. Queste si sono svolte in rinomati club svizzeri a St. L\u00e9gier, Zurigo e Lugano. Solo i ceppi migliori e pi\u00f9 sicuri in assoluto sono stati inseriti nelle schede della giuria finale.  <\/p>\n<p><strong>Che cosa include esattamente la carta della giuria di CannaSwissCup?<\/strong><br \/>\nLa tessera weed offre un totale di 19 campioni di fiori (outdoor, indoor e serra) per 38 franchi svizzeri, mentre la tessera hashish viene fornita con 9 campioni di hashish per 25 franchi svizzeri. Entrambe le varianti includono anche un prezioso biglietto giornaliero gratuito per CannaTrade, dal 29 al 31 maggio a Zurigo. In questo modo si ottiene un pacchetto imbattibile per la sua esperienza di degustazione.  <\/p>\n<p><strong>Quali premi possono vincere i membri della giuria?<\/strong><br \/>\nTutti i membri della giuria che invieranno le loro valutazioni online parteciperanno all&#8217;estrazione di un viaggio per due persone ad Amsterdam. Inoltre, si potranno vincere diversi premi interessanti offerti dagli sponsor della CannaSwissCup. Quindi, partecipare alle votazioni vale sicuramente la pena due volte.  <\/p>\n<h2><strong>Scopra di pi\u00f9: Altri prodotti premium<\/strong><\/h2>\n<p>\u27a1\ufe0f Un&#8217;alternativa intelligente per la vita di tutti i giorni: <a href=\"https:\/\/www.herbadiberna.ch\/cbd-blueten-kaufen-schweiz\/\">acquisti ora un assetto di CBD<\/a> pregiato.<br \/>\n\u27a1\ufe0f Scopra un sapore intenso con i nostri <a href=\"https:\/\/www.herbadiberna.ch\/it\/vaporizzatori\/\">vapori di CBD<\/a>.<br \/>\n<a href=\"https:\/\/www.herbadiberna.ch\/cbd-zubehoer\/\">\u27a1\ufe0f Scopra i pratici accessori per la sua degustazione<\/a><\/p>\n","protected":false},"excerpt":{"rendered":"<p>Diventi membro della giuria della CannaSwissCup 2025\/26 e valuti gli esclusivi fiori e hashish CBD, incluso il<strong> biglietto giornaliero per il Cannatrade e vinca un weekend ad Amsterdam.<\/strong><\/p>\n","protected":false},"featured_media":78982,"comment_status":"open","ping_status":"closed","template":"","meta":{"inline_featured_image":false},"product_brand":[],"product_cat":[348],"product_tag":[],"class_list":{"0":"post-76802","1":"product","2":"type-product","3":"status-publish","4":"has-post-thumbnail","6":"product_cat-fiori-di-cbd","7":"product_shipping_class-costi-di-spedizione-di-cannaswisscup","8":"pif-has-gallery","10":"first","11":"instock","12":"taxable","13":"shipping-taxable","14":"purchasable","15":"product-type-variable","16":"rtwpvs-product"},"_links":{"self":[{"href":"https:\/\/www.herbadiberna.ch\/it\/wp-json\/wp\/v2\/product\/76802","targetHints":{"allow":["GET"]}}],"collection":[{"href":"https:\/\/www.herbadiberna.ch\/it\/wp-json\/wp\/v2\/product"}],"about":[{"href":"https:\/\/www.herbadiberna.ch\/it\/wp-json\/wp\/v2\/types\/product"}],"replies":[{"embeddable":true,"href":"https:\/\/www.herbadiberna.ch\/it\/wp-json\/wp\/v2\/comments?post=76802"}],"wp:featuredmedia":[{"embeddable":true,"href":"https:\/\/www.herbadiberna.ch\/it\/wp-json\/wp\/v2\/media\/78982"}],"wp:attachment":[{"href":"https:\/\/www.herbadiberna.ch\/it\/wp-json\/wp\/v2\/media?parent=76802"}],"wp:term":[{"taxonomy":"product_brand","embeddable":true,"href":"https:\/\/www.herbadiberna.ch\/it\/wp-json\/wp\/v2\/product_brand?post=76802"},{"taxonomy":"product_cat","embeddable":true,"href":"https:\/\/www.herbadiberna.ch\/it\/wp-json\/wp\/v2\/product_cat?post=76802"},{"taxonomy":"product_tag","embeddable":true,"href":"https:\/\/www.herbadiberna.ch\/it\/wp-json\/wp\/v2\/product_tag?post=76802"}],"curies":[{"name":"wp","href":"https:\/\/api.w.org\/{rel}","templated":true}]}}