{"id":73668,"date":"2025-12-03T17:24:11","date_gmt":"2025-12-03T16:24:11","guid":{"rendered":"https:\/\/www.herbadiberna.ch\/x-kaps-starter-pack-il-set-4-in-1\/"},"modified":"2026-04-17T21:56:38","modified_gmt":"2026-04-17T20:56:38","slug":"x-kaps-starter-pack-il-set-4-in-1","status":"publish","type":"product","link":"https:\/\/www.herbadiberna.ch\/it\/prodotto\/x-kaps-starter-pack-il-set-4-in-1\/","title":{"rendered":"X-Kaps Starter Pack - Il set 4 in 1"},"content":{"rendered":"<div class=\"flex max-w-full flex-col flex-grow\">\n<div class=\"min-h-8 text-message flex w-full flex-col items-end gap-2 whitespace-normal break-words text-start [.text-message+&amp;]:mt-5\" dir=\"auto\">\n<div class=\"flex w-full flex-col gap-1 empty:hidden first:pt-[3px]\">\n<div class=\"markdown prose w-full break-words dark:prose-invert light\">\n<h2><strong>Acquisti X-Kaps Starter Pack - il suo bundle 4 in 1 per ogni situazione<\/strong><\/h2>\n<p>Desidera <strong>acquistare<\/strong> lo <strong>Starter Pack X-Kaps<\/strong> perch\u00e9 non sa decidersi o \u00e8 semplicemente curioso di sapere cosa \u00e8 possibile fare?<br \/>\nAllora questo set \u00e8 proprio quello che fa per lei, perch\u00e9 \u00e8 l&#8217;introduzione perfetta al mondo del <strong>bio-hacking<\/strong>.<br \/>\nLo <strong>Starter Bundle di X-Kaps <\/strong>\u00e8 il suo esperimento personale tra il volo in alto e il rilassamento profondo, perch\u00e9 le fornisce la <strong>risposta erboristica<\/strong> giusta per ogni esigenza.<\/p>\n<h2><strong>Cosa contiene lo Starter Pack X-Kaps?<\/strong><\/h2>\n<p>Riceve un totale di <strong>16 capsule<\/strong> (4 <strong>capsule<\/strong> per ogni gusto). In questo modo \u00e8 preparato per qualsiasi situazione: <\/p>\n<ul>\n<li><strong>VisionX (Concentrazione e Meditazione):<\/strong> La realt\u00e0 era ieri. Il fiore di Mulungu e il fiore della passione forniscono quindi lampi creativi di ispirazione e il flusso di un maestro Zen. Ideale per la meditazione e il lavoro profondo.  <\/li>\n<li><strong>EuphorX (umore e festa):<\/strong> Come un abbraccio in capsule. La caffeina e la L-tirosina, invece, agiscono come stimolanti dell&#8217;umore per ballare tutta la notte e socializzare - senza postumi. <\/li>\n<li><strong>EnduroX (energia e libido):<\/strong> Quando non ne ha mai abbastanza. La L-arginina e la radice di maca forniscono la resistenza necessaria per lo sport, le feste o i momenti di passione. <\/li>\n<li><strong>ReviveX (Rigenerazione e Disintossicazione):<\/strong> Il cerotto per l&#8217;anima. Le vitamine e il Q10 premono finalmente il pulsante di reset e la aiutano ad atterrare dolcemente e a rigenerarsi dopo un volo di fantasia. <\/li>\n<\/ul>\n<h2><strong>Perch\u00e9 dovrebbe provare lo Starter Pack di X-Kaps<\/strong><\/h2>\n<p>Perch\u00e9 tutti insieme? \u00c8 semplice: la sua vita \u00e8 varia, quindi anche i suoi integratori dovrebbero esserlo.<br \/>\nLo <strong>Starter Pack X-Kaps<\/strong> le offre quattro esperienze uniche in un&#8217;unica confezione.<br \/>\n\u00c8 pratico da testare, regalare o di cui innamorarsi, per scoprire quale &#8220;X-Factor&#8221; si adatta meglio al suo stile di vita. Rende la sua vita pi\u00f9 eccitante - senza alcun rischio, perch\u00e9 tutti gli ingredienti sono naturali e legali al 100%.  <\/p>\n<h2><strong>Diversit\u00e0 scientificamente valida<\/strong><\/h2>\n<p>La nostra promessa di qualit\u00e0 vale anche per il pacchetto. Ogni singola variet\u00e0 si basa su ingredienti testati: <\/p>\n<ul>\n<li><strong>Effetti comprovati:<\/strong> dall&#8217;effetto ansiolitico del Mulungu (VisionX) al miglioramento delle prestazioni della <a href=\"https:\/\/de.wikipedia.org\/wiki\/Arginin\">L-arginina<\/a> (EnduroX) - utilizziamo gli studi come base.<\/li>\n<li><strong>Qualit\u00e0 Swiss Made:<\/strong> tutte le capsule sono anche vegane, prive di glutine e realizzate con ingredienti di origine vegetale, secondo i rigorosi standard svizzeri.<\/li>\n<\/ul>\n<h2><strong>Ordini subito X-Kaps Starter e inizi il suo viaggio!<\/strong><\/h2>\n<p>\u00c8 pronto per il suo esperimento personale su se stesso?<br \/>\nOrdini ora e riceva la variet\u00e0 completa. Prenda lo <strong>Starter X-Kaps <\/strong>- per i curiosi, gli edonisti e tutti coloro che vogliono di pi\u00f9 dalla vita. <\/p>\n<h2><strong>Clicchi qui per i dettagli delle singole variet\u00e0<\/strong><\/h2>\n<p>\u27a1\ufe0f  <a href=\"\/produkt\/visionx-mulungu-passionsblume\">Maggiori informazioni su VisionX (Focus)<\/a><br \/>\n\u27a1\ufe0f  <a href=\"\/produkt\/euphorx-koffein-tyrosin\">Di pi\u00f9 su EuphorX (Party)<\/a><br \/>\n\u27a1\ufe0f  <a href=\"\/produkt\/endurox-arginin-maca\">Maggiori informazioni su EnduroX (Power)<\/a><br \/>\n\u27a1\ufe0f  <a href=\"\/produkt\/revivex-katerhilfe\">Maggiori informazioni su ReviveX (Detox)<\/a><\/p>\n<\/div>\n<\/div>\n<\/div>\n<\/div>\n","protected":false},"excerpt":{"rendered":"<p>Il suo viaggio verso se stesso: Lo Starter Pack X-Kaps contiene tutti e 4 i gusti (VisionX, EuphorX, EnduroX, ReviveX) da testare. Un totale di 16 capsule per la concentrazione, l&#8217;euforia, la resistenza e la rigenerazione. Trovi il suo preferito - Vegan &amp; Swiss Made.  <\/p>\n","protected":false},"featured_media":73560,"comment_status":"open","ping_status":"closed","template":"","meta":{"inline_featured_image":false},"product_brand":[],"product_cat":[1456],"product_tag":[1386],"class_list":{"0":"post-73668","1":"product","2":"type-product","3":"status-publish","4":"has-post-thumbnail","6":"product_cat-acquistare-integratori-svizzera","7":"product_tag-nuovo-it","8":"pif-has-gallery","10":"first","11":"instock","12":"taxable","13":"shipping-taxable","14":"purchasable","15":"product-type-simple"},"_links":{"self":[{"href":"https:\/\/www.herbadiberna.ch\/it\/wp-json\/wp\/v2\/product\/73668","targetHints":{"allow":["GET"]}}],"collection":[{"href":"https:\/\/www.herbadiberna.ch\/it\/wp-json\/wp\/v2\/product"}],"about":[{"href":"https:\/\/www.herbadiberna.ch\/it\/wp-json\/wp\/v2\/types\/product"}],"replies":[{"embeddable":true,"href":"https:\/\/www.herbadiberna.ch\/it\/wp-json\/wp\/v2\/comments?post=73668"}],"wp:featuredmedia":[{"embeddable":true,"href":"https:\/\/www.herbadiberna.ch\/it\/wp-json\/wp\/v2\/media\/73560"}],"wp:attachment":[{"href":"https:\/\/www.herbadiberna.ch\/it\/wp-json\/wp\/v2\/media?parent=73668"}],"wp:term":[{"taxonomy":"product_brand","embeddable":true,"href":"https:\/\/www.herbadiberna.ch\/it\/wp-json\/wp\/v2\/product_brand?post=73668"},{"taxonomy":"product_cat","embeddable":true,"href":"https:\/\/www.herbadiberna.ch\/it\/wp-json\/wp\/v2\/product_cat?post=73668"},{"taxonomy":"product_tag","embeddable":true,"href":"https:\/\/www.herbadiberna.ch\/it\/wp-json\/wp\/v2\/product_tag?post=73668"}],"curies":[{"name":"wp","href":"https:\/\/api.w.org\/{rel}","templated":true}]}}