{"id":73648,"date":"2025-12-03T12:28:55","date_gmt":"2025-12-03T11:28:55","guid":{"rendered":"https:\/\/www.herbadiberna.ch\/euphorx-capsule-di-caffeina-e-l-tirosina\/"},"modified":"2026-05-08T10:12:38","modified_gmt":"2026-05-08T09:12:38","slug":"euphorx-capsule-di-caffeina-e-l-tirosina","status":"publish","type":"product","link":"https:\/\/www.herbadiberna.ch\/it\/prodotto\/euphorx-capsule-di-caffeina-e-l-tirosina\/","title":{"rendered":"EuphorX - Capsule di caffeina e L-tirosina"},"content":{"rendered":"<div class=\"flex max-w-full flex-col flex-grow\">\n<div class=\"min-h-8 text-message flex w-full flex-col items-end gap-2 whitespace-normal break-words text-start [.text-message+&amp;]:mt-5\" dir=\"auto\">\n<div class=\"flex w-full flex-col gap-1 empty:hidden first:pt-[3px]\">\n<div class=\"markdown prose w-full break-words dark:prose-invert light\">\n<h2><strong>Acquistare capsule di caffeina e L-tirosina - Il suo stimolatore di feste EuphorX<\/strong><\/h2>\n<p>Vuole <strong>acquistare capsule di caffeina e L-tirosina<\/strong> per ballare tutta la notte, ma senza le sostanze chimiche?<br \/>\nAllora <strong>EuphorX<\/strong> \u00e8 la scelta giusta per lei, perch\u00e9 \u00e8 una formula a base vegetale che la porta dolcemente su un&#8217;onda di euforia.<br \/>\nSi immerga in nuove sfere di benessere, perch\u00e9 questa combinazione unica acuisce i suoi sensi, la tiene sveglia e le procura comunque una piacevole sensazione di connessione.<\/p>\n<h2><strong>La scienza delle capsule di caffeina e L-tirosina: Lo sballo senza i postumi della sbornia<\/strong><\/h2>\n<p>Perch\u00e9 le nostre <strong>capsule di caffeina e L-tirosina<\/strong> funzionano cos\u00ec bene come alternativa legale? Ecco perch\u00e9 vale la pena dare un&#8217;occhiata ai fatti: <\/p>\n<ul>\n<li><strong>Sinergia per la concentrazione:<\/strong> gli studi dimostrano che la combinazione di caffeina e L-tirosina migliora in modo significativo le prestazioni cognitive sotto stress (come la mancanza di sonno o il rumore nel locale) e contrasta il &#8220;crash&#8221; (cfr. <a class=\"ng-star-inserted\" href=\"https:\/\/pubmed.ncbi.nlm.nih.gov\/7794222\/\" target=\"_blank\" rel=\"noopener\" data-hveid=\"0\" data-ved=\"0CAAQ_4QMahgKEwjTuayz1Z6RAxUAAAAAHQAAAAAQkwo\">Neri et al., 1995<\/a>).<\/li>\n<li><strong>Umore e sentimenti di felicit\u00e0: la <\/strong>L-tirosina funge da precursore diretto della dopamina, mentre l&#8217;estratto di cacao solleva l&#8217;umore. Questo effetto sul benessere mentale \u00e8 stato ampiamente documentato (vedere <a class=\"ng-star-inserted\" href=\"https:\/\/pubmed.ncbi.nlm.nih.gov\/26424423\/\" target=\"_blank\" rel=\"noopener\" data-hveid=\"0\" data-ved=\"0CAAQ_4QMahgKEwjTuayz1Z6RAxUAAAAAHQAAAAAQjgs\">Jongkees et al., 2015<\/a>). <\/li>\n<\/ul>\n<h2><strong>Caratteristiche del prodotto delle nostre capsule di caffeina e L-tirosina<\/strong><\/h2>\n<p>Cosa c&#8217;\u00e8 nella sua notte?<\/p>\n<ul>\n<li><strong>Energia per tutta la notte: la<\/strong> caffeina e l&#8217;estratto di t\u00e8 verde (95% polifenoli) forniscono energia di lunga durata.<\/li>\n<li><strong>Migliorano l&#8217;umore: la<\/strong> L-tirosina, il mate e la teobromina, invece, favoriscono la socializzazione e la loquacit\u00e0.<\/li>\n<li><strong>Calcio alla termogenesi: il<\/strong> capsico (cayenna) e lo zenzero attivano anche il metabolismo e forniscono calore interno.<\/li>\n<li><strong>Swiss Made &amp; Clean:<\/strong> 100% vegano, senza glutine e realizzato con materie prime di alta qualit\u00e0 - per una performance completa senza un brusco risveglio.<\/li>\n<\/ul>\n<h2><strong>Perch\u00e9 dovrebbe acquistare EuphorX con caffeina e L-tirosina<\/strong><\/h2>\n<p>Immagini di fare festa fino alle prime ore del mattino, di avere conversazioni intense e di sentirsi semplicemente connesso - senza sostanze illegali.<br \/>\nEuphorX \u00e8 quindi la sua alternativa intelligente per i momenti speciali.<br \/>\n\u00c8 l&#8217;incentivo per tutti coloro che vogliono celebrare la vita, ma che hanno bisogno di essere in forma il giorno dopo. Ne approfitti con attenzione, perch\u00e9 la natura \u00e8 spesso pi\u00f9 forte di quanto pensi. <\/p>\n<h2><strong>Esperienze dei clienti con EuphorX<\/strong><\/h2>\n<p><em>&#8220;Il compagno perfetto per il festival. Ero sveglio, di buon umore e non avevo postumi da sbornia&#8221;. <\/em>  - Ecco come i nostri clienti descrivono la sensazione di EuphorX.<br \/>\nMolti apprezzano in modo particolare la chiara allerta senza le palpitazioni nervose tipiche delle bevande energetiche.<\/p>\n<h2><strong>Ordini ora le capsule di caffeina e L-tirosina e festeggi il momento!<\/strong><\/h2>\n<p>\u00c8 pronto per notti indimenticabili?<br \/>\nOrdini ora e sperimenti l&#8217;<strong>euforia naturale.<\/strong> Acquisti <strong>EuphorX<\/strong> - per l&#8217;umore, l&#8217;energia e le connessioni reali. <\/p>\n<h2><strong>Prodotti adatti per il &#8220;giorno dopo<\/strong><\/h2>\n<p>\u27a1\ufe0f  <a href=\"https:\/\/www.herbadiberna.ch\/it\/olio-di-cbd\/\">Compri l&#8217;olio di CBD<\/a> (per rilassarsi dopo la festa)<br \/>\n\u27a1\ufe0f  <a href=\"https:\/\/www.herbadiberna.ch\/it\/alimenti-canapa\/\">Cibo di canapa Svizzera<\/a> (per rifornire le scorte)<br \/>\n\u27a1\ufe0f Al  <a href=\"https:\/\/www.herbadiberna.ch\/it\/fiori-di-cbd\/\">Fiori CBD<\/a> (per una domenica rilassante)<\/p>\n<\/div>\n<\/div>\n<\/div>\n<\/div>\n","protected":false},"excerpt":{"rendered":"<p>Ordini ora le capsule EuphorX con caffeina e L-tirosina per un&#8217;euforia naturale. 100% a base di erbe, migliora l&#8217;umore e garantisce l&#8217;assenza di postumi. Il suo compagno ideale per notti indimenticabili &amp; focus speciali. Swiss Made &amp; Vegan!<\/p>\n","protected":false},"featured_media":73585,"comment_status":"open","ping_status":"closed","template":"","meta":{"inline_featured_image":false},"product_brand":[],"product_cat":[1456],"product_tag":[1386],"class_list":{"0":"post-73648","1":"product","2":"type-product","3":"status-publish","4":"has-post-thumbnail","6":"product_cat-acquistare-integratori-svizzera","7":"product_tag-nuovo-it","8":"pif-has-gallery","10":"first","11":"instock","12":"taxable","13":"shipping-taxable","14":"purchasable","15":"product-type-simple"},"_links":{"self":[{"href":"https:\/\/www.herbadiberna.ch\/it\/wp-json\/wp\/v2\/product\/73648","targetHints":{"allow":["GET"]}}],"collection":[{"href":"https:\/\/www.herbadiberna.ch\/it\/wp-json\/wp\/v2\/product"}],"about":[{"href":"https:\/\/www.herbadiberna.ch\/it\/wp-json\/wp\/v2\/types\/product"}],"replies":[{"embeddable":true,"href":"https:\/\/www.herbadiberna.ch\/it\/wp-json\/wp\/v2\/comments?post=73648"}],"wp:featuredmedia":[{"embeddable":true,"href":"https:\/\/www.herbadiberna.ch\/it\/wp-json\/wp\/v2\/media\/73585"}],"wp:attachment":[{"href":"https:\/\/www.herbadiberna.ch\/it\/wp-json\/wp\/v2\/media?parent=73648"}],"wp:term":[{"taxonomy":"product_brand","embeddable":true,"href":"https:\/\/www.herbadiberna.ch\/it\/wp-json\/wp\/v2\/product_brand?post=73648"},{"taxonomy":"product_cat","embeddable":true,"href":"https:\/\/www.herbadiberna.ch\/it\/wp-json\/wp\/v2\/product_cat?post=73648"},{"taxonomy":"product_tag","embeddable":true,"href":"https:\/\/www.herbadiberna.ch\/it\/wp-json\/wp\/v2\/product_tag?post=73648"}],"curies":[{"name":"wp","href":"https:\/\/api.w.org\/{rel}","templated":true}]}}