{"id":71786,"date":"2025-11-06T08:50:10","date_gmt":"2025-11-06T07:50:10","guid":{"rendered":"https:\/\/www.herbadiberna.ch\/?post_type=product&#038;p=71786"},"modified":"2026-04-27T16:15:46","modified_gmt":"2026-04-27T15:15:46","slug":"miscela-trim-serra-30g","status":"publish","type":"product","link":"https:\/\/www.herbadiberna.ch\/it\/prodotto\/miscela-trim-serra-30g\/","title":{"rendered":"Plutonium Cannatonic Handtrim Mix 30g"},"content":{"rendered":"<div class=\"flex max-w-full flex-col flex-grow\">\n<div class=\"min-h-8 text-message flex w-full flex-col items-end gap-2 whitespace-normal break-words text-start [.text-message+&amp;]:mt-5\" dir=\"auto\">\n<div class=\"flex w-full flex-col gap-1 empty:hidden first:pt-[3px]\">\n<div class=\"markdown prose w-full break-words dark:prose-invert light\">\n<h2><strong>Acquista Plutonium Cannatonic Handtrim Mix - Qualit\u00e0 Fruity Greenhouse<\/strong><\/h2>\n<p>Sta pensando di <strong>acquistare<\/strong> il <strong>Plutonium Cannatonic Handtrim Mix<\/strong>? O \u00e8 semplicemente a caccia del miglior rapporto qualit\u00e0-prezzo?<br \/>\nIl nostro <strong>Greenhouse Handtrim Mix<\/strong> non \u00e8 affatto un semplice prodotto residuale. Gli intenditori si riferiscono spesso ad esso come ad un &#8220;frullato&#8221; o direttamente come ad una <strong>miscela di CBD<\/strong>.  <\/p>\n<p>\u00c8 anche un consiglio per chi sa esattamente dove si nasconde la maggior parte della resina. \u00c8 quindi ideale come <strong>sostituto del tabacco<\/strong>, si adatta perfettamente allo <strong>svapo<\/strong> e arricchisce i suoi progetti fai da te.<br \/>\nQuesta miscela \u00e8 come un&#8217;esplosione di sapori. Combina i punti di forza di Cannatonic e Plutonium. Il risultato \u00e8 un <strong>assetto di cannabis CBD<\/strong> con un sapore cos\u00ec piccante e fruttato che vorr\u00e0 provarlo.   <\/p>\n<h2><strong>Il profilo di gusto: i Caraibi incontrano il calcio degli agrumi<\/strong><\/h2>\n<p>Con noi acquista puro godimento e variet\u00e0 naturale. Questo frullato proviene da fiori di serra coltivati biologicamente e provenienti dall&#8217;Oberland Bernese. <\/p>\n<ul>\n<li><strong>Il sapore:<\/strong> la genetica cannatonica apporta una nota meravigliosamente dolce. Ricorda immediatamente il sud e i Caraibi. Il Plutonium la completa con una freschezza aspra e limonosa. Il profilo \u00e8 quindi perfettamente equilibrato.   <\/li>\n<li><strong>Uso:<\/strong> Poich\u00e9 questa miscela fine contiene un numero estremamente elevato di ghiandole di resina, \u00e8 particolarmente potente. \u00c8 quindi perfetta per essere fumata o come <strong>sostituto del tabacco<\/strong> nei pre-roll. \u00c8 anche un&#8217;ottima base per i suoi <strong>prodotti CBD edibles<\/strong>, <strong>vape<\/strong> e <strong>cosmetici<\/strong>.  <\/li>\n<\/ul>\n<h2><strong>Caratteristiche del prodotto: Perch\u00e9 acquistare Plutonium Cannatonic Handtrim Mix?<\/strong><\/h2>\n<ul>\n<li><strong>Rapporto qualit\u00e0-prezzo:<\/strong> al prezzo di <strong>25 franchi svizzeri per 30 g<\/strong> (circa 83 centesimi\/g), questo assetto \u00e8 un vero affare per questa qualit\u00e0 Greenhouse.<\/li>\n<li><strong>Gusto intenso:<\/strong> si gode di un aroma agrodolce. Questa qualit\u00e0 \u00e8 raramente riscontrabile nelle miscele artigianali a basso costo. <\/li>\n<li><strong>Versatilit\u00e0:<\/strong> per una miscela veloce, per preparare biscotti CBD o come miscela da svapo. Il Plutonium Cannatonic Mix \u00e8 sicuramente un prodotto versatile. <\/li>\n<li><strong>Coltivazione naturale:<\/strong> coltivata in serra senza pesticidi e 100% <strong data-start=\"257\" data-end=\"299\">CBD Swiss Made dell&#8217;Oberland Bernese<\/strong>. Le piante crescono nel <strong data-start=\"325\" data-end=\"340\">Terreno Vivente<\/strong> - completamente privo di fertilizzanti artificiali, ma con t\u00e8 vegetali ricchi di sostanze nutritive e microrganismi attivi che garantiscono un ecosistema del terreno vivo e naturale.<\/li>\n<\/ul>\n<h2><strong>Acquistare Plutonium Cannatonic Handtrim Mix - Sostenibile e conveniente<\/strong><\/h2>\n<p>L&#8217;utilizzo completo della pianta di canapa \u00e8 importante per noi. Nessuna parte di questa preziosa materia prima deve essere sprecata. Quello che tecnicamente molti considerano una &#8220;miscela di CBD&#8221;, noi lo consideriamo un perfezionamento.<br \/>\nDi conseguenza, si ottiene un prodotto ricco di principi attivi. Quindi \u00e8 il modo pi\u00f9 intelligente per godere di un <strong>CBD a basso costo<\/strong>. Non deve scendere a compromessi sul sapore o sulla qualit\u00e0.<\/p>\n<h2><strong>Esperienze dei clienti con la miscela cannatonica Plutonium<\/strong><\/h2>\n<p>I nostri tester descrivono pi\u00f9 spesso il sapore come una <strong data-start=\"305\" data-end=\"374\">miscela armoniosa di leggera dolcezza e note piacevolmente aspre<\/strong>. La freschezza dell&#8217;Oberland Bernese \u00e8 chiaramente riconoscibile e rende questo CBD handtrim versatile - non solo per fumare, ma anche popolare per il t\u00e8 freddo fatto in casa o per le creazioni da forno fruttate. Anche <strong data-start=\"626\" data-end=\"680\">il forte rapporto qualit\u00e0-prezzo della confezione da 30 g<\/strong> \u00e8 particolarmente enfatizzato.<\/p>\n<h2><strong>Acquisti Plutonium Cannatonic Handtrim Mix ora e risparmi!<\/strong><\/h2>\n<p>\u00c8 pronto per la dolcezza della freschezza dell&#8217;Oberland?<br \/>\nOrdini ora e si assicuri la nostra vittoria in termini di prezzo e prestazioni.<\/p>\n<h2><strong>Integratori perfetti per il suo stile di vita<\/strong><\/h2>\n<p>\u27a1\ufe0f  <a href=\"https:\/\/www.herbadiberna.ch\/it\/olio-di-cbd\/\">Acquistare olio di CBD<\/a> (per l&#8217;equilibrio quotidiano)<br \/>\n\u27a1\ufe0f  <a href=\"https:\/\/www.herbadiberna.ch\/it\/cbd-hashish\/\">Scopra l&#8217;hashish CBD<\/a> (per un piacere ancora maggiore della resina)<br \/>\n\u27a1\ufe0f  <a href=\"https:\/\/www.herbadiberna.ch\/it\/alimenti-canapa\/\">Cibo alla canapa<\/a> (snack salutari dalla Svizzera)<\/p>\n<\/div>\n<\/div>\n<\/div>\n<\/div>\n","protected":false},"excerpt":{"rendered":"<p data-path-to-node=\"11\">Acquisti Plutonium Cannatonic Handtrim Mix presso Herba di Berna. Le dolci note caraibiche incontrano la freschezza aspra degli agrumi. Qualit\u00e0 di serra da coltivazione Living Soil a soli 83 Rp\/g circa. Ideale come sostituto del tabacco, per il vape o per gli edibles. <strong>Ordinato entro le 15:00, consegnato domani \u2713 Spedizione gratuita a partire da 80 CHF \u2713<\/strong><\/p>\n","protected":false},"featured_media":75742,"comment_status":"open","ping_status":"closed","template":"","meta":{"inline_featured_image":false},"product_brand":[],"product_cat":[348,362],"product_tag":[1386],"class_list":{"0":"post-71786","1":"product","2":"type-product","3":"status-publish","4":"has-post-thumbnail","6":"product_cat-fiori-di-cbd","7":"product_cat-trim-it","8":"product_tag-nuovo-it","9":"pa_anbau-greenhouse-it","10":"pa_marke-erba-di-berna","11":"pif-has-gallery","13":"first","14":"instock","15":"taxable","16":"shipping-taxable","17":"purchasable","18":"product-type-simple"},"_links":{"self":[{"href":"https:\/\/www.herbadiberna.ch\/it\/wp-json\/wp\/v2\/product\/71786","targetHints":{"allow":["GET"]}}],"collection":[{"href":"https:\/\/www.herbadiberna.ch\/it\/wp-json\/wp\/v2\/product"}],"about":[{"href":"https:\/\/www.herbadiberna.ch\/it\/wp-json\/wp\/v2\/types\/product"}],"replies":[{"embeddable":true,"href":"https:\/\/www.herbadiberna.ch\/it\/wp-json\/wp\/v2\/comments?post=71786"}],"wp:featuredmedia":[{"embeddable":true,"href":"https:\/\/www.herbadiberna.ch\/it\/wp-json\/wp\/v2\/media\/75742"}],"wp:attachment":[{"href":"https:\/\/www.herbadiberna.ch\/it\/wp-json\/wp\/v2\/media?parent=71786"}],"wp:term":[{"taxonomy":"product_brand","embeddable":true,"href":"https:\/\/www.herbadiberna.ch\/it\/wp-json\/wp\/v2\/product_brand?post=71786"},{"taxonomy":"product_cat","embeddable":true,"href":"https:\/\/www.herbadiberna.ch\/it\/wp-json\/wp\/v2\/product_cat?post=71786"},{"taxonomy":"product_tag","embeddable":true,"href":"https:\/\/www.herbadiberna.ch\/it\/wp-json\/wp\/v2\/product_tag?post=71786"}],"curies":[{"name":"wp","href":"https:\/\/api.w.org\/{rel}","templated":true}]}}