{"id":71748,"date":"2025-11-04T16:35:00","date_gmt":"2025-11-04T15:35:00","guid":{"rendered":"https:\/\/www.herbadiberna.ch\/wolkenkraft-contenitore-per-capsule\/"},"modified":"2026-05-01T04:27:22","modified_gmt":"2026-05-01T03:27:22","slug":"wolkenkraft-contenitore-per-capsule","status":"publish","type":"product","link":"https:\/\/www.herbadiberna.ch\/it\/prodotto\/wolkenkraft-contenitore-per-capsule\/","title":{"rendered":"WOLKENKRAFT Contenitore per capsule"},"content":{"rendered":"<div class=\"flex max-w-full flex-col flex-grow\">\n<div class=\"min-h-8 text-message flex w-full flex-col items-end gap-2 whitespace-normal break-words text-start [.text-message+&amp;]:mt-5\" dir=\"auto\">\n<div class=\"flex w-full flex-col gap-1 empty:hidden first:pt-[3px]\">\n<div class=\"markdown prose w-full break-words dark:prose-invert light\">\n<h2><strong>Acquistare il Portacapsule WOLKENKRAFT (Gun Metal \/ 5 capsule)<\/strong><\/h2>\n<p><strong>Acquisti ora il suo Portacapsule WOLKENKRAFT e trasporti 5 capsule con stile e inodore!<br \/>\n<\/strong>Il <strong>Portacapsule WOLKENKRAFT<\/strong>, con la sua elegante finitura &#8220;gun metal&#8221;, \u00e8 la &#8220;cassaforte&#8221; di alta qualit\u00e0 per le sue capsule di dosaggio. \u00c8 ideale per trasportare fino a 5 capsule (per \u00c4RiS o FX MINI) in modo assolutamente inodore, impermeabile e discreto.<br \/>\nGrazie al robusto alloggiamento e al ciondolo portachiavi, \u00e8 il compagno perfetto ed elegante per i viaggi. <\/p>\n<h2><strong>Caratteristiche del prodotto del Portacapsule (Gun Metal)<\/strong><\/h2>\n<ul>\n<li><strong>Assolutamente inodore e impermeabile:<\/strong> un anello di tenuta nel coperchio trattiene in modo affidabile tutti gli odori e protegge dall&#8217;acqua.<\/li>\n<li><strong>Capacit\u00e0 per 5 capsule:<\/strong> Offre spazio per un massimo di 5 <a href=\"https:\/\/www.herbadiberna.ch\/it\/produkt\/capsula-dosatrice-wolkenkraft-aeris-ultra-fx-mini\/\">capsule di dosaggio<\/a> originali WOLKENKRAFT<a href=\"https:\/\/www.herbadiberna.ch\/it\/produkt\/capsula-dosatrice-wolkenkraft-aeris-ultra-fx-mini\/\">(cialde in acciaio<\/a>).<\/li>\n<li><strong>Nobile finitura &#8220;gun metal&#8221;:<\/strong> realizzato in <a href=\"https:\/\/de.wikipedia.org\/wiki\/Metalle\">metallo<\/a> di alta qualit\u00e0 in un elegante look &#8220;gun metal&#8221; scuro.<\/li>\n<li><strong>Compatibilit\u00e0 perfetta: si<\/strong> adatta perfettamente alle capsule di dosaggio di WOLKENKRAFT \u00c4RiS &amp; FX MINI.<\/li>\n<li><strong>Pratico anello portachiavi:<\/strong> l&#8217;anello facilita il fissaggio del caddy al mazzo di chiavi.<\/li>\n<li><strong>NOTA: La<\/strong> fornitura <strong>non<\/strong> comprende <strong>le<\/strong> capsule.<\/li>\n<\/ul>\n<h2><strong>Dettagli tecnici del Portacapsule di WOLKENKRAFT<\/strong><\/h2>\n<ul>\n<li><strong>Modello:<\/strong> WOLKENKRAFT Capsule Caddy (&#8220;Safe&#8221;)<\/li>\n<li><strong>Materiale:<\/strong> metallo di alta qualit\u00e0<\/li>\n<li><strong>Colore:<\/strong> Gun metal (grigio scuro metallizzato)<\/li>\n<li><strong>Capacit\u00e0:<\/strong> per 5 capsule dosatrici<\/li>\n<li><strong>Chiusura:<\/strong> tappo a vite impermeabile e inodore con anello di tenuta.<\/li>\n<li><strong>Compatibilit\u00e0:<\/strong> Per le capsule di dosaggio di \u00c4RiS &amp; FX MINI<\/li>\n<\/ul>\n<h2><strong>Ambito di consegna<\/strong><\/h2>\n<ul>\n<li>1x WOLKENKRAFT Portacapsule (Gun Metal)<\/li>\n<li>(Consegna senza capsule di dosaggio)<\/li>\n<\/ul>\n<h2><strong>Perch\u00e9 acquistare gli accessori WOLKENKRAFT?<\/strong><\/h2>\n<p>Il portacapsule WOLKENKRAFT \u00e8 la soluzione migliore per trasportare le sue capsule per il dosaggio di CBD. Protegge in modo affidabile il contenuto da urti e acqua e protegge discretamente l&#8217;ambiente circostante dagli odori.<br \/>\nPerfetto per chi cerca una soluzione di conservazione robusta, elegante e al 100% a prova di perdite - nel design originale WOLKENKRAFT. <a href=\"https:\/\/www.herbadiberna.ch\/it\/marke\/wolkenkraft-it\/\"><strong>WOLKENKRAFT<\/strong><\/a> qualit\u00e0. <\/p>\n<h2><strong>L&#8217;esperienza del cliente con il Capsule Caddy<\/strong><\/h2>\n<p>Molti utenti riferiscono che questo caddy \u00e8 il contenitore pi\u00f9 robusto e a prova di perdite sul mercato.<br \/>\nL&#8217;elegante finitura &#8220;gun metal&#8221; e la capacit\u00e0 di 5 capsule la rendono il compagno ideale per l&#8217;uso quotidiano o per le feste.<\/p>\n<h2><strong>Acquisti ora Capsule Caddy e sia pronto a partire!<\/strong><\/h2>\n<p><strong>Ottieni la custodia pi\u00f9 elegante per le tue capsule!<\/strong><br \/>\nOrdina ora e goditi il <strong>vaping<\/strong> discreto <strong>con \u00c4RiS &amp; FX MINI<\/strong> - pulito, sicuro, veloce e assolutamente a prova di odore!<\/p>\n<h3>Domande frequenti (FAQ)<\/h3>\n<p><b>Con quali vaporizzatori \u00e8 compatibile il Capsule Caddy?<\/b>  Questa custodia \u00e8 stata progettata appositamente per le capsule di dosaggio originali (cialde in acciaio) dei modelli WOLKENKRAFT \u00c4RiS, \u00c4RiS ULTRA, FX MINI e FX MINI ULTRA. Non \u00e8 destinato alle capsule di altre marche o modelli. <\/p>\n<p><b>Le capsule di dosaggio sono incluse nella fornitura?<\/b>  No, questo articolo include solo la custodia per capsule (contenitore per il trasporto) con anello portachiavi. Le capsule di dosaggio corrispondenti devono essere acquistate separatamente. <\/p>\n<p><b>Quanto \u00e8 impermeabile il caddy?<\/b>  Il contenitore ha un tappo a vite con un anello di tenuta in gomma integrato. Questo lo rende resistente agli spruzzi e protegge in modo affidabile il contenuto dalla pioggia o dall&#8217;umidit\u00e0 della borsa, ma non \u00e8 destinato all&#8217;immersione o alla completa sommersione per lunghi periodi di tempo. <\/p>\n<h2><strong>Scopra di pi\u00f9: Di pi\u00f9 su Herba di Berna<\/strong><\/h2>\n<p>\u27a1\ufe0f Scopra i nostri <a href=\"https:\/\/www.herbadiberna.ch\/it\/prodotti-per-la-cura-del-cbd\/\">cosmetici al CBD<\/a>!<br \/>\n\u27a1\ufe0f Trovi altri <a href=\"https:\/\/www.herbadiberna.ch\/it\/accessori-cbd\/\">accessori CBD<\/a> per i suoi prodotti.<br \/>\n\u27a1\ufe0f Dia un&#8217;occhiata al nostro <a href=\"https:\/\/www.herbadiberna.ch\/it\/cbd-hashish\/\">CBD Hash<\/a> &amp; <a href=\"https:\/\/www.herbadiberna.ch\/it\/trim-it\/\">CBD Handtrim<\/a>!<\/p>\n<\/div>\n<\/div>\n<\/div>\n<\/div>\n","protected":false},"excerpt":{"rendered":"<p>Il Portacapsule WOLKENKRAFT, con la sua elegante finitura &#8216;gun metal&#8217;, \u00e8 la soluzione premium per i viaggi. Trasporta fino a 5 capsule di dosaggio (per \u00c4RiS &amp; FX MINI) completamente a prova di odori e impermeabili. Include un anello portachiavi. (Consegna senza capsule).   <\/p>\n","protected":false},"featured_media":71752,"comment_status":"open","ping_status":"closed","template":"","meta":{"inline_featured_image":false},"product_brand":[],"product_cat":[1149],"product_tag":[1386],"class_list":{"0":"post-71748","1":"product","2":"type-product","3":"status-publish","4":"has-post-thumbnail","6":"product_cat-ricambi-per-vape","7":"product_tag-nuovo-it","8":"pa_marke-wolkenkraft-it","9":"pif-has-gallery","11":"first","12":"outofstock","13":"taxable","14":"shipping-taxable","15":"purchasable","16":"product-type-simple"},"_links":{"self":[{"href":"https:\/\/www.herbadiberna.ch\/it\/wp-json\/wp\/v2\/product\/71748","targetHints":{"allow":["GET"]}}],"collection":[{"href":"https:\/\/www.herbadiberna.ch\/it\/wp-json\/wp\/v2\/product"}],"about":[{"href":"https:\/\/www.herbadiberna.ch\/it\/wp-json\/wp\/v2\/types\/product"}],"replies":[{"embeddable":true,"href":"https:\/\/www.herbadiberna.ch\/it\/wp-json\/wp\/v2\/comments?post=71748"}],"wp:featuredmedia":[{"embeddable":true,"href":"https:\/\/www.herbadiberna.ch\/it\/wp-json\/wp\/v2\/media\/71752"}],"wp:attachment":[{"href":"https:\/\/www.herbadiberna.ch\/it\/wp-json\/wp\/v2\/media?parent=71748"}],"wp:term":[{"taxonomy":"product_brand","embeddable":true,"href":"https:\/\/www.herbadiberna.ch\/it\/wp-json\/wp\/v2\/product_brand?post=71748"},{"taxonomy":"product_cat","embeddable":true,"href":"https:\/\/www.herbadiberna.ch\/it\/wp-json\/wp\/v2\/product_cat?post=71748"},{"taxonomy":"product_tag","embeddable":true,"href":"https:\/\/www.herbadiberna.ch\/it\/wp-json\/wp\/v2\/product_tag?post=71748"}],"curies":[{"name":"wp","href":"https:\/\/api.w.org\/{rel}","templated":true}]}}