{"id":71698,"date":"2025-11-04T15:34:09","date_gmt":"2025-11-04T14:34:09","guid":{"rendered":"https:\/\/www.herbadiberna.ch\/wolkenkraft-aeris-ultra-tappo-antipolvere-3-pezzi\/"},"modified":"2026-05-01T07:36:08","modified_gmt":"2026-05-01T06:36:08","slug":"wolkenkraft-aeris-ultra-tappo-antipolvere-3-pezzi","status":"publish","type":"product","link":"https:\/\/www.herbadiberna.ch\/it\/prodotto\/wolkenkraft-aeris-ultra-tappo-antipolvere-3-pezzi\/","title":{"rendered":"Wolkenkraft \u00c4ris Ultra tappo per la polvere in confezione da 3 pezzi"},"content":{"rendered":"<div class=\"flex max-w-full flex-col flex-grow\">\n<div class=\"min-h-8 text-message flex w-full flex-col items-end gap-2 whitespace-normal break-words text-start [.text-message+&amp;]:mt-5\" dir=\"auto\">\n<div class=\"flex w-full flex-col gap-1 empty:hidden first:pt-[3px]\">\n<div class=\"markdown prose w-full break-words dark:prose-invert light\">\n<h2><strong>Acquistare il tappo antipolvere WOLKENKRAFT \u00c4RiS ULTRA (confezione da 3)<\/strong><\/h2>\n<p><strong>Acquisti subito il tappo<\/strong> <strong>antipolvere<\/strong> <strong>WOLKENKRAFT \u00c4RiS ULTRA e mantenga pulito il suo bocchino!<br \/>\n<\/strong>Il nostro <strong>tappo antipolvere originale WOLKENKRAFT<\/strong> \u00e8 stato sviluppato esclusivamente per \u00c4RiS ULTRA ed \u00e8 ideale per mantenere igienicamente pulito il bocchino quando \u00e8 in giro.<br \/>\nGrazie al tappo flessibile in silicone, il bocchino in vetro \u00e8 protetto in modo affidabile da polvere, pelucchi e sporcizia nella tasca dei pantaloni o nello zaino.<\/p>\n<h2><strong>Caratteristiche del prodotto del parapolvere \u00c4RiS ULTRA<\/strong><\/h2>\n<ul>\n<li><strong>Compatibilit\u00e0 esclusiva:<\/strong> accessori originali, perfetti al 100% solo per WOLKENKRAFT \u00c4RiS ULTRA.<\/li>\n<li><strong>Igiene perfetta:<\/strong> protegge in modo affidabile il bocchino in vetro da polvere, pelucchi e sporcizia.<\/li>\n<li><strong>Materiale di alta qualit\u00e0:<\/strong> realizzato in silicone flessibile e sicuro per gli alimenti - resistente e facile da pulire.<\/li>\n<li><strong>Protezione in movimento:<\/strong> un accessorio essenziale per chi porta \u00c4RiS ULTRA nella tasca dei pantaloni.<\/li>\n<li><strong>Pratica confezione da 3:<\/strong> abbia sempre a portata di mano un tappo nel caso in cui uno si perda o debba essere pulito.<\/li>\n<\/ul>\n<h2><strong>Dettagli tecnici della cuffia di protezione <\/strong><strong>berretto antipolvere \u00c4RiS ULTRA<\/strong><\/h2>\n<ul>\n<li><strong>Modello:<\/strong> WOLKENKRAFT \u00c4RiS ULTRA coperchio antipolvere<\/li>\n<li><strong>Materiale:<\/strong> silicone per uso alimentare<\/li>\n<li><strong>Colore:<\/strong> nero<\/li>\n<li><strong>Compatibile con:<\/strong> Solo per WOLKENKRAFT \u00c4RiS ULTRA<\/li>\n<li><strong>Nota:<\/strong> non \u00e8 compatibile con \u00c4RiS (standard) o FX MINI.<\/li>\n<\/ul>\n<h2><strong>Ambito di consegna <\/strong><strong>Cappuccio antipolvere \u00c4RiS ULTRA<\/strong><\/h2>\n<ul>\n<li>3x Cappello antipolvere WOLKENKRAFT \u00c4RiS ULTRA<\/li>\n<\/ul>\n<h2><strong>Perch\u00e9 acquistare un parapolvere WOLKENKRAFT \u00c4RiS ULTRA?<\/strong><\/h2>\n<p>Il cappuccio antipolvere \u00c4RiS ULTRA offre un comfort senza pari e garantisce un&#8217;esperienza di vaping sempre igienica, proteggendo il bocchino sensibile dallo sporco quotidiano.<br \/>\nPerfetto per chi cerca una soluzione pulita e durevole per il suo vaporizzatore di qualit\u00e0 superiore - nella qualit\u00e0 <strong>degli accessori<\/strong> originali <strong>WOLKENKRAFT<\/strong>.<\/p>\n<h2><strong>Esperienza del cliente con il parapolvere<\/strong><\/h2>\n<p>Molti utenti riferiscono che il bocchino rimane finalmente privo di pelucchi grazie al tappo e possono mettere il vaporizzatore in tasca senza preoccupazioni.<br \/>\nIl materiale flessibile e la perfetta vestibilit\u00e0 rendono questo accessorio particolarmente popolare.<\/p>\n<h2><strong>Acquisti ora la cuffia antipolvere WOLKENKRAFT \u00c4RiS ULTRA e si assicuri l&#8217;igiene!<\/strong><\/h2>\n<p><strong>Scopra gli accessori pi\u00f9 intelligenti per il suo \u00c4RiS ULTRA!<\/strong><br \/>\nOrdini ora e sperimenti il <strong>vaping<\/strong> pulito <strong>con \u00c4RiS ULTRA<\/strong> - semplice, pulito e protetto!<\/p>\n<h2><strong>Scopra di pi\u00f9: Di pi\u00f9 su Herba di Berna<\/strong><\/h2>\n<p>\u27a1\ufe0f Sta cercando il CBD giusto? Dia un&#8217;occhiata al nostro <a href=\"https:\/\/www.herbadiberna.ch\/it\/trim-it\/\">CBD Trim<\/a>!<br \/>\n\u27a1\ufe0f Scopra anche i nostri <a href=\"https:\/\/www.herbadiberna.ch\/it\/olio-di-cbd\/\">oli di CBD<\/a>.<br \/>\n<a href=\"https:\/\/www.herbadiberna.ch\/it\/prodotti-per-la-cura-del-cbd\/\">\u27a1\ufe0f Per saperne di pi\u00f9 sui cosmetici al CBD di Herba di Berna<\/a><\/p>\n<\/div>\n<\/div>\n<\/div>\n<\/div>\n","protected":false},"excerpt":{"rendered":"<div id=\"model-response-message-contentr_fd1e61aadc661d4a\" class=\"markdown markdown-main-panel stronger enable-updated-hr-color\" dir=\"ltr\" aria-live=\"polite\" aria-busy=\"false\">\n<p>Il <b>tappo antipolvere originale WOLKENKRAFT<\/b> per <b>\u00c4RiS ULTRA<\/b> in una pratica <b>confezione da 3 pezzi<\/b>. Protegge in modo affidabile il bocchino in vetro da polvere, lanugine e sporcizia nella tasca dei pantaloni. Un accessorio indispensabile per ogni proprietario di \u00c4RiS ULTRA che tiene all&#8217;igiene e alla protezione.  <\/p>\n<\/div>\n","protected":false},"featured_media":71693,"comment_status":"open","ping_status":"closed","template":"","meta":{"inline_featured_image":false},"product_brand":[],"product_cat":[1149],"product_tag":[1386],"class_list":{"0":"post-71698","1":"product","2":"type-product","3":"status-publish","4":"has-post-thumbnail","6":"product_cat-ricambi-per-vape","7":"product_tag-nuovo-it","8":"pa_marke-wolkenkraft-it","9":"pif-has-gallery","11":"first","12":"instock","13":"taxable","14":"shipping-taxable","15":"purchasable","16":"product-type-simple"},"_links":{"self":[{"href":"https:\/\/www.herbadiberna.ch\/it\/wp-json\/wp\/v2\/product\/71698","targetHints":{"allow":["GET"]}}],"collection":[{"href":"https:\/\/www.herbadiberna.ch\/it\/wp-json\/wp\/v2\/product"}],"about":[{"href":"https:\/\/www.herbadiberna.ch\/it\/wp-json\/wp\/v2\/types\/product"}],"replies":[{"embeddable":true,"href":"https:\/\/www.herbadiberna.ch\/it\/wp-json\/wp\/v2\/comments?post=71698"}],"wp:featuredmedia":[{"embeddable":true,"href":"https:\/\/www.herbadiberna.ch\/it\/wp-json\/wp\/v2\/media\/71693"}],"wp:attachment":[{"href":"https:\/\/www.herbadiberna.ch\/it\/wp-json\/wp\/v2\/media?parent=71698"}],"wp:term":[{"taxonomy":"product_brand","embeddable":true,"href":"https:\/\/www.herbadiberna.ch\/it\/wp-json\/wp\/v2\/product_brand?post=71698"},{"taxonomy":"product_cat","embeddable":true,"href":"https:\/\/www.herbadiberna.ch\/it\/wp-json\/wp\/v2\/product_cat?post=71698"},{"taxonomy":"product_tag","embeddable":true,"href":"https:\/\/www.herbadiberna.ch\/it\/wp-json\/wp\/v2\/product_tag?post=71698"}],"curies":[{"name":"wp","href":"https:\/\/api.w.org\/{rel}","templated":true}]}}