{"id":71680,"date":"2025-11-04T15:05:02","date_gmt":"2025-11-04T14:05:02","guid":{"rendered":"https:\/\/www.herbadiberna.ch\/capsula-dosatrice-wolkenkraft-aeris-ultra-fx-mini\/"},"modified":"2026-04-30T04:24:26","modified_gmt":"2026-04-30T03:24:26","slug":"capsula-dosatrice-wolkenkraft-aeris-ultra-fx-mini","status":"publish","type":"product","link":"https:\/\/www.herbadiberna.ch\/it\/prodotto\/capsula-dosatrice-wolkenkraft-aeris-ultra-fx-mini\/","title":{"rendered":"Wolkenkraft \u00c4ris \/ Capsula dosatrice FX Mini"},"content":{"rendered":"<div class=\"flex max-w-full flex-col flex-grow\">\n<div class=\"min-h-8 text-message flex w-full flex-col items-end gap-2 whitespace-normal break-words text-start [.text-message+&amp;]:mt-5\" dir=\"auto\">\n<div class=\"flex w-full flex-col gap-1 empty:hidden first:pt-[3px]\">\n<div class=\"markdown prose w-full break-words dark:prose-invert light\">\n<h2><strong>Acquistare la capsula dosatrice WOLKENKRAFT (1 pezzo \/ 5 pezzi)<\/strong><\/h2>\n<p><strong>Acquisti ora la sua capsula di dosaggio WOLKENKRAFT e svapi in modo pulito e discreto anche in viaggio!<br \/>\n<\/strong>La nostra <strong>capsula di dosaggio originale WOLKENKRAFT<\/strong> per le erbe \u00e8 l&#8217;aggiunta perfetta al suo vaporizzatore. \u00c8 ideale per preparare le sue sessioni - per la massima discrezione e flessibilit\u00e0 in viaggio.<br \/>\nGrazie alle capsule in acciaio inox, la camera di riscaldamento del suo dispositivo rimane pulita, riducendo drasticamente il lavoro di pulizia. Scelga tra la capsula singola per la prova o la pratica confezione da 5 per fare scorta.  <\/p>\n<h2><strong>Caratteristiche del prodotto delle capsule di dosaggio WOLKENKRAFT<\/strong><\/h2>\n<ul>\n<li><strong>Compatibilit\u00e0 perfetta:<\/strong> accessori originali, adatti a WOLKENKRAFT FX MINI, \u00c4RIS &amp; \u00c4RIS ULTRA.<\/li>\n<li><strong>Massima pulizia:<\/strong> la camera di riscaldamento rimane priva di residui di erbe, il che rende molto pi\u00f9 facile la pulizia.<\/li>\n<li><strong>Ideale per i viaggi:<\/strong> basta pre-riempire le capsule a casa e cambiarle in modo rapido e discreto in viaggio<strong>.<\/strong> <\/li>\n<li><strong>Micro-dosaggio preciso:<\/strong> consente di dosare con precisione le erbe per ogni sessione.<\/li>\n<li><strong>Materiale di alta qualit\u00e0:<\/strong> realizzato al 100% in acciaio inox - resistente e insapore.<\/li>\n<li><strong>Varianti:<\/strong> Disponibile come capsula singola (1 pezzo) o come confezione da 5 pezzi.<\/li>\n<\/ul>\n<h2><strong>Dettagli del prodotto per <\/strong><strong>WOLKENKRAFT capsule dosatrici<\/strong><\/h2>\n<ul>\n<li><strong>Modello:<\/strong> capsula dosatrice WOLKENKRAFT (Pod in acciaio)<\/li>\n<li><strong>Varianti:<\/strong> 1 pezzo o confezione da 5 (a seconda della selezione)<\/li>\n<li><strong>Materiale:<\/strong> acciaio inossidabile<\/li>\n<li><strong>Applicazione:<\/strong> Solo per erbe secche<\/li>\n<li><strong>Compatibile con:<\/strong> <a href=\"https:\/\/www.herbadiberna.ch\/it\/produkt\/fx-mini\/\">FX MINI<\/a>, \u00c4RIS, <a href=\"https:\/\/www.herbadiberna.ch\/it\/produkt\/cloudpower-aeris\/\">\u00c4RIS ULTRA<\/a><\/li>\n<\/ul>\n<h2><strong>Ambito di consegna delle <\/strong><strong>Capsule dosatrici WOLKENKRAFT<\/strong><\/h2>\n<ul>\n<li>1x capsula dosatrice WOLKENKRAFT (singola)<\/li>\n<li><em>O<\/em><\/li>\n<li>1x capsule dosatrici WOLKENKRAFT (confezione da 5 pezzi)<\/li>\n<\/ul>\n<h2><strong>Perch\u00e9 acquistare le capsule dosatrici WOLKENKRAFT?<\/strong><\/h2>\n<p>Le capsule di dosaggio WOLKENKRAFT (note anche come Steel Pods) offrono una comodit\u00e0 senza pari e garantiscono una maggiore durata del suo vaporizzatore, poich\u00e9 la camera \u00e8 protetta in modo ottimale.<br \/>\nPerfetto per chi cerca una soluzione rapida, pulita e discreta per il <strong>vaping in movimento<\/strong> - con la qualit\u00e0 originale WOLKENKRAFT.<\/p>\n<h2><strong>Esperienza del cliente con le capsule di dosaggio<\/strong><\/h2>\n<p>Molti utenti riferiscono di un enorme risparmio di tempo per la pulizia e di una facile maneggevolezza durante i viaggi o le feste.<br \/>\nLa possibilit\u00e0 di preparare capsule e il dosaggio preciso rendono questo accessorio particolarmente popolare.<\/p>\n<h2><strong>Acquisti ora le capsule dosatrici WOLKENKRAFT e sperimenti la convenienza!<\/strong><\/h2>\n<p><strong>Scopra gli accessori pi\u00f9 intelligenti per il suo vaporizzatore!<\/strong><br \/>\nOrdini ora e sperimenti il vaping pulito con FX MINI, \u00c4RIS e \u00c4RIS ULTRA! - semplice, pulito ed efficiente! <\/p>\n<h3>Domande frequenti (FAQ)<\/h3>\n<p><b>Perch\u00e9 dovrei usare le capsule dosatrici?<\/b>  Le capsule di dosaggio mantengono pulita la camera di riscaldamento del vaporizzatore, in quanto le erbe non entrano in contatto diretto con la parete della camera. Questo riduce notevolmente il lavoro di pulizia e le permette di preparare le capsule per il viaggio e di cambiarle rapidamente.<\/p>\n<p><b>Con quali vaporizzatori sono compatibili queste capsule?<\/b>  Queste capsule sono accessori originali di WOLKENKRAFT e si adattano esattamente ai modelli FX MINI, \u00c4RIS (standard) e \u00c4RIS ULTRA. Non sono adatti ad apparecchi di altre marche o ad altri modelli WOLKENKRAFT (come il FENiX).<\/p>\n<p><b>Posso usare le capsule anche per gli oli o l&#8217;hashish?<\/b>  No, queste capsule (Steel Pods) sono progettate esclusivamente per l&#8217;uso di erbe secche e macinate. L&#8217;uso di resine (hashish) o oli incollerebbe le capsule tra loro e bloccherebbe il flusso d&#8217;aria.<\/p>\n<h2><strong>Scopra di pi\u00f9: Di pi\u00f9 su Herba di Berna<\/strong><\/h2>\n<p>\u27a1\ufe0f Se \u00e8 ancora alla ricerca di fiori da utilizzare, consulti <a href=\"https:\/\/www.herbadiberna.ch\/it\/trim-it\/\">CBD Handtrim<\/a>!<br \/>\n\u27a1\ufe0f Scopra anche la nostra <a href=\"https:\/\/www.herbadiberna.ch\/it\/prodotti-per-la-cura-del-cbd\/\">linea di cosmetici al CBD<\/a>.<br \/>\n<a href=\"https:\/\/www.herbadiberna.ch\/it\/vaporizzatori\/\">\u27a1\ufe0f Scopra altri accessori<\/a><\/p>\n<\/div>\n<\/div>\n<\/div>\n<\/div>\n","protected":false},"excerpt":{"rendered":"<p>La <b>capsula dosatrice originale WOLKENKRAFT<\/b> (cialda in acciaio) \u00e8 l&#8217;accessorio indispensabile per il suo vaporizzatore <b>FX MINI, \u00c4RIS o \u00c4RIS ULTRA<\/b>. Perfetto per chi \u00e8 in viaggio: basta pre-compilare le capsule, per mantenere pulita la camera di riscaldamento e ridurre al minimo le operazioni di pulizia. Scelga tra la capsula singola o la pratica confezione da 5 capsule, per la massima flessibilit\u00e0.  <\/p>\n","protected":false},"featured_media":71679,"comment_status":"closed","ping_status":"closed","template":"","meta":{"inline_featured_image":false},"product_brand":[],"product_cat":[1149],"product_tag":[],"class_list":{"0":"post-71680","1":"product","2":"type-product","3":"status-publish","4":"has-post-thumbnail","6":"product_cat-ricambi-per-vape","7":"pa_marke-wolkenkraft-it","8":"pif-has-gallery","10":"first","11":"instock","12":"taxable","13":"shipping-taxable","14":"purchasable","15":"product-type-variable","16":"rtwpvs-product"},"_links":{"self":[{"href":"https:\/\/www.herbadiberna.ch\/it\/wp-json\/wp\/v2\/product\/71680","targetHints":{"allow":["GET"]}}],"collection":[{"href":"https:\/\/www.herbadiberna.ch\/it\/wp-json\/wp\/v2\/product"}],"about":[{"href":"https:\/\/www.herbadiberna.ch\/it\/wp-json\/wp\/v2\/types\/product"}],"replies":[{"embeddable":true,"href":"https:\/\/www.herbadiberna.ch\/it\/wp-json\/wp\/v2\/comments?post=71680"}],"wp:featuredmedia":[{"embeddable":true,"href":"https:\/\/www.herbadiberna.ch\/it\/wp-json\/wp\/v2\/media\/71679"}],"wp:attachment":[{"href":"https:\/\/www.herbadiberna.ch\/it\/wp-json\/wp\/v2\/media?parent=71680"}],"wp:term":[{"taxonomy":"product_brand","embeddable":true,"href":"https:\/\/www.herbadiberna.ch\/it\/wp-json\/wp\/v2\/product_brand?post=71680"},{"taxonomy":"product_cat","embeddable":true,"href":"https:\/\/www.herbadiberna.ch\/it\/wp-json\/wp\/v2\/product_cat?post=71680"},{"taxonomy":"product_tag","embeddable":true,"href":"https:\/\/www.herbadiberna.ch\/it\/wp-json\/wp\/v2\/product_tag?post=71680"}],"curies":[{"name":"wp","href":"https:\/\/api.w.org\/{rel}","templated":true}]}}