{"id":69030,"date":"2025-09-16T15:15:20","date_gmt":"2025-09-16T14:15:20","guid":{"rendered":"https:\/\/www.herbadiberna.ch\/carte-arrotolabili-pace-e-natura-perche-no-di-ivan-art\/"},"modified":"2026-04-20T13:44:13","modified_gmt":"2026-04-20T12:44:13","slug":"carte-arrotolabili-pace-e-natura-perche-no-di-ivan-art","status":"publish","type":"product","link":"https:\/\/www.herbadiberna.ch\/it\/prodotto\/carte-arrotolabili-pace-e-natura-perche-no-di-ivan-art\/","title":{"rendered":"Carte arrotolabili Pace e Natura - Perch\u00e9 no di Ivan Art"},"content":{"rendered":"<h2><strong>Acquistare i Rolling Papers Peace &amp; Nature - Why Not di Ivan Art<\/strong><\/h2>\n<p><strong>Acquisti i Rolling Papers Peace &amp; Nature e sperimenti l&#8217;arte dei cartoni animati con un tocco di armonia<\/strong>. L&#8217;edizione di <strong>Ivan Art<\/strong> mostra una scena pacifica nella foresta: persone sedute in cerchio, simboli come lo yin-yang, il cuore e il globo simboleggiano la tolleranza, il rispetto e la cooperazione. Con queste carte, non solo gira con stile, ma fa anche una dichiarazione per la comunit\u00e0.  <\/p>\n<h2><strong>Perch\u00e9 i Papers Peace &amp; Nature sono cos\u00ec speciali<\/strong><\/h2>\n<p>Le <strong>cartine Why Not di Ivan Art<\/strong> combinano qualit\u00e0 e messaggio creativo. La carta ultrasottile assicura una <strong>combustione uniforme<\/strong> e rimane piacevole al tatto. Il <strong>motivo Peace &amp; Nature<\/strong> trasforma ogni libretto in un oggetto da collezione - perfetto per tutti coloro che prediligono l&#8217;individualit\u00e0 e celebrano la vicinanza alla natura durante la rollatura.  <\/p>\n<ul>\n<li><strong>Formato King size slim<\/strong> - ideale per coni perfettamente attorcigliati<\/li>\n<li><strong>Carta sottile, a combustione lenta<\/strong>, per un&#8217;esperienza di fumo rilassante<\/li>\n<li><strong>Motivo artistico a fumetti &#8220;Pace e Natura&#8221;<\/strong> di Ivan Art<\/li>\n<li><strong>Struttura piacevole<\/strong> - facile da rotolare, maneggevolezza stabile<\/li>\n<li><strong>Negozio online svizzero<\/strong> - consegna rapida e discreta<\/li>\n<\/ul>\n<h2><strong>Per gli amanti della natura in Svizzera<\/strong><\/h2>\n<p>L&#8217;edizione &#8220;Peace &amp; Nature&#8221; \u00e8 pi\u00f9 di un semplice pacchetto di foglie: \u00e8 un&#8217;opera d&#8217;arte a fumetti e un messaggio di tolleranza e rispetto. Abbinate ai <a href=\"https:\/\/www.herbadiberna.ch\/it\/fiori-di-cbd\/\">fiori di CBD<\/a> o all&#8217;<a href=\"https:\/\/www.herbadiberna.ch\/it\/cbd-hashish\/\">hashish di CBD<\/a>, queste carte sono un vero highlight. Perfette per tutti coloro che acquistano carte da rollare in Svizzera e che prediligono i disegni creativi.  <\/p>\n<h2><strong>Acquista ora le cartine rollanti Pace e Natura<\/strong><\/h2>\n<p>Ordini le <strong>carte Why Not di Ivan Art<\/strong> con il motivo &#8220;Peace &amp; Nature&#8221; e provi come l&#8217;arte e il messaggio arricchiscono la sua esperienza di fumatore.<br \/>\n\ud83d\udc49 S <a href=\"https:\/\/www.herbadiberna.ch\/it\/accessori-cbd\/\">copra gli altri prodotti accessori CBD<\/a><br \/>\n\ud83d\udc49 <a href=\"https:\/\/www.herbadiberna.ch\/it\/fiori-di-cbd\/\">Guardi la gamma di fiori CBD<\/a><br \/>\n\ud83d\udc49    <a href=\"https:\/\/www.herbadiberna.ch\/it\/cbd-hashish\/\">Acquista il CBD hashish online<\/a><\/p>\n","protected":false},"excerpt":{"rendered":"<p data-pm-slice=\"1 1 []\">Acquisti Rolling Papers Peace &amp; Nature - carte per cartoni animati in formato king size slim. La carta sottile, che brucia in modo uniforme, incontra il creativo Ivan Art Design dalla Svizzera. <\/p>\n","protected":false},"featured_media":69029,"comment_status":"closed","ping_status":"closed","template":"","meta":{"inline_featured_image":false},"product_brand":[],"product_cat":[370,372],"product_tag":[1386],"class_list":{"0":"post-69030","1":"product","2":"type-product","3":"status-publish","4":"has-post-thumbnail","6":"product_cat-accessori-cbd","7":"product_cat-papi-filtri-macinino","8":"product_tag-nuovo-it","9":"pa_marke-ivan-art-it","10":"pif-has-gallery","12":"first","13":"outofstock","14":"taxable","15":"shipping-taxable","16":"purchasable","17":"product-type-simple"},"_links":{"self":[{"href":"https:\/\/www.herbadiberna.ch\/it\/wp-json\/wp\/v2\/product\/69030","targetHints":{"allow":["GET"]}}],"collection":[{"href":"https:\/\/www.herbadiberna.ch\/it\/wp-json\/wp\/v2\/product"}],"about":[{"href":"https:\/\/www.herbadiberna.ch\/it\/wp-json\/wp\/v2\/types\/product"}],"replies":[{"embeddable":true,"href":"https:\/\/www.herbadiberna.ch\/it\/wp-json\/wp\/v2\/comments?post=69030"}],"wp:featuredmedia":[{"embeddable":true,"href":"https:\/\/www.herbadiberna.ch\/it\/wp-json\/wp\/v2\/media\/69029"}],"wp:attachment":[{"href":"https:\/\/www.herbadiberna.ch\/it\/wp-json\/wp\/v2\/media?parent=69030"}],"wp:term":[{"taxonomy":"product_brand","embeddable":true,"href":"https:\/\/www.herbadiberna.ch\/it\/wp-json\/wp\/v2\/product_brand?post=69030"},{"taxonomy":"product_cat","embeddable":true,"href":"https:\/\/www.herbadiberna.ch\/it\/wp-json\/wp\/v2\/product_cat?post=69030"},{"taxonomy":"product_tag","embeddable":true,"href":"https:\/\/www.herbadiberna.ch\/it\/wp-json\/wp\/v2\/product_tag?post=69030"}],"curies":[{"name":"wp","href":"https:\/\/api.w.org\/{rel}","templated":true}]}}