{"id":68914,"date":"2025-09-16T11:45:12","date_gmt":"2025-09-16T10:45:12","guid":{"rendered":"https:\/\/www.herbadiberna.ch\/caos-familiare-di-carta-da-rotolo-perche-no-di-ivan-art\/"},"modified":"2026-04-27T09:07:33","modified_gmt":"2026-04-27T08:07:33","slug":"caos-familiare-di-carta-da-rotolo-perche-no-di-ivan-art","status":"publish","type":"product","link":"https:\/\/www.herbadiberna.ch\/it\/prodotto\/caos-familiare-di-carta-da-rotolo-perche-no-di-ivan-art\/","title":{"rendered":"Caos familiare di carta da rotolo - Perch\u00e9 no di Ivan Art"},"content":{"rendered":"<h2><strong>Perch\u00e9 non acquistare Papes Papers Family Chaos - Why Not di Ivan Art<\/strong><\/h2>\n<p><strong>Perch\u00e9 non acquistare Papes Family Chaos e aggiornare i suoi accessori con un divertente design da cartone animato<\/strong>? Questa edizione di <strong>Ivan Art<\/strong> mostra una caotica scena familiare piena di energia, umorismo ed esagerazione - un motivo creativo che far\u00e0 sicuramente parlare di s\u00e9. Ordini subito le carte dal negozio online svizzero e sperimenti l&#8217;arte dei cartoni animati mentre spara.  <\/p>\n<h2><strong>Perch\u00e9 il Caos familiare dei Papi non \u00e8 cos\u00ec speciale?<\/strong><\/h2>\n<p>Le <strong>carte Why Not di Ivan Art<\/strong> combinano l&#8217;alta qualit\u00e0 della carta con un motivo insolito. La carta ultrasottile King Size Slim garantisce una <strong>combustione uniforme<\/strong> e rimane piacevole al tatto. Il <strong>motivo Family Chaos<\/strong> rende ogni libretto unico e aggiunge divertimento alla sua collezione.  <\/p>\n<ul>\n<li><strong>Formato King size slim<\/strong> - ideale per i coni e anche per la tornitura<\/li>\n<li><strong>Carta sottile, a combustione lenta<\/strong>, per un divertimento rilassante<\/li>\n<li><strong>Motivo artistico a fumetti &#8220;Caos familiare&#8221;<\/strong> di Ivan Art<\/li>\n<li><strong>Struttura piacevole<\/strong> - facile da rotolare<\/li>\n<li><strong>Negozio online svizzero<\/strong> - consegna rapida e discreta<\/li>\n<\/ul>\n<h2><strong>Per i creativi che girano da soli in Svizzera<\/strong><\/h2>\n<p>L&#8217;edizione &#8220;Family Chaos&#8221; non \u00e8 solo un pacchetto di carte, ma un&#8217;opera d&#8217;arte a fumetti. Che si tratti di <a href=\"https:\/\/www.herbadiberna.ch\/it\/fiori-di-cbd\/\">fiori di CBD<\/a> o di <a href=\"https:\/\/www.herbadiberna.ch\/it\/cbd-hashish\/\">hashish di CBD<\/a>, queste carte combinano umorismo e funzionalit\u00e0. Ideali per tutti coloro che desiderano acquistare carte da rollare in Svizzera e combinare il divertimento con il design.  <\/p>\n<h2><strong>Acquista ora i documenti di Why not Papers Family Chaos<\/strong><\/h2>\n<p>Ordini le <strong>carte Why Not di Ivan Art<\/strong> con il motivo &#8220;Family Chaos&#8221; e provi come l&#8217;arte dei cartoni animati rende unici i suoi accessori.<br \/>\n\ud83d\udc49 S <a href=\"https:\/\/www.herbadiberna.ch\/it\/accessori-cbd\/\">copra gli altri prodotti accessori CBD<\/a><br \/>\n\ud83d\udc49 <a href=\"https:\/\/www.herbadiberna.ch\/it\/fiori-di-cbd\/\">Guardi la gamma di fiori CBD<\/a><br \/>\n\ud83d\udc49    <a href=\"https:\/\/www.herbadiberna.ch\/it\/cbd-hashish\/\">Acquista il CBD hashish online<\/a><\/p>\n","protected":false},"excerpt":{"rendered":"<p>Acquista Rolling Papers Family Chaos - carte per cartoni animati in formato king size slim. Carta sottile, che brucia in modo uniforme, con un design creativo Ivan Art, proveniente dalla Svizzera. <\/p>\n","protected":false},"featured_media":69082,"comment_status":"open","ping_status":"closed","template":"","meta":{"inline_featured_image":false},"product_brand":[],"product_cat":[370,372],"product_tag":[1386],"class_list":{"0":"post-68914","1":"product","2":"type-product","3":"status-publish","4":"has-post-thumbnail","6":"product_cat-accessori-cbd","7":"product_cat-papi-filtri-macinino","8":"product_tag-nuovo-it","9":"pa_marke-ivan-art-it","10":"pif-has-gallery","12":"first","13":"outofstock","14":"taxable","15":"shipping-taxable","16":"purchasable","17":"product-type-simple"},"_links":{"self":[{"href":"https:\/\/www.herbadiberna.ch\/it\/wp-json\/wp\/v2\/product\/68914","targetHints":{"allow":["GET"]}}],"collection":[{"href":"https:\/\/www.herbadiberna.ch\/it\/wp-json\/wp\/v2\/product"}],"about":[{"href":"https:\/\/www.herbadiberna.ch\/it\/wp-json\/wp\/v2\/types\/product"}],"replies":[{"embeddable":true,"href":"https:\/\/www.herbadiberna.ch\/it\/wp-json\/wp\/v2\/comments?post=68914"}],"wp:featuredmedia":[{"embeddable":true,"href":"https:\/\/www.herbadiberna.ch\/it\/wp-json\/wp\/v2\/media\/69082"}],"wp:attachment":[{"href":"https:\/\/www.herbadiberna.ch\/it\/wp-json\/wp\/v2\/media?parent=68914"}],"wp:term":[{"taxonomy":"product_brand","embeddable":true,"href":"https:\/\/www.herbadiberna.ch\/it\/wp-json\/wp\/v2\/product_brand?post=68914"},{"taxonomy":"product_cat","embeddable":true,"href":"https:\/\/www.herbadiberna.ch\/it\/wp-json\/wp\/v2\/product_cat?post=68914"},{"taxonomy":"product_tag","embeddable":true,"href":"https:\/\/www.herbadiberna.ch\/it\/wp-json\/wp\/v2\/product_tag?post=68914"}],"curies":[{"name":"wp","href":"https:\/\/api.w.org\/{rel}","templated":true}]}}