{"id":68886,"date":"2025-09-15T15:59:31","date_gmt":"2025-09-15T14:59:31","guid":{"rendered":"https:\/\/www.herbadiberna.ch\/gizeh-battiti-di-carta-set-di-4\/"},"modified":"2025-09-15T16:04:22","modified_gmt":"2025-09-15T15:04:22","slug":"gizeh-battiti-di-carta-set-di-4","status":"publish","type":"product","link":"https:\/\/www.herbadiberna.ch\/it\/prodotto\/gizeh-battiti-di-carta-set-di-4\/","title":{"rendered":"GIZEH Battiti di carta Set di 4"},"content":{"rendered":"<h2><strong>Acquisti il set di carta GIZEH - Tutto in una scatola<\/strong><\/h2>\n<p><strong>Acquisti il set di carta GIZEH Beats e si goda la variet\u00e0 completa della Swiss Edition<\/strong>. Questo bundle include tutti i disegni disponibili della serie GIZEH Beats - perfetto per i collezionisti, gli appassionati di musica e tutti coloro che amano la variet\u00e0 quando girano. <\/p>\n<h2><strong>Perch\u00e9 il set di carta GIZEH Beats \u00e8 cos\u00ec speciale<\/strong><\/h2>\n<p>Ogni libretto della Swiss Edition \u00e8 ispirato a diversi stili musicali come la techno, il reggae, l&#8217;hip-hop o il goa. Con questo pacchetto di valore, non solo ottiene carte King Size Slim di alta qualit\u00e0 con filtri attivi, ma anche design eleganti che rendono unici i suoi accessori. <\/p>\n<ul>\n<li><strong>Set completo<\/strong> - tutti i soggetti GIZEH Beats in un&#8217;unica confezione<\/li>\n<li><strong>Carte King Size Slim<\/strong> - 34 fogli ultra-fini ciascuno, 14 g\/m\u00b2<\/li>\n<li><strong>Filtro attivo<\/strong> - 16 pezzi per libretto, riutilizzabile e dal sapore delicato<\/li>\n<li><strong>Disegni eleganti<\/strong> - ispirati alla musica e allo stile di vita<\/li>\n<li><strong>Bundle esclusivo<\/strong> - solo per un breve periodo di tempo a un prezzo speciale<\/li>\n<\/ul>\n<h2><strong>Per i collezionisti e gli amanti dello stile in Svizzera<\/strong><\/h2>\n<p>Questo bundle si rivolge a tutti coloro che non vogliono solo collezionare le carte, ma anche il design. Che si tratti di <a href=\"https:\/\/www.herbadiberna.ch\/it\/fiori-di-cbd\/\">fiori di CBD<\/a> o di <a href=\"https:\/\/www.herbadiberna.ch\/it\/cbd-hashish\/\">hashish di CBD<\/a>, con il GIZEH Beats Box avr\u00e0 variet\u00e0, qualit\u00e0 e un pezzo di musica che si sente a casa. <\/p>\n<h2><strong>Acquista ora il set di carta GIZEH Beats<\/strong><\/h2>\n<p>Ordini <strong>GIZEH Beats Swiss Edition come set completo<\/strong> e ricever\u00e0 tutti i modelli in un&#8217;unica confezione - elegante, pratica e consegnata rapidamente dalla Svizzera.<br \/>\n\ud83d\udc49 S <a href=\"https:\/\/www.herbadiberna.ch\/it\/accessori-cbd\/\">copra gli altri prodotti accessori CBD<\/a><br \/>\n\ud83d\udc49 <a href=\"https:\/\/www.herbadiberna.ch\/it\/fiori-di-cbd\/\">Guardi la gamma di fiori CBD<\/a><br \/>\n\ud83d\udc49    <a href=\"https:\/\/www.herbadiberna.ch\/it\/cbd-hashish\/\">Acquista il CBD hashish online<\/a><\/p>\n","protected":false},"excerpt":{"rendered":"<p>Acquisti il set di carte GIZEH Beats - tutti i soggetti della Swiss Edition in un unico pacchetto. Carte King Size Slim + Filtro Attivo in una confezione conveniente, veloce in Svizzera. <\/p>\n","protected":false},"featured_media":68734,"comment_status":"open","ping_status":"closed","template":"","meta":{"inline_featured_image":false},"product_brand":[],"product_cat":[370,372],"product_tag":[1386],"class_list":{"0":"post-68886","1":"product","2":"type-product","3":"status-publish","4":"has-post-thumbnail","6":"product_cat-accessori-cbd","7":"product_cat-papi-filtri-macinino","8":"product_tag-nuovo-it","9":"pa_marke-giza","10":"pif-has-gallery","12":"first","13":"instock","14":"taxable","15":"shipping-taxable","16":"purchasable","17":"product-type-simple"},"_links":{"self":[{"href":"https:\/\/www.herbadiberna.ch\/it\/wp-json\/wp\/v2\/product\/68886","targetHints":{"allow":["GET"]}}],"collection":[{"href":"https:\/\/www.herbadiberna.ch\/it\/wp-json\/wp\/v2\/product"}],"about":[{"href":"https:\/\/www.herbadiberna.ch\/it\/wp-json\/wp\/v2\/types\/product"}],"replies":[{"embeddable":true,"href":"https:\/\/www.herbadiberna.ch\/it\/wp-json\/wp\/v2\/comments?post=68886"}],"wp:featuredmedia":[{"embeddable":true,"href":"https:\/\/www.herbadiberna.ch\/it\/wp-json\/wp\/v2\/media\/68734"}],"wp:attachment":[{"href":"https:\/\/www.herbadiberna.ch\/it\/wp-json\/wp\/v2\/media?parent=68886"}],"wp:term":[{"taxonomy":"product_brand","embeddable":true,"href":"https:\/\/www.herbadiberna.ch\/it\/wp-json\/wp\/v2\/product_brand?post=68886"},{"taxonomy":"product_cat","embeddable":true,"href":"https:\/\/www.herbadiberna.ch\/it\/wp-json\/wp\/v2\/product_cat?post=68886"},{"taxonomy":"product_tag","embeddable":true,"href":"https:\/\/www.herbadiberna.ch\/it\/wp-json\/wp\/v2\/product_tag?post=68886"}],"curies":[{"name":"wp","href":"https:\/\/api.w.org\/{rel}","templated":true}]}}