{"id":65236,"date":"2025-06-26T11:14:32","date_gmt":"2025-06-26T10:14:32","guid":{"rendered":"https:\/\/www.herbadiberna.ch\/coni-medusa-filtro-a-carbone-attivo-viola-3-pz\/"},"modified":"2026-04-06T04:42:12","modified_gmt":"2026-04-06T03:42:12","slug":"coni-medusa-filtro-a-carbone-attivo-viola-3-pz","status":"publish","type":"product","link":"https:\/\/www.herbadiberna.ch\/it\/prodotto\/coni-medusa-filtro-a-carbone-attivo-viola-3-pz\/","title":{"rendered":"Coni Medusa - Filtro a carbone attivo - Viola (3 pz.)"},"content":{"rendered":"<div class=\"flex max-w-full flex-col flex-grow\">\n<div class=\"min-h-8 text-message flex w-full flex-col items-end gap-2 whitespace-normal break-words text-start [.text-message+&amp;]:mt-5\" dir=\"auto\">\n<div class=\"flex w-full flex-col gap-1 empty:hidden first:pt-[3px]\">\n<div class=\"markdown prose w-full break-words dark:prose-invert light\">\n<h2><strong>Coni pre-rollati VIOLET con filtri - per un divertimento di stile<\/strong><\/h2>\n<p><strong>Acquista i filtri VIOLET a coni pre-arrotolati<\/strong> - ideali per chi cerca coni sbiancati con un elegante design del filtro. I coni pre-arrotolati in una pratica confezione da 3 sono pronti per l&#8217;uso immediato e combinano estetica e funzionalit\u00e0: perfetti per un&#8217;esperienza di fumo uniforme senza alcuno sforzo.<\/p>\n<h2><strong>Caratteristiche del prodotto dei coni pre-rollati da 3 pezzi BLEACHED VIOLET<\/strong><\/h2>\n<p>Le caratteristiche pi\u00f9 importanti in sintesi:<\/p>\n<ul>\n<li><strong>Confezione da 3:<\/strong> tre coni sbiancati e pre-torniti per un riempimento rapido e pulito, senza dover fare esperienza di tornitura.<\/li>\n<li><strong>Punte per filtri VIOLET Edition:<\/strong> Filtri colorati dall&#8217;aspetto elegante e dalla piacevole sensazione in bocca: una vera e propria dichiarazione di design.<\/li>\n<li><strong>Lavorazione pulita:<\/strong> Tira in modo uniforme, non piegare, non riarrotolare - semplicemente riempi e godi.<\/li>\n<li><strong>Carta sbiancata: ha un<\/strong> sapore neutro e brucia in modo uniforme, per un&#8217;esperienza di fumo senza fronzoli.<\/li>\n<li><strong>Qualit\u00e0 MedusaFilters:<\/strong> rinomata per le soluzioni di filtraggio innovative e la lavorazione affidabile - direttamente dalla Svizzera.<\/li>\n<\/ul>\n<h2><strong>Perch\u00e9 i coni pre-arrotolati Medusa?<\/strong><\/h2>\n<p>Se vuoi <strong>acquistare coni pre-rollati con filtri VIOLET<\/strong>, apprezzi il comfort, lo stile e la pulizia di utilizzo. Ecco perch\u00e9 questi coni sono la scelta perfetta per tutti coloro che non vogliono fare le torsioni, perch\u00e9 sono subito pronti all&#8217;uso e convincono per la loro qualit\u00e0.<\/p>\n<p>A casa o in viaggio: i coni possono essere riempiti rapidamente e garantiscono una combustione uniforme. Inoltre, i filtri viola non solo hanno un bell&#8217;aspetto, ma offrono anche stabilit\u00e0 e sostegno, il che \u00e8 particolarmente pratico quando si riempiono pi\u00f9 densamente.<\/p>\n<h2><strong>Esperienza cliente con MedusaFilters Cones VIOLET<\/strong><\/h2>\n<p>I nostri clienti ci dicono che apprezzano particolarmente la maneggevolezza e l&#8217;alta qualit\u00e0 del materiale. I filtri mantengono la loro forma e i coni bruciano in modo pulito, rendendoli una scelta popolare per chi vuole combinare design e funzionalit\u00e0.<\/p>\n<h2><strong>Acquista subito i coni Medusa e divertiti con stile!<\/strong><\/h2>\n<p><strong>Rendi speciale il tuo momento di fumare con i coni sbiancati VIOLET Edition di MedusaFilters!<\/strong><br \/>\nOrdina oggi stesso e vivi eleganti momenti di piacere con una consegna rapida e discreta direttamente dalla Svizzera.<\/p>\n<h2><strong>Scopri di pi\u00f9:<\/strong><\/h2>\n<p>\u27a1\ufe0f Stai cercando altri <a href=\"https:\/\/www.herbadiberna.ch\/it\/accessori-cbd\/\">accessori per il CBD<\/a><br \/>\n\u27a1\ufe0f Sono disponibili anche: <a href=\"https:\/\/www.herbadiberna.ch\/it\/fiori-di-cbd\/\">fiori di CBD<\/a><br \/>\n\u27a1\ufe0f Oppure combinati con i nostri prodotti <a href=\"https:\/\/www.herbadiberna.ch\/it\/olio-di-cbd\/\">Olio di CBD<\/a><\/p>\n<\/div>\n<\/div>\n<\/div>\n<\/div>\n","protected":false},"excerpt":{"rendered":"<div class=\"flex max-w-full flex-col flex-grow\">\n<div class=\"min-h-8 text-message flex w-full flex-col items-end gap-2 whitespace-normal break-words text-start [.text-message+&amp;]:mt-5\" dir=\"auto\">\n<div class=\"flex w-full flex-col gap-1 empty:hidden first:pt-[3px]\">\n<div class=\"markdown prose w-full break-words dark:prose-invert light\">\n<p>Coni pre-arrotolati Medusa - Edizione VIOLET: Eleganti coni king size viola con filtri al carbone attivo naturale di cocco per un&#8217;esperienza di fumo liscia e fresca - pre-arrotolati, pronti all&#8217;uso e perfetti per chi apprezza l&#8217;estetica e la qualit\u00e0.<\/p>\n<\/div>\n<\/div>\n<\/div>\n<\/div>\n","protected":false},"featured_media":65222,"comment_status":"open","ping_status":"closed","template":"","meta":{"inline_featured_image":false},"product_brand":[],"product_cat":[370,372],"product_tag":[],"class_list":{"0":"post-65236","1":"product","2":"type-product","3":"status-publish","4":"has-post-thumbnail","6":"product_cat-accessori-cbd","7":"product_cat-papi-filtri-macinino","8":"pif-has-gallery","10":"first","11":"instock","12":"taxable","13":"shipping-taxable","14":"purchasable","15":"product-type-simple"},"_links":{"self":[{"href":"https:\/\/www.herbadiberna.ch\/it\/wp-json\/wp\/v2\/product\/65236","targetHints":{"allow":["GET"]}}],"collection":[{"href":"https:\/\/www.herbadiberna.ch\/it\/wp-json\/wp\/v2\/product"}],"about":[{"href":"https:\/\/www.herbadiberna.ch\/it\/wp-json\/wp\/v2\/types\/product"}],"replies":[{"embeddable":true,"href":"https:\/\/www.herbadiberna.ch\/it\/wp-json\/wp\/v2\/comments?post=65236"}],"wp:featuredmedia":[{"embeddable":true,"href":"https:\/\/www.herbadiberna.ch\/it\/wp-json\/wp\/v2\/media\/65222"}],"wp:attachment":[{"href":"https:\/\/www.herbadiberna.ch\/it\/wp-json\/wp\/v2\/media?parent=65236"}],"wp:term":[{"taxonomy":"product_brand","embeddable":true,"href":"https:\/\/www.herbadiberna.ch\/it\/wp-json\/wp\/v2\/product_brand?post=65236"},{"taxonomy":"product_cat","embeddable":true,"href":"https:\/\/www.herbadiberna.ch\/it\/wp-json\/wp\/v2\/product_cat?post=65236"},{"taxonomy":"product_tag","embeddable":true,"href":"https:\/\/www.herbadiberna.ch\/it\/wp-json\/wp\/v2\/product_tag?post=65236"}],"curies":[{"name":"wp","href":"https:\/\/api.w.org\/{rel}","templated":true}]}}