{"id":63972,"date":"2025-05-20T14:26:13","date_gmt":"2025-05-20T13:26:13","guid":{"rendered":"https:\/\/www.herbadiberna.ch\/?post_type=product&#038;p=63972"},"modified":"2026-04-14T17:29:26","modified_gmt":"2026-04-14T16:29:26","slug":"sacchetto-per-radici-da-38-8-e-16-litri-nero","status":"publish","type":"product","link":"https:\/\/www.herbadiberna.ch\/it\/prodotto\/sacchetto-per-radici-da-38-8-e-16-litri-nero\/","title":{"rendered":"Marsupio Root 3,8\/8 e 16 litri nero"},"content":{"rendered":"<div class=\"flex max-w-full flex-col flex-grow\">\n<div class=\"min-h-8 text-message flex w-full flex-col items-end gap-2 whitespace-normal break-words text-start [.text-message+&amp;]:mt-5\" dir=\"auto\">\n<div class=\"flex w-full flex-col gap-1 empty:hidden first:pt-[3px]\">\n<div class=\"markdown prose w-full break-words dark:prose-invert light\">\n<h2><strong>Acquista il sacchetto per le radici - Nero 3,8L per uno sviluppo sano delle radici<\/strong><\/h2>\n<p>Desidera <strong>acquistare<\/strong> un <strong>Root Pouch<\/strong> e sta cercando un contenitore per piante di alta qualit\u00e0 per la sua <strong>coltivazione di CBD in Svizzera<\/strong>? Allora la linea nera di Root Pouch in vari volumi \u00e8 la scelta perfetta: realizzato con una miscela di fibre naturali sostenibili, questo vaso promuove uno sviluppo ottimale delle radici - senza spirali o congestioni radicali. <\/p>\n<p>La struttura traspirante assicura una potatura attiva delle radici e sostiene un sistema di radici forte e ramificato. Ideale per la coltivazione biologica all&#8217;interno, all&#8217;esterno o in serra. <\/p>\n<h3><strong>Rafforzare le piante di CBD in modo naturale - con il vaso in tessuto Root Pouch<\/strong><\/h3>\n<p>La linea nera di Root Pouch \u00e8 realizzata con materiali riciclati al 100%, \u00e8 priva di BPA, resistente ai raggi UV e semi-biodegradabile. Questo la rende particolarmente ecologica e perfetta per i giardinieri professionisti e per i coltivatori domestici ambiziosi. <\/p>\n<p><strong>Per piante sane fin dall&#8217;inizio:<\/strong> La struttura stabile da 260 g\/m\u00b2 consente un utilizzo flessibile in vaso o direttamente nel terreno. Le sue piante beneficiano di un&#8217;aerazione attiva e di un migliore assorbimento delle sostanze nutritive - senza la necessit\u00e0 di un vaso di plastica. <\/p>\n<h2><strong>Versatile, robusto e sostenibile - per la sua coltivazione di CBD<\/strong><\/h2>\n<p>Il Root Pouch 3,8L \u00e8 pi\u00f9 di un semplice vaso per piante: \u00e8 uno strumento consapevole per il giardinaggio sostenibile e offre condizioni ottimali per le sue piante di canapa, dalla giovane pianta alla forte pianta madre.<\/p>\n<ul>\n<li><strong>Aerazione attiva delle radici ed effetto di potatura delle radici<\/strong><\/li>\n<li><strong>Materiale riciclato - senza BPA e resistente ai raggi UV<\/strong><\/li>\n<li><strong>Semi-biodegradabile - rispettoso dell&#8217;ambiente<\/strong><\/li>\n<li><strong>Versatile nell&#8217;uso: Interno, esterno, serra<\/strong><\/li>\n<li><strong>Perfetto per le piante CBD e le piante giovani<\/strong><\/li>\n<\/ul>\n<h2><strong>Acquisti ora Root Pouch e rafforzi il suo progetto di coltivazione in modo naturale!<\/strong><\/h2>\n<p><strong>Ordini subito Root Pouch 3,8L (linea nera) - direttamente online o presso un negozio specializzato in CBD a Berna.<\/strong><br \/>\nLa coltivazione sostenibile inizia dalla radice - con Root Pouch per piante forti e accessori di lunga durata.<\/p>\n<h2><strong>Scopra di pi\u00f9 - Accessori per il CBD e materiale per la coltivazione<\/strong><\/h2>\n<p>\u27a1\ufe0f Ha bisogno del giusto terreno di coltura? Dia un&#8217;occhiata al <a href=\"https:\/\/www.herbadiberna.ch\/cbd-anbauerde\/\">nostro Biobizz Light Mix<\/a>.<br \/>\n\u27a1\ufe0f <a href=\"https:\/\/www.herbadiberna.ch\/it\/talee\/\">Scelga subito le talee di CBD<\/a> e le pianti direttamente.<br \/>\n<a href=\"https:\/\/www.herbadiberna.ch\/it\/blog\/istruzioni-per-la-semina-della-canapa\/\">\u27a1\ufe0f Istruzioni per piantare e rinvasare le piante di canapa<\/a><\/p>\n<\/div>\n<\/div>\n<\/div>\n<\/div>\n","protected":false},"excerpt":{"rendered":"<p>Le <strong data-start=\"159\" data-end=\"175\">buste per radici<\/strong> o i <strong data-start=\"181\" data-end=\"195\">vasi in tessuto<\/strong> sono i nostri preferiti: realizzati con tessuti privi di BPA e resistenti ai raggi UV, sono prodotti con materiali riciclati al 100%. <strong data-start=\"379\" data-end=\"395\">Le buste per radici<\/strong> sono state sviluppate appositamente per i coltivatori professionisti. Ogni modello \u00e8 adattato a requisiti specifici ed \u00e8 ideale per la coltivazione in terra, in giardino o in serra. <\/p>\n","protected":false},"featured_media":64004,"comment_status":"open","ping_status":"closed","template":"","meta":{"inline_featured_image":false},"product_brand":[],"product_cat":[385],"product_tag":[],"class_list":{"0":"post-63972","1":"product","2":"type-product","3":"status-publish","4":"has-post-thumbnail","6":"product_cat-coltivazione-del-cbd","8":"first","9":"outofstock","10":"taxable","11":"shipping-taxable","12":"purchasable","13":"product-type-variable","14":"rtwpvs-product"},"_links":{"self":[{"href":"https:\/\/www.herbadiberna.ch\/it\/wp-json\/wp\/v2\/product\/63972","targetHints":{"allow":["GET"]}}],"collection":[{"href":"https:\/\/www.herbadiberna.ch\/it\/wp-json\/wp\/v2\/product"}],"about":[{"href":"https:\/\/www.herbadiberna.ch\/it\/wp-json\/wp\/v2\/types\/product"}],"replies":[{"embeddable":true,"href":"https:\/\/www.herbadiberna.ch\/it\/wp-json\/wp\/v2\/comments?post=63972"}],"wp:featuredmedia":[{"embeddable":true,"href":"https:\/\/www.herbadiberna.ch\/it\/wp-json\/wp\/v2\/media\/64004"}],"wp:attachment":[{"href":"https:\/\/www.herbadiberna.ch\/it\/wp-json\/wp\/v2\/media?parent=63972"}],"wp:term":[{"taxonomy":"product_brand","embeddable":true,"href":"https:\/\/www.herbadiberna.ch\/it\/wp-json\/wp\/v2\/product_brand?post=63972"},{"taxonomy":"product_cat","embeddable":true,"href":"https:\/\/www.herbadiberna.ch\/it\/wp-json\/wp\/v2\/product_cat?post=63972"},{"taxonomy":"product_tag","embeddable":true,"href":"https:\/\/www.herbadiberna.ch\/it\/wp-json\/wp\/v2\/product_tag?post=63972"}],"curies":[{"name":"wp","href":"https:\/\/api.w.org\/{rel}","templated":true}]}}