{"id":61642,"date":"2025-03-12T16:04:45","date_gmt":"2025-03-12T15:04:45","guid":{"rendered":"https:\/\/www.herbadiberna.ch\/?post_type=product&#038;p=61642"},"modified":"2026-04-20T12:57:00","modified_gmt":"2026-04-20T11:57:00","slug":"talee-di-cbd-3-pezzi","status":"publish","type":"product","link":"https:\/\/www.herbadiberna.ch\/it\/prodotto\/talee-di-cbd-3-pezzi\/","title":{"rendered":"Acquista le talee di CBD V1 (3 pezzi)"},"content":{"rendered":"<div class=\"flex max-w-full flex-col flex-grow\">\n<div class=\"min-h-8 text-message flex w-full flex-col items-end gap-2 whitespace-normal break-words text-start [.text-message+&amp;]:mt-5\" dir=\"auto\">\n<div class=\"flex w-full flex-col gap-1 empty:hidden first:pt-[3px]\">\n<div class=\"markdown prose w-full break-words dark:prose-invert light\">\n<h2><strong>Acquista le talee di CBD V1 - Cloni perfetti per la coltivazione in Svizzera<\/strong><\/h2>\n<p>Vuoi <strong>acquistare le talee di CBD V1<\/strong>? Le nostre piantine fresche e biologiche ti offrono un&#8217;elevata produzione di resina per la tua coltivazione di CBD. Ideali per progetti di coltivazione <strong>indoor e outdoor<\/strong>. <strong>Tempi di consegna: 14-21 giorni!<\/strong><\/p>\n<p>La <strong>talea CBD V1<\/strong> colpisce per la sua crescita vigorosa e il suo intenso profilo terpenico. Questa variet\u00e0 \u00e8 ideale per la <strong>coltivazione di CBD<\/strong> in tutta la <strong>Svizzera<\/strong> e per la <strong>coltivazione<\/strong> sostenibile <strong>di CBD in Svizzera<\/strong>, grazie alla sua forte resilienza e adattabilit\u00e0.<\/p>\n<h3>\ud83d\udc49 <strong>Attenzione: appena allevato - niente articoli di scorta!<\/strong><\/h3>\n<p>La tua <strong>talea di CBD V1<\/strong> sar\u00e0 <strong>coltivata direttamente dopo l&#8217;ordine<\/strong>. I tempi di consegna sono di circa <strong>14-21 giorni<\/strong>, in modo che la tua talea arrivi ben radicata, vigorosa e resistente.<\/p>\n<p><strong>Garantiamo prodotti freschi senza infestazioni di parassiti o malattie.<\/strong><br \/>\nTutte le talee provengono da <strong>coltivazioni biologiche<\/strong> in Svizzera, sono regolarmente controllate e coltivate nelle migliori condizioni.<\/p>\n<h2><strong>Rimani flessibile: scegli la tua variet\u00e0 di taglio!<\/strong><\/h2>\n<p>Al momento dell&#8217;ordine, puoi scegliere le talee che desideri in modo flessibile. <strong>Scrivi semplicemente la variet\u00e0 che preferisci nelle note dell&#8217;ordine<\/strong>: creeremo un set personalizzato per te.<\/p>\n<h4>\u2705 Scegli tra le seguenti variet\u00e0:<\/h4>\n<ul>\n<li><strong>Talee CBD <a href=\"https:\/\/www.herbadiberna.ch\/?post_type=product&amp;p=61635&amp;preview=true\">Arlecchino<\/a><\/strong><\/li>\n<li><strong>Talee di CBD <a href=\"https:\/\/www.herbadiberna.ch\/?post_type=product&amp;p=61631&amp;preview=true\">Plutonio<\/a><\/strong><\/li>\n<li><strong>Talee di CBD <a href=\"https:\/\/www.herbadiberna.ch\/?post_type=product&amp;p=62736&amp;preview=true\">Limoncello<\/a><\/strong><\/li>\n<li><strong>Talee CBD <a href=\"https:\/\/www.herbadiberna.ch\/?post_type=product&amp;p=61623&amp;preview=true\">Erdbeerli<\/a><\/strong><\/li>\n<li><strong>Talee di CBD <a href=\"https:\/\/www.herbadiberna.ch\/?post_type=product&amp;p=61619&amp;preview=true\">Amnesia<\/a><\/strong><\/li>\n<li><strong>Talee CBD <a href=\"https:\/\/www.herbadiberna.ch\/it\/produkt\/talee-di-cbd\/\">Orangello<\/a><\/strong><\/li>\n<li><strong>Talee CBD <a href=\"https:\/\/www.herbadiberna.ch\/?post_type=product&amp;p=61639&amp;preview=true\">V1<\/a><\/strong><\/li>\n<\/ul>\n<p>Se non viene specificata alcuna variet\u00e0, riceverai automaticamente la <strong>talea CBD V1<\/strong> (3 pezzi).<\/p>\n<h2><strong>Perch\u00e9 acquistare le talee di CBD V1?<\/strong><\/h2>\n<p>Le nostre <strong>talee di CBD V1<\/strong> sono caratterizzate da una crescita uniforme, un&#8217;elevata produzione di resina e un forte profilo di terpeni. Questa variet\u00e0 convince da anni per la sua crescita rapida ed \u00e8 particolarmente adatta alla <strong>coltivazione di CBD in Svizzera <\/strong>.<\/p>\n<ul>\n<li><strong>Genetica forte e crescita rapida per una coltivazione sostenibile di CBD in tutta la Svizzera<\/strong><\/li>\n<li><strong>Fiori densi con un profilo terpenico intenso<\/strong><\/li>\n<li><strong>Elevata produzione di resina per la massima qualit\u00e0 nella coltivazione del CBD<\/strong><\/li>\n<\/ul>\n<h2><strong>Esperienza con le talee CBD V1<\/strong><\/h2>\n<p>Molti dei nostri clienti riferiscono di una struttura di crescita robusta e di un sapore intenso e fresco. Questa variet\u00e0 \u00e8 nota per la sua facilit\u00e0 di gestione ed \u00e8 adatta sia ai principianti che ai coltivatori esperti.<\/p>\n<h2><strong>Acquista subito le talee di CBD V1 e inizia subito a lavorare!<\/strong><\/h2>\n<p><strong>Ordina subito i tuoi cloni di CBD V1 e prova la massima qualit\u00e0!<\/strong><br \/>\nGrazie a condizioni di coltivazione ottimali e a rigorosi controlli di qualit\u00e0, garantiamo i migliori risultati per il tuo progetto di coltivazione.<\/p>\n<h2><strong>Scopri di pi\u00f9: Altre talee di CBD di alta qualit\u00e0<\/strong><\/h2>\n<p>\u27a1\ufe0f Sei interessato ad altre variet\u00e0? Dai un&#8217;occhiata alla nostra selezione di <a href=\"https:\/\/www.herbadiberna.ch\/it\/talee\/\">talee di CBD<\/a>!<br \/>\n\u27a1\ufe0f Scopri di pi\u00f9 sui nostri <a href=\"https:\/\/www.herbadiberna.ch\/it\/coltivazione-del-cbd\/\">prodotti CBD per la coltivazione<\/a> con genetiche stabili.<br \/>\n<a href=\"https:\/\/www.herbadiberna.ch\/it\/blog\/istruzioni-per-la-semina-della-canapa\/\">\u27a1\ufe0f Istruzioni per piantare la canapa<\/a><\/p>\n<\/div>\n<\/div>\n<\/div>\n<\/div>\n","protected":false},"excerpt":{"rendered":"<p>\ud83d\udc49 Attenzione: si prega di notare i tempi di consegna - non ci sono articoli in stock!<br data-start=\"251\" data-end=\"254\" \/>Acquista le talee di CBD V1 - Appena cresciute per la migliore qualit\u00e0 - ordina ora e ottieni robuste piantine di CBD!<\/p>\n","protected":false},"featured_media":62961,"comment_status":"open","ping_status":"closed","template":"","meta":{"inline_featured_image":false},"product_brand":[],"product_cat":[385,400],"product_tag":[],"class_list":{"0":"post-61642","1":"product","2":"type-product","3":"status-publish","4":"has-post-thumbnail","6":"product_cat-coltivazione-del-cbd","7":"product_cat-talee","8":"product_shipping_class-postpac-contenitore-per-piante","9":"pif-has-gallery","11":"first","12":"outofstock","13":"taxable","14":"shipping-taxable","15":"purchasable","16":"product-type-simple"},"_links":{"self":[{"href":"https:\/\/www.herbadiberna.ch\/it\/wp-json\/wp\/v2\/product\/61642","targetHints":{"allow":["GET"]}}],"collection":[{"href":"https:\/\/www.herbadiberna.ch\/it\/wp-json\/wp\/v2\/product"}],"about":[{"href":"https:\/\/www.herbadiberna.ch\/it\/wp-json\/wp\/v2\/types\/product"}],"replies":[{"embeddable":true,"href":"https:\/\/www.herbadiberna.ch\/it\/wp-json\/wp\/v2\/comments?post=61642"}],"wp:featuredmedia":[{"embeddable":true,"href":"https:\/\/www.herbadiberna.ch\/it\/wp-json\/wp\/v2\/media\/62961"}],"wp:attachment":[{"href":"https:\/\/www.herbadiberna.ch\/it\/wp-json\/wp\/v2\/media?parent=61642"}],"wp:term":[{"taxonomy":"product_brand","embeddable":true,"href":"https:\/\/www.herbadiberna.ch\/it\/wp-json\/wp\/v2\/product_brand?post=61642"},{"taxonomy":"product_cat","embeddable":true,"href":"https:\/\/www.herbadiberna.ch\/it\/wp-json\/wp\/v2\/product_cat?post=61642"},{"taxonomy":"product_tag","embeddable":true,"href":"https:\/\/www.herbadiberna.ch\/it\/wp-json\/wp\/v2\/product_tag?post=61642"}],"curies":[{"name":"wp","href":"https:\/\/api.w.org\/{rel}","templated":true}]}}