{"id":61376,"date":"2025-03-06T14:15:28","date_gmt":"2025-03-06T13:15:28","guid":{"rendered":"https:\/\/www.herbadiberna.ch\/?post_type=product&#038;p=61376"},"modified":"2026-04-12T20:52:10","modified_gmt":"2026-04-12T19:52:10","slug":"mini-boccioli-da-interno-tropical-punch-kopie-kopie","status":"publish","type":"product","link":"https:\/\/www.herbadiberna.ch\/it\/prodotto\/mini-boccioli-da-interno-tropical-punch-kopie-kopie\/","title":{"rendered":"Semi di CBD Herbaquin"},"content":{"rendered":"<div class=\"flex max-w-full flex-col flex-grow\">\n<div class=\"min-h-8 text-message flex w-full flex-col items-end gap-2 whitespace-normal break-words text-start [.text-message+&amp;]:mt-5\" dir=\"auto\">\n<div class=\"flex w-full flex-col gap-1 empty:hidden first:pt-[3px]\">\n<div class=\"markdown prose w-full break-words dark:prose-invert light\">\n<h2><strong>Acquista i semi di CBD Herbaquin - qualit\u00e0 svizzera per il tuo prossimo progetto di coltivazione<\/strong><\/h2>\n<p>Con i nostri semi di Herbaquin CBD, puoi contare su una genetica femminizzata con una resa elevata fin dall&#8217;inizio: questa variet\u00e0 \u00e8 particolarmente adatta alla <strong>coltivazione di CBD in Svizzera<\/strong>. \u00c8 ideale per tutti coloro che sono alla ricerca di una resa elevata e che amano i fiori di grande impatto visivo. Inoltre, colpisce per il suo alto tasso di germinazione e per i suoi risultati affidabili, sia all&#8217;interno che all&#8217;esterno.  <\/p>\n<h2><strong>Cosa rende speciale il CBD Seeds Herbaquin?<\/strong><\/h2>\n<ul>\n<li><strong>Genetica:<\/strong> HQ x PHQ - riproduzione ottimizzata dell&#8217;Arlecchino con un&#8217;attenzione particolare alla stabilit\u00e0<\/li>\n<li><strong>Resa e colore:<\/strong> fiori densi con una parziale colorazione viola.<\/li>\n<li><strong>Femminilizzata e robusta:<\/strong> piante resistenti per una facile coltivazione<\/li>\n<li><strong>Legalmente conforme:<\/strong> solo 0,45-0,7 % di THC - coltivazione legale possibile in Svizzera<\/li>\n<li><strong>Valore di CBD:<\/strong> 10-15 % per applicazioni efficaci e versatili<\/li>\n<li><strong>A predominanza Indica:<\/strong> piante compatte con un portamento uniforme<strong>.<\/strong> <\/li>\n<li><strong>CBD Farming Switzerland:<\/strong> allevamento locale, qualit\u00e0 sostenibile<\/li>\n<\/ul>\n<h2><strong>Perch\u00e9 acquistare i semi di canapa CBD Herbaquin?<\/strong><\/h2>\n<p>I coltivatori apprezzano questa variet\u00e0 per i suoi alti rendimenti e il suo classico profilo terpenico. <strong>Acquistare i semi di Herbaquin CBD<\/strong> \u00e8 particolarmente vantaggioso se cerchi una pianta con una struttura floreale forte e una colorazione estetica. Questa variet\u00e0 \u00e8 anche molto resistente, il che la rende una delle preferite per la <strong>coltivazione di CBD in Svizzera<\/strong>.  <\/p>\n<h2><strong>Esperienza con i semi Herbaquin dalla Svizzera<\/strong><\/h2>\n<p>Molti clienti riferiscono di una crescita vigorosa e di un alto tasso di germinazione. I <strong>semi di CBD provenienti dalla Svizzera<\/strong> sono popolari perch\u00e9 sono adatti sia ai principianti che ai coltivatori esperti. I semi di cannabis femminizzati producono risultati costanti e sono facili da coltivare in diverse zone climatiche.  <\/p>\n<h2><strong>Acquista subito i semi di CBD Herbaquin e inizia a lavorare<\/strong><\/h2>\n<p>Non esitare e ordina oggi stesso i tuoi <strong>semi di Herbaquin CBD <\/strong>per iniziare subito. La combinazione di genetica comprovata, alta qualit\u00e0 e coltivazione locale rende questa variet\u00e0 una delle opzioni pi\u00f9 popolari. Vuoi pi\u00f9 variet\u00e0? Allora scopri la nostra gamma completa di <strong>semi di CBD dalla Svizzera<\/strong> - allevati in modo sostenibile e disponibili legalmente.   <\/p>\n<p><strong data-start=\"151\" data-end=\"163\">Nota:<\/strong> a causa delle norme legali, consegniamo i <strong data-start=\"211\" data-end=\"262\">semi di CBD solo in Svizzera.<\/strong> La spedizione nei Paesi dell&#8217;UE non \u00e8 possibile. I nostri prodotti sono destinati esclusivamente al <strong data-start=\"353\" data-end=\"372\">mercato svizzero<\/strong>.<\/p>\n<h2><strong>Altri prodotti per la tua coltivazione<\/strong><\/h2>\n<p>\u27a1\ufe0f Per saperne di pi\u00f9 sulla <a href=\"https:\/\/www.herbadiberna.ch\/it\/coltivazione-del-cbd\/\">coltivazione di CBD in Svizzera<\/a><br \/>\n\u27a1\ufe0f Vuole fiorire pi\u00f9 velocemente? Le nostre <a href=\"https:\/\/www.herbadiberna.ch\/it\/talee\/\">talee di CBD<\/a> la aiuteranno<br \/>\n\u27a1\ufe0f Dia un&#8217;occhiata all&#8217;<a href=\"https:\/\/www.herbadiberna.ch\/cbd-samen\/\">intera gamma di semi di CBD.<\/a> <\/p>\n<\/div>\n<\/div>\n<\/div>\n<\/div>\n","protected":false},"excerpt":{"rendered":"<p>Acquista CBD Seeds Herbaqueen - Semi femminizzati ad alta resa con intensi colori autunnali. Ideale per coltivazioni indoor e outdoor! Genetica stabile con 10-15 % di CBD e THC &lt;1 %, perfetta per i principianti. Ordina ora e goditi i semi di CBD svizzeri di alta qualit\u00e0!   <\/p>\n","protected":false},"featured_media":82019,"comment_status":"open","ping_status":"closed","template":"","meta":{"inline_featured_image":false},"product_brand":[],"product_cat":[385,1352],"product_tag":[],"class_list":{"0":"post-61376","1":"product","2":"type-product","3":"status-publish","4":"has-post-thumbnail","6":"product_cat-coltivazione-del-cbd","7":"product_cat-semi-di-cbd","8":"product_shipping_class-postpac-priorita","9":"pif-has-gallery","11":"first","12":"instock","13":"taxable","14":"shipping-taxable","15":"purchasable","16":"product-type-variable","17":"rtwpvs-product"},"_links":{"self":[{"href":"https:\/\/www.herbadiberna.ch\/it\/wp-json\/wp\/v2\/product\/61376","targetHints":{"allow":["GET"]}}],"collection":[{"href":"https:\/\/www.herbadiberna.ch\/it\/wp-json\/wp\/v2\/product"}],"about":[{"href":"https:\/\/www.herbadiberna.ch\/it\/wp-json\/wp\/v2\/types\/product"}],"replies":[{"embeddable":true,"href":"https:\/\/www.herbadiberna.ch\/it\/wp-json\/wp\/v2\/comments?post=61376"}],"wp:featuredmedia":[{"embeddable":true,"href":"https:\/\/www.herbadiberna.ch\/it\/wp-json\/wp\/v2\/media\/82019"}],"wp:attachment":[{"href":"https:\/\/www.herbadiberna.ch\/it\/wp-json\/wp\/v2\/media?parent=61376"}],"wp:term":[{"taxonomy":"product_brand","embeddable":true,"href":"https:\/\/www.herbadiberna.ch\/it\/wp-json\/wp\/v2\/product_brand?post=61376"},{"taxonomy":"product_cat","embeddable":true,"href":"https:\/\/www.herbadiberna.ch\/it\/wp-json\/wp\/v2\/product_cat?post=61376"},{"taxonomy":"product_tag","embeddable":true,"href":"https:\/\/www.herbadiberna.ch\/it\/wp-json\/wp\/v2\/product_tag?post=61376"}],"curies":[{"name":"wp","href":"https:\/\/api.w.org\/{rel}","templated":true}]}}