{"id":59915,"date":"2025-02-18T15:28:46","date_gmt":"2025-02-18T14:28:46","guid":{"rendered":"https:\/\/www.herbadiberna.ch\/?post_type=product&#038;p=59915"},"modified":"2026-04-21T19:19:53","modified_gmt":"2026-04-21T18:19:53","slug":"miele-biologico-125-g-kopie-kopie-kopie-kopie","status":"publish","type":"product","link":"https:\/\/www.herbadiberna.ch\/it\/prodotto\/miele-biologico-125-g-kopie-kopie-kopie-kopie\/","title":{"rendered":"Miele biologico 250g"},"content":{"rendered":"<h1 data-start=\"149\" data-end=\"214\"><strong data-start=\"153\" data-end=\"212\">Acquista il miele biologico svizzero - 250g piacere naturale<\/strong><\/h1>\n<p data-start=\"216\" data-end=\"293\">Puoi acquistare questo miele biologico svizzero di alta qualit\u00e0 in modo rapido e online da ands. Riflette i sapori dell&#8217;inizio dell&#8217;estate o della piena estate e proviene da un&#8217;apicoltura svizzera sostenibile. Certificato secondo Bio Suisse Bud, colpisce per la sua naturale purezza e per il suo sapore armonioso, senza alcun additivo artificiale. <\/p>\n<h2 data-start=\"604\" data-end=\"629\"><strong data-start=\"608\" data-end=\"627\">Caratteristiche del prodotto<\/strong><\/h2>\n<ul>\n<li data-start=\"630\" data-end=\"1009\"><strong data-start=\"632\" data-end=\"667\">Miele biologico 100% naturale<\/strong> - raccolto in modo sostenibile e non trattato<\/li>\n<li data-start=\"630\" data-end=\"1009\"><strong data-start=\"710\" data-end=\"732\">Gusti versatili<\/strong>: leggermente floreali o intensamente speziati a seconda della stagione.<\/li>\n<li data-start=\"630\" data-end=\"1009\"><strong data-start=\"787\" data-end=\"809\">Qualit\u00e0 svizzera<\/strong> - raccolta nelle regioni di Murtensee, Berna e Grafenried<\/li>\n<li data-start=\"630\" data-end=\"1009\"><strong data-start=\"873\" data-end=\"886\">Vasetto da 250 g<\/strong> - ideale per un piccolo piacere o per un regalo elegante<\/li>\n<li data-start=\"630\" data-end=\"1009\"><strong data-start=\"946\" data-end=\"969\">Apicoltura sostenibile<\/strong> - certificata secondo Bio Suisse Bud<\/li>\n<\/ul>\n<h3 data-start=\"1011\" data-end=\"1044\"><strong data-start=\"1015\" data-end=\"1042\">Perch\u00e9 acquistare miele biologico?<\/strong><\/h3>\n<p data-start=\"1045\" data-end=\"1299\">Che sia l&#8217;<strong data-start=\"1053\" data-end=\"1094\">inizio dell&#8217;estate bernese o l&#8217;estate bernese<\/strong>, questo miele biologico cattura la <strong data-start=\"1123\" data-end=\"1155\">diversit\u00e0 della natura svizzera<\/strong>. Perfetto come <strong data-start=\"1173\" data-end=\"1247\">crema da spalmare, per dolcificare il t\u00e8 o come ingrediente naturale per le ricette<\/strong>, offre un&#8217;esperienza di gusto senza fronzoli. <\/p>\n<h2 data-start=\"1301\" data-end=\"1328\"><strong data-start=\"1305\" data-end=\"1326\">Esperienze dei clienti<\/strong><\/h2>\n<p data-start=\"1329\" data-end=\"1571\">Molte persone apprezzano la <strong data-start=\"1348\" data-end=\"1389\">consistenza morbida e il sapore fine<\/strong>, che offre diverse sfumature di gusto a seconda della stagione. Un consiglio assoluto per il miele \u00e8 il nostro <a href=\"https:\/\/www.herbadiberna.ch\/produkt\/wohlfuehltee\/\">t\u00e8 alla canapa<\/a>: la qualit\u00e0 biologica e la produzione sostenibile garantiscono un prodotto naturale e puro che promette il massimo del piacere. <\/p>\n<style> \/* Standard-\u00dcberschriften und Abs\u00e4tze mit minimalem Abstand *\/ h1, h2, h3 { font-size: 18pt; \/* Standard f\u00fcr h1, wird f\u00fcr h2 und h3 weiter unten \u00fcberschrieben *\/ text-align: left; color: inherit; margin: 4px !important; \/* Standardm\u00e4\u00dfig keinen Abstand *\/ padding: 4px !important; } h2 { font-size: 16pt; } h3 { font-size: 14pt; } p { margin: 4px !important; padding: 4px !important; } \/* Spezielle Klasse f\u00fcr SEO-Texte, die fett normal anzeigen *\/ .seo-content strong { font-weight: normal !important; \/* Stellt sicher, dass keine anderen CSS-Regeln das \u00fcberschreiben *\/ } \/* Die erste H1 bekommt einen kleinen Abstand nach oben *\/ h1:first-of-type { margin-top: 10px !important; \/* Abstand f\u00fcr die erste H1-\u00dcberschrift *\/ } <\/style>\n","protected":false},"excerpt":{"rendered":"<p>Questo miele biologico naturale, proveniente da un&#8217;apicoltura svizzera sostenibile, convince per il suo sapore puro e la sua qualit\u00e0 superiore, certificata da Bio Suisse Bud. Ideale da spalmare, da dolcificare o da gustare da solo! <\/p>\n","protected":false},"featured_media":60006,"comment_status":"open","ping_status":"closed","template":"","meta":{"inline_featured_image":false},"product_brand":[],"product_cat":[347,459],"product_tag":[],"class_list":{"0":"post-59915","1":"product","2":"type-product","3":"status-publish","4":"has-post-thumbnail","6":"product_cat-alimenti-canapa","7":"product_cat-miele","8":"pif-has-gallery","10":"first","11":"instock","12":"taxable","13":"shipping-taxable","14":"purchasable","15":"product-type-variable","16":"rtwpvs-product"},"_links":{"self":[{"href":"https:\/\/www.herbadiberna.ch\/it\/wp-json\/wp\/v2\/product\/59915","targetHints":{"allow":["GET"]}}],"collection":[{"href":"https:\/\/www.herbadiberna.ch\/it\/wp-json\/wp\/v2\/product"}],"about":[{"href":"https:\/\/www.herbadiberna.ch\/it\/wp-json\/wp\/v2\/types\/product"}],"replies":[{"embeddable":true,"href":"https:\/\/www.herbadiberna.ch\/it\/wp-json\/wp\/v2\/comments?post=59915"}],"wp:featuredmedia":[{"embeddable":true,"href":"https:\/\/www.herbadiberna.ch\/it\/wp-json\/wp\/v2\/media\/60006"}],"wp:attachment":[{"href":"https:\/\/www.herbadiberna.ch\/it\/wp-json\/wp\/v2\/media?parent=59915"}],"wp:term":[{"taxonomy":"product_brand","embeddable":true,"href":"https:\/\/www.herbadiberna.ch\/it\/wp-json\/wp\/v2\/product_brand?post=59915"},{"taxonomy":"product_cat","embeddable":true,"href":"https:\/\/www.herbadiberna.ch\/it\/wp-json\/wp\/v2\/product_cat?post=59915"},{"taxonomy":"product_tag","embeddable":true,"href":"https:\/\/www.herbadiberna.ch\/it\/wp-json\/wp\/v2\/product_tag?post=59915"}],"curies":[{"name":"wp","href":"https:\/\/api.w.org\/{rel}","templated":true}]}}