{"id":59335,"date":"2025-02-07T12:16:47","date_gmt":"2025-02-07T11:16:47","guid":{"rendered":"https:\/\/www.herbadiberna.ch\/?post_type=product&#038;p=59335"},"modified":"2026-05-03T21:22:10","modified_gmt":"2026-05-03T20:22:10","slug":"tofu-di-canapa-biologico-200-g-kopie","status":"publish","type":"product","link":"https:\/\/www.herbadiberna.ch\/it\/prodotto\/tofu-di-canapa-biologico-200-g-kopie\/","title":{"rendered":"Medaglione di tofu Green Harmony"},"content":{"rendered":"<div class=\"flex max-w-full flex-col flex-grow\">\n<div class=\"min-h-8 text-message flex w-full flex-col items-end gap-2 whitespace-normal break-words text-start [.text-message+&amp;]:mt-5\" dir=\"auto\">\n<div class=\"flex w-full flex-col gap-1 empty:hidden first:pt-[3px]\">\n<div class=\"markdown prose w-full break-words dark:prose-invert light\">\n<h1><strong>Acquista il tofu di canapa svizzero - medaglione Green Harmony a base di proteine di semi di canapa<\/strong><\/h1>\n<p><strong>Acquista il tofu di canapa svizzero - La fonte di proteine vegetali dai semi di canapa!<\/strong><br \/>\nIl <strong>medaglione Green Harmony<\/strong> \u00e8 la scelta ideale per chi cerca un&#8217;alternativa sostenibile e salutare al tofu tradizionale. Realizzato con <strong>semi di canapa svizzera<\/strong> e acqua, ha un <strong>sapore delicato e di nocciola<\/strong> e una <strong>composizione nutrizionale equilibrata<\/strong>. Perfetto per ricette creative a base di tofu di canapa e per una dieta sana!  <\/p>\n<h2><strong>Caratteristiche del prodotto del medaglione Green Harmony<\/strong><\/h2>\n<ul>\n<li><strong>100% a base vegetale e senza allergeni:<\/strong> senza glutine, soia, lattosio, noci e additivi artificiali.<\/li>\n<li><strong>Pura proteina di semi di canapa:<\/strong> fornisce tutti i 21 aminoacidi, compresi gli 8 essenziali.<\/li>\n<li><strong>Ricco di sostanze nutritive:<\/strong> Con un alto contenuto di omega-3, ferro, magnesio, calcio e zinco.<\/li>\n<li><strong>Versatile nell&#8217;uso:<\/strong> Ideale per friggere, marinare o per guarnire una zuppa.<\/li>\n<li><strong>Prodotto in modo sostenibile:<\/strong> Coltivazione di canapa certificata biologica e produzione CO\u2082 neutrale in fase di sviluppo.<\/li>\n<\/ul>\n<h2><strong>Perch\u00e9 il tofu di canapa svizzero?<\/strong><\/h2>\n<p>Il Medaglione Green Harmony \u00e8 pi\u00f9 di un semplice sostituto della carne: \u00e8 una <strong>fonte proteica<\/strong> sana e <strong>vegana<\/strong> facile da preparare. Se vuoi scoprire <strong>ricette a base di tofu di canapa<\/strong>, questo prodotto \u00e8 la base perfetta per piatti ricchi di gusto, salute e sostenibilit\u00e0. <\/p>\n<h2><strong>Esperienze dei clienti con Green Harmony medallion<\/strong><\/h2>\n<p>Molti ne apprezzano la <strong>consistenza piacevole<\/strong> e il <strong>sapore delicato e di nocciola<\/strong>. La facilit\u00e0 di preparazione \u00e8 particolarmente apprezzata: in padella, alla griglia o in ciotola. Un punto di forza per tutti coloro che amano gli <strong>alimenti di canapa di alta qualit\u00e0<\/strong>.  <\/p>\n<h2><strong>Acquista subito il tofu di canapa svizzero e divertiti con i prodotti vegetali!<\/strong><\/h2>\n<p><strong>Scopri il potere della canapa in cucina!<\/strong><br \/>\nOrdina subito <strong>Green Harmony Medallion<\/strong> direttamente da Herba di Berna e approfitta della massima qualit\u00e0.<\/p>\n<h2><strong>Scopri di pi\u00f9: Altri alimenti a base di canapa<\/strong><\/h2>\n<p>\u27a1\ufe0f Sei curioso di conoscere altri prodotti? Dai un&#8217;occhiata alla nostra <a href=\"https:\/\/www.herbadiberna.ch\/it\/cibo\/\">gamma di alimenti alla canapa<\/a>! <\/p>\n<\/div>\n<\/div>\n<\/div>\n<\/div>\n","protected":false},"excerpt":{"rendered":"<p class=\"\" data-start=\"206\" data-end=\"402\">Ordina subito il Medaglione Green Harmony - acquista il tofu di canapa svizzero con semi di canapa e acqua. 100% vegetale, dal sapore di nocciola e versatile. <\/p>\n","protected":false},"featured_media":59622,"comment_status":"closed","ping_status":"closed","template":"","meta":{"inline_featured_image":false},"product_brand":[],"product_cat":[347,388],"product_tag":[],"class_list":{"0":"post-59335","1":"product","2":"type-product","3":"status-publish","4":"has-post-thumbnail","6":"product_cat-alimenti-canapa","7":"product_cat-cibo-it","8":"pif-has-gallery","10":"first","11":"outofstock","12":"taxable","13":"shipping-taxable","14":"purchasable","15":"product-type-simple"},"_links":{"self":[{"href":"https:\/\/www.herbadiberna.ch\/it\/wp-json\/wp\/v2\/product\/59335","targetHints":{"allow":["GET"]}}],"collection":[{"href":"https:\/\/www.herbadiberna.ch\/it\/wp-json\/wp\/v2\/product"}],"about":[{"href":"https:\/\/www.herbadiberna.ch\/it\/wp-json\/wp\/v2\/types\/product"}],"replies":[{"embeddable":true,"href":"https:\/\/www.herbadiberna.ch\/it\/wp-json\/wp\/v2\/comments?post=59335"}],"wp:featuredmedia":[{"embeddable":true,"href":"https:\/\/www.herbadiberna.ch\/it\/wp-json\/wp\/v2\/media\/59622"}],"wp:attachment":[{"href":"https:\/\/www.herbadiberna.ch\/it\/wp-json\/wp\/v2\/media?parent=59335"}],"wp:term":[{"taxonomy":"product_brand","embeddable":true,"href":"https:\/\/www.herbadiberna.ch\/it\/wp-json\/wp\/v2\/product_brand?post=59335"},{"taxonomy":"product_cat","embeddable":true,"href":"https:\/\/www.herbadiberna.ch\/it\/wp-json\/wp\/v2\/product_cat?post=59335"},{"taxonomy":"product_tag","embeddable":true,"href":"https:\/\/www.herbadiberna.ch\/it\/wp-json\/wp\/v2\/product_tag?post=59335"}],"curies":[{"name":"wp","href":"https:\/\/api.w.org\/{rel}","templated":true}]}}