{"id":55866,"date":"2024-12-09T15:18:36","date_gmt":"2024-12-09T14:18:36","guid":{"rendered":"https:\/\/www.herbadiberna.ch\/scatola-da-bagno-regalo-di-natale-piccola\/"},"modified":"2026-04-17T04:30:10","modified_gmt":"2026-04-17T03:30:10","slug":"scatola-da-bagno-regalo-di-natale-piccola","status":"publish","type":"product","link":"https:\/\/www.herbadiberna.ch\/it\/prodotto\/scatola-da-bagno-regalo-di-natale-piccola\/","title":{"rendered":"Scatola da bagno regalo piccola"},"content":{"rendered":"<p><b>Cofanetto da bagno rilassante - benessere per il corpo e la mente<\/b><\/p>\n<p><span style=\"font-weight: 400;\">Regala ai tuoi cari o a te stesso un trattamento rilassante con la nostra esclusiva confezione da bagno! Questa confezione regalo in edizione limitata contiene quattro cubetti da bagno accuratamente lavorati a mano, arricchiti con una generosa dose di CBD per un profondo relax. Le diverse fragranze conferiscono all&#8217;esperienza del bagno una meravigliosa variet\u00e0, perfetta per allontanare lo stress della vita quotidiana.  <\/span><\/p>\n<p><span style=\"font-weight: 400;\">Il nostro box da bagno \u00e8 realizzato in un laboratorio da persone con disabilit\u00e0, a testimonianza del nostro impegno per la sostenibilit\u00e0 e la responsabilit\u00e0 sociale. Ogni dettaglio \u00e8 stato progettato per garantire la massima qualit\u00e0 e naturalezza: I cubetti sono realizzati con ingredienti biologici, la scatola stessa con legno pressato - completamente sostenibile e prodotta in modo equo. <\/span><\/p>\n<p><span style=\"font-weight: 400;\">Immergiti in momenti di relax adatti a questo periodo dell&#8217;anno e regala a te stesso e ai tuoi cari un po&#8217; di tempo libero che fa bene al corpo e all&#8217;anima.<\/span><\/p>\n<p><b>Contenuti:<\/b><\/p>\n<ul>\n<li style=\"font-weight: 400;\"><span style=\"font-weight: 400;\">4 cubetti da bagno di alta qualit\u00e0 con essenze profumate naturali e CBD<\/span><\/li>\n<li style=\"font-weight: 400;\"><span style=\"font-weight: 400;\">Scatola in legno pressato in edizione limitata, prodotta in modo sociale e sostenibile<\/span><\/li>\n<\/ul>\n<p><a href=\"https:\/\/www.herbadiberna.ch\/it\/produkt\/cubetti-da-bagno-cbd-eucalipto-e-limone\/\">Variet\u00e0 di palline da bagno<\/a><\/p>\n<p><a href=\"https:\/\/www.herbadiberna.ch\/it\/produkt\/cubetti-da-bagno-cbd-eucalipto-e-limone\/\">Lavanda<\/a><br \/>\n<a href=\"https:\/\/www.herbadiberna.ch\/it\/produkt\/cubetti-da-bagno-cbd-eucalipto-e-limone\/\">Latte e miele<\/a><br \/>\n<a href=\"https:\/\/www.herbadiberna.ch\/it\/produkt\/cubetti-da-bagno-cbd-eucalipto-e-limone\/\">  Eucalipto e limone<\/a><br \/>\n<a href=\"https:\/\/www.herbadiberna.ch\/it\/produkt\/cubetti-da-bagno-cbd-eucalipto-e-limone\/\">Rosa<\/a><br \/>\n<a href=\"https:\/\/www.herbadiberna.ch\/it\/produkt\/cubetti-da-bagno-cbd-eucalipto-e-limone\/\">Mango e pesca<\/a><br \/>\n<a href=\"https:\/\/www.herbadiberna.ch\/it\/produkt\/cubetti-da-bagno-cbd-eucalipto-e-limone\/\">Mirtillo<\/a><br \/>\n<a href=\"https:\/\/www.herbadiberna.ch\/it\/produkt\/cubetti-da-bagno-cbd-eucalipto-e-limone\/\">Citronella e lime<\/a><\/p>\n<p><b>&gt;ATTENZIONE -<\/b> Ti preghiamo di indicare i tipi di palline da bagno desiderati nella riga dei commenti durante l&#8217;ordine o di inviare un&#8217;e-mail a <b> <a href=\"mailto:info@herbadiberna.ch?subject=Auswahl20Badekugel20fC3BCr%20Bade-Box\">info@herbadiberna.ch.<\/a> <\/b><a href=\"mailto:info@herbadiberna.ch?subject=Auswahl20Badekugel20fC3BCr%20Bade-Box\"><br \/>\n<\/a>Non aggiungere singolarmente al carrello. Se non viene fatta una selezione, mettiamo insieme noi stessi le variet\u00e0 per fare una sorpresa.<\/p>\n","protected":false},"excerpt":{"rendered":"<p>Regala ai tuoi cari momenti di benessere con Herba di Berna.<\/p>\n","protected":false},"featured_media":54445,"comment_status":"closed","ping_status":"closed","template":"","meta":{"inline_featured_image":false},"product_brand":[],"product_cat":[477,469,1055],"product_tag":[],"class_list":{"0":"post-55866","1":"product","2":"type-product","3":"status-publish","4":"has-post-thumbnail","6":"product_cat-palle-da-bagno","7":"product_cat-prodotti-per-la-cura-del-cbd","8":"product_cat-regali","9":"pif-has-gallery","11":"first","12":"instock","13":"taxable","14":"shipping-taxable","15":"purchasable","16":"product-type-simple"},"_links":{"self":[{"href":"https:\/\/www.herbadiberna.ch\/it\/wp-json\/wp\/v2\/product\/55866","targetHints":{"allow":["GET"]}}],"collection":[{"href":"https:\/\/www.herbadiberna.ch\/it\/wp-json\/wp\/v2\/product"}],"about":[{"href":"https:\/\/www.herbadiberna.ch\/it\/wp-json\/wp\/v2\/types\/product"}],"replies":[{"embeddable":true,"href":"https:\/\/www.herbadiberna.ch\/it\/wp-json\/wp\/v2\/comments?post=55866"}],"wp:featuredmedia":[{"embeddable":true,"href":"https:\/\/www.herbadiberna.ch\/it\/wp-json\/wp\/v2\/media\/54445"}],"wp:attachment":[{"href":"https:\/\/www.herbadiberna.ch\/it\/wp-json\/wp\/v2\/media?parent=55866"}],"wp:term":[{"taxonomy":"product_brand","embeddable":true,"href":"https:\/\/www.herbadiberna.ch\/it\/wp-json\/wp\/v2\/product_brand?post=55866"},{"taxonomy":"product_cat","embeddable":true,"href":"https:\/\/www.herbadiberna.ch\/it\/wp-json\/wp\/v2\/product_cat?post=55866"},{"taxonomy":"product_tag","embeddable":true,"href":"https:\/\/www.herbadiberna.ch\/it\/wp-json\/wp\/v2\/product_tag?post=55866"}],"curies":[{"name":"wp","href":"https:\/\/api.w.org\/{rel}","templated":true}]}}