{"id":55839,"date":"2024-12-09T14:17:30","date_gmt":"2024-12-09T13:17:30","guid":{"rendered":"https:\/\/www.herbadiberna.ch\/cofanetto-di-bellezza-regalo-di-natale\/"},"modified":"2026-04-22T01:38:16","modified_gmt":"2026-04-22T00:38:16","slug":"cofanetto-di-bellezza-regalo-di-natale","status":"publish","type":"product","link":"https:\/\/www.herbadiberna.ch\/it\/prodotto\/cofanetto-di-bellezza-regalo-di-natale\/","title":{"rendered":"Cofanetto regalo di bellezza"},"content":{"rendered":"<h2><strong>Acquisti il cofanetto regalo CBD Beauty - regali il benessere allo stato puro<\/strong><\/h2>\n<p>Vuole regalare a qualcuno un vero piacere o concedersi un po&#8217; di tempo libero? La <strong>confezione regalo CBD Beauty<\/strong> di <strong>Herba di Berna<\/strong> \u00e8 il pacchetto perfetto per i momenti di benessere. Questa edizione limitata combina tutto ci\u00f2 che serve per le giornate di relax in una confezione di alta qualit\u00e0.  <\/p>\n<p>Abbiamo messo insieme questo <strong>set benessere<\/strong> con molto amore. \u00c8 pi\u00f9 di un semplice cosmetico: \u00e8 un&#8217;espressione di consapevolezza. Quando regala il <strong>cofanetto CBD Beauty<\/strong>, sceglie ingredienti biologici e un rituale che si prende cura del corpo e dell&#8217;anima.  <\/p>\n<h2><strong>Contenuto: Cosa c&#8217;\u00e8 nella scatola CBD?<\/strong><\/h2>\n<p>Il set \u00e8 contenuto in un&#8217;elegante scatola in legno pressato, realizzata in un laboratorio da persone con disabilit\u00e0. La sostenibilit\u00e0 e la responsabilit\u00e0 sociale sono le nostre principali priorit\u00e0.<br \/>\nLa <strong>confezione regalo CBD Beauty<\/strong> contiene tre dei nostri prodotti di punta: <\/p>\n<ul>\n<li><strong>1x cubetto da bagno (150 mg di CBD):<\/strong> arricchito con essenze di fragranze naturali per un bagno completo che lava via lo stress in modo semplice.<\/li>\n<li><strong>1x unguento al CBD (fatto in casa):<\/strong> La nostra ricetta provata e testata per la cura e la rigenerazione della pelle.<\/li>\n<li><strong>1x balsamo per labbra:<\/strong> idrata intensamente e protegge le labbra screpolate dal freddo e dal vento.<\/li>\n<\/ul>\n<h2><strong>\u26a0\ufe0f IMPORTANTE: la sua scelta di cubetti da bagno al CBD<\/strong><\/h2>\n<p>Per rendere perfetto il suo regalo, pu\u00f2 scegliere lei stesso la fragranza del cubo da bagno! <a href=\"https:\/\/www.herbadiberna.ch\/produkt\/cbd-badewuerfel-150mg\/\">Ecco<\/a> una panoramica dei gusti.<br \/>\nLa preghiamo di scriverci il suo gusto desiderato nella <strong>riga dei commenti durante il processo d&#8217;ordine<\/strong> o di inviarci direttamente un&#8217;e-mail a <a href=\"mailto:info@herbadiberna.ch\">info@herbadiberna.ch<\/a>.<br \/>\n<strong>Nota:<\/strong> se non effettua una selezione, le prepareremo un mix sorprendente. Non aggiunga i cubetti da bagno al suo carrello separatamente, sono inclusi nel prezzo della confezione. <\/p>\n<h2><strong>Perch\u00e9 questo set di Herba di Berna?<\/strong><\/h2>\n<ul>\n<li><strong>Sociale &amp; locale:<\/strong> con il suo acquisto sostiene i posti di lavoro sociali in Svizzera.<\/li>\n<li><strong>Sostenibile:<\/strong> la scatola di legno riutilizzabile sostituisce la plastica inutile.<\/li>\n<li><strong>Qualit\u00e0 biologica:<\/strong> per la nostra linea di cosmetici utilizziamo solo i migliori ingredienti naturali.<\/li>\n<li><strong>Pacchetto completo:<\/strong> non deve mettere insieme nient&#8217;altro - \u00e8 gi\u00e0 il regalo perfetto.<\/li>\n<\/ul>\n<h2><strong>Ordini subito la sua confezione regalo CBD Beauty!<\/strong><\/h2>\n<p>\u00c8 pronto a fare il dono della gioia?<br \/>\nAcquisti questo set esclusivo e si assicuri occhi radiosi e pelle rilassata.<\/p>\n<h2><strong>Aggiunte perfette per la giornata del benessere<\/strong><\/h2>\n<p>\u27a1\ufe0f  <a href=\"https:\/\/www.herbadiberna.ch\/hanftee\/\">Compri il t\u00e8 alla canapa<\/a> (relax dall&#8217;interno al bagno)<br \/>\n\u27a1\ufe0f  <a href=\"https:\/\/www.herbadiberna.ch\/it\/olio-di-cbd\/\">Gocce di olio di CBD<\/a> (il classico per l&#8217;equilibrio)<br \/>\n\u27a1\ufe0f  <a href=\"https:\/\/www.herbadiberna.ch\/it\/alimenti-canapa\/\">Cibo alla canapa<\/a> (snack salutari per il dopo)<\/p>\n","protected":false},"excerpt":{"rendered":"<p data-path-to-node=\"11\">Sorprenda i suoi cari con la confezione regalo CBD Beauty in edizione limitata di Herba di Berna. Il set combina un cubo da bagno rilassante, il nostro unguento al CBD fatto in casa e un balsamo per le labbra nutriente in una scatola in legno pressato sostenibile. Prodotto socialmente in Svizzera.    <b data-path-to-node=\"12\" data-index-in-node=\"0\">Ordinato entro le ore 15.00 di oggi, consegnato domani \u2713 Spese di spedizione gratuite a partire da 79 franchi \u2713<\/b><\/p>\n","protected":false},"featured_media":55796,"comment_status":"closed","ping_status":"closed","template":"","meta":{"inline_featured_image":false},"product_brand":[],"product_cat":[469,1055],"product_tag":[],"class_list":{"0":"post-55839","1":"product","2":"type-product","3":"status-publish","4":"has-post-thumbnail","6":"product_cat-prodotti-per-la-cura-del-cbd","7":"product_cat-regali","8":"pif-has-gallery","10":"first","11":"instock","12":"taxable","13":"shipping-taxable","14":"purchasable","15":"product-type-simple"},"_links":{"self":[{"href":"https:\/\/www.herbadiberna.ch\/it\/wp-json\/wp\/v2\/product\/55839","targetHints":{"allow":["GET"]}}],"collection":[{"href":"https:\/\/www.herbadiberna.ch\/it\/wp-json\/wp\/v2\/product"}],"about":[{"href":"https:\/\/www.herbadiberna.ch\/it\/wp-json\/wp\/v2\/types\/product"}],"replies":[{"embeddable":true,"href":"https:\/\/www.herbadiberna.ch\/it\/wp-json\/wp\/v2\/comments?post=55839"}],"wp:featuredmedia":[{"embeddable":true,"href":"https:\/\/www.herbadiberna.ch\/it\/wp-json\/wp\/v2\/media\/55796"}],"wp:attachment":[{"href":"https:\/\/www.herbadiberna.ch\/it\/wp-json\/wp\/v2\/media?parent=55839"}],"wp:term":[{"taxonomy":"product_brand","embeddable":true,"href":"https:\/\/www.herbadiberna.ch\/it\/wp-json\/wp\/v2\/product_brand?post=55839"},{"taxonomy":"product_cat","embeddable":true,"href":"https:\/\/www.herbadiberna.ch\/it\/wp-json\/wp\/v2\/product_cat?post=55839"},{"taxonomy":"product_tag","embeddable":true,"href":"https:\/\/www.herbadiberna.ch\/it\/wp-json\/wp\/v2\/product_tag?post=55839"}],"curies":[{"name":"wp","href":"https:\/\/api.w.org\/{rel}","templated":true}]}}