{"id":55216,"date":"2024-11-20T14:34:46","date_gmt":"2024-11-20T13:34:46","guid":{"rendered":"https:\/\/www.herbadiberna.ch\/buono-regalo\/"},"modified":"2025-09-12T14:16:18","modified_gmt":"2025-09-12T13:16:18","slug":"buono-regalo","status":"publish","type":"product","link":"https:\/\/www.herbadiberna.ch\/it\/prodotto\/buono-regalo\/","title":{"rendered":"Buono regalo"},"content":{"rendered":"<p>Regali dei buoni regalo di Herba di Berna e lasci che il destinatario scelga i suoi preferiti tra la nostra gamma di fiori e hashish, prodotti di bellezza, alimenti o altri prodotti di canapa di alta qualit\u00e0 a suo piacimento.<\/p>\n<p>Acquisti i buoni comodamente nel nostro negozio online e poi noi inviamo il buono direttamente alla persona da lei scelta via e-mail.<br \/>\nI buoni possono essere riscossi comodamente online o nel nostro negozio specializzato. Basta inserire il codice del buono nel carrello e l&#8217;importo verr\u00e0 detratto automaticamente. Il credito del buono pu\u00f2 essere suddiviso tra pi\u00f9 ordini.  <\/p>\n<p>Il nostro buono regalo \u00e8 perfetto per occasioni speciali come i compleanni, come idea regalo dell&#8217;ultimo minuto o semplicemente per rendere felice qualcuno. Vizi i suoi cari con questo regalo esclusivo e lasci che godano appieno della variet\u00e0 dei nostri prodotti di canapa di alta qualit\u00e0. <\/p>\n","protected":false},"excerpt":{"rendered":"<p>Il regalo ideale per amici e parenti<\/p>\n","protected":false},"featured_media":55211,"comment_status":"closed","ping_status":"closed","template":"","meta":{"inline_featured_image":false},"product_brand":[],"product_cat":[370,1055],"product_tag":[],"class_list":{"0":"post-55216","1":"product","2":"type-product","3":"status-publish","4":"has-post-thumbnail","6":"product_cat-accessori-cbd","7":"product_cat-regali","9":"first","10":"instock","11":"purchasable","12":"product-type-pw-gift-card","13":"has-default-attributes","14":"rtwpvs-product"},"_links":{"self":[{"href":"https:\/\/www.herbadiberna.ch\/it\/wp-json\/wp\/v2\/product\/55216","targetHints":{"allow":["GET"]}}],"collection":[{"href":"https:\/\/www.herbadiberna.ch\/it\/wp-json\/wp\/v2\/product"}],"about":[{"href":"https:\/\/www.herbadiberna.ch\/it\/wp-json\/wp\/v2\/types\/product"}],"replies":[{"embeddable":true,"href":"https:\/\/www.herbadiberna.ch\/it\/wp-json\/wp\/v2\/comments?post=55216"}],"wp:featuredmedia":[{"embeddable":true,"href":"https:\/\/www.herbadiberna.ch\/it\/wp-json\/wp\/v2\/media\/55211"}],"wp:attachment":[{"href":"https:\/\/www.herbadiberna.ch\/it\/wp-json\/wp\/v2\/media?parent=55216"}],"wp:term":[{"taxonomy":"product_brand","embeddable":true,"href":"https:\/\/www.herbadiberna.ch\/it\/wp-json\/wp\/v2\/product_brand?post=55216"},{"taxonomy":"product_cat","embeddable":true,"href":"https:\/\/www.herbadiberna.ch\/it\/wp-json\/wp\/v2\/product_cat?post=55216"},{"taxonomy":"product_tag","embeddable":true,"href":"https:\/\/www.herbadiberna.ch\/it\/wp-json\/wp\/v2\/product_tag?post=55216"}],"curies":[{"name":"wp","href":"https:\/\/api.w.org\/{rel}","templated":true}]}}