{"id":55025,"date":"2024-11-12T12:43:51","date_gmt":"2024-11-12T11:43:51","guid":{"rendered":"https:\/\/www.herbadiberna.ch\/?post_type=product&#038;p=55025"},"modified":"2026-04-20T07:41:01","modified_gmt":"2026-04-20T06:41:01","slug":"mini-buds-purple-punch-21g-kopie-kopie","status":"publish","type":"product","link":"https:\/\/www.herbadiberna.ch\/it\/prodotto\/mini-buds-purple-punch-21g-kopie-kopie\/","title":{"rendered":"Torta al formaggio alle fragole selezionata dall&#8217;Erba"},"content":{"rendered":"<div class=\"flex max-w-full flex-col flex-grow\">\n<div class=\"min-h-8 text-message flex w-full flex-col items-end gap-2 whitespace-normal break-words text-start [.text-message+&amp;]:mt-5\" dir=\"auto\">\n<div class=\"flex w-full flex-col gap-1 empty:hidden first:pt-[3px]\">\n<div class=\"markdown prose w-full break-words dark:prose-invert light\">\n<h2><strong>Acquista la Torta di formaggio alle fragole Greenhouse - Fruttata e cremosa di qualit\u00e0 svizzera<\/strong><\/h2>\n<p>Sta pensando di <strong>acquistare Strawberry Cheese Cake Greenhouse<\/strong>? O sta cercando un fiore CBD che combini la sostenibilit\u00e0 con un vero sapore di dessert?<br \/>\nI nostri <strong>fiori CBD Greenhouse<\/strong> della linea Select non sono affatto prodotti standard. Gli intenditori li apprezzano in quanto frutto di una collaborazione esclusiva tra Budspensarey e Herba di Berna.  <\/p>\n<p>Questa variet\u00e0 \u00e8 anche la preferita da chi vuole fare a meno della luce artificiale, ma \u00e8 alla ricerca di una piena potenza. \u00c8 quindi ideale per il puro divertimento, si adatta perfettamente allo <strong>svapo<\/strong> e regala momenti di relax.<br \/>\nQuesto fiore \u00e8 come una visita alla pasticceria. Combiniamo sapori intensi di fragola con una nota cremosa di torta al formaggio. Il risultato \u00e8 un <strong>fiore CBD Greenhouse<\/strong> con un profilo terpenico cos\u00ec dolce e complesso che \u00e8 difficile credere che sia maturato alla luce del sole.   <\/p>\n<h2><strong>Il profilo di gusto: la fragola dolce incontra il dessert cremoso<\/strong><\/h2>\n<p>Con noi, acquista natura pura e qualit\u00e0 raccolta a mano. Questi fiori sono coltivati in una serra sostenibile, senza illuminazione artificiale. <\/p>\n<ul>\n<li><strong>Il sapore:<\/strong> la genetica apporta una dolcezza inconfondibile. Ricorda immediatamente le fragole fresche. Sfumature cremose di torta al formaggio completano il profilo. Il sapore \u00e8 quindi assolutamente armonioso e morbido.   <\/li>\n<li><strong>L&#8217;uso:<\/strong> Poich\u00e9 questi fiori compatti sono estremamente resinosi, i terpeni vengono trattenuti al massimo. Sono quindi perfetti per essere fumati o come componente aromatico in un vaporizzatore. Grazie al loro sapore intenso, sono anche un&#8217;ottima base per <strong>edibili di CBD<\/strong> di alta qualit\u00e0.  <\/li>\n<\/ul>\n<h2><strong>Caratteristiche del prodotto: Perch\u00e9 acquistare la torta al formaggio alla fragola Greenhouse?<\/strong><\/h2>\n<ul>\n<li><strong>Qualit\u00e0 della linea Select:<\/strong> come parte della nostra selezione premium, questa variet\u00e0 \u00e8 sinonimo di standard elevatissimi. Ogni fiore viene raccolto con cura e lavorato a mano. <\/li>\n<li><strong>Profilo terpenico unico:<\/strong> si gode di una miscela di frutta e crema. Una tale densit\u00e0 aromatica si trova raramente nelle coltivazioni a luce solare pura. <\/li>\n<li><strong>Esclusivit\u00e0 stagionale:<\/strong> poich\u00e9 ci affidiamo ai cicli naturali, questa variet\u00e0 \u00e8 disponibile solo in quantit\u00e0 limitate. Se desidera acquistare la Torta al formaggio alla fragola Greenhouse, deve ordinare quando \u00e8 disponibile. <\/li>\n<li><strong>Coltivazione sostenibile:<\/strong> coltivata in una serra con <strong>BioTabs e acqua di sorgente pura<\/strong>. Le piante crescono senza luce artificiale o pesticidi. Questo protegge l&#8217;ambiente e garantisce un prodotto naturale e non adulterato.  <\/li>\n<\/ul>\n<h2><strong>Acquistare la Torta al formaggio alla fragola Serra - Sostenibile ed esclusiva<\/strong><\/h2>\n<p>La responsabilit\u00e0 ecologica \u00e8 importante per noi. Dimostriamo che l&#8217;alta qualit\u00e0 \u00e8 possibile anche senza un enorme dispendio di energia. Ci\u00f2 che molti conoscono come semplice coltivazione in serra, noi l&#8217;abbiamo portata alla perfezione grazie all&#8217;esperienza e all&#8217;irrigazione con acqua di sorgente.<br \/>\nIl risultato \u00e8 un prodotto pieno di energia naturale. Si tratta quindi di un modo consapevole per godere di un <strong>CBD di alta qualit\u00e0<\/strong>. Non deve scendere a compromessi sulla potenza o sulla bellezza della struttura del fiore.    <\/p>\n<h2><strong>Esperienze dei clienti con Strawberry Cheese Cake<\/strong><\/h2>\n<p>I nostri clienti descrivono spesso il sapore come <strong>sorprendentemente intenso per una variet\u00e0 Greenhouse<\/strong>. La nota dolce di fragola \u00e8 chiaramente riconoscibile e rende questi fiori CBD i preferiti dagli intenditori che preferiscono un fumo delicato. Anche la <strong>struttura compatta e resinosa<\/strong>, che altrimenti \u00e8 pi\u00f9 familiare ai fiori indoor, \u00e8 particolarmente enfatizzata.  <\/p>\n<h2><strong>Acquisti subito la Torta al formaggio alla fragola Greenhouse e si diverta!<\/strong><\/h2>\n<p>\u00c8 pronto per l&#8217;esperienza fruttata e cremosa della coltivazione sostenibile?<br \/>\nOrdini ora e si assicuri la nostra specialit\u00e0 stagionale Select.<\/p>\n<h2><strong>Integratori perfetti per il suo stile di vita<\/strong><\/h2>\n<p>\u27a1\ufe0f  <a href=\"https:\/\/www.herbadiberna.ch\/it\/olio-di-cbd\/\">Gocce di olio di CBD<\/a> (per l&#8217;equilibrio interiore)<br \/>\n\u27a1\ufe0f  <a href=\"https:\/\/www.herbadiberna.ch\/it\/prodotti-per-la-cura-del-cbd\/\">Cosmetici CBD<\/a> (cura della pelle)<br \/>\n\u27a1\ufe0f  <a href=\"https:\/\/www.herbadiberna.ch\/cbd-zubehoer\/\">Acquisti accessori<\/a> (carte, filtri e altro)<\/p>\n<\/div>\n<\/div>\n<\/div>\n<\/div>\n","protected":false},"excerpt":{"rendered":"<p><strong>Strawberry Cheese Cake Greenhouse<\/strong> - Un <strong>fiore svizzero di prima qualit\u00e0<\/strong> dai sapori fruttati di fragola e cremoso cheesecake, coltivato in modo sostenibile sotto il sole svizzero. Perfetta per chi cerca qualit\u00e0<strong>, <\/strong>piacere e un&#8217;<strong> alternativa al THC<\/strong>. <\/p>\n","protected":false},"featured_media":62428,"comment_status":"open","ping_status":"closed","template":"","meta":{"inline_featured_image":false},"product_brand":[],"product_cat":[348,1227,454],"product_tag":[],"class_list":{"0":"post-55025","1":"product","2":"type-product","3":"status-publish","4":"has-post-thumbnail","6":"product_cat-fiori-di-cbd","7":"product_cat-select-premium-it","8":"product_cat-serra-it","9":"product_shipping_class-postpac-priorita","10":"pa_anbau-serra","11":"pa_cbd-157-it","12":"pa_marke-erba-di-berna","13":"pa_thc-061-it","14":"pif-has-gallery","16":"first","17":"instock","18":"taxable","19":"shipping-taxable","20":"purchasable","21":"product-type-simple"},"_links":{"self":[{"href":"https:\/\/www.herbadiberna.ch\/it\/wp-json\/wp\/v2\/product\/55025","targetHints":{"allow":["GET"]}}],"collection":[{"href":"https:\/\/www.herbadiberna.ch\/it\/wp-json\/wp\/v2\/product"}],"about":[{"href":"https:\/\/www.herbadiberna.ch\/it\/wp-json\/wp\/v2\/types\/product"}],"replies":[{"embeddable":true,"href":"https:\/\/www.herbadiberna.ch\/it\/wp-json\/wp\/v2\/comments?post=55025"}],"wp:featuredmedia":[{"embeddable":true,"href":"https:\/\/www.herbadiberna.ch\/it\/wp-json\/wp\/v2\/media\/62428"}],"wp:attachment":[{"href":"https:\/\/www.herbadiberna.ch\/it\/wp-json\/wp\/v2\/media?parent=55025"}],"wp:term":[{"taxonomy":"product_brand","embeddable":true,"href":"https:\/\/www.herbadiberna.ch\/it\/wp-json\/wp\/v2\/product_brand?post=55025"},{"taxonomy":"product_cat","embeddable":true,"href":"https:\/\/www.herbadiberna.ch\/it\/wp-json\/wp\/v2\/product_cat?post=55025"},{"taxonomy":"product_tag","embeddable":true,"href":"https:\/\/www.herbadiberna.ch\/it\/wp-json\/wp\/v2\/product_tag?post=55025"}],"curies":[{"name":"wp","href":"https:\/\/api.w.org\/{rel}","templated":true}]}}