{"id":55016,"date":"2024-11-12T11:41:58","date_gmt":"2024-11-12T10:41:58","guid":{"rendered":"https:\/\/www.herbadiberna.ch\/?post_type=product&#038;p=55016"},"modified":"2026-04-14T18:06:15","modified_gmt":"2026-04-14T17:06:15","slug":"mini-buds-purple-punch-21g-kopie","status":"publish","type":"product","link":"https:\/\/www.herbadiberna.ch\/it\/prodotto\/mini-buds-purple-punch-21g-kopie\/","title":{"rendered":"Herba SELECT Walliser Rambo"},"content":{"rendered":"<h2><strong>Acquistare Valais Rambo Outdoor - Un sapore forte dalle Alpi<\/strong><\/h2>\n<p>Vuole <strong>acquistare<\/strong> la nostra forte <strong>Rambo Outdoor del Vallese<\/strong>? <strong>Allora<\/strong> questo ceppo \u00e8 una scelta eccellente per la vera qualit\u00e0 svizzera.<br \/>\nSebbene esistano molte variet\u00e0 outdoor, questa genetica si distingue in modo particolare. Si tratta di uno dei fiori di pi\u00f9 alta qualit\u00e0 presenti sul mercato e viene coltivato in condizioni ottimali nelle Alpi svizzere. <\/p>\n<p><strong>Cosa rende il sapore di Rambo del Vallese cos\u00ec speciale?<\/strong><br \/>\nLe piante, crescendo nel Vallese, sviluppano un profilo terpenico particolarmente potente.<br \/>\nIl gusto \u00e8 caratterizzato da aromi intensi e terrosi, perfettamente integrati da note dolci e speziate. Il risultato \u00e8 un&#8217;autentica esperienza di gusto che gli intenditori apprezzeranno immediatamente. <\/p>\n<p>Ma non \u00e8 solo il sapore a stupire. Con un notevole <strong>contenuto di CBD del 15%<\/strong>, questa variet\u00e0 offre un rilassamento profondo e calmante.<br \/>\nQuesto la rende perfetta per chi cerca un fiore autentico con un carattere forte, mentre la qualit\u00e0 rimane costantemente alta grazie a metodi di coltivazione sostenibili. <\/p>\n<h2><strong>Caratteristiche del prodotto di Walliser Rambo Outdoor<\/strong><\/h2>\n<ul>\n<li><strong>Profilo terpenico intenso:<\/strong> sapori forti e terrosi incontrano note dolci e speziate.<\/li>\n<li><strong>Origine svizzera:<\/strong> prodotto da coltivatori esperti nel soleggiato Vallese.<\/li>\n<li><strong>Alto contenuto di CBD:<\/strong> circa il 15 % di CBD per un rilassamento e un benessere dolci.<\/li>\n<li><strong>Contenuto minimo di THC:<\/strong> per un&#8217;esperienza chiara senza effetti intossicanti<strong>.<\/strong> <\/li>\n<li><strong>Lavorazione accurata:<\/strong> coltivata con precisione, raccolta a mano e asciugata delicatamente.<\/li>\n<li><strong>Disponibilit\u00e0 limitata:<\/strong> essendo un prodotto stagionale, \u00e8 disponibile solo per un periodo limitato.<\/li>\n<\/ul>\n<h2><strong>Perch\u00e9 dovrebbe acquistare il Walliser Rambo Outdoor<\/strong><\/h2>\n<p>Se desidera <strong>acquistare fiori di CBD outdoor<\/strong> di alta qualit\u00e0, questa variet\u00e0 \u00e8 la soluzione ideale.<br \/>\nIl profilo terpenico assicura quindi un&#8217;esperienza naturale e non adulterata. Grazie alla coltivazione svizzera di alta qualit\u00e0, i sapori si sviluppano particolarmente bene e si mantengono fino all&#8217;ultima boccata.<br \/>\nQuesto fiore colpisce quindi per la sua naturalezza, il suo effetto piacevole e la sua qualit\u00e0 raccolta a mano. <\/p>\n<h2><strong>Ordini ora Walliser Outdoor CBD e si diverta!<\/strong><\/h2>\n<p>Quindi non esiti. Ordini subito <strong>Valais Outdoor<\/strong> e porti la forza delle Alpi nella sua casa! <\/p>\n<h2><strong>Scopra di pi\u00f9: Altri punti salienti del CBD<\/strong><\/h2>\n<p>\u27a1\ufe0f Dia un&#8217;occhiata anche ai nostri popolari <a href=\"https:\/\/www.herbadiberna.ch\/produkt\/purple-punch-mini-buds\/\">mini boccioli Purple Punch<\/a>.<br \/>\n\u27a1\ufe0f Oppure scopra i nostri <a href=\"https:\/\/www.herbadiberna.ch\/it\/olio-di-cbd\/\">oli di CBD a spettro completo<\/a>, per ottenere tutta la potenza della pianta.<br \/>\n<a href=\"https:\/\/www.herbadiberna.ch\/cbd-blueten-kaufen-schweiz\/\">\u27a1\ufe0f Clicchi qui per tornare alla panoramica di tutti i fiori di CBD<\/a><\/p>\n","protected":false},"excerpt":{"rendered":"<p>Potente, terrosa e 100% svizzera: Valais Rambo Outdoor colpisce per l&#8217;elevato contenuto di CBD, pari al 15%, e per il sapore intenso, dolce e speziato. Metta le mani su queste genetiche di prima qualit\u00e0 provenienti dalle Alpi del Vallese. <\/p>\n","protected":false},"featured_media":56156,"comment_status":"open","ping_status":"closed","template":"","meta":{"inline_featured_image":false},"product_brand":[],"product_cat":[348,1227],"product_tag":[],"class_list":{"0":"post-55016","1":"product","2":"type-product","3":"status-publish","4":"has-post-thumbnail","6":"product_cat-fiori-di-cbd","7":"product_cat-select-premium-it","8":"product_shipping_class-postpac-priorita","9":"pa_anbau-outdoor-it","10":"pa_cbd-155-it","11":"pa_cbg-092-it","12":"pa_inhalt-netto-10g-it","13":"pa_marke-erba-di-berna","14":"pa_thc-063-it","15":"pif-has-gallery","17":"first","18":"instock","19":"taxable","20":"shipping-taxable","21":"purchasable","22":"product-type-simple"},"_links":{"self":[{"href":"https:\/\/www.herbadiberna.ch\/it\/wp-json\/wp\/v2\/product\/55016","targetHints":{"allow":["GET"]}}],"collection":[{"href":"https:\/\/www.herbadiberna.ch\/it\/wp-json\/wp\/v2\/product"}],"about":[{"href":"https:\/\/www.herbadiberna.ch\/it\/wp-json\/wp\/v2\/types\/product"}],"replies":[{"embeddable":true,"href":"https:\/\/www.herbadiberna.ch\/it\/wp-json\/wp\/v2\/comments?post=55016"}],"wp:featuredmedia":[{"embeddable":true,"href":"https:\/\/www.herbadiberna.ch\/it\/wp-json\/wp\/v2\/media\/56156"}],"wp:attachment":[{"href":"https:\/\/www.herbadiberna.ch\/it\/wp-json\/wp\/v2\/media?parent=55016"}],"wp:term":[{"taxonomy":"product_brand","embeddable":true,"href":"https:\/\/www.herbadiberna.ch\/it\/wp-json\/wp\/v2\/product_brand?post=55016"},{"taxonomy":"product_cat","embeddable":true,"href":"https:\/\/www.herbadiberna.ch\/it\/wp-json\/wp\/v2\/product_cat?post=55016"},{"taxonomy":"product_tag","embeddable":true,"href":"https:\/\/www.herbadiberna.ch\/it\/wp-json\/wp\/v2\/product_tag?post=55016"}],"curies":[{"name":"wp","href":"https:\/\/api.w.org\/{rel}","templated":true}]}}