{"id":36722,"date":"2024-07-19T12:08:08","date_gmt":"2024-07-19T11:08:08","guid":{"rendered":"https:\/\/www.herbadiberna.ch\/?post_type=product&#038;p=36722"},"modified":"2026-04-17T02:39:56","modified_gmt":"2026-04-17T01:39:56","slug":"8000kicks-zaino-grande-kopie","status":"publish","type":"product","link":"https:\/\/www.herbadiberna.ch\/it\/prodotto\/8000kicks-zaino-grande-kopie\/","title":{"rendered":"Borsa in canapa 8000Kicks"},"content":{"rendered":"<p>Eleva il tuo stile con le nuove borse in canapa di 8000Kicks. Progettato per le persone attente all&#8217;ambiente che apprezzano sia la moda che la funzionalit\u00e0. Questa borsa versatile \u00e8 perfetta per le commissioni di tutti i giorni ed \u00e8 disponibile in 4 varianti.<\/p>\n<p>Come sempre con i prodotti 8000Kicks, le borse hanno un design semplice e un&#8217;elevata funzionalit\u00e0. Grazie alle fibre di canapa utilizzate e alle doppie cuciture, le borse sono estremamente resistenti e durevoli. Le borse sono perfette per essere indossate tutti i giorni, per il lavoro o per una gita in spiaggia.<\/p>\n<p>Highlights:- 100% vegano<br \/>\n- Resistente alle intemperie (senza PFC)<br \/>\n- Fibre di canapa resistenti<br \/>\n- Ampio scomparto per la pelle con tasca interna<br \/>\n- Tasca interna adatta a un computer portatile da 14 pollici<br \/>\n- Solo 0,30 kg<\/p>\n<p>8000Kicks \u00e8 un&#8217;azienda specializzata nello sviluppo di prodotti in canapa, tra cui queste borse in canapa resistenti alle intemperie.<\/p>\n<p>I prodotti di 8000Kicks possono essere visti e provati nel negozio specializzato in prodotti a base di CBD e canapa di Berna.<\/p>\n","protected":false},"excerpt":{"rendered":"<p>Realizzato in fibre di canapa, impermeabile e 100% vegano<\/p>\n","protected":false},"featured_media":42569,"comment_status":"open","ping_status":"closed","template":"","meta":{"inline_featured_image":false},"product_brand":[],"product_cat":[584],"product_tag":[],"class_list":{"0":"post-36722","1":"product","2":"type-product","3":"status-publish","4":"has-post-thumbnail","6":"product_cat-tessili","7":"pif-has-gallery","9":"first","10":"instock","11":"taxable","12":"shipping-taxable","13":"purchasable","14":"product-type-variable","15":"rtwpvs-product"},"_links":{"self":[{"href":"https:\/\/www.herbadiberna.ch\/it\/wp-json\/wp\/v2\/product\/36722","targetHints":{"allow":["GET"]}}],"collection":[{"href":"https:\/\/www.herbadiberna.ch\/it\/wp-json\/wp\/v2\/product"}],"about":[{"href":"https:\/\/www.herbadiberna.ch\/it\/wp-json\/wp\/v2\/types\/product"}],"replies":[{"embeddable":true,"href":"https:\/\/www.herbadiberna.ch\/it\/wp-json\/wp\/v2\/comments?post=36722"}],"wp:featuredmedia":[{"embeddable":true,"href":"https:\/\/www.herbadiberna.ch\/it\/wp-json\/wp\/v2\/media\/42569"}],"wp:attachment":[{"href":"https:\/\/www.herbadiberna.ch\/it\/wp-json\/wp\/v2\/media?parent=36722"}],"wp:term":[{"taxonomy":"product_brand","embeddable":true,"href":"https:\/\/www.herbadiberna.ch\/it\/wp-json\/wp\/v2\/product_brand?post=36722"},{"taxonomy":"product_cat","embeddable":true,"href":"https:\/\/www.herbadiberna.ch\/it\/wp-json\/wp\/v2\/product_cat?post=36722"},{"taxonomy":"product_tag","embeddable":true,"href":"https:\/\/www.herbadiberna.ch\/it\/wp-json\/wp\/v2\/product_tag?post=36722"}],"curies":[{"name":"wp","href":"https:\/\/api.w.org\/{rel}","templated":true}]}}