{"id":36472,"date":"2024-07-12T09:58:10","date_gmt":"2024-07-12T08:58:10","guid":{"rendered":"https:\/\/www.herbadiberna.ch\/?post_type=product&#038;p=36472"},"modified":"2026-05-11T14:56:59","modified_gmt":"2026-05-11T13:56:59","slug":"giacca-reversibile-khala-design","status":"publish","type":"product","link":"https:\/\/www.herbadiberna.ch\/it\/prodotto\/giacca-reversibile-khala-design\/","title":{"rendered":"Giacca reversibile di Khala Design"},"content":{"rendered":"<h2><strong>Acquistare una giacca di canapa reversibile - tessuti di canapa sostenibili per la vita quotidiana<\/strong><\/h2>\n<p><strong>Acquisti un&#8217;elegante giacca reversibile in canapa <\/strong>e sperimenti la qualit\u00e0 speciale di questo modello reversibile. Con un <strong>mix di materiali composto per il 55% da canapa e per il 45% da cotone biologico<\/strong>, le giacche da uomo e da donna colpiscono per i loro <strong>vivaci motivi africani<\/strong> con un classico <strong>lato nero reversibile<\/strong>. L&#8217;artigianato etico in Malawi protegge l&#8217;ambiente e garantisce un&#8217;esperienza slow fashion di lunga durata.  <\/p>\n<h2><strong>Caratteristiche del prodotto delle giacche di canapa reversibili<\/strong><\/h2>\n<ul>\n<li><strong>Due look in uno:<\/strong> nero classico su un lato, stampa accattivante sull&#8217;altro.<\/li>\n<li><strong>Innovativi tessuti di canapa:<\/strong> realizzati in robusta canapa e morbido cotone organico per il massimo comfort.<\/li>\n<li><strong>Per uomo e donna:<\/strong> tagli sartoriali per entrambi i sessi, con cerniera reversibile e tasche morbide.<\/li>\n<li><strong>Produzione etica:<\/strong> equa, sostenibile e amorevolmente realizzata a mano in Malawi.<\/li>\n<li><strong>Vegano e robusto:<\/strong> materiali durevoli che resistono senza sforzo alla vita quotidiana e sono completamente privi di animali.<\/li>\n<\/ul>\n<h2><strong>Perch\u00e9 acquistare la nostra giacca di canapa reversibile?<\/strong><\/h2>\n<p>Se desidera acquistare <strong>tessuti di canapa sostenibili in Svizzera<\/strong>, questa giacca reversibile \u00e8 una scelta eccellente. La <strong>produzione in condizioni eque<\/strong> garantisce una qualit\u00e0 costantemente elevata. Grazie ai materiali di alta qualit\u00e0, le <strong>propriet\u00e0 robuste e traspiranti<\/strong> vengono mantenute, creando un&#8217;esperienza slow fashion unica.  <\/p>\n<h2><strong>Esperienze dei clienti con le giacche di canapa reversibili<\/strong><\/h2>\n<p>I clienti lodano l&#8217;<strong>ingegnosa versatilit\u00e0<\/strong> e l&#8217;<strong>elevato comfort della giacca<\/strong>. Il materiale resistente, la <strong>qualit\u00e0 premium<\/strong> e il design africano unico sono particolarmente apprezzati, rendendo queste giacche di canapa un compagno preferito. <\/p>\n<h2><strong>Ordini subito le giacche di canapa reversibili e si diverta!<\/strong><\/h2>\n<p><strong>Scopra la qualit\u00e0 dei nostri tessuti di canapa!<\/strong>  Ordini ora e si goda la moda di lunga durata con un carattere slow fashion di prima qualit\u00e0 - come una giacca reversibile alla moda per uomo o donna.<\/p>\n<h2><strong>Scopra di pi\u00f9: Altri prodotti premium<\/strong><\/h2>\n<p>\u27a1\ufe0f Provi anche il nostro <a href=\"https:\/\/www.herbadiberna.ch\/it\/olio-di-cbd\/\">olio di CBD<\/a> di alta qualit\u00e0.<br \/>\n\u27a1\ufe0f Scopra i nostri <a href=\"https:\/\/www.herbadiberna.ch\/it\/prodotti-per-la-cura-del-cbd\/\">cosmetici al CBD<\/a> per la sua vita quotidiana.<br \/>\n<a href=\"https:\/\/www.herbadiberna.ch\/it\/accessori-cbd\/\">\u27a1\ufe0f Scopra gli accessori<\/a><\/p>\n","protected":false},"excerpt":{"rendered":"<p>Acquisti giacche di canapa reversibili per uomo e donna su Herba di Berna. Tessuti di canapa con due look: il classico nero o le vivaci stampe africane. Queste robuste giacche di canapa provenienti dal commercio equo e solidale del Malawi sono vegane - ideali per un&#8217;elegante slow fashion nella vita di tutti i giorni.  <strong>  Ordinato entro le 15:00, consegnato domani \u2713 Spedizione gratuita a partire da CHF 80 \u2713<\/strong><\/p>\n","protected":false},"featured_media":36557,"comment_status":"open","ping_status":"closed","template":"","meta":{"inline_featured_image":false},"product_brand":[],"product_cat":[584],"product_tag":[],"class_list":{"0":"post-36472","1":"product","2":"type-product","3":"status-publish","4":"has-post-thumbnail","6":"product_cat-tessili","7":"pif-has-gallery","9":"first","10":"instock","11":"taxable","12":"shipping-taxable","13":"purchasable","14":"product-type-variable","15":"rtwpvs-product"},"_links":{"self":[{"href":"https:\/\/www.herbadiberna.ch\/it\/wp-json\/wp\/v2\/product\/36472","targetHints":{"allow":["GET"]}}],"collection":[{"href":"https:\/\/www.herbadiberna.ch\/it\/wp-json\/wp\/v2\/product"}],"about":[{"href":"https:\/\/www.herbadiberna.ch\/it\/wp-json\/wp\/v2\/types\/product"}],"replies":[{"embeddable":true,"href":"https:\/\/www.herbadiberna.ch\/it\/wp-json\/wp\/v2\/comments?post=36472"}],"wp:featuredmedia":[{"embeddable":true,"href":"https:\/\/www.herbadiberna.ch\/it\/wp-json\/wp\/v2\/media\/36557"}],"wp:attachment":[{"href":"https:\/\/www.herbadiberna.ch\/it\/wp-json\/wp\/v2\/media?parent=36472"}],"wp:term":[{"taxonomy":"product_brand","embeddable":true,"href":"https:\/\/www.herbadiberna.ch\/it\/wp-json\/wp\/v2\/product_brand?post=36472"},{"taxonomy":"product_cat","embeddable":true,"href":"https:\/\/www.herbadiberna.ch\/it\/wp-json\/wp\/v2\/product_cat?post=36472"},{"taxonomy":"product_tag","embeddable":true,"href":"https:\/\/www.herbadiberna.ch\/it\/wp-json\/wp\/v2\/product_tag?post=36472"}],"curies":[{"name":"wp","href":"https:\/\/api.w.org\/{rel}","templated":true}]}}