{"id":35337,"date":"2023-03-17T11:24:36","date_gmt":"2023-03-17T10:24:36","guid":{"rendered":"https:\/\/www.herbadiberna.ch\/cbd-hash-starter-pack-125g\/"},"modified":"2026-04-20T20:27:07","modified_gmt":"2026-04-20T19:27:07","slug":"cbd-hash-starter-pack-125g","status":"publish","type":"product","link":"https:\/\/www.herbadiberna.ch\/it\/prodotto\/cbd-hash-starter-pack-125g\/","title":{"rendered":"CBD Hash Starter Pack 12,5g"},"content":{"rendered":"<h2><strong>Acquistare CBD Hash Starter Pack - 5 ceppi top nel set di degustazione CBD<\/strong><\/h2>\n<p>Se desidera <strong>acquistare<\/strong> il nostro <strong>CBD Hash Starter Pack<\/strong>, sta optando per il viaggio definitivo alla scoperta del mondo delle resine. Questo <strong>set di degustazione<\/strong> \u00e8 l&#8217;introduzione perfetta alla nostra gamma diversificata. Nella scena, viene spesso chiamato &#8220;Menu di degustazione CBD&#8221; o semplicemente il miglior <strong>pacchetto di degustazione di hashish CBD<\/strong>.  <\/p>\n<p>Questo set \u00e8 quindi la prima scelta per le persone indecise e per i buongustai che non vogliono impegnarsi in una sola variet\u00e0. Pertanto, non solo \u00e8 ideale per trovare il proprio preferito, ma offre anche l&#8217;<strong>hashish<\/strong> giusto per ogni situazione. Dopotutto, qui l&#8217;attende l&#8217;intera gamma: dal polline polveroso alla resina oleosa, rollata a mano. Il risultato \u00e8 una collezione di 5 esclusivi <strong>estratti di CBD<\/strong> che non lasciano nulla a desiderare in termini di sapore e sensazione.   <\/p>\n<h2><strong>Il contenuto: un viaggio da Ketama a Charas<\/strong><\/h2>\n<p>Con questo prodotto riceve 12,5 g di pura variet\u00e0. Questo set di hashish CBD riunisce quindi le migliori consistenze e profili terpenici: <\/p>\n<ul>\n<li><strong>Il classico <a href=\"https:\/\/www.herbadiberna.ch\/it\/produkt\/cbd-hash-ketama\/\">Ketama<\/a>:<\/strong> un hashish tradizionale e secco con un sapore speziato e terroso. Ricorda l&#8217;oro marocchino originale ed \u00e8 facile da sbriciolare. <\/li>\n<li><strong>L&#8217;esotico <a href=\"https:\/\/www.herbadiberna.ch\/it\/produkt\/hashish-cbd-charas\/\">Charas<\/a>:<\/strong> hashish nero, arrotolato a mano, con una consistenza cremosa, quasi oleosa. I terpeni qui sono particolarmente intensi, scuri e saporiti. <\/li>\n<li><strong>La <a href=\"https:\/\/www.herbadiberna.ch\/it\/produkt\/cbd-hash-marok-crema\/\">crema Marok<\/a> tuttofare:<\/strong> Morbida, resinosa e modellabile. Cattura con una fragranza classica, dolce-speziata, che gli intenditori amano immediatamente. <\/li>\n<li><strong>Quelli naturali (polline biologico):<\/strong> Abbiamo sia <a href=\"https:\/\/www.herbadiberna.ch\/it\/produkt\/cbd-hash-bio-polline-esterno\/\"><strong>polline esterno<\/strong><\/a> (selvatico e originale) e anche <a href=\"https:\/\/www.herbadiberna.ch\/it\/produkt\/cbd-kief-bio-polline-interno\/\"><strong>polline indoor<\/strong><\/a> (massima densit\u00e0 di resina, brillante e potente). Queste variet\u00e0 di kief sono puro sapore. <\/li>\n<\/ul>\n<h2><strong>Caratteristiche del prodotto: Perch\u00e9 acquistare il CBD Hash Starter Pack?<\/strong><\/h2>\n<ul>\n<li><strong>Vantaggio di prezzo:<\/strong> con il set risparmia notevolmente rispetto all&#8217;acquisto individuale - ideale per gli acquirenti intelligenti.<\/li>\n<li><strong>Prova di variet\u00e0:<\/strong> scopra se \u00e8 pi\u00f9 un tipo da &#8220;hashish nero&#8221; morbido o da &#8220;polm&#8221; secco.<\/li>\n<li><strong>Alta qualit\u00e0:<\/strong> tutte le variet\u00e0 sono prive di additivi artificiali e pesticidi e sono ricche di terpeni naturali.<\/li>\n<li><strong>Flessibilit\u00e0:<\/strong> con 5 variet\u00e0, ha sempre la resina CBD giusta per il suo umore.<\/li>\n<\/ul>\n<h2><strong>Comprare CBD Hash - Scopra il suo preferito<\/strong><\/h2>\n<p>Dopo tutto, il nostro principio \u00e8 che non si dovrebbe comprare un maiale in un poke. Il sapore \u00e8 soggettivo. Ci\u00f2 che \u00e8 troppo piccante per una persona \u00e8 giusto per un&#8217;altra. Anche se spesso si ordina alla cieca, con questo set le offriamo la sicurezza di avere la garanzia di trovare qualcosa che le piace.   <\/p>\n<p>Quindi, acquistando questa confezione, riceve 12,5 g di qualit\u00e0 superiore. \u00c8 semplicemente il modo pi\u00f9 intelligente per gustare l&#8217;<strong>hashish legale<\/strong> in Svizzera - vario e senza rischi. <\/p>\n<h2><strong>Esperienze dei clienti con il pacchetto di degustazione dell&#8217;hashish<\/strong><\/h2>\n<p><em>&#8220;Perfetto per provare. Non pensavo che mi piacesse cos\u00ec tanto il Charas!&#8221;.<\/em> - \u00e8 il modo in cui molti nuovi clienti descrivono la loro esperienza.<\/p>\n<p>Questo set \u00e8 particolarmente apprezzato dai &#8220;nuovi arrivati&#8221; che vogliono passare dai fiori agli estratti. Ma anche i consumatori pi\u00f9 esperti amano utilizzare la <strong>confezione di hashish<\/strong> per offrire ai loro ospiti diverse opzioni. <\/p>\n<h2><strong>Acquisti subito lo Starter Pack di CBD Hash e sperimenti la variet\u00e0!<\/strong><\/h2>\n<p>\u00c8 pronto per la migliore selezione in Svizzera?<br \/>\nOrdini ora il suo set di degustazione e trovi il suo vincitore personale.<\/p>\n<h2><strong>Integratori perfetti per il suo stile di vita<\/strong><\/h2>\n<p>\u27a1\ufe0f  <a href=\"https:\/\/www.herbadiberna.ch\/it\/fiori-di-cbd\/\">Acquisti i fiori di CBD adatti<\/a><br \/>\n\u27a1\ufe0f <a href=\"https:\/\/www.herbadiberna.ch\/it\/vaporizzatori\/\">Vaporizzatore per estratti<\/a><br \/>\n\u27a1\ufe0f   <a href=\"https:\/\/www.herbadiberna.ch\/it\/olio-di-cbd\/\">Scopra l&#8217;olio di CBD<\/a><\/p>\n","protected":false},"excerpt":{"rendered":"<p>Acquista il CBD Hash Starter Pack - Cinque ceppi di prima qualit\u00e0 in un unico set per la massima variet\u00e0!<br \/>\nEsclusiva selezione di ceppi di CBD hashish di alta qualit\u00e0 - perfetta per i principianti e gli intenditori che vogliono testare diversi sapori e consistenze.<br \/>\nOrdina ora e goditi i ceppi di CBD hashish di prima qualit\u00e0 in un unico set!<\/p>\n","protected":false},"featured_media":60948,"comment_status":"open","ping_status":"closed","template":"","meta":{"inline_featured_image":false},"product_brand":[],"product_cat":[722],"product_tag":[],"class_list":{"0":"post-35337","1":"product","2":"type-product","3":"status-publish","4":"has-post-thumbnail","6":"product_cat-cbd-hashish","7":"product_shipping_class-postpac-priorita","8":"pa_anbau-indoor-und-outdoor-it","9":"pa_inhalt-netto-12-5g-it","10":"pif-has-gallery","12":"first","13":"instock","14":"taxable","15":"shipping-taxable","16":"purchasable","17":"product-type-simple"},"_links":{"self":[{"href":"https:\/\/www.herbadiberna.ch\/it\/wp-json\/wp\/v2\/product\/35337","targetHints":{"allow":["GET"]}}],"collection":[{"href":"https:\/\/www.herbadiberna.ch\/it\/wp-json\/wp\/v2\/product"}],"about":[{"href":"https:\/\/www.herbadiberna.ch\/it\/wp-json\/wp\/v2\/types\/product"}],"replies":[{"embeddable":true,"href":"https:\/\/www.herbadiberna.ch\/it\/wp-json\/wp\/v2\/comments?post=35337"}],"wp:featuredmedia":[{"embeddable":true,"href":"https:\/\/www.herbadiberna.ch\/it\/wp-json\/wp\/v2\/media\/60948"}],"wp:attachment":[{"href":"https:\/\/www.herbadiberna.ch\/it\/wp-json\/wp\/v2\/media?parent=35337"}],"wp:term":[{"taxonomy":"product_brand","embeddable":true,"href":"https:\/\/www.herbadiberna.ch\/it\/wp-json\/wp\/v2\/product_brand?post=35337"},{"taxonomy":"product_cat","embeddable":true,"href":"https:\/\/www.herbadiberna.ch\/it\/wp-json\/wp\/v2\/product_cat?post=35337"},{"taxonomy":"product_tag","embeddable":true,"href":"https:\/\/www.herbadiberna.ch\/it\/wp-json\/wp\/v2\/product_tag?post=35337"}],"curies":[{"name":"wp","href":"https:\/\/api.w.org\/{rel}","templated":true}]}}