{"id":33930,"date":"2024-02-16T11:26:23","date_gmt":"2024-02-16T10:26:23","guid":{"rendered":"https:\/\/www.herbadiberna.ch\/?post_type=product&#038;p=33930"},"modified":"2026-04-19T18:04:56","modified_gmt":"2026-04-19T17:04:56","slug":"libro-canabidiol-un-compendio-di-cannabis-kopie-kopie-kopie-kopie-kopie-kopie-kopie","status":"publish","type":"product","link":"https:\/\/www.herbadiberna.ch\/it\/prodotto\/libro-canabidiol-un-compendio-di-cannabis-kopie-kopie-kopie-kopie-kopie-kopie-kopie\/","title":{"rendered":"La riscoperta dell&#8217;utile pianta della canapa"},"content":{"rendered":"<h2><strong>Acquisti il libro sulla canapa Jack Herer - La riscoperta di una leggenda<\/strong><\/h2>\n<p>Vuole capire il contesto reale? Il <strong>Libro della Canapa Jack Herer<\/strong> \u00e8 pi\u00f9 di una semplice lettura: \u00e8 un campanello d&#8217;allarme. Nel giro di pochi anni, una risorsa preziosa divenne una pianta proibita. Quest&#8217;opera riapre la storia ed \u00e8 considerata in tutto il mondo come la <strong>bibbia della canapa<\/strong> del movimento.   <\/p>\n<p>Jack Herer dimostra in modo impressionante che esiste una sola pianta che, come <strong>materia prima rinnovabile<\/strong>, \u00e8 in grado di fornirci quasi tutto ci\u00f2 di cui abbiamo bisogno, proteggendo al contempo l&#8217;ambiente.<\/p>\n<h2><strong>Contenuto: Perch\u00e9 la canapa potrebbe salvare il mondo<\/strong><\/h2>\n<p>Questo libro si legge come un thriller, ma \u00e8 pieno di fatti come un&#8217;<strong>enciclopedia<\/strong>. Fa luce sull&#8217;enorme potenziale della <strong>pianta utile della canapa<\/strong> in tutti i settori della vita: <\/p>\n<ul>\n<li><strong>Abbigliamento e tessuti:<\/strong> robusti, durevoli e possono essere coltivati senza pesticidi.<\/li>\n<li><strong>Energia e carburante:<\/strong> un&#8217;alternativa pulita ai combustibili fossili.<\/li>\n<li><strong>Medicina:<\/strong> La storia della cannabis come rimedio nella medicina popolare.<\/li>\n<li><strong>Carta e costruzioni:<\/strong> come la canapa potrebbe fermare la deforestazione.<\/li>\n<\/ul>\n<h2><strong>Un must per ogni amante della canapa<\/strong><\/h2>\n<p>Chiunque legga quest&#8217;<strong>opera standard<\/strong> capir\u00e0 le connessioni tra industria, politica e proibizionismo. Herer descrive in modo stimolante e visionario perch\u00e9 non possiamo evitare la canapa come <strong>materia prima biologica<\/strong> a lungo termine.<br \/>\n\u00c8 la <strong>letteratura educativa<\/strong> definitiva per tutti coloro che sono alla ricerca di argomenti e vogliono riscoprire la &#8220;vecchia compagna&#8221; cannabis. <\/p>\n<h2><strong>Ordini ora il libro sulla canapa di Jack Herer!<\/strong><\/h2>\n<p>\u00c8 pronto per la verit\u00e0 sulla cannabis?<br \/>\nScopra il libro che ha contribuito a dare il via all&#8217;ondata mondiale di legalizzazione e si faccia un&#8217;opinione personale.<\/p>\n<h2><strong>Scopra i prodotti realizzati con la &#8220;pianta miracolosa&#8221;.<\/strong><\/h2>\n<p>\u27a1\ufe0f  <a href=\"https:\/\/www.herbadiberna.ch\/it\/alimenti-canapa\/\">Cibo di canapa<\/a> (La pianta come alimento)<br \/>\n\u27a1\ufe0f  <a href=\"https:\/\/www.herbadiberna.ch\/it\/olio-di-cbd\/\">Acquistare olio di CBD<\/a> (Il lato medico)<br \/>\n\u27a1\ufe0f  <a href=\"https:\/\/www.herbadiberna.ch\/it\/prodotti-per-la-cura-del-cbd\/\">Cosmetici alla canapa<\/a> (cura dalla natura)<\/p>\n","protected":false},"excerpt":{"rendered":"<p data-path-to-node=\"2\">Il leggendario lavoro standard di Jack Herer: appassionante come un thriller, questo libro rivela l&#8217;enorme potenziale della cannabis come materia prima biologica. Sia per la medicina, che per l&#8217;abbigliamento o l&#8217;energia - la bibbia della canapa definitiva sulla riscoperta di questa utile pianta.   <b data-path-to-node=\"3\" data-index-in-node=\"0\">Ordinato entro le ore 15.00 di oggi, consegnato domani \u2713 Spese di spedizione gratuite a partire da 79 franchi \u2713<\/b><\/p>\n","protected":false},"featured_media":34047,"comment_status":"open","ping_status":"closed","template":"","meta":{"inline_featured_image":false},"product_brand":[],"product_cat":[370,458],"product_tag":[],"class_list":{"0":"post-33930","1":"product","2":"type-product","3":"status-publish","4":"has-post-thumbnail","6":"product_cat-accessori-cbd","7":"product_cat-letteratura","9":"first","10":"instock","11":"taxable","12":"shipping-taxable","13":"purchasable","14":"product-type-simple"},"_links":{"self":[{"href":"https:\/\/www.herbadiberna.ch\/it\/wp-json\/wp\/v2\/product\/33930","targetHints":{"allow":["GET"]}}],"collection":[{"href":"https:\/\/www.herbadiberna.ch\/it\/wp-json\/wp\/v2\/product"}],"about":[{"href":"https:\/\/www.herbadiberna.ch\/it\/wp-json\/wp\/v2\/types\/product"}],"replies":[{"embeddable":true,"href":"https:\/\/www.herbadiberna.ch\/it\/wp-json\/wp\/v2\/comments?post=33930"}],"wp:featuredmedia":[{"embeddable":true,"href":"https:\/\/www.herbadiberna.ch\/it\/wp-json\/wp\/v2\/media\/34047"}],"wp:attachment":[{"href":"https:\/\/www.herbadiberna.ch\/it\/wp-json\/wp\/v2\/media?parent=33930"}],"wp:term":[{"taxonomy":"product_brand","embeddable":true,"href":"https:\/\/www.herbadiberna.ch\/it\/wp-json\/wp\/v2\/product_brand?post=33930"},{"taxonomy":"product_cat","embeddable":true,"href":"https:\/\/www.herbadiberna.ch\/it\/wp-json\/wp\/v2\/product_cat?post=33930"},{"taxonomy":"product_tag","embeddable":true,"href":"https:\/\/www.herbadiberna.ch\/it\/wp-json\/wp\/v2\/product_tag?post=33930"}],"curies":[{"name":"wp","href":"https:\/\/api.w.org\/{rel}","templated":true}]}}