{"id":33926,"date":"2024-02-16T11:20:38","date_gmt":"2024-02-16T10:20:38","guid":{"rendered":"https:\/\/www.herbadiberna.ch\/?post_type=product&#038;p=33926"},"modified":"2026-04-21T09:38:19","modified_gmt":"2026-04-21T08:38:19","slug":"libro-di-cucina-rausch","status":"publish","type":"product","link":"https:\/\/www.herbadiberna.ch\/it\/prodotto\/libro-di-cucina-rausch\/","title":{"rendered":"Il libro di cucina Rausch"},"content":{"rendered":"<p>Questo piccolo libro ispiratore illustra in modo vivido l&#8217;intero processo di preparazione, cottura e consumo della cannabis.<\/p>\n<p>Esistono diversi libri di cucina ispirati ai cannabinoidi, con diversi gradi di qualit\u00e0. Ma questo non lascia davvero nessuna domanda o desiderio senza risposta, perch\u00e9 \u00e8 pi\u00f9 di una semplice raccolta di ricette ben illustrate. Fornisce decine di consigli, trucchi e tecniche professionali sul tema dell&#8217;assunzione di alimenti contenenti THC. L&#8217;intero processo di preparazione e cottura \u00e8 spiegato in modo breve e conciso in questo libro. Ci sono semplicemente alcune regole di base da seguire quando si preparano le delizie inebrianti per evitare esperienze frustranti o orribili. I disegni sono spiritosi o, nel caso delle istruzioni, molto chiari e trasmettono con assoluta chiarezza cosa fare e come farlo per ottenere risultati ottimali. Inoltre, ci sono importanti spiegazioni sugli effetti a breve e a lungo termine delle droghe contenenti THC sulla salute, oltre a importanti informazioni sull&#8217;uso sicuro e sugli aspetti legali. Ci\u00f2 fa di questo libro una mini-opera con un approccio olistico, che merita il titolo di guida definitiva alla cucina di specialit\u00e0 e ottiene da me 6 stelle nella &#8220;guida ai funghi&#8221;. Rivista dei funghi, gennaio 2001.<br \/>\nIllustrato in ogni sua parte, con vignette.<\/p>\n","protected":false},"excerpt":{"rendered":"<p>Applicazione, ricette: Libro di BobCat Press<\/p>\n","protected":false},"featured_media":34071,"comment_status":"open","ping_status":"closed","template":"","meta":{"inline_featured_image":false},"product_brand":[],"product_cat":[370,458],"product_tag":[],"class_list":{"0":"post-33926","1":"product","2":"type-product","3":"status-publish","4":"has-post-thumbnail","6":"product_cat-accessori-cbd","7":"product_cat-letteratura","9":"first","10":"instock","11":"taxable","12":"shipping-taxable","13":"purchasable","14":"product-type-simple"},"_links":{"self":[{"href":"https:\/\/www.herbadiberna.ch\/it\/wp-json\/wp\/v2\/product\/33926","targetHints":{"allow":["GET"]}}],"collection":[{"href":"https:\/\/www.herbadiberna.ch\/it\/wp-json\/wp\/v2\/product"}],"about":[{"href":"https:\/\/www.herbadiberna.ch\/it\/wp-json\/wp\/v2\/types\/product"}],"replies":[{"embeddable":true,"href":"https:\/\/www.herbadiberna.ch\/it\/wp-json\/wp\/v2\/comments?post=33926"}],"wp:featuredmedia":[{"embeddable":true,"href":"https:\/\/www.herbadiberna.ch\/it\/wp-json\/wp\/v2\/media\/34071"}],"wp:attachment":[{"href":"https:\/\/www.herbadiberna.ch\/it\/wp-json\/wp\/v2\/media?parent=33926"}],"wp:term":[{"taxonomy":"product_brand","embeddable":true,"href":"https:\/\/www.herbadiberna.ch\/it\/wp-json\/wp\/v2\/product_brand?post=33926"},{"taxonomy":"product_cat","embeddable":true,"href":"https:\/\/www.herbadiberna.ch\/it\/wp-json\/wp\/v2\/product_cat?post=33926"},{"taxonomy":"product_tag","embeddable":true,"href":"https:\/\/www.herbadiberna.ch\/it\/wp-json\/wp\/v2\/product_tag?post=33926"}],"curies":[{"name":"wp","href":"https:\/\/api.w.org\/{rel}","templated":true}]}}