{"id":33909,"date":"2024-02-15T17:08:45","date_gmt":"2024-02-15T16:08:45","guid":{"rendered":"https:\/\/www.herbadiberna.ch\/?post_type=product&#038;p=33909"},"modified":"2026-04-19T18:24:04","modified_gmt":"2026-04-19T17:24:04","slug":"libro-soria-mai-discussa-dietro-il-divieto-di-canapa","status":"publish","type":"product","link":"https:\/\/www.herbadiberna.ch\/it\/prodotto\/libro-soria-mai-discussa-dietro-il-divieto-di-canapa\/","title":{"rendered":"La storia mai discussa dietro il divieto di canapa, una presentazione di prove"},"content":{"rendered":"<p>Il contesto di una politica disumana sulle droghe - presentato in modo chiaro e comprensibile.<\/p>\n<p>Il divieto di canapa \u00e8 un retaggio dei tempi razzisti. \u00c8 necessario riconoscere la storia che ne \u00e8 alla base e trarne le conseguenze. Perch\u00e9 questo tipo di pensiero non ha perso nulla nella legislazione odierna. Il divieto centenario non \u00e8 mai servito alla salute, ma alla soppressione delle culture straniere. N\u00e9 la Convenzione Unica delle Nazioni Unite del 1961 e del 1988, n\u00e9 la Decisione Quadro dell&#8217;Unione Europea del 2004 per criminalizzare il consumo e il traffico di cannabis si basano sulla scienza, ma su false informazioni, calcoli economici, razzismo e anche sull&#8217;eredit\u00e0 delle idee nazionalsocialiste. Fornire prove di questo background \u00e8 una questione che sta molto a cuore all&#8217;autore. N\u00e9 le forze dell&#8217;ordine, n\u00e9 i tribunali, n\u00e9 i cittadini dovrebbero mai pi\u00f9 essere autorizzati a giudicare i consumatori e i commercianti di canapa senza conoscere la storia che c&#8217;\u00e8 dietro.<br \/>\nWolfgang Ne\u0161kovic, ex giudice tedesco presso la Corte federale di giustizia di Karlsruhe, era gi\u00e0 convinto nel 1992 &#8220;che la politica sulle droghe sarebbe diversa se fosse possibile pubblicizzare le informazioni corrette. L&#8217;attuale legislazione sulle droghe pu\u00f2 essere praticata solo perch\u00e9 c&#8217;\u00e8 una corrispondente mancanza di informazioni tra la popolazione&#8221;.<\/p>\n","protected":false},"excerpt":{"rendered":"<p>Evidenza, politica, cultura: Libro di Annemarie Meyer<\/p>\n","protected":false},"featured_media":34043,"comment_status":"open","ping_status":"closed","template":"","meta":{"inline_featured_image":false},"product_brand":[],"product_cat":[370,458],"product_tag":[],"class_list":{"0":"post-33909","1":"product","2":"type-product","3":"status-publish","4":"has-post-thumbnail","6":"product_cat-accessori-cbd","7":"product_cat-letteratura","9":"first","10":"instock","11":"taxable","12":"shipping-taxable","13":"purchasable","14":"product-type-simple"},"_links":{"self":[{"href":"https:\/\/www.herbadiberna.ch\/it\/wp-json\/wp\/v2\/product\/33909","targetHints":{"allow":["GET"]}}],"collection":[{"href":"https:\/\/www.herbadiberna.ch\/it\/wp-json\/wp\/v2\/product"}],"about":[{"href":"https:\/\/www.herbadiberna.ch\/it\/wp-json\/wp\/v2\/types\/product"}],"replies":[{"embeddable":true,"href":"https:\/\/www.herbadiberna.ch\/it\/wp-json\/wp\/v2\/comments?post=33909"}],"wp:featuredmedia":[{"embeddable":true,"href":"https:\/\/www.herbadiberna.ch\/it\/wp-json\/wp\/v2\/media\/34043"}],"wp:attachment":[{"href":"https:\/\/www.herbadiberna.ch\/it\/wp-json\/wp\/v2\/media?parent=33909"}],"wp:term":[{"taxonomy":"product_brand","embeddable":true,"href":"https:\/\/www.herbadiberna.ch\/it\/wp-json\/wp\/v2\/product_brand?post=33909"},{"taxonomy":"product_cat","embeddable":true,"href":"https:\/\/www.herbadiberna.ch\/it\/wp-json\/wp\/v2\/product_cat?post=33909"},{"taxonomy":"product_tag","embeddable":true,"href":"https:\/\/www.herbadiberna.ch\/it\/wp-json\/wp\/v2\/product_tag?post=33909"}],"curies":[{"name":"wp","href":"https:\/\/api.w.org\/{rel}","templated":true}]}}