{"id":32092,"date":"2023-10-27T09:54:07","date_gmt":"2023-10-27T08:54:07","guid":{"rendered":"https:\/\/www.herbadiberna.ch\/?post_type=product&#038;p=32092"},"modified":"2026-03-24T08:07:22","modified_gmt":"2026-03-24T07:07:22","slug":"tropical-punch-handtrim-20g","status":"publish","type":"product","link":"https:\/\/www.herbadiberna.ch\/it\/prodotto\/tropical-punch-handtrim-20g\/","title":{"rendered":"Tropical Punch Handtrim 20g"},"content":{"rendered":"<h2><strong>Acquistare Tropical Punch Handtrim - Freschezza tropicale e 17% di CBD<\/strong><\/h2>\n<p>Se vuole <strong>acquistare<\/strong> la <strong>rifinitura manuale Tropical Punch<\/strong>, sta optando per la massima potenza di CBD a un prezzo basso. Questa <strong>selezione manuale indoor<\/strong> \u00e8 probabilmente la variet\u00e0 pi\u00f9 forte e fresca della nostra gamma. \u00c8 conosciuta nella scena come un &#8220;frullato&#8221; particolarmente potente, con un sapore che ricorda fortemente la leggendaria <strong>genetica Orange Bud<\/strong>.  <\/p>\n<p>Questo handtrim \u00e8 quindi la prima scelta per chi cerca un effetto rinfrescante. Pertanto, non solo \u00e8 ideale come <strong>sostituto del tabacco<\/strong>, ma offre anche un effetto notevole grazie a quasi il 17% di CBD. Infine, qui la attende un profilo estivo: utilizziamo il macinato delle nostre piante pi\u00f9 resinose di Tropical Punch. Il risultato \u00e8 un <strong>assetto di<\/strong> cannabis <strong>CBD<\/strong> che combina la dolcezza tropicale con una nota acidula e agrumata.   <\/p>\n<h2><strong>Il profilo aromatico: Vibrazioni di gemme d&#8217;arancia e agrumi<\/strong><\/h2>\n<p>Con questo prodotto, ottiene un&#8217;esperienza di sapore intenso che si distingue chiaramente dalle variet\u00e0 di dessert dolci. Questo frullato di CBD porta una vera freschezza nella sua vita quotidiana: <\/p>\n<ul>\n<li><strong>Il sapore:<\/strong> un&#8217;evidenziazione agrodolce. Gli aromi di frutta tropicale sono abbinati a chiare note di agrumi che hanno un effetto molto fresco. Agli intenditori vengono subito in mente le classiche variet\u00e0 di arance. Il profilo \u00e8 rinvigorente e mai pesante.   <\/li>\n<li><strong>La consistenza:<\/strong> <strong>non appena<\/strong> <strong>acquister\u00e0 Tropical Punch Handtrim<\/strong>, ricever\u00e0 una gemma di CBD di grande impatto visivo. \u00c8 caratterizzata da bellissimi tricomi di colore arancione che cadono direttamente quando i fiori compatti vengono girati. <\/li>\n<li><strong>Uso:<\/strong> Poich\u00e9 questo assetto \u00e8 estremamente potente con quasi il 17% di CBD, offre la massima efficienza. \u00c8 quindi ideale da fumare per tutti coloro che amano un effetto forte. Grazie al suo sapore di agrumi, \u00e8 anche la base perfetta per <strong>estratti di CBD<\/strong> freschi o cosmetici.  <\/li>\n<\/ul>\n<h2><strong>Caratteristiche del prodotto: Perch\u00e9 acquistare Tropical Punch Handtrim?<\/strong><\/h2>\n<ul>\n<li><strong>Valore superiore:<\/strong> con <strong>quasi il 17% di CBD<\/strong>, questo assetto \u00e8 uno dei ceppi pi\u00f9 forti dello shop - ideale per i consumatori esperti.<\/li>\n<li><strong>Gusto fresco:<\/strong> la combinazione di frutta tropicale e limone aspro \u00e8 unica e non \u00e8 &#8220;pastosa&#8221; come altre variet\u00e0.<\/li>\n<li><strong>Aspetto:<\/strong> la genetica colpisce per la presenza di molti peli di colore arancione e di cristalli di resina nelle finiture.<\/li>\n<li><strong>Versatilit\u00e0: \u00e8<\/strong> perfetto come additivo forte o come materia prima di alta qualit\u00e0 per un&#8217;ulteriore lavorazione.<\/li>\n<\/ul>\n<h2><strong>Acquistare Tropical Punch Handtrim - Forte e fruttato<\/strong><\/h2>\n<p>Dopotutto, il nostro principio \u00e8 quello di mettere a sua disposizione la qualit\u00e0 premium, in qualsiasi forma. Perch\u00e9 una variet\u00e0 con livelli di CBD cos\u00ec elevati sarebbe troppo buona per essere uno &#8220;scarto&#8221;. Questa selezione manuale \u00e8 ricca di cannabinoidi e terpeni.  <\/p>\n<p>Quindi, quando acquista questo assetto, ottiene un prodotto a predominanza di indica che ha ancora un sapore fresco. \u00c8 semplicemente il modo pi\u00f9 intelligente per godere di un <strong>CBD estremamente forte<\/strong> a un prezzo accessibile - con il sapore di un cocktail tropicale. <\/p>\n<h2><strong>Esperienze dei clienti con il Tropical Punch Trim<\/strong><\/h2>\n<p><em>&#8220;Il sapore \u00e8 incredibile, davvero piacevole, limonoso e forte&#8221;.<\/em> - \u00e8 il modo in cui molti fan descrivono l&#8217;effetto.<\/p>\n<p>Questo assetto \u00e8 particolarmente apprezzato dai &#8220;fumatori della vecchia scuola&#8221; che sentono la mancanza del classico sapore di gemma arancione. Tuttavia, anche i pazienti o gli utenti che necessitano di dosi elevate di CBD amano utilizzare questa alternativa favorevole, grazie al 17%. <\/p>\n<h2><strong>Acquisti ora Tropical Punch Handtrim e si diverta!<\/strong><\/h2>\n<p>\u00c8 pronto per un&#8217;iniezione di freschezza con un alto contenuto di CBD?<br \/>\nOrdini ora e si assicuri la nostra variet\u00e0 pi\u00f9 forte di rifiniture a mano.<\/p>\n<h2><strong>Integratori perfetti per il suo stile di vita<\/strong><\/h2>\n<p>\u27a1\ufe0f  <a href=\"https:\/\/www.herbadiberna.ch\/it\/fiori-di-cbd\/\">Acquisti fiori interi di CBD<\/a> (per l&#8217;occhio)<br \/>\n\u27a1\ufe0f  <a href=\"https:\/\/www.herbadiberna.ch\/it\/olio-di-cbd\/\">Acquisti olio di CBD<\/a> (come integratore giornaliero)<br \/>\n\u27a1\ufe0f  <a href=\"https:\/\/www.herbadiberna.ch\/it\/vaporizzatori\/\">Acquisti un vaporizzatore<\/a> (per un puro piacere dei terpeni).<\/p>\n","protected":false},"excerpt":{"rendered":"<p data-path-to-node=\"12\">Acquisti Tropical Punch Handtrim a Herba di Berna. Quasi il 17% di CBD, sapore acidulo di arancia e agrumi e forte qualit\u00e0 indoor. Ideale per gli amanti delle gemme arancioni, come sostituto del tabacco o per il vaping.    <strong>Ordinato entro le 15:00, consegnato domani \u2713 Spedizione gratuita a partire da CHF 80 \u2713<\/strong><\/p>\n","protected":false},"featured_media":78524,"comment_status":"open","ping_status":"closed","template":"","meta":{"inline_featured_image":false},"product_brand":[],"product_cat":[348,362],"product_tag":[],"class_list":{"0":"post-32092","1":"product","2":"type-product","3":"status-publish","4":"has-post-thumbnail","6":"product_cat-fiori-di-cbd","7":"product_cat-trim-it","8":"product_shipping_class-postpac-priorita","9":"pa_anbau-indoor-it","10":"pa_cbd-16-0-it","11":"pa_inhalt-netto-20g-it","12":"pa_thc-0-7-it","13":"pif-has-gallery","15":"first","16":"outofstock","17":"taxable","18":"shipping-taxable","19":"purchasable","20":"product-type-simple"},"_links":{"self":[{"href":"https:\/\/www.herbadiberna.ch\/it\/wp-json\/wp\/v2\/product\/32092","targetHints":{"allow":["GET"]}}],"collection":[{"href":"https:\/\/www.herbadiberna.ch\/it\/wp-json\/wp\/v2\/product"}],"about":[{"href":"https:\/\/www.herbadiberna.ch\/it\/wp-json\/wp\/v2\/types\/product"}],"replies":[{"embeddable":true,"href":"https:\/\/www.herbadiberna.ch\/it\/wp-json\/wp\/v2\/comments?post=32092"}],"wp:featuredmedia":[{"embeddable":true,"href":"https:\/\/www.herbadiberna.ch\/it\/wp-json\/wp\/v2\/media\/78524"}],"wp:attachment":[{"href":"https:\/\/www.herbadiberna.ch\/it\/wp-json\/wp\/v2\/media?parent=32092"}],"wp:term":[{"taxonomy":"product_brand","embeddable":true,"href":"https:\/\/www.herbadiberna.ch\/it\/wp-json\/wp\/v2\/product_brand?post=32092"},{"taxonomy":"product_cat","embeddable":true,"href":"https:\/\/www.herbadiberna.ch\/it\/wp-json\/wp\/v2\/product_cat?post=32092"},{"taxonomy":"product_tag","embeddable":true,"href":"https:\/\/www.herbadiberna.ch\/it\/wp-json\/wp\/v2\/product_tag?post=32092"}],"curies":[{"name":"wp","href":"https:\/\/api.w.org\/{rel}","templated":true}]}}