{"id":32047,"date":"2023-10-27T08:33:40","date_gmt":"2023-10-27T07:33:40","guid":{"rendered":"https:\/\/www.herbadiberna.ch\/?post_type=product&#038;p=32047"},"modified":"2026-04-17T08:48:38","modified_gmt":"2026-04-17T07:48:38","slug":"muffin-ai-mirtilli-outdoor-45g-kopie","status":"publish","type":"product","link":"https:\/\/www.herbadiberna.ch\/it\/prodotto\/muffin-ai-mirtilli-outdoor-45g-kopie\/","title":{"rendered":"Anguria Outdoor 40g"},"content":{"rendered":"<div class=\"markdown prose w-full break-words dark:prose-invert light\">\n<h2><strong>Acquistare Watermelon Outdoor - Fiori fruttati di CBD dal Ticino<\/strong><\/h2>\n<p>Acquisti Watermelon Outdoor e si goda la vera energia solare!<br \/>\nI nostri fiori di CBD Watermelon Outdoor sono la nuova stella nel cielo del CBD. Questa variet\u00e0 proviene originariamente da Royal Queen Seeds ed \u00e8 stata prodotta con molto amore dalla nostra azienda partner<a href=\"https:\/\/www.stecklings-farm.ch\/\">&#8220;Stecklingsfarm<\/a>&#8220;.<br \/>\nLe piante sono cresciute anche nel soleggiato Ticino, proprio al confine con l&#8217;Italia. Questo ha permesso loro di prendere molto sole nell&#8217;estate del 2023. Il risultato \u00e8 una qualit\u00e0 esterna robusta con un fascino naturale.   <\/p>\n<h2><strong>Caratteristiche del prodotto di Anguria Outdoor<\/strong><\/h2>\n<ul>\n<li style=\"list-style-type: none;\">\n<ul>\n<li><strong>Profilo terpenico dolce:<\/strong> la fragranza ricorda immediatamente il melone fresco e gli agrumi.<\/li>\n<li><strong>Sapore aspro:<\/strong> quando viene affumicato, tuttavia, si sviluppano note pi\u00f9 classiche e aspre.<\/li>\n<li><strong>Origine ticinese:<\/strong> coltivazione sostenibile con molte ore di sole nel sud della Svizzera.<\/li>\n<li><strong>Contenuto solido di CBD:<\/strong> poco meno del 14% di CBD offre una piacevole sensazione corporea.<\/li>\n<li><strong>Aspetto naturale:<\/strong> i fiori sono in genere un po&#8217; pi\u00f9 sciolti all&#8217;aperto, ma sempre resinosi.<\/li>\n<li><strong>Ottimo rapporto qualit\u00e0-prezzo:<\/strong> imbattibilmente economico, a solo 1 franco al grammo.<\/li>\n<\/ul>\n<\/li>\n<\/ul>\n<h2><strong>Perch\u00e9 l&#8217;anguria all&#8217;aperto?<\/strong><\/h2>\n<p>Se vuole <strong>acquistare fiori CBD outdoor<\/strong> a basso costo, questa variet\u00e0 \u00e8 la scelta giusta.<br \/>\nAnguria Outdoor offre un contrasto emozionante.<br \/>\nAl naso \u00e8 meravigliosamente dolce e fruttato. Ma il suo sapore mostra il suo vero carattere esterno, con sfumature aspre.<br \/>\nAnche il prezzo \u00e8 un vero argomento. Poich\u00e9 possiamo offrire questa qualit\u00e0 ad un prezzo cos\u00ec vantaggioso, \u00e8 ideale per il consumo quotidiano.<br \/>\nIn questo modo ottiene un&#8217;onesta qualit\u00e0 svizzera che non pesa sul suo portafoglio.  <\/p>\n<h2><strong>Coltivazione e qualit\u00e0<\/strong><\/h2>\n<p>La struttura dei fiori \u00e8 coltivata in modo naturale. Anche se non sono compatti come i fiori da interno, colpiscono comunque per la loro densit\u00e0 e per il contenuto di resina.<br \/>\nSono coltivati completamente senza pesticidi ed erbicidi. Questo significa che possiamo garantirle un prodotto puramente naturale.<br \/>\nTrattandosi di un raccolto stagionale, la disponibilit\u00e0 \u00e8 limitata. Quindi lo prenda fino ad esaurimento scorte.   <\/p>\n<h2><strong>Ordini Anguria Outdoor ora e risparmi!<\/strong><\/h2>\n<p><strong>Prenda subito il suo pezzo di sole ticinese!<\/strong><br \/>\nOrdini oggi e scopra il sapore dell&#8217;<strong>Anguria Outdoor<\/strong>. Che sia per il dopo lavoro o tra una pausa e l&#8217;altra, questo fiore \u00e8 sempre perfetto. <\/p>\n<h2><strong>Scopra di pi\u00f9: Altri fiori CBD da esterno<\/strong><\/h2>\n<p>\u27a1\ufe0f Scopra anche i nostri<a href=\"https:\/\/www.herbadiberna.ch\/it\/olio-di-cbd\/\"> oli di CBD<\/a><br \/>\n\u27a1\ufe0f Oppure dia un&#8217;occhiata alle <a href=\"https:\/\/www.herbadiberna.ch\/it\/produkt\/purple-punch-mini-buds-21g\/\">mini gemme Purple Punch<\/a> - piccole ma potenti.<br \/>\n<a href=\"https:\/\/www.herbadiberna.ch\/it\/fiori-di-cbd\/\">\u27a1\ufe0f Scopra altri fiori<\/a><\/p>\n<\/div>\n","protected":false},"excerpt":{"rendered":"<p><strong data-start=\"320\" data-end=\"360\">Acquisti i fiori CBD Watermelon Outdoor<\/strong> e si goda il sapore fruttato e rinfrescante dei fiori svizzeri maturati al sole! Questa variet\u00e0 delizia con il suo profilo terpenico dolce e limonoso, la struttura naturale del fiore e quasi il 14% di CBD. Coltivata in modo sostenibile in Ticino, colpisce per la sua qualit\u00e0 premium e l&#8217;equo rapporto qualit\u00e0-prezzo - ideale per chi ama il vero CBD outdoor.  <\/p>\n","protected":false},"featured_media":52552,"comment_status":"open","ping_status":"closed","template":"","meta":{"inline_featured_image":false},"product_brand":[],"product_cat":[426,348],"product_tag":[],"class_list":{"0":"post-32047","1":"product","2":"type-product","3":"status-publish","4":"has-post-thumbnail","6":"product_cat-allaperto","7":"product_cat-fiori-di-cbd","8":"product_shipping_class-postpac-priorita","9":"pa_anbau-outdoor-it","10":"pa_cbd-13-it","11":"pa_cbg-2-it","12":"pa_inhalt-netto-45g-it","13":"pa_thc-0-8-it","14":"pif-has-gallery","16":"first","17":"instock","18":"taxable","19":"shipping-taxable","20":"purchasable","21":"product-type-simple"},"_links":{"self":[{"href":"https:\/\/www.herbadiberna.ch\/it\/wp-json\/wp\/v2\/product\/32047","targetHints":{"allow":["GET"]}}],"collection":[{"href":"https:\/\/www.herbadiberna.ch\/it\/wp-json\/wp\/v2\/product"}],"about":[{"href":"https:\/\/www.herbadiberna.ch\/it\/wp-json\/wp\/v2\/types\/product"}],"replies":[{"embeddable":true,"href":"https:\/\/www.herbadiberna.ch\/it\/wp-json\/wp\/v2\/comments?post=32047"}],"wp:featuredmedia":[{"embeddable":true,"href":"https:\/\/www.herbadiberna.ch\/it\/wp-json\/wp\/v2\/media\/52552"}],"wp:attachment":[{"href":"https:\/\/www.herbadiberna.ch\/it\/wp-json\/wp\/v2\/media?parent=32047"}],"wp:term":[{"taxonomy":"product_brand","embeddable":true,"href":"https:\/\/www.herbadiberna.ch\/it\/wp-json\/wp\/v2\/product_brand?post=32047"},{"taxonomy":"product_cat","embeddable":true,"href":"https:\/\/www.herbadiberna.ch\/it\/wp-json\/wp\/v2\/product_cat?post=32047"},{"taxonomy":"product_tag","embeddable":true,"href":"https:\/\/www.herbadiberna.ch\/it\/wp-json\/wp\/v2\/product_tag?post=32047"}],"curies":[{"name":"wp","href":"https:\/\/api.w.org\/{rel}","templated":true}]}}