{"id":31778,"date":"2023-10-06T13:10:37","date_gmt":"2023-10-06T12:10:37","guid":{"rendered":"https:\/\/www.herbadiberna.ch\/8000kicks-zaino-grande\/"},"modified":"2026-04-18T18:29:34","modified_gmt":"2026-04-18T17:29:34","slug":"8000kicks-schienale-grande","status":"publish","type":"product","link":"https:\/\/www.herbadiberna.ch\/it\/prodotto\/8000kicks-schienale-grande\/","title":{"rendered":"8000Kicks Zaino in canapa per tutti i giorni"},"content":{"rendered":"<h2><strong>Acquistare lo zaino in canapa 8000Kicks - Sostenibile e resistente alle intemperie<\/strong><\/h2>\n<p>Sta cercando uno <strong>zaino<\/strong> affidabile che sembri semplice per l&#8217;uso quotidiano, ma che sia una meraviglia salvaspazio quando ne ha bisogno? Lo <strong>zaino in canapa di 8000Kicks<\/strong>, realizzato con fibre di canapa di alta qualit\u00e0, \u00e8 quello che fa per lei. Ha una finitura di alta qualit\u00e0, \u00e8 resistente e svolge perfettamente ogni lavoro.  <\/p>\n<p>Sia che lo utilizzi come <strong>zaino business<\/strong> per l&#8217;ufficio o come pratico <strong>compagno di viaggio<\/strong> per la strada - questo modello colpisce per la sua attenzione ai dettagli ed \u00e8 estremamente resistente. Potrebbe essere l&#8217;ultimo zaino che acquister\u00e0. <\/p>\n<h2><strong>Tecnologia: Volume flessibile e porta USB<\/strong><\/h2>\n<p>Nonostante il suo peso ridotto di soli 1,05 kg, questo <strong>zaino in canapa<\/strong> \u00e8 molto potente. Il materiale \u00e8 resistente alle intemperie e privo di PFC, in modo che il suo contenuto rimanga sempre asciutto. La particolarit\u00e0 di questo modello \u00e8 il suo design intelligente:  <\/p>\n<ul>\n<li><strong>Espandibilit\u00e0:<\/strong> la capacit\u00e0 pu\u00f2 essere aumentata da 18 litri compatti fino a 30 litri.<\/li>\n<li><strong>Scomparto per laptop:<\/strong> uno scomparto imbottito offre uno spazio sicuro per un laptop da 15 pollici.<\/li>\n<li><strong>Funzione di ricarica:<\/strong> pu\u00f2 ricaricare i suoi dispositivi in viaggio tramite la presa USB integrata (non \u00e8 inclusa la batteria).<\/li>\n<\/ul>\n<h2><strong>Caratteristiche del prodotto: Il suo nuovo zaino in canapa<\/strong><\/h2>\n<ul>\n<li><strong>Materiale:<\/strong> 100% vegano e realizzato con fibre di canapa resistenti.<\/li>\n<li><strong>Resistente alle intemperie:<\/strong> protezione affidabile contro la pioggia e le influenze ambientali.<\/li>\n<li><strong>Comfort:<\/strong> peso leggero di soli 1,05 kg per il massimo comfort di trasporto.<\/li>\n<li><strong>Prova sul posto:<\/strong> i prodotti possono essere visionati nel negozio specializzato in prodotti a base di CBD e canapa a Berna.<\/li>\n<\/ul>\n<h2><strong>Perch\u00e9 acquistare questo zaino di canapa?<\/strong><\/h2>\n<p>Chi acquista uno <strong>zaino 8000Kicks<\/strong> vuole funzionalit\u00e0 senza compromessi. Questo <strong>zaino sostenibile<\/strong> le offre un eccellente rapporto qualit\u00e0-prezzo grazie alla sua estrema durata. \u00c8 uno strumento affidabile per i pendolari e i viaggiatori, che non la deluder\u00e0.  <\/p>\n<h2><strong>Ordini subito il suo zaino in canapa 8000Kicks!<\/strong><\/h2>\n<p>\u00c8 pronto per l&#8217;aggiornamento? Acquisti subito il tuttofare resistente alle intemperie di 8000Kicks e si affidi alle fibre di canapa sostenibili.<\/p>\n<h2><strong>FAQ - Domande frequenti<\/strong><\/h2>\n<h3><strong>Perch\u00e9 la canapa \u00e8 il materiale ideale per gli zaini?<\/strong><\/h3>\n<p>La canapa \u00e8 una delle fibre naturali pi\u00f9 forti al mondo, il che rende lo zaino particolarmente resistente agli strappi e durevole. La coltivazione della canapa \u00e8 anche molto ecologica, in quanto richiede poca acqua e nessun pesticida. <\/p>\n<h3><strong>Come funziona il volume espandibile?<\/strong><\/h3>\n<p>Grazie ad uno speciale sistema, lo zaino da 18 litri pu\u00f2 essere trasportato in piano per l&#8217;uso quotidiano. Per le vacanze brevi, pu\u00f2 essere facilmente espanso fino a 30 litri, in modo da poter stivare facilmente diversi giorni di abbigliamento. <\/p>\n<h3><strong>Lo zaino \u00e8 davvero completamente vegano?<\/strong><\/h3>\n<p>S\u00ec, 8000Kicks attribuisce grande importanza alla sostenibilit\u00e0, ed \u00e8 per questo che l&#8217;intero zaino \u00e8 prodotto al 100% in modo vegano. Non vengono utilizzati adesivi o materiali di origine animale, il che lo rende la scelta perfetta per uno stile di vita consapevole. <\/p>\n<h2><strong>Aggiunte perfette per la sua configurazione<\/strong><\/h2>\n<p>\u27a1\ufe0f  <a href=\"https:\/\/www.herbadiberna.ch\/cbd-blueten-kaufen-schweiz\/\">Fiori di CBD<\/a> (per rilassarsi dopo il viaggio)<br \/>\n\u27a1\ufe0f  <a href=\"https:\/\/www.herbadiberna.ch\/it\/olio-di-cbd\/\">Olio di CBD<\/a> (il suo compagno quotidiano nello zaino)<br \/>\n\u27a1\ufe0f  <a href=\"https:\/\/www.herbadiberna.ch\/it\/trim-it\/\">Acquistare CBD Trim<\/a> (per non complicare le cose)<\/p>\n","protected":false},"excerpt":{"rendered":"<p>Lo <strong>zaino in canapa di 8000Kicks<\/strong> \u00e8 il compagno perfetto per qualsiasi cosa le capiti a tiro. Realizzato in robuste fibre di canapa, questo zaino resistente alle intemperie convince con un volume flessibile da 18 a 30 litri. Scelga la qualit\u00e0 sostenibile per la sua vita quotidiana o per brevi vacanze spontanee.   Ordinato entro le ore 15.00 di oggi, consegnato domani \u2713 Spese di spedizione gratuite a partire da 80 franchi \u2713<\/p>\n","protected":false},"featured_media":31824,"comment_status":"open","ping_status":"closed","template":"","meta":{"inline_featured_image":false},"product_brand":[],"product_cat":[584],"product_tag":[],"class_list":{"0":"post-31778","1":"product","2":"type-product","3":"status-publish","4":"has-post-thumbnail","6":"product_cat-tessili","7":"pif-has-gallery","9":"first","10":"instock","11":"taxable","12":"shipping-taxable","13":"purchasable","14":"product-type-variable","15":"rtwpvs-product"},"_links":{"self":[{"href":"https:\/\/www.herbadiberna.ch\/it\/wp-json\/wp\/v2\/product\/31778","targetHints":{"allow":["GET"]}}],"collection":[{"href":"https:\/\/www.herbadiberna.ch\/it\/wp-json\/wp\/v2\/product"}],"about":[{"href":"https:\/\/www.herbadiberna.ch\/it\/wp-json\/wp\/v2\/types\/product"}],"replies":[{"embeddable":true,"href":"https:\/\/www.herbadiberna.ch\/it\/wp-json\/wp\/v2\/comments?post=31778"}],"wp:featuredmedia":[{"embeddable":true,"href":"https:\/\/www.herbadiberna.ch\/it\/wp-json\/wp\/v2\/media\/31824"}],"wp:attachment":[{"href":"https:\/\/www.herbadiberna.ch\/it\/wp-json\/wp\/v2\/media?parent=31778"}],"wp:term":[{"taxonomy":"product_brand","embeddable":true,"href":"https:\/\/www.herbadiberna.ch\/it\/wp-json\/wp\/v2\/product_brand?post=31778"},{"taxonomy":"product_cat","embeddable":true,"href":"https:\/\/www.herbadiberna.ch\/it\/wp-json\/wp\/v2\/product_cat?post=31778"},{"taxonomy":"product_tag","embeddable":true,"href":"https:\/\/www.herbadiberna.ch\/it\/wp-json\/wp\/v2\/product_tag?post=31778"}],"curies":[{"name":"wp","href":"https:\/\/api.w.org\/{rel}","templated":true}]}}