{"id":28952,"date":"2023-07-21T12:08:01","date_gmt":"2023-07-21T11:08:01","guid":{"rendered":"https:\/\/www.herbadiberna.ch\/?post_type=product&#038;p=28952"},"modified":"2026-04-13T01:12:16","modified_gmt":"2026-04-13T00:12:16","slug":"fibre-di-canapa-vape-wool","status":"publish","type":"product","link":"https:\/\/www.herbadiberna.ch\/it\/prodotto\/fibre-di-canapa-vape-wool\/","title":{"rendered":"Vape Wool Fibre di canapa"},"content":{"rendered":"<div class=\"flex max-w-full flex-col flex-grow\">\n<div class=\"min-h-8 text-message flex w-full flex-col items-end gap-2 whitespace-normal break-words text-start [.text-message+&amp;]:mt-5\" dir=\"auto\">\n<div class=\"flex w-full flex-col gap-1 empty:hidden first:pt-[3px]\">\n<div class=\"markdown prose w-full break-words dark:prose-invert light\">\n<h2><strong>Acquisti Vape Wool - lana di canapa per il piacere del vapore puro<\/strong><\/h2>\n<p>Acquisti la Vape Wool di Herba di Berna - la <strong>lana di canapa naturale<\/strong> per vaporizzare hashish, cera e oli nel vaporizzatore.<br \/>\nTutti i vaper conoscono il problema: le sostanze resinose come l&#8217;hashish si agglomerano quando vengono riscaldate, il che significa che la superficie vaporizzata \u00e8 minore e il sapore viene alterato.<br \/>\n<strong>Vape Wool<\/strong> risolve questo problema - in modo semplice, sicuro e insapore.<\/p>\n<h2><strong>Che cos&#8217;\u00e8 la lana da svapo?<\/strong><\/h2>\n<p><strong>Vape Wool<\/strong> \u00e8 composta <strong>al 100 % da fibre di canapa naturali e degommate<\/strong>.<br \/>\nQueste fibre sono sbiancate, morbide e assorbenti - simili alla lana.<br \/>\nLa lana di canapa \u00e8 <strong>resistente al calore<\/strong> fino ad almeno <strong>240 \u00b0C<\/strong> e completamente insapore, in modo da mantenere il gusto puro del suo concentrato o hashish.<\/p>\n<h2><strong>Vantaggi della lana di canapa Vape Wool<\/strong><\/h2>\n<ul>\n<li><strong>Sapore puro:<\/strong> nessuna adulterazione del sapore da parte di erbe o materiali di supporto.<\/li>\n<li><strong>Protezione per il vaporizzatore:<\/strong> evita i residui appiccicosi e protegge la camera di riscaldamento.<\/li>\n<li><strong>Resistenza alle alte temperature:<\/strong> stabile fino a 240 \u00b0C - ideale per concentrati e oli.<\/li>\n<li><strong>Composizione naturale:<\/strong> 100 % fibre di canapa, senza additivi chimici.<\/li>\n<li><strong>Applicazione versatile:<\/strong> Adatto anche alla pulizia delle camere di riscaldamento e delle teste dei bong.<\/li>\n<li><strong>Manipolazione pulita:<\/strong> tampone antigoccia perfetto per estratti liquidi o sciroppati.<\/li>\n<\/ul>\n<h2><strong>Uso della lana di Vape<\/strong><\/h2>\n<p>Metta una piccola quantit\u00e0 di lana da vape nella camera di riscaldamento del suo vaporizzatore e aggiunga l&#8217;hashish o il concentrato.<br \/>\nLa lana di canapa assorbe il materiale e impedisce che si accumuli.<br \/>\nDopo la sessione, la camera di riscaldamento ancora calda pu\u00f2 essere pulita con la lana di canapa utilizzata - in questo modo il dispositivo rimane pulito e pronto all&#8217;uso.<\/p>\n<h2><strong>Perch\u00e9 svapare la lana di Herba di Berna?<\/strong><\/h2>\n<p>La nostra <strong>lana di canapa Vape Wool<\/strong> \u00e8 realizzata con fibre di canapa svizzere di alta qualit\u00e0 ed \u00e8 completamente priva di additivi.<br \/>\nProtegge il suo vaporizzatore, assicura un sapore inalterato e prolunga la durata della camera di riscaldamento: un must per ogni vaper.<\/p>\n<h2><strong>Ordini ora la lana di vape e si goda il sapore puro!<\/strong><\/h2>\n<p><strong>Scopra la soluzione naturale per una vaporizzazione pulita e neutrale<\/strong>.<br \/>\nOrdini ora la <strong>Lana di Vape da<\/strong> Herba di Berna - ideale per hashish, cera e olio, prodotta in modo sostenibile e disponibile per consegna immediata.<\/p>\n<h2><strong>Scopra di pi\u00f9 nel mondo del CBD da Herba di Berna<\/strong><\/h2>\n<p>\u27a1\ufe0f Pu\u00f2 trovare gli accessori adatti nella nostra categoria <a href=\"https:\/\/www.herbadiberna.ch\/it\/accessori-cbd\/\">accessori CBD<\/a>.<br \/>\n\u27a1\ufe0f Per saperne di pi\u00f9 sull&#8217;<a href=\"https:\/\/www.herbadiberna.ch\/it\/cbd-hashish\/\">hashish CBD<\/a> per il suo vaporizzatore.<br \/>\n<a href=\"https:\/\/www.herbadiberna.ch\/vapes-kaufen-schweiz\/\">\u27a1\ufe0f Scopra altri vaporizzatori<\/a><\/p>\n<\/div>\n<\/div>\n<\/div>\n<\/div>\n","protected":false},"excerpt":{"rendered":"<p data-start=\"903\" data-end=\"1052\">Acquisti Lana da Vape presso Herba di Berna. Lana di canapa 100% naturale realizzata con fibre degommate - ideale per vaporizzare hashish, cera e olio senza residui. <\/p>\n","protected":false},"featured_media":28958,"comment_status":"open","ping_status":"closed","template":"","meta":{"inline_featured_image":false},"product_brand":[],"product_cat":[370],"product_tag":[],"class_list":{"0":"post-28952","1":"product","2":"type-product","3":"status-publish","4":"has-post-thumbnail","6":"product_cat-accessori-cbd","7":"pif-has-gallery","9":"first","10":"instock","11":"taxable","12":"shipping-taxable","13":"purchasable","14":"product-type-variable","15":"rtwpvs-product"},"_links":{"self":[{"href":"https:\/\/www.herbadiberna.ch\/it\/wp-json\/wp\/v2\/product\/28952","targetHints":{"allow":["GET"]}}],"collection":[{"href":"https:\/\/www.herbadiberna.ch\/it\/wp-json\/wp\/v2\/product"}],"about":[{"href":"https:\/\/www.herbadiberna.ch\/it\/wp-json\/wp\/v2\/types\/product"}],"replies":[{"embeddable":true,"href":"https:\/\/www.herbadiberna.ch\/it\/wp-json\/wp\/v2\/comments?post=28952"}],"wp:featuredmedia":[{"embeddable":true,"href":"https:\/\/www.herbadiberna.ch\/it\/wp-json\/wp\/v2\/media\/28958"}],"wp:attachment":[{"href":"https:\/\/www.herbadiberna.ch\/it\/wp-json\/wp\/v2\/media?parent=28952"}],"wp:term":[{"taxonomy":"product_brand","embeddable":true,"href":"https:\/\/www.herbadiberna.ch\/it\/wp-json\/wp\/v2\/product_brand?post=28952"},{"taxonomy":"product_cat","embeddable":true,"href":"https:\/\/www.herbadiberna.ch\/it\/wp-json\/wp\/v2\/product_cat?post=28952"},{"taxonomy":"product_tag","embeddable":true,"href":"https:\/\/www.herbadiberna.ch\/it\/wp-json\/wp\/v2\/product_tag?post=28952"}],"curies":[{"name":"wp","href":"https:\/\/api.w.org\/{rel}","templated":true}]}}