{"id":27214,"date":"2023-05-25T13:00:36","date_gmt":"2023-05-25T12:00:36","guid":{"rendered":"https:\/\/www.herbadiberna.ch\/cuscino-profumato-allaroma-di-canapa\/"},"modified":"2025-10-06T16:42:02","modified_gmt":"2025-10-06T15:42:02","slug":"cuscino-profumato-hanfaroma","status":"publish","type":"product","link":"https:\/\/www.herbadiberna.ch\/it\/prodotto\/cuscino-profumato-hanfaroma\/","title":{"rendered":"Cuscino profumato all&#8217;aroma di canapa"},"content":{"rendered":"<p>Respirando, assorbiamo i principi attivi unici rilasciati dagli oli essenziali delle erbe. Possono avere un effetto particolarmente benefico sulla salute. Questo effetto \u00e8 ulteriormente potenziato dal calore, sia esso corporeo o del forno. Prima ancora di percepire i profumi, essi hanno gi\u00e0 raggiunto il nostro subconscio attraverso il cervello. I cuscini alle erbe possono avere un&#8217;influenza positiva sul nostro umore e sulla nostra vita emotiva. Tale effetto pu\u00f2 essere ottenuto anche con la posa in opera.<br \/>\nLe nostre creazioni vegetali sono cuscini profumati di stati d&#8217;animo tipici del paesaggio: come boschi magici, prati fioriti, garighe cotte dal sole, grandiosi panorami montani o come giardini paesaggistici culturali.<br \/>\nCinque quadri d&#8217;atmosfera in cui sono rappresentati anche i quattro elementi. Il fiore di fieno\/aria, la Provenza\/terra, la regione alpina\/acqua, il giardino del monastero\/frutto, si uniscono in Sylvana come quintessenza di tutte le possibilit\u00e0 di sviluppo, che giacciono protette nell&#8217;oscurit\u00e0 della foresta fino a quando l&#8217;uomo non le pu\u00f2 cogliere nel suo cammino di vita.<\/p>\n<p>Applicazione<br \/>\nRimuovere il cuscino dal sacchetto dell&#8217;impugnatura e inserirlo nel sacchetto di tessuto in dotazione. Dopo circa 4 settimane, l&#8217;effetto (secondo le osservazioni effettuate in una casa di riposo per 12 mesi) diminuisce fortemente. Impastare il cuscino 2 o 3 volte, chiudere ermeticamente per 3 giorni (Grip-Bag o Tuperware). Poi rimettetelo nel sacchetto di stoffa e posizionatelo di nuovo accanto al cuscino. Questo processo pu\u00f2 essere ripetuto da 3 a un massimo di 4 volte.<\/p>\n","protected":false},"excerpt":{"rendered":"<p>Cuscino profumato agli aromi di canapa con imbottitura alle erbe biologiche<\/p>\n","protected":false},"featured_media":27211,"comment_status":"closed","ping_status":"closed","template":"","meta":{"inline_featured_image":false},"product_brand":[],"product_cat":[852,469],"product_tag":[],"class_list":{"0":"post-27214","1":"product","2":"type-product","3":"status-publish","4":"has-post-thumbnail","6":"product_cat-cuscino-profumato","7":"product_cat-prodotti-per-la-cura-del-cbd","9":"first","10":"outofstock","11":"taxable","12":"shipping-taxable","13":"purchasable","14":"product-type-simple"},"_links":{"self":[{"href":"https:\/\/www.herbadiberna.ch\/it\/wp-json\/wp\/v2\/product\/27214","targetHints":{"allow":["GET"]}}],"collection":[{"href":"https:\/\/www.herbadiberna.ch\/it\/wp-json\/wp\/v2\/product"}],"about":[{"href":"https:\/\/www.herbadiberna.ch\/it\/wp-json\/wp\/v2\/types\/product"}],"replies":[{"embeddable":true,"href":"https:\/\/www.herbadiberna.ch\/it\/wp-json\/wp\/v2\/comments?post=27214"}],"wp:featuredmedia":[{"embeddable":true,"href":"https:\/\/www.herbadiberna.ch\/it\/wp-json\/wp\/v2\/media\/27211"}],"wp:attachment":[{"href":"https:\/\/www.herbadiberna.ch\/it\/wp-json\/wp\/v2\/media?parent=27214"}],"wp:term":[{"taxonomy":"product_brand","embeddable":true,"href":"https:\/\/www.herbadiberna.ch\/it\/wp-json\/wp\/v2\/product_brand?post=27214"},{"taxonomy":"product_cat","embeddable":true,"href":"https:\/\/www.herbadiberna.ch\/it\/wp-json\/wp\/v2\/product_cat?post=27214"},{"taxonomy":"product_tag","embeddable":true,"href":"https:\/\/www.herbadiberna.ch\/it\/wp-json\/wp\/v2\/product_tag?post=27214"}],"curies":[{"name":"wp","href":"https:\/\/api.w.org\/{rel}","templated":true}]}}