{"id":24954,"date":"2023-03-21T10:29:39","date_gmt":"2023-03-21T09:29:39","guid":{"rendered":"https:\/\/www.herbadiberna.ch\/mini-germogli-indoor-di-muffin-al-mirtillo\/"},"modified":"2026-05-17T08:12:34","modified_gmt":"2026-05-17T07:12:34","slug":"mirtillo-muffin-mini-buds-da-interno","status":"publish","type":"product","link":"https:\/\/www.herbadiberna.ch\/it\/prodotto\/mirtillo-muffin-mini-buds-da-interno\/","title":{"rendered":"Muffin al mirtillo Mini Buds Indoor contenitore grande"},"content":{"rendered":"<h2 data-start=\"0\" data-end=\"94\"><strong data-start=\"2\" data-end=\"92\">Blueberry Muffin Mini-Buds - Fiori di CBD indoor di alta qualit\u00e0 per clienti finali e grossisti<\/strong><\/h2>\n<h2 data-start=\"95\" data-end=\"172\"><strong data-start=\"98\" data-end=\"170\">Acquista i fiori di CBD - Gusto fruttato di mirtillo con note dolci di muffin<\/strong><\/h2>\n<p data-start=\"173\" data-end=\"423\">Scopri <strong data-start=\"182\" data-end=\"212\">Blueberry Muffin Mini-Buds<\/strong>, un&#8217;esclusiva <strong data-start=\"229\" data-end=\"262\">variet\u00e0 ibrida a predominanza indica<\/strong> che colpisce per i suoi <strong data-start=\"279\" data-end=\"308\">fiori compatti e densi<\/strong>, per le <strong data-start=\"310\" data-end=\"359\">sfumature di colore scuro con leggeri toni viola<\/strong> e per l&#8217;intenso <strong data-start=\"379\" data-end=\"411\">profilo terpenico di blueberry muffin<\/strong>.<\/p>\n<p data-start=\"425\" data-end=\"591\">Che tu sia un <strong data-start=\"432\" data-end=\"469\">amante del CBD o un grossista<\/strong>, questa variet\u00e0 offre <strong data-start=\"491\" data-end=\"518\">la massima qualit\u00e0 indoor<\/strong>, un effetto CBD delicato e un&#8217;esperienza di gusto senza pari.<\/p>\n<hr data-start=\"593\" data-end=\"598\">\n<h2 data-start=\"600\" data-end=\"654\"><strong data-start=\"603\" data-end=\"652\">Mini-Buds di Muffin al Mirtillo: Aroma e Gusto<\/strong><\/h2>\n<p data-start=\"655\" data-end=\"888\">\ud83d\udd39 <strong data-start=\"658\" data-end=\"694\">Profilo terpenico intenso di mirtillo<\/strong> - Fruttato-dolce con sottili note di muffin.<br data-start=\"734\" data-end=\"737\">\ud83d\udd39 <strong data-start=\"740\" data-end=\"773\">Effetto CBD delicato e piacevole<\/strong> - Ideale per momenti di relax e divertimento.<br data-start=\"811\" data-end=\"814\">\ud83d\udd39 <strong data-start=\"817\" data-end=\"834\">Finitura delicata<\/strong> - Esperienza di fumata fluida e sapori armoniosi.<\/p>\n<p data-start=\"890\" data-end=\"1070\">Grazie a una <strong data-start=\"899\" data-end=\"938\">delicata essiccazione e fermentazione<\/strong>, tutti i preziosi <strong data-start=\"963\" data-end=\"989\">terpeni e cannabinoidi<\/strong> vengono conservati per garantire un&#8217;<strong data-start=\"1007\" data-end=\"1050\">autentica e intensa esperienza di CBD<\/strong>.<\/p>\n<hr data-start=\"1072\" data-end=\"1077\">\n<h2 data-start=\"1079\" data-end=\"1132\"><strong data-start=\"1082\" data-end=\"1130\">Qualit\u00e0 premium per i clienti finali e i grossisti<\/strong><\/h2>\n<p data-start=\"1133\" data-end=\"1424\">Con un <strong data-start=\"1152\" data-end=\"1180\">contenuto<\/strong> stabile <strong data-start=\"1152\" data-end=\"1180\">di CBD di quasi il 16%<\/strong>, <strong data-start=\"1187\" data-end=\"1207\">Blueberry Muffin<\/strong> \u00e8 una delle variet\u00e0 indoor pi\u00f9 ricercate. Il nostro obiettivo \u00e8 la <strong data-start=\"1265\" data-end=\"1331\">produzione sostenibile, i prezzi equi e la qualit\u00e0 eccellente<\/strong> - sia per il consumo privato che per il <strong data-start=\"1378\" data-end=\"1421\">commercio all&#8217;ingrosso CBD in Svizzera e in Europa<\/strong>.<\/p>\n<p data-start=\"1426\" data-end=\"1855\"><strong data-start=\"1429\" data-end=\"1470\">Vantaggi per i clienti finali e i grossisti:<\/strong><br data-start=\"1470\" data-end=\"1473\">\u2705 <strong data-start=\"1475\" data-end=\"1500\">Fiori indoor premium<\/strong> - Compatti, resinosi e dai sapori intensi.<br data-start=\"1543\" data-end=\"1546\">\u2705 <strong data-start=\"1548\" data-end=\"1568\">Alto contenuto di CBD<\/strong> - Perfetto per i momenti di relax.<br data-start=\"1602\" data-end=\"1605\">\u2705 <strong data-start=\"1607\" data-end=\"1643\">Senza pesticidi ed erbicidi<\/strong> - Coltivati in modo sostenibile e lavorati con delicatezza.<br data-start=\"1689\" data-end=\"1692\">\u2705 <strong data-start=\"1694\" data-end=\"1716\">Disponibilit\u00e0 flessibile<\/strong> - Sia per piccole quantit\u00e0 che per pacchetti di prodotti sfusi per i rivenditori.<br data-start=\"1765\" data-end=\"1768\">\u2705 <strong data-start=\"1770\" data-end=\"1814\">Prezzi interessanti per i rivenditori e sconti sui volumi<\/strong> - Perfetti per rivenditori e negozi.<\/p>\n<hr data-start=\"1857\" data-end=\"1862\">\n<h2 data-start=\"1864\" data-end=\"1936\"><strong data-start=\"1867\" data-end=\"1934\">Acquista i fiori di CBD - Ordina ora i germogli di Blueberry Muffin Mini!<\/strong><\/h2>\n<p data-start=\"1937\" data-end=\"2116\">Se vuoi <strong data-start=\"1949\" data-end=\"1970\">acquistare fiori di CBD<\/strong> o sei un <strong data-start=\"1989\" data-end=\"2017\">grossista di prodotti CBD<\/strong>, <strong data-start=\"2027\" data-end=\"2057\">Blueberry Muffin Mini-Buds<\/strong> \u00e8 un&#8217;<strong data-start=\"2070\" data-end=\"2113\">ottima scelta per qualsiasi ordine<\/strong>.<\/p>\n<p data-start=\"2118\" data-end=\"2209\">\ud83d\uded2 <strong data-start=\"2121\" data-end=\"2207\">Acquista subito i tuoi Mini-Buds ai mirtilli, in piccole quantit\u00e0 o all&#8217;ingrosso!<\/strong><\/p>\n<p data-start=\"2211\" data-end=\"2292\">\ud83d\udce7 <strong data-start=\"2214\" data-end=\"2255\">Per ordini di grandi quantit\u00e0 e prezzi di vendita:<\/strong><br data-start=\"2255\" data-end=\"2258\">E-Mail: <strong data-start=\"2266\" data-end=\"2290\"><a rel=\"noopener\" data-start=\"2268\" data-end=\"2288\">info@herbadiberna.ch<\/a><\/strong><\/p>\n","protected":false},"excerpt":{"rendered":"<p>Fiori di canapa CBD con aroma di torta al mirtillo<\/p>\n","protected":false},"featured_media":24833,"comment_status":"open","ping_status":"closed","template":"","meta":{"inline_featured_image":false},"product_brand":[],"product_cat":[402,348,403],"product_tag":[],"class_list":{"0":"post-24954","1":"product","2":"type-product","3":"status-publish","4":"has-post-thumbnail","6":"product_cat-contenitore-alla-rinfusa-ch","7":"product_cat-fiori-di-cbd","8":"product_cat-interno-it","9":"product_shipping_class-postpac-priorita","10":"pa_anbau-indoor-it","11":"pa_inhalt-netto-1000g-it","12":"pa_inhalt-netto-250g-it","13":"pa_inhalt-netto-500g-it","14":"pif-has-gallery","16":"first","17":"instock","18":"taxable","19":"shipping-taxable","20":"purchasable","21":"product-type-variable","22":"rtwpvs-product"},"_links":{"self":[{"href":"https:\/\/www.herbadiberna.ch\/it\/wp-json\/wp\/v2\/product\/24954","targetHints":{"allow":["GET"]}}],"collection":[{"href":"https:\/\/www.herbadiberna.ch\/it\/wp-json\/wp\/v2\/product"}],"about":[{"href":"https:\/\/www.herbadiberna.ch\/it\/wp-json\/wp\/v2\/types\/product"}],"replies":[{"embeddable":true,"href":"https:\/\/www.herbadiberna.ch\/it\/wp-json\/wp\/v2\/comments?post=24954"}],"wp:featuredmedia":[{"embeddable":true,"href":"https:\/\/www.herbadiberna.ch\/it\/wp-json\/wp\/v2\/media\/24833"}],"wp:attachment":[{"href":"https:\/\/www.herbadiberna.ch\/it\/wp-json\/wp\/v2\/media?parent=24954"}],"wp:term":[{"taxonomy":"product_brand","embeddable":true,"href":"https:\/\/www.herbadiberna.ch\/it\/wp-json\/wp\/v2\/product_brand?post=24954"},{"taxonomy":"product_cat","embeddable":true,"href":"https:\/\/www.herbadiberna.ch\/it\/wp-json\/wp\/v2\/product_cat?post=24954"},{"taxonomy":"product_tag","embeddable":true,"href":"https:\/\/www.herbadiberna.ch\/it\/wp-json\/wp\/v2\/product_tag?post=24954"}],"curies":[{"name":"wp","href":"https:\/\/api.w.org\/{rel}","templated":true}]}}