{"id":24889,"date":"2023-03-21T10:29:39","date_gmt":"2023-03-21T09:29:39","guid":{"rendered":"https:\/\/www.herbadiberna.ch\/mango-haze-indoor\/"},"modified":"2026-04-30T18:51:30","modified_gmt":"2026-04-30T17:51:30","slug":"mango-haze-indoor","status":"publish","type":"product","link":"https:\/\/www.herbadiberna.ch\/it\/prodotto\/mango-haze-indoor\/","title":{"rendered":"Mango Haze Contenitore grande per interni"},"content":{"rendered":"<h2><strong>Acquista le confezioni sfuse di Mango Haze Indoor - fiori CBD premium all&#8217;ingrosso<\/strong><\/h2>\n<p><strong>Acquisti<\/strong> subito la <strong>confezione di Mango Haze Indoor<\/strong> e si assicuri fiori CBD di alta qualit\u00e0 in grandi quantit\u00e0. Inoltre, ricever\u00e0 una variet\u00e0 di prima classe, a predominanza sativa, direttamente a casa sua. Questi fiori di prima qualit\u00e0 colpiscono per la loro struttura compatta. Inoltre, colpiscono per l&#8217;intenso profilo terpenico del mango e per la raffinata finitura Haze. Di conseguenza, Mango Haze \u00e8 la scelta perfetta per i consumatori abituali e i rivenditori esigenti.    <\/p>\n<div style=\"background-color: #e8f5e9; border-left: 4px solid #4caf50; padding: 15px; margin-top: 20px; margin-bottom: 20px;\">\n<h3><strong>\ud83c\udf3f Il nostro servizio premium: miscelare fino a 3 gusti con 500g e 1kg!<\/strong><\/h3>\n<p><strong>Non vuole impegnarsi in una sola variet\u00e0? Nessun problema! Con un supplemento di soli CHF 50.-, pu\u00f2 facilmente dividere il suo ordine. Questo significa che pu\u00f2 scegliere fino a 3 variet\u00e0 diverse della nostra gamma per 500g o 1kg.   <\/strong><\/p>\n<p>Per farlo, aggiunga il prodotto con l&#8217;opzione mix al suo carrello. Poi \u00e8 sufficiente comunicarci le sue esatte esigenze inviando un&#8217;e-mail a <a href=\"mailto:info@herbadiberna.ch\">info@herbadiberna.ch.<\/a> Dopotutto, saremo felici di confezionare il suo pacchetto personalizzato per lei!  <\/p>\n<\/div>\n<h2><strong>Perch\u00e9 dovrebbe acquistare la confezione sfusa di Mango Haze Indoor<\/strong><\/h2>\n<p>Questa variet\u00e0 offre un&#8217;esperienza di sapore esotico e rinvigorente per gli intenditori. Ecco perch\u00e9 Mango Haze \u00e8 una delle variet\u00e0 indoor pi\u00f9 richieste per le grandi quantit\u00e0. Ci affidiamo anche alla coltivazione indoor controllata in condizioni ottimali. Questo ci permette di garantire una qualit\u00e0 sempre elevata.   <\/p>\n<p>Infine, il nostro delicato processo di essiccazione e fermentazione preserva il profilo terpenico completo. Di conseguenza, pu\u00f2 gustare una miscela tropicale e fruttata dal sapore autentico. Inoltre, la produzione \u00e8 completamente sostenibile e priva di pesticidi ed erbicidi.  <\/p>\n<h2><strong>Dettagli del prodotto per i suoi fiori CBD Mango Haze in grande formato<\/strong><\/h2>\n<ul>\n<li><strong>Gruppo target:<\/strong> Perfetto per le grandi quantit\u00e0. Ideale anche per i rivenditori e i grossisti di CBD. <\/li>\n<li><strong>Sapore:<\/strong> Profilo terpenico intenso di mango. Anche esotico, dolce e fruttato con sfumature Haze. <\/li>\n<li><strong>Opzione Mix:<\/strong> combina in modo flessibile fino a 3 gusti (+ 50 CHF di sovrapprezzo).<\/li>\n<li><strong>Caratteristiche:<\/strong> Fiori indoor densi e resinosi. Anche compatti e ricchi di cannabinoidi. <\/li>\n<li><strong>Sostenibilit\u00e0:<\/strong> produzione ecologica. Garanzia di purezza e pulizia. <\/li>\n<li><strong>Contenuto di principi attivi:<\/strong> contenuto stabile di CBD per momenti di piacere rilassati e chiari.<\/li>\n<\/ul>\n<div style=\"background-color: #f8f9fa; border-left: 4px solid #d9534f; padding: 15px; margin-top: 20px; margin-bottom: 20px;\">\n<h3><strong>\u26a0\ufe0f Informazioni importanti per gli acquirenti di grandi quantit\u00e0<\/strong><\/h3>\n<p><strong>La preghiamo di notare un punto importante. A questo pacchetto di prodotti sfusi a prezzo ottimizzato non si applicano gli sconti regolari del negozio. Tuttavia, sono esclusi gli sconti specifici per quantit\u00e0.  <\/strong><\/p>\n<p>Attribuiamo sempre la massima importanza alla qualit\u00e0 assoluta. Ecco perch\u00e9 pu\u00f2 richiedere un campione in anticipo in qualsiasi momento. Si metta semplicemente in contatto con noi su <a href=\"mailto:info@herbadiberna.ch\">info@herbadiberna.ch!<\/a>   <\/p>\n<\/div>\n<h2><strong>Ordini ora le confezioni sfuse di Mango Haze Indoor e si goda il CBD di qualit\u00e0 superiore.<\/strong><\/h2>\n<p>Forse sta cercando un fiore particolarmente fruttato in grandi quantit\u00e0 per s\u00e9. Questa confezione sfusa \u00e8 ideale anche per il suo negozio di CBD. In ogni caso, Mango Haze colpisce per la sua qualit\u00e0 e per l&#8217;ottimo rapporto qualit\u00e0-prezzo.  <\/p>\n<p>Basta selezionare la quantit\u00e0 desiderata. Pu\u00f2 anche approfittare dei nostri interessanti prezzi al dettaglio per gli ordini all&#8217;ingrosso. Infine, ordini oggi stesso in modo sicuro e conveniente da Herba di Berna.  <\/p>\n<h2><strong>Scopra altri punti salienti della nostra gamma<\/strong><\/h2>\n<p>\u27a1\ufe0f Per dare sapore alla vita di tutti i giorni: <a href=\"https:\/\/www.herbadiberna.ch\/it\/olio-di-cbd\/\">acquisti l&#8217;olio di CBD<\/a><br \/>\n\u27a1\ufe0f Compagno pratico per i momenti di relax: gli <a href=\"https:\/\/www.herbadiberna.ch\/it\/pre-tornito-it\/\">spinelli di CBD pre-rollati<\/a><br \/>\n\u27a1\ufe0f Scopra tutta la nostra gamma di variet\u00e0:    <a href=\"https:\/\/www.herbadiberna.ch\/it\/fiori-di-cbd\/\">Acquista i fiori di CBD<\/a><\/p>\n","protected":false},"excerpt":{"rendered":"<p>Le confezioni sfuse di Mango Haze Indoor le offrono fiori compatti di prima qualit\u00e0 in grandi quantit\u00e0. Vanta anche un sapore tropicale e fruttato di mango.  Pertanto, \u00e8 ideale per gli acquirenti abituali.  <b>Ordinato entro le 15:00, consegnato domani \u2713 Spedizione gratuita a partire da CHF 80 \u2713<\/b><\/p>\n","protected":false},"featured_media":52784,"comment_status":"open","ping_status":"closed","template":"","meta":{"inline_featured_image":false},"product_brand":[],"product_cat":[402,348,403],"product_tag":[],"class_list":{"0":"post-24889","1":"product","2":"type-product","3":"status-publish","4":"has-post-thumbnail","6":"product_cat-contenitore-alla-rinfusa-ch","7":"product_cat-fiori-di-cbd","8":"product_cat-interno-it","9":"product_shipping_class-postpac-priorita","10":"pa_anbau-indoor-it","11":"pa_inhalt-netto-1000g-it","12":"pa_inhalt-netto-250g-it","13":"pa_inhalt-netto-500g-it","14":"pif-has-gallery","16":"first","17":"instock","18":"taxable","19":"shipping-taxable","20":"purchasable","21":"product-type-variable","22":"rtwpvs-product"},"_links":{"self":[{"href":"https:\/\/www.herbadiberna.ch\/it\/wp-json\/wp\/v2\/product\/24889","targetHints":{"allow":["GET"]}}],"collection":[{"href":"https:\/\/www.herbadiberna.ch\/it\/wp-json\/wp\/v2\/product"}],"about":[{"href":"https:\/\/www.herbadiberna.ch\/it\/wp-json\/wp\/v2\/types\/product"}],"replies":[{"embeddable":true,"href":"https:\/\/www.herbadiberna.ch\/it\/wp-json\/wp\/v2\/comments?post=24889"}],"wp:featuredmedia":[{"embeddable":true,"href":"https:\/\/www.herbadiberna.ch\/it\/wp-json\/wp\/v2\/media\/52784"}],"wp:attachment":[{"href":"https:\/\/www.herbadiberna.ch\/it\/wp-json\/wp\/v2\/media?parent=24889"}],"wp:term":[{"taxonomy":"product_brand","embeddable":true,"href":"https:\/\/www.herbadiberna.ch\/it\/wp-json\/wp\/v2\/product_brand?post=24889"},{"taxonomy":"product_cat","embeddable":true,"href":"https:\/\/www.herbadiberna.ch\/it\/wp-json\/wp\/v2\/product_cat?post=24889"},{"taxonomy":"product_tag","embeddable":true,"href":"https:\/\/www.herbadiberna.ch\/it\/wp-json\/wp\/v2\/product_tag?post=24889"}],"curies":[{"name":"wp","href":"https:\/\/api.w.org\/{rel}","templated":true}]}}