{"id":24690,"date":"2023-03-21T10:28:56","date_gmt":"2023-03-21T09:28:56","guid":{"rendered":"https:\/\/www.herbadiberna.ch\/chip-sunrise\/"},"modified":"2026-04-13T02:28:38","modified_gmt":"2026-04-13T01:28:38","slug":"tschip-alba","status":"publish","type":"product","link":"https:\/\/www.herbadiberna.ch\/it\/prodotto\/tschip-alba\/","title":{"rendered":"Snus al CBD Sunrise"},"content":{"rendered":"<h2><strong>Ordini Tschip Sunrise - L&#8217;inizio ideale della giornata<\/strong><\/h2>\n<p><strong>Ordini Tschip Sunrise CBD Snus e sperimenti un inizio di giornata sereno ed euforico<\/strong>. Questo snus \u00e8 la routine mattutina perfetta per riempirla di energia positiva. L&#8217;armonia accuratamente bilanciata dei terpeni e del contenuto di CBD dispiega un <strong>effetto focalizzante e leggermente euforico<\/strong> - ideale per iniziare la giornata con chiarezza.<\/p>\n<h2><strong>Perch\u00e9 il tabacco da fiuto Sunrise CBD \u00e8 cos\u00ec speciale<\/strong><\/h2>\n<p><strong>Sunrise CBD Snus<\/strong> colpisce per la sua variet\u00e0 selezionata, nota per le sue propriet\u00e0 focalizzanti. \u00c8 senza nicotina, senza tabacco e a basso contenuto di THC: un prodotto per tutti coloro che apprezzano un inizio consapevole e naturale. Grazie alla produzione svizzera sostenibile, ottiene una qualit\u00e0 testata direttamente da Berna.<\/p>\n<ul>\n<li><strong>Senza nicotina e senza tabacco<\/strong> - alternativa delicata al tabacco da fiuto<\/li>\n<li><strong>Dalla Svizzera<\/strong> - Produzione locale responsabile<\/li>\n<li><strong>Privo di additivi<\/strong> - godimento puro al 100<\/li>\n<li><strong>Decarbossilato<\/strong> - Per la massima efficacia<\/li>\n<li><strong>Concentrazione ed euforia<\/strong> - per una mente lucida<\/li>\n<\/ul>\n<h2><strong>Tschip Sunrise: per gli intenditori e gli esploratori in Svizzera<\/strong><\/h2>\n<p>Questo <strong>snus di CBD Tschip Sunrise<\/strong> \u00e8 perfetto per tutti coloro che apprezzano un inizio di giornata naturale e concentrato. Come accompagnamento al caff\u00e8 mattutino o come aiuto alla concentrazione, Tschip Sunrise offre un&#8217;esperienza chiara e delicata con una firma svizzera.<\/p>\n<p>Uno stile di consumo vario si crea anche in combinazione con i <a href=\"https:\/\/www.herbadiberna.ch\/it\/fiori-di-cbd\/\">fiori di CBD<\/a> o l&#8217;<a href=\"https:\/\/www.herbadiberna.ch\/it\/cbd-hashish\/\">hashish di CBD<\/a>.<\/p>\n<h2><strong>Ordini ora lo Snus al CBD Tschip Sunrise<\/strong><\/h2>\n<p>Scopra come <strong>questo snus al CBD<\/strong> pu\u00f2 cambiare la sua giornata. Ordini subito Tschip Sunrise e si goda un modo consapevole e naturale di iniziare la mattina.<\/p>\n<p>\ud83d\udc49 <a href=\"https:\/\/www.herbadiberna.ch\/it\/olio-di-cbd\/\">Veda la gamma di olio di CBD<\/a><br \/>\n\ud83d\udc49 <a href=\"https:\/\/www.herbadiberna.ch\/it\/fiori-di-cbd\/\">Scopra i fiori di CBD<\/a><br \/>\n\ud83d\udc49 <a href=\"https:\/\/www.herbadiberna.ch\/it\/cbd-hashish\/\">Acquisti hashish di CBD online<\/a><\/p>\n<p>727156661618<\/p>\n","protected":false},"excerpt":{"rendered":"<p>Tschip Sunrise CBD Snus \u00e8 la scelta perfetta per iniziare la giornata in modo chiaro e concentrato. \u00c8 privo di nicotina, discreto e fornisce un effetto leggermente euforizzante grazie al suo profilo terpenico unico. Ideale per chi cerca un&#8217;alternativa consapevole.<\/p>\n","protected":false},"featured_media":27013,"comment_status":"open","ping_status":"closed","template":"","meta":{"inline_featured_image":false},"product_brand":[],"product_cat":[348,755],"product_tag":[],"class_list":{"0":"post-24690","1":"product","2":"type-product","3":"status-publish","4":"has-post-thumbnail","6":"product_cat-fiori-di-cbd","7":"product_cat-snus-al-cbd","8":"product_shipping_class-postpac-priorita","9":"pa_anbau-indoor-it","10":"pa_inhalt-netto-7-5g-it","11":"pif-has-gallery","13":"first","14":"instock","15":"taxable","16":"shipping-taxable","17":"purchasable","18":"product-type-simple"},"_links":{"self":[{"href":"https:\/\/www.herbadiberna.ch\/it\/wp-json\/wp\/v2\/product\/24690","targetHints":{"allow":["GET"]}}],"collection":[{"href":"https:\/\/www.herbadiberna.ch\/it\/wp-json\/wp\/v2\/product"}],"about":[{"href":"https:\/\/www.herbadiberna.ch\/it\/wp-json\/wp\/v2\/types\/product"}],"replies":[{"embeddable":true,"href":"https:\/\/www.herbadiberna.ch\/it\/wp-json\/wp\/v2\/comments?post=24690"}],"wp:featuredmedia":[{"embeddable":true,"href":"https:\/\/www.herbadiberna.ch\/it\/wp-json\/wp\/v2\/media\/27013"}],"wp:attachment":[{"href":"https:\/\/www.herbadiberna.ch\/it\/wp-json\/wp\/v2\/media?parent=24690"}],"wp:term":[{"taxonomy":"product_brand","embeddable":true,"href":"https:\/\/www.herbadiberna.ch\/it\/wp-json\/wp\/v2\/product_brand?post=24690"},{"taxonomy":"product_cat","embeddable":true,"href":"https:\/\/www.herbadiberna.ch\/it\/wp-json\/wp\/v2\/product_cat?post=24690"},{"taxonomy":"product_tag","embeddable":true,"href":"https:\/\/www.herbadiberna.ch\/it\/wp-json\/wp\/v2\/product_tag?post=24690"}],"curies":[{"name":"wp","href":"https:\/\/api.w.org\/{rel}","templated":true}]}}