{"id":24666,"date":"2023-03-21T10:28:56","date_gmt":"2023-03-21T09:28:56","guid":{"rendered":"https:\/\/www.herbadiberna.ch\/mistero-del-chip\/"},"modified":"2026-04-12T06:14:36","modified_gmt":"2026-04-12T05:14:36","slug":"tschip-mistero","status":"publish","type":"product","link":"https:\/\/www.herbadiberna.ch\/it\/prodotto\/tschip-mistero\/","title":{"rendered":"Snus al CBD misterioso"},"content":{"rendered":"<h2><strong>Ordini CBD Snus Mystery - senza nicotina e discreto<\/strong><\/h2>\n<p><strong>Acquisti CBD Snus Mystery e sperimenti una miscela unica di diverse variet\u00e0 di cannabis<\/strong>. Questo snus \u00e8 rivolto agli intenditori e agli esploratori che cercano un&#8217;alternativa discreta al classico snus. La combinazione di coltivazioni indoor e in serra offre un contenuto equilibrato di CBD e sapori sottili di canapa - ideale per i viaggi.  <\/p>\n<h2><strong>Perch\u00e9 lo snus al CBD \u00e8 cos\u00ec speciale<\/strong><\/h2>\n<p><strong>Mystery CBD Snus di Tschip<\/strong> colpisce per la sua composizione di ceppi noti per le loro propriet\u00e0 concentranti e leggermente euforiche. Senza tabacco, senza nicotina e a basso contenuto di THC - un prodotto per tutti coloro che apprezzano un consumo consapevole. Grazie alla produzione svizzera sostenibile, riceve una qualit\u00e0 testata direttamente da Berna.  <\/p>\n<ul>\n<li><strong>Senza nicotina e senza tabacco<\/strong> - alternativa delicata al tabacco da fiuto<\/li>\n<li><strong>8 % CBD<\/strong> - equilibrato e piacevole<\/li>\n<li><strong>0,3 % di THC<\/strong> - al di sotto del limite legale in Svizzera<\/li>\n<li>Coltivazione <strong>indoor e in serra<\/strong> - coltivazione responsabile<\/li>\n<li><strong>Marchio: Tschip<\/strong> - Marchio di qualit\u00e0 svizzero<\/li>\n<li><strong>Contenuto (netto): 7.5 g<\/strong><\/li>\n<\/ul>\n<h2><strong>Per gli intenditori e gli esploratori in Svizzera<\/strong><\/h2>\n<p>Questo snus al CBD \u00e8 perfetto per chi apprezza la discrezione e cerca un&#8217;<a href=\"https:\/\/www.herbadiberna.ch\/it\/accessori-cbd\/\">alternativa allo snus<\/a> senza tabacco e nicotina. Che si tratti di brevi pause nella vita di tutti i giorni o di un compagno di viaggio, Mystery CBD Snus offre un&#8217;esperienza delicata con una chiara firma svizzera.<br \/>\nUno stile di consumo variegato viene creato anche in combinazione con <a href=\"https:\/\/www.herbadiberna.ch\/it\/fiori-di-cbd\/\">fiori di CBD<\/a> o <a href=\"https:\/\/www.herbadiberna.ch\/it\/cbd-hashish\/\">hashish di CBD<\/a>. <\/p>\n<h2><strong>Acquisti ora lo snus al CBD<\/strong><\/h2>\n<p>Ordini <strong>Mystery CBD Snus da Tschip<\/strong> entro le ore 15.00 e benefici di una consegna rapida e discreta direttamente dalla Svizzera.<br \/>\n\ud83d\udc49 <a href=\"https:\/\/www.herbadiberna.ch\/it\/olio-di-cbd\/\">Veda la gamma di oli CBD<\/a><br \/>\n\ud83d\udc49 <a href=\"https:\/\/www.herbadiberna.ch\/it\/fiori-di-cbd\/\">Scopra i fiori CBD<\/a><br \/>\n\ud83d\udc49    <a href=\"https:\/\/www.herbadiberna.ch\/it\/cbd-hashish\/\">Acquista il CBD hashish online<\/a><\/p>\n","protected":false},"excerpt":{"rendered":"<p>Acquisti CBD Snus Mystery - senza nicotina e senza tabacco. Con l&#8217;8% di CBD e lo 0,3% di THC, questo snus offre un&#8217;alternativa discreta al classico snus o agli edibles, prodotto in Svizzera. <\/p>\n","protected":false},"featured_media":27009,"comment_status":"open","ping_status":"closed","template":"","meta":{"inline_featured_image":false},"product_brand":[],"product_cat":[348,755],"product_tag":[],"class_list":{"0":"post-24666","1":"product","2":"type-product","3":"status-publish","4":"has-post-thumbnail","6":"product_cat-fiori-di-cbd","7":"product_cat-snus-al-cbd","8":"product_shipping_class-postpac-priorita","9":"pa_anbau-gewaechshaus-indoor-it","10":"pa_inhalt-netto-7-5g-it","11":"pif-has-gallery","13":"first","14":"instock","15":"taxable","16":"shipping-taxable","17":"purchasable","18":"product-type-simple"},"_links":{"self":[{"href":"https:\/\/www.herbadiberna.ch\/it\/wp-json\/wp\/v2\/product\/24666","targetHints":{"allow":["GET"]}}],"collection":[{"href":"https:\/\/www.herbadiberna.ch\/it\/wp-json\/wp\/v2\/product"}],"about":[{"href":"https:\/\/www.herbadiberna.ch\/it\/wp-json\/wp\/v2\/types\/product"}],"replies":[{"embeddable":true,"href":"https:\/\/www.herbadiberna.ch\/it\/wp-json\/wp\/v2\/comments?post=24666"}],"wp:featuredmedia":[{"embeddable":true,"href":"https:\/\/www.herbadiberna.ch\/it\/wp-json\/wp\/v2\/media\/27009"}],"wp:attachment":[{"href":"https:\/\/www.herbadiberna.ch\/it\/wp-json\/wp\/v2\/media?parent=24666"}],"wp:term":[{"taxonomy":"product_brand","embeddable":true,"href":"https:\/\/www.herbadiberna.ch\/it\/wp-json\/wp\/v2\/product_brand?post=24666"},{"taxonomy":"product_cat","embeddable":true,"href":"https:\/\/www.herbadiberna.ch\/it\/wp-json\/wp\/v2\/product_cat?post=24666"},{"taxonomy":"product_tag","embeddable":true,"href":"https:\/\/www.herbadiberna.ch\/it\/wp-json\/wp\/v2\/product_tag?post=24666"}],"curies":[{"name":"wp","href":"https:\/\/api.w.org\/{rel}","templated":true}]}}