{"id":24525,"date":"2023-03-21T10:27:48","date_gmt":"2023-03-21T09:27:48","guid":{"rendered":"https:\/\/www.herbadiberna.ch\/limone-haze-rifinitura-a-mano-20g\/"},"modified":"2026-04-13T06:40:17","modified_gmt":"2026-04-13T05:40:17","slug":"limone-haze-handtrim-20g","status":"publish","type":"product","link":"https:\/\/www.herbadiberna.ch\/it\/prodotto\/limone-haze-handtrim-20g\/","title":{"rendered":"Limone Haze Rifinitura a mano 20g"},"content":{"rendered":"<div class=\"flex max-w-full flex-col flex-grow\">\n<div class=\"min-h-8 text-message flex w-full flex-col items-end gap-2 whitespace-normal break-words text-start [.text-message+&amp;]:mt-5\" dir=\"auto\">\n<div class=\"flex w-full flex-col gap-1 empty:hidden first:pt-[3px]\">\n<div class=\"markdown prose w-full break-words dark:prose-invert light\">\n<h2><strong>Comprare Lemon Haze Handtrim - note di agrumi e Haze<\/strong><\/h2>\n<p>Sta accarezzando l&#8217;idea di <strong>acquistare il Lemon Haze Handtrim<\/strong>? O sta cercando il preferito del negozio ad un prezzo imbattibile?<br \/>\nIl nostro <strong>Lemon Haze Handtrim<\/strong> \u00e8 molto pi\u00f9 di un semplice sottoprodotto. Nella scena, questo &#8220;shake&#8221; ricco di resina o <strong>miscela di CBD<\/strong> \u00e8 conosciuto come un consiglio da insider, soprattutto grazie alla sua fermentazione perfettamente bilanciata.  <\/p>\n<p>Gli intenditori sanno anche che i terpeni pi\u00f9 intensi si trovano spesso nella sporcizia. Ecco perch\u00e9 \u00e8 ideale come <strong>sostituto del tabacco<\/strong>, si adatta perfettamente allo <strong>svapo<\/strong> e migliora i tuoi progetti di bricolage.<br \/>\nQuesta miscela \u00e8 come una passeggiata in una pineta del sud. Combiniamo la leggendaria genetica Lemon Haze con un&#8217;essiccazione delicata. Il risultato \u00e8 un&#8217;<strong>esperienza di acquisto di assetto CBD<\/strong> che ha un odore cos\u00ec dolce e aspro di lime e pino da riconoscere immediatamente la nota Haze.   <\/p>\n<h2><strong>Il profilo aromatico: i frutti tropicali incontrano il pino<\/strong><\/h2>\n<p>Con noi acquista la piena potenza a un prezzo basso. Questo frullato proviene da fiori che sono diventati un vero bestseller nelle vendite aperte. <\/p>\n<ul>\n<li><strong>Il sapore:<\/strong> la genetica Lemon Haze \u00e8 famosa per il suo profilo complesso. Le note dominanti di agrumi e lime si fondono con un sapore speziato di pino. Il sapore \u00e8 quindi fresco, rinvigorente e leggermente &#8220;vaporoso&#8221;.  <\/li>\n<li><strong>Uso:<\/strong> Poich\u00e9 questa miscela fine contiene fino al <strong>14% di CBD<\/strong> e molte ghiandole resinose, \u00e8 particolarmente produttiva. \u00c8 quindi perfetta come materia prima per <strong>estratti di CBD<\/strong>, <strong>alimenti<\/strong> o <strong>prodotti cosmetici<\/strong> di alta qualit\u00e0. <\/li>\n<\/ul>\n<h2><strong>Caratteristiche del prodotto: Perch\u00e9 acquistare Lemon Haze Handtrim?<\/strong><\/h2>\n<ul>\n<li><strong>Rapporto qualit\u00e0-prezzo:<\/strong> ottiene l&#8217;esatta qualit\u00e0 dei nostri fiori pi\u00f9 popolari, ma ad un prezzo significativamente pi\u00f9 basso. In questo modo \u00e8 facile per il suo budget, senza compromettere il piacere. <\/li>\n<li><strong>Fermentazione speciale:<\/strong> il processo di essiccazione \u00e8 stato adattato in modo preciso a questa variet\u00e0. Di conseguenza, i terpeni volatili degli agrumi vengono conservati al massimo. <\/li>\n<li><strong>Versatilit\u00e0:<\/strong> pura, come ingrediente per la cottura o per le tinture. Il Lemon Haze Mix \u00e8 sicuramente un talento a tutto tondo per le persone creative. <\/li>\n<li><strong>Alto contenuto di CBD:<\/strong> con il 14% di CBD, questo assetto offre una solida base per momenti di piacere rilassati.<\/li>\n<\/ul>\n<h2><strong>Acquistare Lemon Haze Handtrim - uso intelligente degli avanzi di premio<\/strong><\/h2>\n<p>Per noi, sostenibilit\u00e0 significa utilizzare tutto. Nessuna di queste preziose materie prime deve andare persa. Vediamo ci\u00f2 che tecnicamente si verifica come &#8220;abrasione&#8221; durante la lavorazione come un&#8217;opportunit\u00e0 per i clienti attenti al prezzo.<br \/>\nCome risultato, si ottiene un prodotto pieno di energia naturale. Quindi \u00e8 il modo intelligente di consumare <strong>CBD a basso costo<\/strong> con il vero carattere Haze. Non deve scendere a compromessi sull&#8217;effetto o sul sapore fresco.    <\/p>\n<h2><strong>Esperienze dei clienti con il Mix Lemon Haze<\/strong><\/h2>\n<p>I nostri clienti descrivono pi\u00f9 spesso il sapore come <strong>rinfrescante, aspro e autentico<\/strong>. La combinazione di dolcezza e aroma Haze spicca chiaramente. Anche la <strong>qualit\u00e0 costante<\/strong> \u00e8 particolarmente enfatizzata, il che rende questo assetto un favorito perenne della nostra gamma.  <\/p>\n<h2><strong>Acquisti Lemon Haze Handtrim ora e ne approfitti!<\/strong><\/h2>\n<p>\u00c8 pronto per una freschezza piccante con un pizzico di Haze?<br \/>\nOrdini ora e si assicuri il nostro gustoso rapporto qualit\u00e0-prezzo.<\/p>\n<h2><strong>Integratori perfetti per il suo stile di vita<\/strong><\/h2>\n<p>\u27a1\ufe0f  <a href=\"https:\/\/www.herbadiberna.ch\/it\/olio-di-cbd\/\">Gocce di olio di CBD<\/a> (per la routine quotidiana)<br \/>\n\u27a1\ufe0f  <a href=\"https:\/\/www.herbadiberna.ch\/it\/cbd-hashish\/\">Acquistare CBD Hash<\/a> (Tradizione e Modernit\u00e0)<br \/>\n\u27a1\ufe0f  <a href=\"https:\/\/www.herbadiberna.ch\/it\/alimenti-canapa\/\">Alimenti alla canapa<\/a> (sani e deliziosi)<\/p>\n<\/div>\n<\/div>\n<\/div>\n<\/div>\n","protected":false},"excerpt":{"rendered":"<p data-path-to-node=\"12\">Acquisti Lemon Haze Handtrim presso Herba di Berna. Intenso sapore di agrumi e pino e fino al 14% di CBD. La preferita del negozio, ideale come sostituto del tabacco, per il vaping o per la raffinazione degli alimenti.    <strong>Ordinato entro le 15:00, consegnato domani \u2713 Spedizione gratuita a partire da CHF 80 \u2713<\/strong><\/p>\n","protected":false},"featured_media":78496,"comment_status":"open","ping_status":"closed","template":"","meta":{"inline_featured_image":false},"product_brand":[],"product_cat":[348,362],"product_tag":[],"class_list":{"0":"post-24525","1":"product","2":"type-product","3":"status-publish","4":"has-post-thumbnail","6":"product_cat-fiori-di-cbd","7":"product_cat-trim-it","8":"product_shipping_class-postpac-priorita","9":"pa_anbau-indoor-it","10":"pa_cbd-15-0-it","11":"pa_thc-0-8-it","12":"pif-has-gallery","14":"first","15":"instock","16":"taxable","17":"shipping-taxable","18":"purchasable","19":"product-type-simple"},"_links":{"self":[{"href":"https:\/\/www.herbadiberna.ch\/it\/wp-json\/wp\/v2\/product\/24525","targetHints":{"allow":["GET"]}}],"collection":[{"href":"https:\/\/www.herbadiberna.ch\/it\/wp-json\/wp\/v2\/product"}],"about":[{"href":"https:\/\/www.herbadiberna.ch\/it\/wp-json\/wp\/v2\/types\/product"}],"replies":[{"embeddable":true,"href":"https:\/\/www.herbadiberna.ch\/it\/wp-json\/wp\/v2\/comments?post=24525"}],"wp:featuredmedia":[{"embeddable":true,"href":"https:\/\/www.herbadiberna.ch\/it\/wp-json\/wp\/v2\/media\/78496"}],"wp:attachment":[{"href":"https:\/\/www.herbadiberna.ch\/it\/wp-json\/wp\/v2\/media?parent=24525"}],"wp:term":[{"taxonomy":"product_brand","embeddable":true,"href":"https:\/\/www.herbadiberna.ch\/it\/wp-json\/wp\/v2\/product_brand?post=24525"},{"taxonomy":"product_cat","embeddable":true,"href":"https:\/\/www.herbadiberna.ch\/it\/wp-json\/wp\/v2\/product_cat?post=24525"},{"taxonomy":"product_tag","embeddable":true,"href":"https:\/\/www.herbadiberna.ch\/it\/wp-json\/wp\/v2\/product_tag?post=24525"}],"curies":[{"name":"wp","href":"https:\/\/api.w.org\/{rel}","templated":true}]}}